{"id":21041,"date":"2024-07-02T09:18:21","date_gmt":"2024-07-02T09:18:21","guid":{"rendered":"https:\/\/stage.tatamixstore.com\/?page_id=21041"},"modified":"2024-07-03T17:05:22","modified_gmt":"2024-07-03T17:05:22","slug":"martial-arts-tatami-reinigen-und-waschen","status":"publish","type":"page","link":"https:\/\/www.tatamixstore.com\/ch\/martial-arts-tatami-reinigen-und-waschen\/","title":{"rendered":"Martial arts tatami reinigen und waschen"},"content":{"rendered":"<h2>Martial Arts Tatami Reinigen und Waschen<\/h2>\n<p>Jede Art von Tatami wird aus hochwertigen Materialien hergestellt. Um das Erscheinungsbild und die Funktionalit\u00e4t optimal zu erhalten, empfehlen wir, unsere Wartungstipps zu befolgen.<br \/>\nWenn das Produkt gut konserviert ist, kann es vor dem Austausch 10 bis 15 Jahre lang einwandfrei funktionieren.<\/p>\n<h2>Reinigung<\/h2>\n<p>Vor Beginn des Reinigungsvorgangs muss der Tatami-Bereich zerlegt werden (siehe Verfahren auf der entsprechenden Seite), unabh\u00e4ngig davon, ob es sich um einen Puzzle-Bereich, ein Faltbereich oder herk\u00f6mmliche Module handelt.<br \/>\nNehmen Sie dann ein sauberes Baumwolltuch, befeuchten Sie es mit einer Spr\u00fchl\u00f6sung, die Wasser und Ammoniak enth\u00e4lt (2 Kapseln Ammoniak f\u00fcr einen Liter Wasser), oder stattdessen ist auch ein fl\u00fcssiges Desinfektionsmittel optimal.<br \/>\nReinigen Sie das Produkt auf beiden Seiten, um R\u00fcckst\u00e4nde oder Bakterienspuren zu entfernen und zu desinfizieren.<\/p>\n<p><strong>KEINE HOCHDRUCKWASCHMASCHINEN VERWENDEN!<\/strong>\u00a0Der Hochdruckwasserstrahl ruiniert die Oberfl\u00e4chen, impr\u00e4gniert den Tatami und beschleunigt seine Verformung.<br \/>\n<strong>Verwenden Sie NIEMALS AGGRESSIVE WASCHMITTEL oder solche, die Schaum produzieren, und besch\u00e4digen Sie das Produkt.<\/strong><\/p>\n","protected":false},"excerpt":{"rendered":"<p>Martial Arts Tatami Reinigen und Waschen Jede Art von Tatami wird aus hochwertigen Materialien hergestellt. Um das Erscheinungsbild und die [&hellip;]<\/p>\n","protected":false},"author":2,"featured_media":0,"parent":0,"menu_order":0,"comment_status":"closed","ping_status":"closed","template":"","meta":{"_acf_changed":false,"footnotes":""},"class_list":["post-21041","page","type-page","status-publish","hentry"],"acf":[],"yoast_head":"<!-- This site is optimized with the Yoast SEO plugin v27.3 - https:\/\/yoast.com\/product\/yoast-seo-wordpress\/ -->\n<title>Martial arts tatami reinigen und waschen - Tatamixstore<\/title>\n<meta name=\"robots\" content=\"index, follow, max-snippet:-1, max-image-preview:large, max-video-preview:-1\" \/>\n<link rel=\"canonical\" href=\"https:\/\/www.tatamixstore.com\/ch\/martial-arts-tatami-reinigen-und-waschen\/\" \/>\n<meta property=\"og:locale\" content=\"en_US\" \/>\n<meta property=\"og:type\" content=\"article\" \/>\n<meta property=\"og:title\" content=\"Martial arts tatami reinigen und waschen - Tatamixstore\" \/>\n<meta property=\"og:description\" content=\"Martial Arts Tatami Reinigen und Waschen Jede Art von Tatami wird aus hochwertigen Materialien hergestellt. Um das Erscheinungsbild und die [&hellip;]\" \/>\n<meta property=\"og:url\" content=\"https:\/\/www.tatamixstore.com\/ch\/martial-arts-tatami-reinigen-und-waschen\/\" \/>\n<meta property=\"og:site_name\" content=\"Tatamixstore\" \/>\n<meta property=\"article:modified_time\" content=\"2024-07-03T17:05:22+00:00\" \/>\n<meta name=\"twitter:card\" content=\"summary_large_image\" \/>\n<meta name=\"twitter:label1\" content=\"Est. reading time\" \/>\n\t<meta name=\"twitter:data1\" content=\"1 minute\" \/>\n<script type=\"application\/ld+json\" class=\"yoast-schema-graph\">{\"@context\":\"https:\\\/\\\/schema.org\",\"@graph\":[{\"@type\":\"WebPage\",\"@id\":\"https:\\\/\\\/www.tatamixstore.com\\\/ch\\\/martial-arts-tatami-reinigen-und-waschen\\\/\",\"url\":\"https:\\\/\\\/www.tatamixstore.com\\\/ch\\\/martial-arts-tatami-reinigen-und-waschen\\\/\",\"name\":\"Martial arts tatami reinigen und waschen - Tatamixstore\",\"isPartOf\":{\"@id\":\"https:\\\/\\\/www.tatamixstore.com\\\/ch\\\/#website\"},\"datePublished\":\"2024-07-02T09:18:21+00:00\",\"dateModified\":\"2024-07-03T17:05:22+00:00\",\"breadcrumb\":{\"@id\":\"https:\\\/\\\/www.tatamixstore.com\\\/ch\\\/martial-arts-tatami-reinigen-und-waschen\\\/#breadcrumb\"},\"inLanguage\":\"ch-CH\",\"potentialAction\":[{\"@type\":\"ReadAction\",\"target\":[\"https:\\\/\\\/www.tatamixstore.com\\\/ch\\\/martial-arts-tatami-reinigen-und-waschen\\\/\"]}]},{\"@type\":\"BreadcrumbList\",\"@id\":\"https:\\\/\\\/www.tatamixstore.com\\\/ch\\\/martial-arts-tatami-reinigen-und-waschen\\\/#breadcrumb\",\"itemListElement\":[{\"@type\":\"ListItem\",\"position\":1,\"name\":\"Home\",\"item\":\"https:\\\/\\\/www.tatamixstore.com\\\/ch\\\/\"},{\"@type\":\"ListItem\",\"position\":2,\"name\":\"Martial arts tatami reinigen und waschen\"}]},{\"@type\":\"WebSite\",\"@id\":\"https:\\\/\\\/www.tatamixstore.com\\\/ch\\\/#website\",\"url\":\"https:\\\/\\\/www.tatamixstore.com\\\/ch\\\/\",\"name\":\"Tatamix Store\",\"description\":\"\",\"publisher\":{\"@id\":\"https:\\\/\\\/www.tatamixstore.com\\\/ch\\\/#organization\"},\"potentialAction\":[{\"@type\":\"SearchAction\",\"target\":{\"@type\":\"EntryPoint\",\"urlTemplate\":\"https:\\\/\\\/www.tatamixstore.com\\\/ch\\\/?s={search_term_string}\"},\"query-input\":{\"@type\":\"PropertyValueSpecification\",\"valueRequired\":true,\"valueName\":\"search_term_string\"}}],\"inLanguage\":\"ch-CH\"},{\"@type\":\"Organization\",\"@id\":\"https:\\\/\\\/www.tatamixstore.com\\\/ch\\\/#organization\",\"name\":\"Tatamix Store\",\"url\":\"https:\\\/\\\/www.tatamixstore.com\\\/ch\\\/\",\"logo\":{\"@type\":\"ImageObject\",\"inLanguage\":\"ch-CH\",\"@id\":\"https:\\\/\\\/www.tatamixstore.com\\\/ch\\\/#\\\/schema\\\/logo\\\/image\\\/\",\"url\":\"https:\\\/\\\/www.tatamixstore.com\\\/wp-content\\\/uploads\\\/2024\\\/02\\\/logo-transparant.png\",\"contentUrl\":\"https:\\\/\\\/www.tatamixstore.com\\\/wp-content\\\/uploads\\\/2024\\\/02\\\/logo-transparant.png\",\"width\":492,\"height\":89,\"caption\":\"Tatamix Store\"},\"image\":{\"@id\":\"https:\\\/\\\/www.tatamixstore.com\\\/ch\\\/#\\\/schema\\\/logo\\\/image\\\/\"}}]}<\/script>\n<!-- \/ Yoast SEO plugin. -->","yoast_head_json":{"title":"Martial arts tatami reinigen und waschen - Tatamixstore","robots":{"index":"index","follow":"follow","max-snippet":"max-snippet:-1","max-image-preview":"max-image-preview:large","max-video-preview":"max-video-preview:-1"},"canonical":"https:\/\/www.tatamixstore.com\/ch\/martial-arts-tatami-reinigen-und-waschen\/","og_locale":"en_US","og_type":"article","og_title":"Martial arts tatami reinigen und waschen - Tatamixstore","og_description":"Martial Arts Tatami Reinigen und Waschen Jede Art von Tatami wird aus hochwertigen Materialien hergestellt. Um das Erscheinungsbild und die [&hellip;]","og_url":"https:\/\/www.tatamixstore.com\/ch\/martial-arts-tatami-reinigen-und-waschen\/","og_site_name":"Tatamixstore","article_modified_time":"2024-07-03T17:05:22+00:00","twitter_card":"summary_large_image","twitter_misc":{"Est. reading time":"1 minute"},"schema":{"@context":"https:\/\/schema.org","@graph":[{"@type":"WebPage","@id":"https:\/\/www.tatamixstore.com\/ch\/martial-arts-tatami-reinigen-und-waschen\/","url":"https:\/\/www.tatamixstore.com\/ch\/martial-arts-tatami-reinigen-und-waschen\/","name":"Martial arts tatami reinigen und waschen - Tatamixstore","isPartOf":{"@id":"https:\/\/www.tatamixstore.com\/ch\/#website"},"datePublished":"2024-07-02T09:18:21+00:00","dateModified":"2024-07-03T17:05:22+00:00","breadcrumb":{"@id":"https:\/\/www.tatamixstore.com\/ch\/martial-arts-tatami-reinigen-und-waschen\/#breadcrumb"},"inLanguage":"ch-CH","potentialAction":[{"@type":"ReadAction","target":["https:\/\/www.tatamixstore.com\/ch\/martial-arts-tatami-reinigen-und-waschen\/"]}]},{"@type":"BreadcrumbList","@id":"https:\/\/www.tatamixstore.com\/ch\/martial-arts-tatami-reinigen-und-waschen\/#breadcrumb","itemListElement":[{"@type":"ListItem","position":1,"name":"Home","item":"https:\/\/www.tatamixstore.com\/ch\/"},{"@type":"ListItem","position":2,"name":"Martial arts tatami reinigen und waschen"}]},{"@type":"WebSite","@id":"https:\/\/www.tatamixstore.com\/ch\/#website","url":"https:\/\/www.tatamixstore.com\/ch\/","name":"Tatamix Store","description":"","publisher":{"@id":"https:\/\/www.tatamixstore.com\/ch\/#organization"},"potentialAction":[{"@type":"SearchAction","target":{"@type":"EntryPoint","urlTemplate":"https:\/\/www.tatamixstore.com\/ch\/?s={search_term_string}"},"query-input":{"@type":"PropertyValueSpecification","valueRequired":true,"valueName":"search_term_string"}}],"inLanguage":"ch-CH"},{"@type":"Organization","@id":"https:\/\/www.tatamixstore.com\/ch\/#organization","name":"Tatamix Store","url":"https:\/\/www.tatamixstore.com\/ch\/","logo":{"@type":"ImageObject","inLanguage":"ch-CH","@id":"https:\/\/www.tatamixstore.com\/ch\/#\/schema\/logo\/image\/","url":"https:\/\/www.tatamixstore.com\/wp-content\/uploads\/2024\/02\/logo-transparant.png","contentUrl":"https:\/\/www.tatamixstore.com\/wp-content\/uploads\/2024\/02\/logo-transparant.png","width":492,"height":89,"caption":"Tatamix Store"},"image":{"@id":"https:\/\/www.tatamixstore.com\/ch\/#\/schema\/logo\/image\/"}}]}},"_links":{"self":[{"href":"https:\/\/www.tatamixstore.com\/ch\/wp-json\/wp\/v2\/pages\/21041","targetHints":{"allow":["GET"]}}],"collection":[{"href":"https:\/\/www.tatamixstore.com\/ch\/wp-json\/wp\/v2\/pages"}],"about":[{"href":"https:\/\/www.tatamixstore.com\/ch\/wp-json\/wp\/v2\/types\/page"}],"author":[{"embeddable":true,"href":"https:\/\/www.tatamixstore.com\/ch\/wp-json\/wp\/v2\/users\/2"}],"replies":[{"embeddable":true,"href":"https:\/\/www.tatamixstore.com\/ch\/wp-json\/wp\/v2\/comments?post=21041"}],"version-history":[{"count":3,"href":"https:\/\/www.tatamixstore.com\/ch\/wp-json\/wp\/v2\/pages\/21041\/revisions"}],"predecessor-version":[{"id":21306,"href":"https:\/\/www.tatamixstore.com\/ch\/wp-json\/wp\/v2\/pages\/21041\/revisions\/21306"}],"wp:attachment":[{"href":"https:\/\/www.tatamixstore.com\/ch\/wp-json\/wp\/v2\/media?parent=21041"}],"curies":[{"name":"wp","href":"https:\/\/api.w.org\/{rel}","templated":true}]}}