{"id":21044,"date":"2024-07-03T09:56:38","date_gmt":"2024-07-03T09:56:38","guid":{"rendered":"https:\/\/stage.tatamixstore.com\/?page_id=21044"},"modified":"2024-07-03T17:07:52","modified_gmt":"2024-07-03T17:07:52","slug":"montage-und-demontage-tatami","status":"publish","type":"page","link":"https:\/\/www.tatamixstore.com\/ch\/montage-und-demontage-tatami\/","title":{"rendered":"Montage und demontage tatami"},"content":{"rendered":"<h2>Tatami Puzzle Montage<\/h2>\n<p><strong>Vorabinformationen:<\/strong><\/p>\n<ul>\n<li>Nach dem \u00d6ffnen der Verpackung das Produkt vor dem Gebrauch mindestens 24 Stunden lang l\u00fcften.<\/li>\n<li>Um zuk\u00fcnftige Verformungen des Produkts zu vermeiden, montieren Sie den Bereich in freien R\u00e4umen und halten Sie ihn mindestens 10 cm von festen Punkten (W\u00e4nde, S\u00e4ulen, &#8230;) entfernt.<\/li>\n<\/ul>\n<p><strong>Tatami-Fl\u00e4chenmontage (siehe Diagramme unten)<\/strong><\/p>\n<ol>\n<li>Beginnen Sie die Montage in einer Ecke des Raums oder Bereichs.<\/li>\n<li>Halten Sie das einzelne Gelenk als Referenz in Form eines Pfeils (siehe Abbildung 2).<\/li>\n<li>Alle Module m\u00fcssen dieselbe Referenz haben (Bsp. 1: Wenn sich der Pfeil f\u00fcr das erste St\u00fcck oben rechts befindet, befindet sich die zu haltende Position f\u00fcr alle folgenden immer oben rechts);<\/li>\n<li>Der Tatami ist reversibel. Behalten Sie einfach die oben angegebene Position bei.<\/li>\n<li>Der Bereich kann mit den Umfangskanten in derselben Farbe vervollst\u00e4ndigt werden (Beispiel: entweder ganz rot oder ganz blau).<\/li>\n<\/ol>\n<p><img loading=\"lazy\" decoding=\"async\" src=\"https:\/\/www.de.tatamixstore.com\/img\/cms\/sp\/assembly-disassembly\/fig_1.jpg\" alt=\"fig_1.jpg\" width=\"200\" height=\"200\" \/><img loading=\"lazy\" decoding=\"async\" src=\"https:\/\/www.de.tatamixstore.com\/img\/cms\/sp\/assembly-disassembly\/fig_2.jpg\" alt=\"fig_2.jpg\" width=\"200\" height=\"200\" \/><\/p>\n<h2>Tatami Puzzle Demontage<\/h2>\n<p>Die beste Methode, um eine Besch\u00e4digung des Produkts zu vermeiden, ist die Demontage \u201eBY CUT\u201c (wie in der Abbildung gezeigt).<br \/>\n<strong>WARNUNG! Vermeiden Sie es vorsichtig, die Tatami w\u00e4hrend der Demontage auf sich selbst zu falten. Dadurch brechen die Z\u00e4hne oder die innere Schicht des Produkts.<\/strong><\/p>\n<p><img loading=\"lazy\" decoding=\"async\" src=\"https:\/\/www.de.tatamixstore.com\/img\/cms\/sp\/assembly-disassembly\/smontaggio-si2-OPT.jpg\" alt=\"smontaggio-si2-OPT.jpg\" width=\"200\" height=\"200\" \/><img loading=\"lazy\" decoding=\"async\" src=\"https:\/\/www.de.tatamixstore.com\/img\/cms\/sp\/assembly-disassembly\/smontaggio-no2-OPT.jpg\" alt=\"smontaggio-no2-OPT.jpg\" width=\"200\" height=\"200\" \/><\/p>\n<h2>Traditionelle Tatami-montage<\/h2>\n<p>Transportieren Sie das Produkt GERADE und vermeiden Sie es, es zu falten.<br \/>\nLegen Sie den Tatami vorsichtig auf den Boden und vermeiden Sie es, ihn zu ziehen<br \/>\nVermeiden Sie den Kontakt mit spitzen oder scharfen Gegenst\u00e4nden und Oberfl\u00e4chen.<\/p>\n<p><img loading=\"lazy\" decoding=\"async\" src=\"https:\/\/www.de.tatamixstore.com\/img\/cms\/sp\/assembly-disassembly\/fig_3.jpg\" alt=\"fig_3.jpg\" width=\"200\" height=\"200\" \/><img loading=\"lazy\" decoding=\"async\" src=\"https:\/\/www.de.tatamixstore.com\/img\/cms\/sp\/assembly-disassembly\/fig_4.jpg\" alt=\"fig_4.jpg\" width=\"200\" height=\"200\" \/><\/p>\n","protected":false},"excerpt":{"rendered":"<p>Tatami Puzzle Montage Vorabinformationen: Nach dem \u00d6ffnen der Verpackung das Produkt vor dem Gebrauch mindestens 24 Stunden lang l\u00fcften. Um [&hellip;]<\/p>\n","protected":false},"author":2,"featured_media":0,"parent":0,"menu_order":0,"comment_status":"closed","ping_status":"closed","template":"","meta":{"_acf_changed":false,"footnotes":""},"class_list":["post-21044","page","type-page","status-publish","hentry"],"acf":[],"yoast_head":"<!-- This site is optimized with the Yoast SEO plugin v27.3 - https:\/\/yoast.com\/product\/yoast-seo-wordpress\/ -->\n<title>Montage und demontage tatami - Tatamixstore<\/title>\n<meta name=\"robots\" content=\"index, follow, max-snippet:-1, max-image-preview:large, max-video-preview:-1\" \/>\n<link rel=\"canonical\" href=\"https:\/\/www.tatamixstore.com\/ch\/montage-und-demontage-tatami\/\" \/>\n<meta property=\"og:locale\" content=\"en_US\" \/>\n<meta property=\"og:type\" content=\"article\" \/>\n<meta property=\"og:title\" content=\"Montage und demontage tatami - Tatamixstore\" \/>\n<meta property=\"og:description\" content=\"Tatami Puzzle Montage Vorabinformationen: Nach dem \u00d6ffnen der Verpackung das Produkt vor dem Gebrauch mindestens 24 Stunden lang l\u00fcften. Um [&hellip;]\" \/>\n<meta property=\"og:url\" content=\"https:\/\/www.tatamixstore.com\/ch\/montage-und-demontage-tatami\/\" \/>\n<meta property=\"og:site_name\" content=\"Tatamixstore\" \/>\n<meta property=\"article:modified_time\" content=\"2024-07-03T17:07:52+00:00\" \/>\n<meta property=\"og:image\" content=\"https:\/\/www.de.tatamixstore.com\/img\/cms\/sp\/assembly-disassembly\/fig_1.jpg\" \/>\n<meta name=\"twitter:card\" content=\"summary_large_image\" \/>\n<meta name=\"twitter:label1\" content=\"Est. reading time\" \/>\n\t<meta name=\"twitter:data1\" content=\"1 minute\" \/>\n<script type=\"application\/ld+json\" class=\"yoast-schema-graph\">{\"@context\":\"https:\\\/\\\/schema.org\",\"@graph\":[{\"@type\":\"WebPage\",\"@id\":\"https:\\\/\\\/www.tatamixstore.com\\\/ch\\\/montage-und-demontage-tatami\\\/\",\"url\":\"https:\\\/\\\/www.tatamixstore.com\\\/ch\\\/montage-und-demontage-tatami\\\/\",\"name\":\"Montage und demontage tatami - Tatamixstore\",\"isPartOf\":{\"@id\":\"https:\\\/\\\/www.tatamixstore.com\\\/ch\\\/#website\"},\"primaryImageOfPage\":{\"@id\":\"https:\\\/\\\/www.tatamixstore.com\\\/ch\\\/montage-und-demontage-tatami\\\/#primaryimage\"},\"image\":{\"@id\":\"https:\\\/\\\/www.tatamixstore.com\\\/ch\\\/montage-und-demontage-tatami\\\/#primaryimage\"},\"thumbnailUrl\":\"https:\\\/\\\/www.de.tatamixstore.com\\\/img\\\/cms\\\/sp\\\/assembly-disassembly\\\/fig_1.jpg\",\"datePublished\":\"2024-07-03T09:56:38+00:00\",\"dateModified\":\"2024-07-03T17:07:52+00:00\",\"breadcrumb\":{\"@id\":\"https:\\\/\\\/www.tatamixstore.com\\\/ch\\\/montage-und-demontage-tatami\\\/#breadcrumb\"},\"inLanguage\":\"ch-CH\",\"potentialAction\":[{\"@type\":\"ReadAction\",\"target\":[\"https:\\\/\\\/www.tatamixstore.com\\\/ch\\\/montage-und-demontage-tatami\\\/\"]}]},{\"@type\":\"ImageObject\",\"inLanguage\":\"ch-CH\",\"@id\":\"https:\\\/\\\/www.tatamixstore.com\\\/ch\\\/montage-und-demontage-tatami\\\/#primaryimage\",\"url\":\"https:\\\/\\\/www.de.tatamixstore.com\\\/img\\\/cms\\\/sp\\\/assembly-disassembly\\\/fig_1.jpg\",\"contentUrl\":\"https:\\\/\\\/www.de.tatamixstore.com\\\/img\\\/cms\\\/sp\\\/assembly-disassembly\\\/fig_1.jpg\"},{\"@type\":\"BreadcrumbList\",\"@id\":\"https:\\\/\\\/www.tatamixstore.com\\\/ch\\\/montage-und-demontage-tatami\\\/#breadcrumb\",\"itemListElement\":[{\"@type\":\"ListItem\",\"position\":1,\"name\":\"Home\",\"item\":\"https:\\\/\\\/www.tatamixstore.com\\\/ch\\\/\"},{\"@type\":\"ListItem\",\"position\":2,\"name\":\"Montage und demontage tatami\"}]},{\"@type\":\"WebSite\",\"@id\":\"https:\\\/\\\/www.tatamixstore.com\\\/ch\\\/#website\",\"url\":\"https:\\\/\\\/www.tatamixstore.com\\\/ch\\\/\",\"name\":\"Tatamix Store\",\"description\":\"\",\"publisher\":{\"@id\":\"https:\\\/\\\/www.tatamixstore.com\\\/ch\\\/#organization\"},\"potentialAction\":[{\"@type\":\"SearchAction\",\"target\":{\"@type\":\"EntryPoint\",\"urlTemplate\":\"https:\\\/\\\/www.tatamixstore.com\\\/ch\\\/?s={search_term_string}\"},\"query-input\":{\"@type\":\"PropertyValueSpecification\",\"valueRequired\":true,\"valueName\":\"search_term_string\"}}],\"inLanguage\":\"ch-CH\"},{\"@type\":\"Organization\",\"@id\":\"https:\\\/\\\/www.tatamixstore.com\\\/ch\\\/#organization\",\"name\":\"Tatamix Store\",\"url\":\"https:\\\/\\\/www.tatamixstore.com\\\/ch\\\/\",\"logo\":{\"@type\":\"ImageObject\",\"inLanguage\":\"ch-CH\",\"@id\":\"https:\\\/\\\/www.tatamixstore.com\\\/ch\\\/#\\\/schema\\\/logo\\\/image\\\/\",\"url\":\"https:\\\/\\\/www.tatamixstore.com\\\/wp-content\\\/uploads\\\/2024\\\/02\\\/logo-transparant.png\",\"contentUrl\":\"https:\\\/\\\/www.tatamixstore.com\\\/wp-content\\\/uploads\\\/2024\\\/02\\\/logo-transparant.png\",\"width\":492,\"height\":89,\"caption\":\"Tatamix Store\"},\"image\":{\"@id\":\"https:\\\/\\\/www.tatamixstore.com\\\/ch\\\/#\\\/schema\\\/logo\\\/image\\\/\"}}]}<\/script>\n<!-- \/ Yoast SEO plugin. -->","yoast_head_json":{"title":"Montage und demontage tatami - Tatamixstore","robots":{"index":"index","follow":"follow","max-snippet":"max-snippet:-1","max-image-preview":"max-image-preview:large","max-video-preview":"max-video-preview:-1"},"canonical":"https:\/\/www.tatamixstore.com\/ch\/montage-und-demontage-tatami\/","og_locale":"en_US","og_type":"article","og_title":"Montage und demontage tatami - Tatamixstore","og_description":"Tatami Puzzle Montage Vorabinformationen: Nach dem \u00d6ffnen der Verpackung das Produkt vor dem Gebrauch mindestens 24 Stunden lang l\u00fcften. Um [&hellip;]","og_url":"https:\/\/www.tatamixstore.com\/ch\/montage-und-demontage-tatami\/","og_site_name":"Tatamixstore","article_modified_time":"2024-07-03T17:07:52+00:00","og_image":[{"url":"https:\/\/www.de.tatamixstore.com\/img\/cms\/sp\/assembly-disassembly\/fig_1.jpg","type":"","width":"","height":""}],"twitter_card":"summary_large_image","twitter_misc":{"Est. reading time":"1 minute"},"schema":{"@context":"https:\/\/schema.org","@graph":[{"@type":"WebPage","@id":"https:\/\/www.tatamixstore.com\/ch\/montage-und-demontage-tatami\/","url":"https:\/\/www.tatamixstore.com\/ch\/montage-und-demontage-tatami\/","name":"Montage und demontage tatami - Tatamixstore","isPartOf":{"@id":"https:\/\/www.tatamixstore.com\/ch\/#website"},"primaryImageOfPage":{"@id":"https:\/\/www.tatamixstore.com\/ch\/montage-und-demontage-tatami\/#primaryimage"},"image":{"@id":"https:\/\/www.tatamixstore.com\/ch\/montage-und-demontage-tatami\/#primaryimage"},"thumbnailUrl":"https:\/\/www.de.tatamixstore.com\/img\/cms\/sp\/assembly-disassembly\/fig_1.jpg","datePublished":"2024-07-03T09:56:38+00:00","dateModified":"2024-07-03T17:07:52+00:00","breadcrumb":{"@id":"https:\/\/www.tatamixstore.com\/ch\/montage-und-demontage-tatami\/#breadcrumb"},"inLanguage":"ch-CH","potentialAction":[{"@type":"ReadAction","target":["https:\/\/www.tatamixstore.com\/ch\/montage-und-demontage-tatami\/"]}]},{"@type":"ImageObject","inLanguage":"ch-CH","@id":"https:\/\/www.tatamixstore.com\/ch\/montage-und-demontage-tatami\/#primaryimage","url":"https:\/\/www.de.tatamixstore.com\/img\/cms\/sp\/assembly-disassembly\/fig_1.jpg","contentUrl":"https:\/\/www.de.tatamixstore.com\/img\/cms\/sp\/assembly-disassembly\/fig_1.jpg"},{"@type":"BreadcrumbList","@id":"https:\/\/www.tatamixstore.com\/ch\/montage-und-demontage-tatami\/#breadcrumb","itemListElement":[{"@type":"ListItem","position":1,"name":"Home","item":"https:\/\/www.tatamixstore.com\/ch\/"},{"@type":"ListItem","position":2,"name":"Montage und demontage tatami"}]},{"@type":"WebSite","@id":"https:\/\/www.tatamixstore.com\/ch\/#website","url":"https:\/\/www.tatamixstore.com\/ch\/","name":"Tatamix Store","description":"","publisher":{"@id":"https:\/\/www.tatamixstore.com\/ch\/#organization"},"potentialAction":[{"@type":"SearchAction","target":{"@type":"EntryPoint","urlTemplate":"https:\/\/www.tatamixstore.com\/ch\/?s={search_term_string}"},"query-input":{"@type":"PropertyValueSpecification","valueRequired":true,"valueName":"search_term_string"}}],"inLanguage":"ch-CH"},{"@type":"Organization","@id":"https:\/\/www.tatamixstore.com\/ch\/#organization","name":"Tatamix Store","url":"https:\/\/www.tatamixstore.com\/ch\/","logo":{"@type":"ImageObject","inLanguage":"ch-CH","@id":"https:\/\/www.tatamixstore.com\/ch\/#\/schema\/logo\/image\/","url":"https:\/\/www.tatamixstore.com\/wp-content\/uploads\/2024\/02\/logo-transparant.png","contentUrl":"https:\/\/www.tatamixstore.com\/wp-content\/uploads\/2024\/02\/logo-transparant.png","width":492,"height":89,"caption":"Tatamix Store"},"image":{"@id":"https:\/\/www.tatamixstore.com\/ch\/#\/schema\/logo\/image\/"}}]}},"_links":{"self":[{"href":"https:\/\/www.tatamixstore.com\/ch\/wp-json\/wp\/v2\/pages\/21044","targetHints":{"allow":["GET"]}}],"collection":[{"href":"https:\/\/www.tatamixstore.com\/ch\/wp-json\/wp\/v2\/pages"}],"about":[{"href":"https:\/\/www.tatamixstore.com\/ch\/wp-json\/wp\/v2\/types\/page"}],"author":[{"embeddable":true,"href":"https:\/\/www.tatamixstore.com\/ch\/wp-json\/wp\/v2\/users\/2"}],"replies":[{"embeddable":true,"href":"https:\/\/www.tatamixstore.com\/ch\/wp-json\/wp\/v2\/comments?post=21044"}],"version-history":[{"count":2,"href":"https:\/\/www.tatamixstore.com\/ch\/wp-json\/wp\/v2\/pages\/21044\/revisions"}],"predecessor-version":[{"id":21307,"href":"https:\/\/www.tatamixstore.com\/ch\/wp-json\/wp\/v2\/pages\/21044\/revisions\/21307"}],"wp:attachment":[{"href":"https:\/\/www.tatamixstore.com\/ch\/wp-json\/wp\/v2\/media?parent=21044"}],"curies":[{"name":"wp","href":"https:\/\/api.w.org\/{rel}","templated":true}]}}