{"id":20500,"date":"2021-03-26T08:40:43","date_gmt":"2021-03-26T08:40:43","guid":{"rendered":"https:\/\/stage.tatamixstore.com\/product\/tatami-puzzle-4cm-hergestellt-in-italien-grun-rot-packung-mit-4-teilen-j40s-50\/"},"modified":"2021-03-26T08:40:43","modified_gmt":"2021-03-26T08:40:43","slug":"tatami-puzzle-4cm-hergestellt-in-italien-grun-rot-packung-mit-4-teilen-j40s-50","status":"publish","type":"product","link":"https:\/\/www.tatamixstore.com\/ch\/product\/tatami-puzzle-4cm-hergestellt-in-italien-grun-rot-packung-mit-4-teilen-j40s-50\/","title":{"rendered":"Tatami Puzzle 4cm &#8211; hergestellt in Italien &#8211; gr\u00fcn\/rot &#8211; Packung mit 4 Teilen &#8211; J40S-50"},"content":{"rendered":"<p>Er besteht aus geschlossenzelligem, vernetztem Polyethylenschaum und ist mit einer Dichte-Mischung gekoppelt, um eine starke Sto\u00dfd\u00e4mpfung zu erzielen. E &#8216;durch Wasserstrahlschneiden hergestellt, in einem speziellen Verriegelungssystem, das es reversibel macht. Das Produkt umfasst die Rahmen f\u00fcr den Ankunftsbereich. Der &#8220;Reisstroh&#8221;-Effekt der rutschfesten Oberfl\u00e4che. &#8221;  <\/p>\n<ul>\n<li>Rahmen zum Verschlie\u00dfen des Gel\u00e4ndes, einschlie\u00dflich<\/li>\n<li>Stellen Sie das Wasser ab<\/li>\n<li>Ungiftig und hypoallergen<\/li>\n<li>WASCHBAR<\/li>\n<li>REVERSIBEL<\/li>\n<\/ul>\n<p> <strong>Verwendung: Spa\u00df und Freizeitaktivit\u00e4ten<\/strong><\/p>\n","protected":false},"excerpt":{"rendered":"<p>Er besteht aus geschlossenzelligem, vernetztem Polyethylenschaum und ist mit einer Dichte-Mischung gekoppelt, um eine starke Sto\u00dfd\u00e4mpfung zu erzielen. E &#8216;durch [&hellip;]<\/p>\n","protected":false},"featured_media":20026,"comment_status":"closed","ping_status":"open","template":"","meta":{"_acf_changed":false},"product_brand":[],"product_cat":[2703,2683,2729,2804,2834,2854],"product_tag":[],"class_list":{"0":"post-20500","1":"product","2":"type-product","3":"status-publish","4":"has-post-thumbnail","6":"product_cat-andere-matten","7":"product_cat-matten-fur-zuhause","8":"product_cat-tatami-puzzle","9":"product_cat-tatami-puzzle-4-cm","10":"product_cat-tatami-puzzle-xpe-matte-polyethylen","11":"product_cat-xpe-dicke-4-5-cm","13":"first","14":"instock","15":"taxable","16":"shipping-taxable","17":"product-type-simple"},"acf":[],"yoast_head":"<!-- This site is optimized with the Yoast SEO plugin v27.3 - https:\/\/yoast.com\/product\/yoast-seo-wordpress\/ -->\n<title>Tatami Puzzle 4cm - hergestellt in Italien - gr\u00fcn\/rot - Packung mit 4 Teilen - J40S-50 - Tatamixstore<\/title>\n<meta name=\"robots\" content=\"index, follow, max-snippet:-1, max-image-preview:large, max-video-preview:-1\" \/>\n<link rel=\"canonical\" href=\"https:\/\/www.tatamixstore.com\/ch\/product\/tatami-puzzle-4cm-hergestellt-in-italien-grun-rot-packung-mit-4-teilen-j40s-50\/\" \/>\n<meta property=\"og:locale\" content=\"en_US\" \/>\n<meta property=\"og:type\" content=\"article\" \/>\n<meta property=\"og:title\" content=\"Tatami Puzzle 4cm - hergestellt in Italien - gr\u00fcn\/rot - Packung mit 4 Teilen - J40S-50 - Tatamixstore\" \/>\n<meta property=\"og:description\" content=\"Er besteht aus geschlossenzelligem, vernetztem Polyethylenschaum und ist mit einer Dichte-Mischung gekoppelt, um eine starke Sto\u00dfd\u00e4mpfung zu erzielen. E &#8216;durch [&hellip;]\" \/>\n<meta property=\"og:url\" content=\"https:\/\/www.tatamixstore.com\/ch\/product\/tatami-puzzle-4cm-hergestellt-in-italien-grun-rot-packung-mit-4-teilen-j40s-50\/\" \/>\n<meta property=\"og:site_name\" content=\"Tatamixstore\" \/>\n<meta property=\"og:image\" content=\"https:\/\/www.tatamixstore.com\/wp-content\/uploads\/2024\/06\/907-1.jpg\" \/>\n\t<meta property=\"og:image:width\" content=\"1000\" \/>\n\t<meta property=\"og:image:height\" content=\"1000\" \/>\n\t<meta property=\"og:image:type\" content=\"image\/jpeg\" \/>\n<meta name=\"twitter:card\" content=\"summary_large_image\" \/>\n<script type=\"application\/ld+json\" class=\"yoast-schema-graph\">{\"@context\":\"https:\\\/\\\/schema.org\",\"@graph\":[{\"@type\":\"WebPage\",\"@id\":\"https:\\\/\\\/www.tatamixstore.com\\\/ch\\\/product\\\/tatami-puzzle-4cm-hergestellt-in-italien-grun-rot-packung-mit-4-teilen-j40s-50\\\/\",\"url\":\"https:\\\/\\\/www.tatamixstore.com\\\/ch\\\/product\\\/tatami-puzzle-4cm-hergestellt-in-italien-grun-rot-packung-mit-4-teilen-j40s-50\\\/\",\"name\":\"Tatami Puzzle 4cm - hergestellt in Italien - gr\u00fcn\\\/rot - Packung mit 4 Teilen - J40S-50 - Tatamixstore\",\"isPartOf\":{\"@id\":\"https:\\\/\\\/www.tatamixstore.com\\\/ch\\\/#website\"},\"primaryImageOfPage\":{\"@id\":\"https:\\\/\\\/www.tatamixstore.com\\\/ch\\\/product\\\/tatami-puzzle-4cm-hergestellt-in-italien-grun-rot-packung-mit-4-teilen-j40s-50\\\/#primaryimage\"},\"image\":{\"@id\":\"https:\\\/\\\/www.tatamixstore.com\\\/ch\\\/product\\\/tatami-puzzle-4cm-hergestellt-in-italien-grun-rot-packung-mit-4-teilen-j40s-50\\\/#primaryimage\"},\"thumbnailUrl\":\"https:\\\/\\\/www.tatamixstore.com\\\/wp-content\\\/uploads\\\/2024\\\/06\\\/907-1.jpg\",\"datePublished\":\"2021-03-26T08:40:43+00:00\",\"breadcrumb\":{\"@id\":\"https:\\\/\\\/www.tatamixstore.com\\\/ch\\\/product\\\/tatami-puzzle-4cm-hergestellt-in-italien-grun-rot-packung-mit-4-teilen-j40s-50\\\/#breadcrumb\"},\"inLanguage\":\"ch-CH\",\"potentialAction\":[{\"@type\":\"ReadAction\",\"target\":[\"https:\\\/\\\/www.tatamixstore.com\\\/ch\\\/product\\\/tatami-puzzle-4cm-hergestellt-in-italien-grun-rot-packung-mit-4-teilen-j40s-50\\\/\"]}]},{\"@type\":\"ImageObject\",\"inLanguage\":\"ch-CH\",\"@id\":\"https:\\\/\\\/www.tatamixstore.com\\\/ch\\\/product\\\/tatami-puzzle-4cm-hergestellt-in-italien-grun-rot-packung-mit-4-teilen-j40s-50\\\/#primaryimage\",\"url\":\"https:\\\/\\\/www.tatamixstore.com\\\/wp-content\\\/uploads\\\/2024\\\/06\\\/907-1.jpg\",\"contentUrl\":\"https:\\\/\\\/www.tatamixstore.com\\\/wp-content\\\/uploads\\\/2024\\\/06\\\/907-1.jpg\",\"width\":1000,\"height\":1000},{\"@type\":\"BreadcrumbList\",\"@id\":\"https:\\\/\\\/www.tatamixstore.com\\\/ch\\\/product\\\/tatami-puzzle-4cm-hergestellt-in-italien-grun-rot-packung-mit-4-teilen-j40s-50\\\/#breadcrumb\",\"itemListElement\":[{\"@type\":\"ListItem\",\"position\":1,\"name\":\"Home\",\"item\":\"https:\\\/\\\/www.tatamixstore.com\\\/ch\\\/\"},{\"@type\":\"ListItem\",\"position\":2,\"name\":\"Shop\",\"item\":\"https:\\\/\\\/www.tatamixstore.com\\\/store\\\/\"},{\"@type\":\"ListItem\",\"position\":3,\"name\":\"Tatami Puzzle 4cm &#8211; hergestellt in Italien &#8211; gr\u00fcn\\\/rot &#8211; Packung mit 4 Teilen &#8211; J40S-50\"}]},{\"@type\":\"WebSite\",\"@id\":\"https:\\\/\\\/www.tatamixstore.com\\\/ch\\\/#website\",\"url\":\"https:\\\/\\\/www.tatamixstore.com\\\/ch\\\/\",\"name\":\"Tatamix Store\",\"description\":\"\",\"publisher\":{\"@id\":\"https:\\\/\\\/www.tatamixstore.com\\\/ch\\\/#organization\"},\"potentialAction\":[{\"@type\":\"SearchAction\",\"target\":{\"@type\":\"EntryPoint\",\"urlTemplate\":\"https:\\\/\\\/www.tatamixstore.com\\\/ch\\\/?s={search_term_string}\"},\"query-input\":{\"@type\":\"PropertyValueSpecification\",\"valueRequired\":true,\"valueName\":\"search_term_string\"}}],\"inLanguage\":\"ch-CH\"},{\"@type\":\"Organization\",\"@id\":\"https:\\\/\\\/www.tatamixstore.com\\\/ch\\\/#organization\",\"name\":\"Tatamix Store\",\"url\":\"https:\\\/\\\/www.tatamixstore.com\\\/ch\\\/\",\"logo\":{\"@type\":\"ImageObject\",\"inLanguage\":\"ch-CH\",\"@id\":\"https:\\\/\\\/www.tatamixstore.com\\\/ch\\\/#\\\/schema\\\/logo\\\/image\\\/\",\"url\":\"https:\\\/\\\/www.tatamixstore.com\\\/wp-content\\\/uploads\\\/2024\\\/02\\\/logo-transparant.png\",\"contentUrl\":\"https:\\\/\\\/www.tatamixstore.com\\\/wp-content\\\/uploads\\\/2024\\\/02\\\/logo-transparant.png\",\"width\":492,\"height\":89,\"caption\":\"Tatamix Store\"},\"image\":{\"@id\":\"https:\\\/\\\/www.tatamixstore.com\\\/ch\\\/#\\\/schema\\\/logo\\\/image\\\/\"}}]}<\/script>\n<!-- \/ Yoast SEO plugin. -->","yoast_head_json":{"title":"Tatami Puzzle 4cm - hergestellt in Italien - gr\u00fcn\/rot - Packung mit 4 Teilen - J40S-50 - Tatamixstore","robots":{"index":"index","follow":"follow","max-snippet":"max-snippet:-1","max-image-preview":"max-image-preview:large","max-video-preview":"max-video-preview:-1"},"canonical":"https:\/\/www.tatamixstore.com\/ch\/product\/tatami-puzzle-4cm-hergestellt-in-italien-grun-rot-packung-mit-4-teilen-j40s-50\/","og_locale":"en_US","og_type":"article","og_title":"Tatami Puzzle 4cm - hergestellt in Italien - gr\u00fcn\/rot - Packung mit 4 Teilen - J40S-50 - Tatamixstore","og_description":"Er besteht aus geschlossenzelligem, vernetztem Polyethylenschaum und ist mit einer Dichte-Mischung gekoppelt, um eine starke Sto\u00dfd\u00e4mpfung zu erzielen. E &#8216;durch [&hellip;]","og_url":"https:\/\/www.tatamixstore.com\/ch\/product\/tatami-puzzle-4cm-hergestellt-in-italien-grun-rot-packung-mit-4-teilen-j40s-50\/","og_site_name":"Tatamixstore","og_image":[{"width":1000,"height":1000,"url":"https:\/\/www.tatamixstore.com\/wp-content\/uploads\/2024\/06\/907-1.jpg","type":"image\/jpeg"}],"twitter_card":"summary_large_image","schema":{"@context":"https:\/\/schema.org","@graph":[{"@type":"WebPage","@id":"https:\/\/www.tatamixstore.com\/ch\/product\/tatami-puzzle-4cm-hergestellt-in-italien-grun-rot-packung-mit-4-teilen-j40s-50\/","url":"https:\/\/www.tatamixstore.com\/ch\/product\/tatami-puzzle-4cm-hergestellt-in-italien-grun-rot-packung-mit-4-teilen-j40s-50\/","name":"Tatami Puzzle 4cm - hergestellt in Italien - gr\u00fcn\/rot - Packung mit 4 Teilen - J40S-50 - Tatamixstore","isPartOf":{"@id":"https:\/\/www.tatamixstore.com\/ch\/#website"},"primaryImageOfPage":{"@id":"https:\/\/www.tatamixstore.com\/ch\/product\/tatami-puzzle-4cm-hergestellt-in-italien-grun-rot-packung-mit-4-teilen-j40s-50\/#primaryimage"},"image":{"@id":"https:\/\/www.tatamixstore.com\/ch\/product\/tatami-puzzle-4cm-hergestellt-in-italien-grun-rot-packung-mit-4-teilen-j40s-50\/#primaryimage"},"thumbnailUrl":"https:\/\/www.tatamixstore.com\/wp-content\/uploads\/2024\/06\/907-1.jpg","datePublished":"2021-03-26T08:40:43+00:00","breadcrumb":{"@id":"https:\/\/www.tatamixstore.com\/ch\/product\/tatami-puzzle-4cm-hergestellt-in-italien-grun-rot-packung-mit-4-teilen-j40s-50\/#breadcrumb"},"inLanguage":"ch-CH","potentialAction":[{"@type":"ReadAction","target":["https:\/\/www.tatamixstore.com\/ch\/product\/tatami-puzzle-4cm-hergestellt-in-italien-grun-rot-packung-mit-4-teilen-j40s-50\/"]}]},{"@type":"ImageObject","inLanguage":"ch-CH","@id":"https:\/\/www.tatamixstore.com\/ch\/product\/tatami-puzzle-4cm-hergestellt-in-italien-grun-rot-packung-mit-4-teilen-j40s-50\/#primaryimage","url":"https:\/\/www.tatamixstore.com\/wp-content\/uploads\/2024\/06\/907-1.jpg","contentUrl":"https:\/\/www.tatamixstore.com\/wp-content\/uploads\/2024\/06\/907-1.jpg","width":1000,"height":1000},{"@type":"BreadcrumbList","@id":"https:\/\/www.tatamixstore.com\/ch\/product\/tatami-puzzle-4cm-hergestellt-in-italien-grun-rot-packung-mit-4-teilen-j40s-50\/#breadcrumb","itemListElement":[{"@type":"ListItem","position":1,"name":"Home","item":"https:\/\/www.tatamixstore.com\/ch\/"},{"@type":"ListItem","position":2,"name":"Shop","item":"https:\/\/www.tatamixstore.com\/store\/"},{"@type":"ListItem","position":3,"name":"Tatami Puzzle 4cm &#8211; hergestellt in Italien &#8211; gr\u00fcn\/rot &#8211; Packung mit 4 Teilen &#8211; J40S-50"}]},{"@type":"WebSite","@id":"https:\/\/www.tatamixstore.com\/ch\/#website","url":"https:\/\/www.tatamixstore.com\/ch\/","name":"Tatamix Store","description":"","publisher":{"@id":"https:\/\/www.tatamixstore.com\/ch\/#organization"},"potentialAction":[{"@type":"SearchAction","target":{"@type":"EntryPoint","urlTemplate":"https:\/\/www.tatamixstore.com\/ch\/?s={search_term_string}"},"query-input":{"@type":"PropertyValueSpecification","valueRequired":true,"valueName":"search_term_string"}}],"inLanguage":"ch-CH"},{"@type":"Organization","@id":"https:\/\/www.tatamixstore.com\/ch\/#organization","name":"Tatamix Store","url":"https:\/\/www.tatamixstore.com\/ch\/","logo":{"@type":"ImageObject","inLanguage":"ch-CH","@id":"https:\/\/www.tatamixstore.com\/ch\/#\/schema\/logo\/image\/","url":"https:\/\/www.tatamixstore.com\/wp-content\/uploads\/2024\/02\/logo-transparant.png","contentUrl":"https:\/\/www.tatamixstore.com\/wp-content\/uploads\/2024\/02\/logo-transparant.png","width":492,"height":89,"caption":"Tatamix Store"},"image":{"@id":"https:\/\/www.tatamixstore.com\/ch\/#\/schema\/logo\/image\/"}}]}},"_links":{"self":[{"href":"https:\/\/www.tatamixstore.com\/ch\/wp-json\/wp\/v2\/product\/20500","targetHints":{"allow":["GET"]}}],"collection":[{"href":"https:\/\/www.tatamixstore.com\/ch\/wp-json\/wp\/v2\/product"}],"about":[{"href":"https:\/\/www.tatamixstore.com\/ch\/wp-json\/wp\/v2\/types\/product"}],"replies":[{"embeddable":true,"href":"https:\/\/www.tatamixstore.com\/ch\/wp-json\/wp\/v2\/comments?post=20500"}],"wp:featuredmedia":[{"embeddable":true,"href":"https:\/\/www.tatamixstore.com\/ch\/wp-json\/wp\/v2\/media\/20026"}],"wp:attachment":[{"href":"https:\/\/www.tatamixstore.com\/ch\/wp-json\/wp\/v2\/media?parent=20500"}],"wp:term":[{"taxonomy":"product_brand","embeddable":true,"href":"https:\/\/www.tatamixstore.com\/ch\/wp-json\/wp\/v2\/product_brand?post=20500"},{"taxonomy":"product_cat","embeddable":true,"href":"https:\/\/www.tatamixstore.com\/ch\/wp-json\/wp\/v2\/product_cat?post=20500"},{"taxonomy":"product_tag","embeddable":true,"href":"https:\/\/www.tatamixstore.com\/ch\/wp-json\/wp\/v2\/product_tag?post=20500"}],"curies":[{"name":"wp","href":"https:\/\/api.w.org\/{rel}","templated":true}]}}