{"id":20599,"date":"2020-07-07T08:56:58","date_gmt":"2020-07-07T08:56:58","guid":{"rendered":"https:\/\/stage.tatamixstore.com\/product\/pvc-stosstangen\/"},"modified":"2020-07-07T08:56:58","modified_gmt":"2020-07-07T08:56:58","slug":"pvc-stosstangen","status":"publish","type":"product","link":"https:\/\/www.tatamixstore.com\/ch\/product\/pvc-stosstangen\/","title":{"rendered":"PVC-Sto\u00dfstangen"},"content":{"rendered":"<h2>Ecksto\u00dfstange. Flexible PVC-Ecke.<\/h2>\n<p>  Die Eckabdeckung zur Sto\u00dfd\u00e4mpfung aus flexiblem PVC hat eine Dicke von 3 mm, das Innenrohr und die abgerundete Ecke sind ein g\u00fcltiger Eckschutz, empfohlen f\u00fcr die Aufstellung in Schulen, Kinderg\u00e4rten, Krankenh\u00e4usern, \u00f6ffentlichen Einrichtungen und \u00fcberall dort, wo es um den Schutz vor Unf\u00e4llen geht. <strong>FEUERWEHR: Klasse 1<\/strong> <b>ERH\u00c4LTLICHE FARBEN: wei\u00df, schwarz, hellgrau, dunkelgrau, rot, orange, gelb, hellblau, gr\u00fcn, wie in der Fotogalerie gezeigt<\/b><\/p>\n","protected":false},"excerpt":{"rendered":"<p>Ecksto\u00dfstange. Flexible PVC-Ecke. Die Eckabdeckung zur Sto\u00dfd\u00e4mpfung aus flexiblem PVC hat eine Dicke von 3 mm, das Innenrohr und die [&hellip;]<\/p>\n","protected":false},"featured_media":18670,"comment_status":"closed","ping_status":"closed","template":"","meta":{"_acf_changed":false},"product_brand":[],"product_cat":[2669],"product_tag":[4209,4035,4033,4211,4210,4212,4213,4107,4208],"class_list":{"0":"post-20599","1":"product","2":"type-product","3":"status-publish","4":"has-post-thumbnail","6":"product_cat-andere-produkte","7":"product_tag-anti-unfall","8":"product_tag-ecole-ch","9":"product_tag-enfants-ch","10":"product_tag-hauser-der-munze","11":"product_tag-hopital-ch","12":"product_tag-jardin-denfants-ch","13":"product_tag-pare-chocs-ch","14":"product_tag-pvc-ch","15":"product_tag-schutz-der-wandmalereien","17":"first","18":"instock","19":"taxable","20":"shipping-taxable","21":"product-type-simple"},"acf":[],"yoast_head":"<!-- This site is optimized with the Yoast SEO plugin v27.2 - https:\/\/yoast.com\/product\/yoast-seo-wordpress\/ -->\n<title>PVC-Sto\u00dfstangen - Tatamixstore<\/title>\n<meta name=\"robots\" content=\"index, follow, max-snippet:-1, max-image-preview:large, max-video-preview:-1\" \/>\n<link rel=\"canonical\" href=\"https:\/\/www.tatamixstore.com\/ch\/product\/pvc-stosstangen\/\" \/>\n<meta property=\"og:locale\" content=\"en_US\" \/>\n<meta property=\"og:type\" content=\"article\" \/>\n<meta property=\"og:title\" content=\"PVC-Sto\u00dfstangen - Tatamixstore\" \/>\n<meta property=\"og:description\" content=\"Ecksto\u00dfstange. Flexible PVC-Ecke. Die Eckabdeckung zur Sto\u00dfd\u00e4mpfung aus flexiblem PVC hat eine Dicke von 3 mm, das Innenrohr und die [&hellip;]\" \/>\n<meta property=\"og:url\" content=\"https:\/\/www.tatamixstore.com\/ch\/product\/pvc-stosstangen\/\" \/>\n<meta property=\"og:site_name\" content=\"Tatamixstore\" \/>\n<meta property=\"og:image\" content=\"https:\/\/www.tatamixstore.com\/wp-content\/uploads\/2024\/06\/919-1.jpg\" \/>\n\t<meta property=\"og:image:width\" content=\"559\" \/>\n\t<meta property=\"og:image:height\" content=\"391\" \/>\n\t<meta property=\"og:image:type\" content=\"image\/jpeg\" \/>\n<meta name=\"twitter:card\" content=\"summary_large_image\" \/>\n<script type=\"application\/ld+json\" class=\"yoast-schema-graph\">{\"@context\":\"https:\/\/schema.org\",\"@graph\":[{\"@type\":\"WebPage\",\"@id\":\"https:\/\/www.tatamixstore.com\/ch\/product\/pvc-stosstangen\/\",\"url\":\"https:\/\/www.tatamixstore.com\/ch\/product\/pvc-stosstangen\/\",\"name\":\"PVC-Sto\u00dfstangen - Tatamixstore\",\"isPartOf\":{\"@id\":\"https:\/\/www.tatamixstore.com\/ch\/#website\"},\"primaryImageOfPage\":{\"@id\":\"https:\/\/www.tatamixstore.com\/ch\/product\/pvc-stosstangen\/#primaryimage\"},\"image\":{\"@id\":\"https:\/\/www.tatamixstore.com\/ch\/product\/pvc-stosstangen\/#primaryimage\"},\"thumbnailUrl\":\"https:\/\/www.tatamixstore.com\/wp-content\/uploads\/2024\/06\/919-1.jpg\",\"datePublished\":\"2020-07-07T08:56:58+00:00\",\"breadcrumb\":{\"@id\":\"https:\/\/www.tatamixstore.com\/ch\/product\/pvc-stosstangen\/#breadcrumb\"},\"inLanguage\":\"ch-CH\",\"potentialAction\":[{\"@type\":\"ReadAction\",\"target\":[\"https:\/\/www.tatamixstore.com\/ch\/product\/pvc-stosstangen\/\"]}]},{\"@type\":\"ImageObject\",\"inLanguage\":\"ch-CH\",\"@id\":\"https:\/\/www.tatamixstore.com\/ch\/product\/pvc-stosstangen\/#primaryimage\",\"url\":\"https:\/\/www.tatamixstore.com\/wp-content\/uploads\/2024\/06\/919-1.jpg\",\"contentUrl\":\"https:\/\/www.tatamixstore.com\/wp-content\/uploads\/2024\/06\/919-1.jpg\",\"width\":559,\"height\":391},{\"@type\":\"BreadcrumbList\",\"@id\":\"https:\/\/www.tatamixstore.com\/ch\/product\/pvc-stosstangen\/#breadcrumb\",\"itemListElement\":[{\"@type\":\"ListItem\",\"position\":1,\"name\":\"Home\",\"item\":\"https:\/\/www.tatamixstore.com\/ch\/\"},{\"@type\":\"ListItem\",\"position\":2,\"name\":\"Shop\",\"item\":\"https:\/\/www.tatamixstore.com\/store\/\"},{\"@type\":\"ListItem\",\"position\":3,\"name\":\"PVC-Sto\u00dfstangen\"}]},{\"@type\":\"WebSite\",\"@id\":\"https:\/\/www.tatamixstore.com\/ch\/#website\",\"url\":\"https:\/\/www.tatamixstore.com\/ch\/\",\"name\":\"Tatamix Store\",\"description\":\"\",\"publisher\":{\"@id\":\"https:\/\/www.tatamixstore.com\/ch\/#organization\"},\"potentialAction\":[{\"@type\":\"SearchAction\",\"target\":{\"@type\":\"EntryPoint\",\"urlTemplate\":\"https:\/\/www.tatamixstore.com\/ch\/?s={search_term_string}\"},\"query-input\":{\"@type\":\"PropertyValueSpecification\",\"valueRequired\":true,\"valueName\":\"search_term_string\"}}],\"inLanguage\":\"ch-CH\"},{\"@type\":\"Organization\",\"@id\":\"https:\/\/www.tatamixstore.com\/ch\/#organization\",\"name\":\"Tatamix Store\",\"url\":\"https:\/\/www.tatamixstore.com\/ch\/\",\"logo\":{\"@type\":\"ImageObject\",\"inLanguage\":\"ch-CH\",\"@id\":\"https:\/\/www.tatamixstore.com\/ch\/#\/schema\/logo\/image\/\",\"url\":\"https:\/\/www.tatamixstore.com\/wp-content\/uploads\/2024\/02\/logo-transparant.png\",\"contentUrl\":\"https:\/\/www.tatamixstore.com\/wp-content\/uploads\/2024\/02\/logo-transparant.png\",\"width\":492,\"height\":89,\"caption\":\"Tatamix Store\"},\"image\":{\"@id\":\"https:\/\/www.tatamixstore.com\/ch\/#\/schema\/logo\/image\/\"}}]}<\/script>\n<!-- \/ Yoast SEO plugin. -->","yoast_head_json":{"title":"PVC-Sto\u00dfstangen - Tatamixstore","robots":{"index":"index","follow":"follow","max-snippet":"max-snippet:-1","max-image-preview":"max-image-preview:large","max-video-preview":"max-video-preview:-1"},"canonical":"https:\/\/www.tatamixstore.com\/ch\/product\/pvc-stosstangen\/","og_locale":"en_US","og_type":"article","og_title":"PVC-Sto\u00dfstangen - Tatamixstore","og_description":"Ecksto\u00dfstange. Flexible PVC-Ecke. Die Eckabdeckung zur Sto\u00dfd\u00e4mpfung aus flexiblem PVC hat eine Dicke von 3 mm, das Innenrohr und die [&hellip;]","og_url":"https:\/\/www.tatamixstore.com\/ch\/product\/pvc-stosstangen\/","og_site_name":"Tatamixstore","og_image":[{"width":559,"height":391,"url":"https:\/\/www.tatamixstore.com\/wp-content\/uploads\/2024\/06\/919-1.jpg","type":"image\/jpeg"}],"twitter_card":"summary_large_image","schema":{"@context":"https:\/\/schema.org","@graph":[{"@type":"WebPage","@id":"https:\/\/www.tatamixstore.com\/ch\/product\/pvc-stosstangen\/","url":"https:\/\/www.tatamixstore.com\/ch\/product\/pvc-stosstangen\/","name":"PVC-Sto\u00dfstangen - Tatamixstore","isPartOf":{"@id":"https:\/\/www.tatamixstore.com\/ch\/#website"},"primaryImageOfPage":{"@id":"https:\/\/www.tatamixstore.com\/ch\/product\/pvc-stosstangen\/#primaryimage"},"image":{"@id":"https:\/\/www.tatamixstore.com\/ch\/product\/pvc-stosstangen\/#primaryimage"},"thumbnailUrl":"https:\/\/www.tatamixstore.com\/wp-content\/uploads\/2024\/06\/919-1.jpg","datePublished":"2020-07-07T08:56:58+00:00","breadcrumb":{"@id":"https:\/\/www.tatamixstore.com\/ch\/product\/pvc-stosstangen\/#breadcrumb"},"inLanguage":"ch-CH","potentialAction":[{"@type":"ReadAction","target":["https:\/\/www.tatamixstore.com\/ch\/product\/pvc-stosstangen\/"]}]},{"@type":"ImageObject","inLanguage":"ch-CH","@id":"https:\/\/www.tatamixstore.com\/ch\/product\/pvc-stosstangen\/#primaryimage","url":"https:\/\/www.tatamixstore.com\/wp-content\/uploads\/2024\/06\/919-1.jpg","contentUrl":"https:\/\/www.tatamixstore.com\/wp-content\/uploads\/2024\/06\/919-1.jpg","width":559,"height":391},{"@type":"BreadcrumbList","@id":"https:\/\/www.tatamixstore.com\/ch\/product\/pvc-stosstangen\/#breadcrumb","itemListElement":[{"@type":"ListItem","position":1,"name":"Home","item":"https:\/\/www.tatamixstore.com\/ch\/"},{"@type":"ListItem","position":2,"name":"Shop","item":"https:\/\/www.tatamixstore.com\/store\/"},{"@type":"ListItem","position":3,"name":"PVC-Sto\u00dfstangen"}]},{"@type":"WebSite","@id":"https:\/\/www.tatamixstore.com\/ch\/#website","url":"https:\/\/www.tatamixstore.com\/ch\/","name":"Tatamix Store","description":"","publisher":{"@id":"https:\/\/www.tatamixstore.com\/ch\/#organization"},"potentialAction":[{"@type":"SearchAction","target":{"@type":"EntryPoint","urlTemplate":"https:\/\/www.tatamixstore.com\/ch\/?s={search_term_string}"},"query-input":{"@type":"PropertyValueSpecification","valueRequired":true,"valueName":"search_term_string"}}],"inLanguage":"ch-CH"},{"@type":"Organization","@id":"https:\/\/www.tatamixstore.com\/ch\/#organization","name":"Tatamix Store","url":"https:\/\/www.tatamixstore.com\/ch\/","logo":{"@type":"ImageObject","inLanguage":"ch-CH","@id":"https:\/\/www.tatamixstore.com\/ch\/#\/schema\/logo\/image\/","url":"https:\/\/www.tatamixstore.com\/wp-content\/uploads\/2024\/02\/logo-transparant.png","contentUrl":"https:\/\/www.tatamixstore.com\/wp-content\/uploads\/2024\/02\/logo-transparant.png","width":492,"height":89,"caption":"Tatamix Store"},"image":{"@id":"https:\/\/www.tatamixstore.com\/ch\/#\/schema\/logo\/image\/"}}]}},"_links":{"self":[{"href":"https:\/\/www.tatamixstore.com\/ch\/wp-json\/wp\/v2\/product\/20599","targetHints":{"allow":["GET"]}}],"collection":[{"href":"https:\/\/www.tatamixstore.com\/ch\/wp-json\/wp\/v2\/product"}],"about":[{"href":"https:\/\/www.tatamixstore.com\/ch\/wp-json\/wp\/v2\/types\/product"}],"replies":[{"embeddable":true,"href":"https:\/\/www.tatamixstore.com\/ch\/wp-json\/wp\/v2\/comments?post=20599"}],"wp:featuredmedia":[{"embeddable":true,"href":"https:\/\/www.tatamixstore.com\/ch\/wp-json\/wp\/v2\/media\/18670"}],"wp:attachment":[{"href":"https:\/\/www.tatamixstore.com\/ch\/wp-json\/wp\/v2\/media?parent=20599"}],"wp:term":[{"taxonomy":"product_brand","embeddable":true,"href":"https:\/\/www.tatamixstore.com\/ch\/wp-json\/wp\/v2\/product_brand?post=20599"},{"taxonomy":"product_cat","embeddable":true,"href":"https:\/\/www.tatamixstore.com\/ch\/wp-json\/wp\/v2\/product_cat?post=20599"},{"taxonomy":"product_tag","embeddable":true,"href":"https:\/\/www.tatamixstore.com\/ch\/wp-json\/wp\/v2\/product_tag?post=20599"}],"curies":[{"name":"wp","href":"https:\/\/api.w.org\/{rel}","templated":true}]}}