{"id":20686,"date":"2020-06-12T10:19:04","date_gmt":"2020-06-12T10:19:04","guid":{"rendered":"https:\/\/stage.tatamixstore.com\/product\/wrestling-matte\/"},"modified":"2020-06-12T10:19:04","modified_gmt":"2020-06-12T10:19:04","slug":"wrestling-matte","status":"publish","type":"product","link":"https:\/\/www.tatamixstore.com\/ch\/product\/wrestling-matte\/","title":{"rendered":"Wrestling-Matte"},"content":{"rendered":"<p>Die Kampffl\u00e4che besteht aus 2&#215;1 m gro\u00dfen blauen Fliesen, auf die eine Abdeckung in der gew\u00fcnschten Gr\u00f6\u00dfe aufgelegt wird, die mit Klettstreifen am Rand der Fliesen befestigt wird. Die PVC-Abdeckung wird auf Anfrage mit Abgrenzungskreisen ab einer Gr\u00f6\u00dfe von 8 x 8 m hergestellt. ABMESSUNGEN: ab 8 x 8 m = 64 m2 (andere Abmessungen auf Anfrage)<\/p>\n","protected":false},"excerpt":{"rendered":"<p>Die Kampffl\u00e4che besteht aus 2&#215;1 m gro\u00dfen blauen Fliesen, auf die eine Abdeckung in der gew\u00fcnschten Gr\u00f6\u00dfe aufgelegt wird, die [&hellip;]<\/p>\n","protected":false},"featured_media":17871,"comment_status":"closed","ping_status":"closed","template":"","meta":{"_acf_changed":false},"product_brand":[],"product_cat":[2669],"product_tag":[4498,4500,4499,4501,4107,4503,4505],"class_list":{"0":"post-20686","1":"product","2":"type-product","3":"status-publish","4":"has-post-thumbnail","6":"product_cat-andere-produkte","7":"product_tag-einreichung","8":"product_tag-kampf-auf-der-grunen-wiese","9":"product_tag-kampfen","10":"product_tag-pu-ch","11":"product_tag-pvc-ch","12":"product_tag-tatami-traditionnel-ch","13":"product_tag-tl10x10-ch","15":"first","16":"instock","17":"taxable","18":"shipping-taxable","19":"product-type-simple"},"acf":[],"yoast_head":"<!-- This site is optimized with the Yoast SEO plugin v27.3 - https:\/\/yoast.com\/product\/yoast-seo-wordpress\/ -->\n<title>Wrestling-Matte - Tatamixstore<\/title>\n<meta name=\"robots\" content=\"index, follow, max-snippet:-1, max-image-preview:large, max-video-preview:-1\" \/>\n<link rel=\"canonical\" href=\"https:\/\/www.tatamixstore.com\/ch\/product\/wrestling-matte\/\" \/>\n<meta property=\"og:locale\" content=\"en_US\" \/>\n<meta property=\"og:type\" content=\"article\" \/>\n<meta property=\"og:title\" content=\"Wrestling-Matte - Tatamixstore\" \/>\n<meta property=\"og:description\" content=\"Die Kampffl\u00e4che besteht aus 2&#215;1 m gro\u00dfen blauen Fliesen, auf die eine Abdeckung in der gew\u00fcnschten Gr\u00f6\u00dfe aufgelegt wird, die [&hellip;]\" \/>\n<meta property=\"og:url\" content=\"https:\/\/www.tatamixstore.com\/ch\/product\/wrestling-matte\/\" \/>\n<meta property=\"og:site_name\" content=\"Tatamixstore\" \/>\n<meta property=\"og:image\" content=\"https:\/\/www.tatamixstore.com\/wp-content\/uploads\/2024\/06\/398-1.jpg\" \/>\n\t<meta property=\"og:image:width\" content=\"727\" \/>\n\t<meta property=\"og:image:height\" content=\"500\" \/>\n\t<meta property=\"og:image:type\" content=\"image\/jpeg\" \/>\n<meta name=\"twitter:card\" content=\"summary_large_image\" \/>\n<script type=\"application\/ld+json\" class=\"yoast-schema-graph\">{\"@context\":\"https:\\\/\\\/schema.org\",\"@graph\":[{\"@type\":\"WebPage\",\"@id\":\"https:\\\/\\\/www.tatamixstore.com\\\/ch\\\/product\\\/wrestling-matte\\\/\",\"url\":\"https:\\\/\\\/www.tatamixstore.com\\\/ch\\\/product\\\/wrestling-matte\\\/\",\"name\":\"Wrestling-Matte - Tatamixstore\",\"isPartOf\":{\"@id\":\"https:\\\/\\\/www.tatamixstore.com\\\/ch\\\/#website\"},\"primaryImageOfPage\":{\"@id\":\"https:\\\/\\\/www.tatamixstore.com\\\/ch\\\/product\\\/wrestling-matte\\\/#primaryimage\"},\"image\":{\"@id\":\"https:\\\/\\\/www.tatamixstore.com\\\/ch\\\/product\\\/wrestling-matte\\\/#primaryimage\"},\"thumbnailUrl\":\"https:\\\/\\\/www.tatamixstore.com\\\/wp-content\\\/uploads\\\/2024\\\/06\\\/398-1.jpg\",\"datePublished\":\"2020-06-12T10:19:04+00:00\",\"breadcrumb\":{\"@id\":\"https:\\\/\\\/www.tatamixstore.com\\\/ch\\\/product\\\/wrestling-matte\\\/#breadcrumb\"},\"inLanguage\":\"ch-CH\",\"potentialAction\":[{\"@type\":\"ReadAction\",\"target\":[\"https:\\\/\\\/www.tatamixstore.com\\\/ch\\\/product\\\/wrestling-matte\\\/\"]}]},{\"@type\":\"ImageObject\",\"inLanguage\":\"ch-CH\",\"@id\":\"https:\\\/\\\/www.tatamixstore.com\\\/ch\\\/product\\\/wrestling-matte\\\/#primaryimage\",\"url\":\"https:\\\/\\\/www.tatamixstore.com\\\/wp-content\\\/uploads\\\/2024\\\/06\\\/398-1.jpg\",\"contentUrl\":\"https:\\\/\\\/www.tatamixstore.com\\\/wp-content\\\/uploads\\\/2024\\\/06\\\/398-1.jpg\",\"width\":727,\"height\":500},{\"@type\":\"BreadcrumbList\",\"@id\":\"https:\\\/\\\/www.tatamixstore.com\\\/ch\\\/product\\\/wrestling-matte\\\/#breadcrumb\",\"itemListElement\":[{\"@type\":\"ListItem\",\"position\":1,\"name\":\"Home\",\"item\":\"https:\\\/\\\/www.tatamixstore.com\\\/ch\\\/\"},{\"@type\":\"ListItem\",\"position\":2,\"name\":\"Shop\",\"item\":\"https:\\\/\\\/www.tatamixstore.com\\\/store\\\/\"},{\"@type\":\"ListItem\",\"position\":3,\"name\":\"Wrestling-Matte\"}]},{\"@type\":\"WebSite\",\"@id\":\"https:\\\/\\\/www.tatamixstore.com\\\/ch\\\/#website\",\"url\":\"https:\\\/\\\/www.tatamixstore.com\\\/ch\\\/\",\"name\":\"Tatamix Store\",\"description\":\"\",\"publisher\":{\"@id\":\"https:\\\/\\\/www.tatamixstore.com\\\/ch\\\/#organization\"},\"potentialAction\":[{\"@type\":\"SearchAction\",\"target\":{\"@type\":\"EntryPoint\",\"urlTemplate\":\"https:\\\/\\\/www.tatamixstore.com\\\/ch\\\/?s={search_term_string}\"},\"query-input\":{\"@type\":\"PropertyValueSpecification\",\"valueRequired\":true,\"valueName\":\"search_term_string\"}}],\"inLanguage\":\"ch-CH\"},{\"@type\":\"Organization\",\"@id\":\"https:\\\/\\\/www.tatamixstore.com\\\/ch\\\/#organization\",\"name\":\"Tatamix Store\",\"url\":\"https:\\\/\\\/www.tatamixstore.com\\\/ch\\\/\",\"logo\":{\"@type\":\"ImageObject\",\"inLanguage\":\"ch-CH\",\"@id\":\"https:\\\/\\\/www.tatamixstore.com\\\/ch\\\/#\\\/schema\\\/logo\\\/image\\\/\",\"url\":\"https:\\\/\\\/www.tatamixstore.com\\\/wp-content\\\/uploads\\\/2024\\\/02\\\/logo-transparant.png\",\"contentUrl\":\"https:\\\/\\\/www.tatamixstore.com\\\/wp-content\\\/uploads\\\/2024\\\/02\\\/logo-transparant.png\",\"width\":492,\"height\":89,\"caption\":\"Tatamix Store\"},\"image\":{\"@id\":\"https:\\\/\\\/www.tatamixstore.com\\\/ch\\\/#\\\/schema\\\/logo\\\/image\\\/\"}}]}<\/script>\n<!-- \/ Yoast SEO plugin. -->","yoast_head_json":{"title":"Wrestling-Matte - Tatamixstore","robots":{"index":"index","follow":"follow","max-snippet":"max-snippet:-1","max-image-preview":"max-image-preview:large","max-video-preview":"max-video-preview:-1"},"canonical":"https:\/\/www.tatamixstore.com\/ch\/product\/wrestling-matte\/","og_locale":"en_US","og_type":"article","og_title":"Wrestling-Matte - Tatamixstore","og_description":"Die Kampffl\u00e4che besteht aus 2&#215;1 m gro\u00dfen blauen Fliesen, auf die eine Abdeckung in der gew\u00fcnschten Gr\u00f6\u00dfe aufgelegt wird, die [&hellip;]","og_url":"https:\/\/www.tatamixstore.com\/ch\/product\/wrestling-matte\/","og_site_name":"Tatamixstore","og_image":[{"width":727,"height":500,"url":"https:\/\/www.tatamixstore.com\/wp-content\/uploads\/2024\/06\/398-1.jpg","type":"image\/jpeg"}],"twitter_card":"summary_large_image","schema":{"@context":"https:\/\/schema.org","@graph":[{"@type":"WebPage","@id":"https:\/\/www.tatamixstore.com\/ch\/product\/wrestling-matte\/","url":"https:\/\/www.tatamixstore.com\/ch\/product\/wrestling-matte\/","name":"Wrestling-Matte - Tatamixstore","isPartOf":{"@id":"https:\/\/www.tatamixstore.com\/ch\/#website"},"primaryImageOfPage":{"@id":"https:\/\/www.tatamixstore.com\/ch\/product\/wrestling-matte\/#primaryimage"},"image":{"@id":"https:\/\/www.tatamixstore.com\/ch\/product\/wrestling-matte\/#primaryimage"},"thumbnailUrl":"https:\/\/www.tatamixstore.com\/wp-content\/uploads\/2024\/06\/398-1.jpg","datePublished":"2020-06-12T10:19:04+00:00","breadcrumb":{"@id":"https:\/\/www.tatamixstore.com\/ch\/product\/wrestling-matte\/#breadcrumb"},"inLanguage":"ch-CH","potentialAction":[{"@type":"ReadAction","target":["https:\/\/www.tatamixstore.com\/ch\/product\/wrestling-matte\/"]}]},{"@type":"ImageObject","inLanguage":"ch-CH","@id":"https:\/\/www.tatamixstore.com\/ch\/product\/wrestling-matte\/#primaryimage","url":"https:\/\/www.tatamixstore.com\/wp-content\/uploads\/2024\/06\/398-1.jpg","contentUrl":"https:\/\/www.tatamixstore.com\/wp-content\/uploads\/2024\/06\/398-1.jpg","width":727,"height":500},{"@type":"BreadcrumbList","@id":"https:\/\/www.tatamixstore.com\/ch\/product\/wrestling-matte\/#breadcrumb","itemListElement":[{"@type":"ListItem","position":1,"name":"Home","item":"https:\/\/www.tatamixstore.com\/ch\/"},{"@type":"ListItem","position":2,"name":"Shop","item":"https:\/\/www.tatamixstore.com\/store\/"},{"@type":"ListItem","position":3,"name":"Wrestling-Matte"}]},{"@type":"WebSite","@id":"https:\/\/www.tatamixstore.com\/ch\/#website","url":"https:\/\/www.tatamixstore.com\/ch\/","name":"Tatamix Store","description":"","publisher":{"@id":"https:\/\/www.tatamixstore.com\/ch\/#organization"},"potentialAction":[{"@type":"SearchAction","target":{"@type":"EntryPoint","urlTemplate":"https:\/\/www.tatamixstore.com\/ch\/?s={search_term_string}"},"query-input":{"@type":"PropertyValueSpecification","valueRequired":true,"valueName":"search_term_string"}}],"inLanguage":"ch-CH"},{"@type":"Organization","@id":"https:\/\/www.tatamixstore.com\/ch\/#organization","name":"Tatamix Store","url":"https:\/\/www.tatamixstore.com\/ch\/","logo":{"@type":"ImageObject","inLanguage":"ch-CH","@id":"https:\/\/www.tatamixstore.com\/ch\/#\/schema\/logo\/image\/","url":"https:\/\/www.tatamixstore.com\/wp-content\/uploads\/2024\/02\/logo-transparant.png","contentUrl":"https:\/\/www.tatamixstore.com\/wp-content\/uploads\/2024\/02\/logo-transparant.png","width":492,"height":89,"caption":"Tatamix Store"},"image":{"@id":"https:\/\/www.tatamixstore.com\/ch\/#\/schema\/logo\/image\/"}}]}},"_links":{"self":[{"href":"https:\/\/www.tatamixstore.com\/ch\/wp-json\/wp\/v2\/product\/20686","targetHints":{"allow":["GET"]}}],"collection":[{"href":"https:\/\/www.tatamixstore.com\/ch\/wp-json\/wp\/v2\/product"}],"about":[{"href":"https:\/\/www.tatamixstore.com\/ch\/wp-json\/wp\/v2\/types\/product"}],"replies":[{"embeddable":true,"href":"https:\/\/www.tatamixstore.com\/ch\/wp-json\/wp\/v2\/comments?post=20686"}],"wp:featuredmedia":[{"embeddable":true,"href":"https:\/\/www.tatamixstore.com\/ch\/wp-json\/wp\/v2\/media\/17871"}],"wp:attachment":[{"href":"https:\/\/www.tatamixstore.com\/ch\/wp-json\/wp\/v2\/media?parent=20686"}],"wp:term":[{"taxonomy":"product_brand","embeddable":true,"href":"https:\/\/www.tatamixstore.com\/ch\/wp-json\/wp\/v2\/product_brand?post=20686"},{"taxonomy":"product_cat","embeddable":true,"href":"https:\/\/www.tatamixstore.com\/ch\/wp-json\/wp\/v2\/product_cat?post=20686"},{"taxonomy":"product_tag","embeddable":true,"href":"https:\/\/www.tatamixstore.com\/ch\/wp-json\/wp\/v2\/product_tag?post=20686"}],"curies":[{"name":"wp","href":"https:\/\/api.w.org\/{rel}","templated":true}]}}