{"id":20691,"date":"2020-06-12T15:37:40","date_gmt":"2020-06-12T15:37:40","guid":{"rendered":"https:\/\/stage.tatamixstore.com\/product\/aufrollbare-tatami-mit-velcro-mr4v\/"},"modified":"2020-06-12T15:37:40","modified_gmt":"2020-06-12T15:37:40","slug":"aufrollbare-tatami-mit-velcro-mr4v","status":"publish","type":"product","link":"https:\/\/www.tatamixstore.com\/ch\/product\/aufrollbare-tatami-mit-velcro-mr4v\/","title":{"rendered":"Aufrollbare Tatami mit VELCRO &#8211; MR4V"},"content":{"rendered":"<p>Die aufrollbare Matte vereint die grundlegenden Eigenschaften eines Qualit\u00e4tsprodukts und ist leicht und einfach zu montieren. Es handelt sich um eine Rolle aus netzf\u00f6rmigem, geschlossenzelligem Polyethylenschaumstoff, der traditionell mit PVC beschichtet ist und keine Phthalate enth\u00e4lt. Dadurch erh\u00e4lt die Oberfl\u00e4che ein einheitliches Aussehen, einen ausgezeichneten Komfort und eine gute Gleitf\u00e4higkeit und Verbrennungshemmung; die Rolle hat auf der R\u00fcckseite eine Reihe von Einschnitten, die es Ihnen erm\u00f6glichen, die Tatami der L\u00e4nge nach aufzurollen. Verbindung zwischen den Modulen mit Klettverschluss.<\/p>\n","protected":false},"excerpt":{"rendered":"<p>Die aufrollbare Matte vereint die grundlegenden Eigenschaften eines Qualit\u00e4tsprodukts und ist leicht und einfach zu montieren. Es handelt sich um [&hellip;]<\/p>\n","protected":false},"featured_media":17922,"comment_status":"closed","ping_status":"closed","template":"","meta":{"_acf_changed":false},"product_brand":[],"product_cat":[2703,2678],"product_tag":[3890,4280,4106,4044,4525,4524,3943,4238,4438,4164],"class_list":{"0":"post-20691","1":"product","2":"type-product","3":"status-publish","4":"has-post-thumbnail","6":"product_cat-andere-matten","7":"product_cat-rollbare-tatami","8":"product_tag-arts-martiaux-ch","9":"product_tag-aufrollbar","10":"product_tag-fitnessstudio-ch","11":"product_tag-gymnastik","12":"product_tag-klettverschluss-ch","13":"product_tag-mr4v-ch","14":"product_tag-multidisziplinar-ch","15":"product_tag-pe-ch","16":"product_tag-rouleau-ch","17":"product_tag-traditionnel-ch","19":"first","20":"instock","21":"taxable","22":"shipping-taxable","23":"product-type-simple"},"acf":[],"yoast_head":"<!-- This site is optimized with the Yoast SEO plugin v27.3 - https:\/\/yoast.com\/product\/yoast-seo-wordpress\/ -->\n<title>Aufrollbare Tatami mit VELCRO - MR4V - Tatamixstore<\/title>\n<meta name=\"robots\" content=\"index, follow, max-snippet:-1, max-image-preview:large, max-video-preview:-1\" \/>\n<link rel=\"canonical\" href=\"https:\/\/www.tatamixstore.com\/ch\/product\/aufrollbare-tatami-mit-velcro-mr4v\/\" \/>\n<meta property=\"og:locale\" content=\"en_US\" \/>\n<meta property=\"og:type\" content=\"article\" \/>\n<meta property=\"og:title\" content=\"Aufrollbare Tatami mit VELCRO - MR4V - Tatamixstore\" \/>\n<meta property=\"og:description\" content=\"Die aufrollbare Matte vereint die grundlegenden Eigenschaften eines Qualit\u00e4tsprodukts und ist leicht und einfach zu montieren. Es handelt sich um [&hellip;]\" \/>\n<meta property=\"og:url\" content=\"https:\/\/www.tatamixstore.com\/ch\/product\/aufrollbare-tatami-mit-velcro-mr4v\/\" \/>\n<meta property=\"og:site_name\" content=\"Tatamixstore\" \/>\n<meta property=\"og:image\" content=\"https:\/\/www.tatamixstore.com\/wp-content\/uploads\/2024\/06\/405-1.jpg\" \/>\n\t<meta property=\"og:image:width\" content=\"800\" \/>\n\t<meta property=\"og:image:height\" content=\"800\" \/>\n\t<meta property=\"og:image:type\" content=\"image\/jpeg\" \/>\n<meta name=\"twitter:card\" content=\"summary_large_image\" \/>\n<script type=\"application\/ld+json\" class=\"yoast-schema-graph\">{\"@context\":\"https:\\\/\\\/schema.org\",\"@graph\":[{\"@type\":\"WebPage\",\"@id\":\"https:\\\/\\\/www.tatamixstore.com\\\/ch\\\/product\\\/aufrollbare-tatami-mit-velcro-mr4v\\\/\",\"url\":\"https:\\\/\\\/www.tatamixstore.com\\\/ch\\\/product\\\/aufrollbare-tatami-mit-velcro-mr4v\\\/\",\"name\":\"Aufrollbare Tatami mit VELCRO - MR4V - Tatamixstore\",\"isPartOf\":{\"@id\":\"https:\\\/\\\/www.tatamixstore.com\\\/ch\\\/#website\"},\"primaryImageOfPage\":{\"@id\":\"https:\\\/\\\/www.tatamixstore.com\\\/ch\\\/product\\\/aufrollbare-tatami-mit-velcro-mr4v\\\/#primaryimage\"},\"image\":{\"@id\":\"https:\\\/\\\/www.tatamixstore.com\\\/ch\\\/product\\\/aufrollbare-tatami-mit-velcro-mr4v\\\/#primaryimage\"},\"thumbnailUrl\":\"https:\\\/\\\/www.tatamixstore.com\\\/wp-content\\\/uploads\\\/2024\\\/06\\\/405-1.jpg\",\"datePublished\":\"2020-06-12T15:37:40+00:00\",\"breadcrumb\":{\"@id\":\"https:\\\/\\\/www.tatamixstore.com\\\/ch\\\/product\\\/aufrollbare-tatami-mit-velcro-mr4v\\\/#breadcrumb\"},\"inLanguage\":\"ch-CH\",\"potentialAction\":[{\"@type\":\"ReadAction\",\"target\":[\"https:\\\/\\\/www.tatamixstore.com\\\/ch\\\/product\\\/aufrollbare-tatami-mit-velcro-mr4v\\\/\"]}]},{\"@type\":\"ImageObject\",\"inLanguage\":\"ch-CH\",\"@id\":\"https:\\\/\\\/www.tatamixstore.com\\\/ch\\\/product\\\/aufrollbare-tatami-mit-velcro-mr4v\\\/#primaryimage\",\"url\":\"https:\\\/\\\/www.tatamixstore.com\\\/wp-content\\\/uploads\\\/2024\\\/06\\\/405-1.jpg\",\"contentUrl\":\"https:\\\/\\\/www.tatamixstore.com\\\/wp-content\\\/uploads\\\/2024\\\/06\\\/405-1.jpg\",\"width\":800,\"height\":800},{\"@type\":\"BreadcrumbList\",\"@id\":\"https:\\\/\\\/www.tatamixstore.com\\\/ch\\\/product\\\/aufrollbare-tatami-mit-velcro-mr4v\\\/#breadcrumb\",\"itemListElement\":[{\"@type\":\"ListItem\",\"position\":1,\"name\":\"Home\",\"item\":\"https:\\\/\\\/www.tatamixstore.com\\\/ch\\\/\"},{\"@type\":\"ListItem\",\"position\":2,\"name\":\"Shop\",\"item\":\"https:\\\/\\\/www.tatamixstore.com\\\/store\\\/\"},{\"@type\":\"ListItem\",\"position\":3,\"name\":\"Aufrollbare Tatami mit VELCRO &#8211; MR4V\"}]},{\"@type\":\"WebSite\",\"@id\":\"https:\\\/\\\/www.tatamixstore.com\\\/ch\\\/#website\",\"url\":\"https:\\\/\\\/www.tatamixstore.com\\\/ch\\\/\",\"name\":\"Tatamix Store\",\"description\":\"\",\"publisher\":{\"@id\":\"https:\\\/\\\/www.tatamixstore.com\\\/ch\\\/#organization\"},\"potentialAction\":[{\"@type\":\"SearchAction\",\"target\":{\"@type\":\"EntryPoint\",\"urlTemplate\":\"https:\\\/\\\/www.tatamixstore.com\\\/ch\\\/?s={search_term_string}\"},\"query-input\":{\"@type\":\"PropertyValueSpecification\",\"valueRequired\":true,\"valueName\":\"search_term_string\"}}],\"inLanguage\":\"ch-CH\"},{\"@type\":\"Organization\",\"@id\":\"https:\\\/\\\/www.tatamixstore.com\\\/ch\\\/#organization\",\"name\":\"Tatamix Store\",\"url\":\"https:\\\/\\\/www.tatamixstore.com\\\/ch\\\/\",\"logo\":{\"@type\":\"ImageObject\",\"inLanguage\":\"ch-CH\",\"@id\":\"https:\\\/\\\/www.tatamixstore.com\\\/ch\\\/#\\\/schema\\\/logo\\\/image\\\/\",\"url\":\"https:\\\/\\\/www.tatamixstore.com\\\/wp-content\\\/uploads\\\/2024\\\/02\\\/logo-transparant.png\",\"contentUrl\":\"https:\\\/\\\/www.tatamixstore.com\\\/wp-content\\\/uploads\\\/2024\\\/02\\\/logo-transparant.png\",\"width\":492,\"height\":89,\"caption\":\"Tatamix Store\"},\"image\":{\"@id\":\"https:\\\/\\\/www.tatamixstore.com\\\/ch\\\/#\\\/schema\\\/logo\\\/image\\\/\"}}]}<\/script>\n<!-- \/ Yoast SEO plugin. -->","yoast_head_json":{"title":"Aufrollbare Tatami mit VELCRO - MR4V - Tatamixstore","robots":{"index":"index","follow":"follow","max-snippet":"max-snippet:-1","max-image-preview":"max-image-preview:large","max-video-preview":"max-video-preview:-1"},"canonical":"https:\/\/www.tatamixstore.com\/ch\/product\/aufrollbare-tatami-mit-velcro-mr4v\/","og_locale":"en_US","og_type":"article","og_title":"Aufrollbare Tatami mit VELCRO - MR4V - Tatamixstore","og_description":"Die aufrollbare Matte vereint die grundlegenden Eigenschaften eines Qualit\u00e4tsprodukts und ist leicht und einfach zu montieren. Es handelt sich um [&hellip;]","og_url":"https:\/\/www.tatamixstore.com\/ch\/product\/aufrollbare-tatami-mit-velcro-mr4v\/","og_site_name":"Tatamixstore","og_image":[{"width":800,"height":800,"url":"https:\/\/www.tatamixstore.com\/wp-content\/uploads\/2024\/06\/405-1.jpg","type":"image\/jpeg"}],"twitter_card":"summary_large_image","schema":{"@context":"https:\/\/schema.org","@graph":[{"@type":"WebPage","@id":"https:\/\/www.tatamixstore.com\/ch\/product\/aufrollbare-tatami-mit-velcro-mr4v\/","url":"https:\/\/www.tatamixstore.com\/ch\/product\/aufrollbare-tatami-mit-velcro-mr4v\/","name":"Aufrollbare Tatami mit VELCRO - MR4V - Tatamixstore","isPartOf":{"@id":"https:\/\/www.tatamixstore.com\/ch\/#website"},"primaryImageOfPage":{"@id":"https:\/\/www.tatamixstore.com\/ch\/product\/aufrollbare-tatami-mit-velcro-mr4v\/#primaryimage"},"image":{"@id":"https:\/\/www.tatamixstore.com\/ch\/product\/aufrollbare-tatami-mit-velcro-mr4v\/#primaryimage"},"thumbnailUrl":"https:\/\/www.tatamixstore.com\/wp-content\/uploads\/2024\/06\/405-1.jpg","datePublished":"2020-06-12T15:37:40+00:00","breadcrumb":{"@id":"https:\/\/www.tatamixstore.com\/ch\/product\/aufrollbare-tatami-mit-velcro-mr4v\/#breadcrumb"},"inLanguage":"ch-CH","potentialAction":[{"@type":"ReadAction","target":["https:\/\/www.tatamixstore.com\/ch\/product\/aufrollbare-tatami-mit-velcro-mr4v\/"]}]},{"@type":"ImageObject","inLanguage":"ch-CH","@id":"https:\/\/www.tatamixstore.com\/ch\/product\/aufrollbare-tatami-mit-velcro-mr4v\/#primaryimage","url":"https:\/\/www.tatamixstore.com\/wp-content\/uploads\/2024\/06\/405-1.jpg","contentUrl":"https:\/\/www.tatamixstore.com\/wp-content\/uploads\/2024\/06\/405-1.jpg","width":800,"height":800},{"@type":"BreadcrumbList","@id":"https:\/\/www.tatamixstore.com\/ch\/product\/aufrollbare-tatami-mit-velcro-mr4v\/#breadcrumb","itemListElement":[{"@type":"ListItem","position":1,"name":"Home","item":"https:\/\/www.tatamixstore.com\/ch\/"},{"@type":"ListItem","position":2,"name":"Shop","item":"https:\/\/www.tatamixstore.com\/store\/"},{"@type":"ListItem","position":3,"name":"Aufrollbare Tatami mit VELCRO &#8211; MR4V"}]},{"@type":"WebSite","@id":"https:\/\/www.tatamixstore.com\/ch\/#website","url":"https:\/\/www.tatamixstore.com\/ch\/","name":"Tatamix Store","description":"","publisher":{"@id":"https:\/\/www.tatamixstore.com\/ch\/#organization"},"potentialAction":[{"@type":"SearchAction","target":{"@type":"EntryPoint","urlTemplate":"https:\/\/www.tatamixstore.com\/ch\/?s={search_term_string}"},"query-input":{"@type":"PropertyValueSpecification","valueRequired":true,"valueName":"search_term_string"}}],"inLanguage":"ch-CH"},{"@type":"Organization","@id":"https:\/\/www.tatamixstore.com\/ch\/#organization","name":"Tatamix Store","url":"https:\/\/www.tatamixstore.com\/ch\/","logo":{"@type":"ImageObject","inLanguage":"ch-CH","@id":"https:\/\/www.tatamixstore.com\/ch\/#\/schema\/logo\/image\/","url":"https:\/\/www.tatamixstore.com\/wp-content\/uploads\/2024\/02\/logo-transparant.png","contentUrl":"https:\/\/www.tatamixstore.com\/wp-content\/uploads\/2024\/02\/logo-transparant.png","width":492,"height":89,"caption":"Tatamix Store"},"image":{"@id":"https:\/\/www.tatamixstore.com\/ch\/#\/schema\/logo\/image\/"}}]}},"_links":{"self":[{"href":"https:\/\/www.tatamixstore.com\/ch\/wp-json\/wp\/v2\/product\/20691","targetHints":{"allow":["GET"]}}],"collection":[{"href":"https:\/\/www.tatamixstore.com\/ch\/wp-json\/wp\/v2\/product"}],"about":[{"href":"https:\/\/www.tatamixstore.com\/ch\/wp-json\/wp\/v2\/types\/product"}],"replies":[{"embeddable":true,"href":"https:\/\/www.tatamixstore.com\/ch\/wp-json\/wp\/v2\/comments?post=20691"}],"wp:featuredmedia":[{"embeddable":true,"href":"https:\/\/www.tatamixstore.com\/ch\/wp-json\/wp\/v2\/media\/17922"}],"wp:attachment":[{"href":"https:\/\/www.tatamixstore.com\/ch\/wp-json\/wp\/v2\/media?parent=20691"}],"wp:term":[{"taxonomy":"product_brand","embeddable":true,"href":"https:\/\/www.tatamixstore.com\/ch\/wp-json\/wp\/v2\/product_brand?post=20691"},{"taxonomy":"product_cat","embeddable":true,"href":"https:\/\/www.tatamixstore.com\/ch\/wp-json\/wp\/v2\/product_cat?post=20691"},{"taxonomy":"product_tag","embeddable":true,"href":"https:\/\/www.tatamixstore.com\/ch\/wp-json\/wp\/v2\/product_tag?post=20691"}],"curies":[{"name":"wp","href":"https:\/\/api.w.org\/{rel}","templated":true}]}}