{"id":20722,"date":"2020-06-09T11:34:02","date_gmt":"2020-06-09T11:34:02","guid":{"rendered":"https:\/\/stage.tatamixstore.com\/product\/shiatsu-tatami-aus-holz-w25x\/"},"modified":"2020-06-09T11:34:02","modified_gmt":"2020-06-09T11:34:02","slug":"shiatsu-tatami-aus-holz-w25x","status":"publish","type":"product","link":"https:\/\/www.tatamixstore.com\/ch\/product\/shiatsu-tatami-aus-holz-w25x\/","title":{"rendered":"Shiatsu Tatami aus Holz &#8211; W25X"},"content":{"rendered":"<h2>Tatami Matte f\u00fcr Yoga<\/h2>\n<h3>In nat\u00fcrlicher Holzfarbe, geeignet f\u00fcr die Meditation<\/h3>\n<p>  Hergestellt aus expandiertem EVA (Ethylen-Vinyl-Acetat) mit geschlossener Zelldichte, bedruckt und kreuzweise gestanzt Ein spezielles Ank\u00fcndigungssystem in einem umkehrbaren Schloss. Die rutschfeste Beschichtung wird auf der hei\u00dfen Oberfl\u00e4che erhalten, was den Effekt hat, dass der Film die Reinigung des Produkts erleichtert. Wegen seiner \u00e4hnlich warmen Holzfarbe und des Winkels geeignet f\u00fcr Meditation, Entspannung und Massage. Inklusive Rahmen zum Schlie\u00dfen des Bereichs. <strong>VERWENDUNG: Massagen, Shiatsu, Yoga, etc&#8230;<\/strong><\/p>\n","protected":false},"excerpt":{"rendered":"<p>Tatami Matte f\u00fcr Yoga In nat\u00fcrlicher Holzfarbe, geeignet f\u00fcr die Meditation Hergestellt aus expandiertem EVA (Ethylen-Vinyl-Acetat) mit geschlossener Zelldichte, bedruckt [&hellip;]<\/p>\n","protected":false},"featured_media":17324,"comment_status":"closed","ping_status":"closed","template":"","meta":{"_acf_changed":false},"product_brand":[],"product_cat":[2824,2739,2729,2794,2809,2749],"product_tag":[3890,4643,4645,3891,4644,4642,3974,4646,3975],"class_list":{"0":"post-20722","1":"product","2":"type-product","3":"status-publish","4":"has-post-thumbnail","6":"product_cat-eva-dicke-25-3-cm","7":"product_cat-gymnastik-und-fitness","8":"product_cat-tatami-puzzle","9":"product_cat-tatami-puzzle-2-cm","10":"product_cat-tatami-puzzle-eva-schaum","11":"product_cat-yoga","12":"product_tag-arts-martiaux-ch","13":"product_tag-effet-bois-tatami-ch","14":"product_tag-entspannen-sie-sich","15":"product_tag-eva-ch","16":"product_tag-holzimitat","17":"product_tag-massage-ch","18":"product_tag-shiatsu-ch","19":"product_tag-w25x-ch","20":"product_tag-yoga-ch","22":"first","23":"instock","24":"taxable","25":"shipping-taxable","26":"product-type-simple"},"acf":[],"yoast_head":"<!-- This site is optimized with the Yoast SEO plugin v27.3 - https:\/\/yoast.com\/product\/yoast-seo-wordpress\/ -->\n<title>Shiatsu Tatami aus Holz - W25X - Tatamixstore<\/title>\n<meta name=\"robots\" content=\"index, follow, max-snippet:-1, max-image-preview:large, max-video-preview:-1\" \/>\n<link rel=\"canonical\" href=\"https:\/\/www.tatamixstore.com\/ch\/product\/shiatsu-tatami-aus-holz-w25x\/\" \/>\n<meta property=\"og:locale\" content=\"en_US\" \/>\n<meta property=\"og:type\" content=\"article\" \/>\n<meta property=\"og:title\" content=\"Shiatsu Tatami aus Holz - W25X - Tatamixstore\" \/>\n<meta property=\"og:description\" content=\"Tatami Matte f\u00fcr Yoga In nat\u00fcrlicher Holzfarbe, geeignet f\u00fcr die Meditation Hergestellt aus expandiertem EVA (Ethylen-Vinyl-Acetat) mit geschlossener Zelldichte, bedruckt [&hellip;]\" \/>\n<meta property=\"og:url\" content=\"https:\/\/www.tatamixstore.com\/ch\/product\/shiatsu-tatami-aus-holz-w25x\/\" \/>\n<meta property=\"og:site_name\" content=\"Tatamixstore\" \/>\n<meta property=\"og:image\" content=\"https:\/\/www.tatamixstore.com\/wp-content\/uploads\/2024\/06\/329-1.jpg\" \/>\n\t<meta property=\"og:image:width\" content=\"800\" \/>\n\t<meta property=\"og:image:height\" content=\"800\" \/>\n\t<meta property=\"og:image:type\" content=\"image\/jpeg\" \/>\n<meta name=\"twitter:card\" content=\"summary_large_image\" \/>\n<script type=\"application\/ld+json\" class=\"yoast-schema-graph\">{\"@context\":\"https:\\\/\\\/schema.org\",\"@graph\":[{\"@type\":\"WebPage\",\"@id\":\"https:\\\/\\\/www.tatamixstore.com\\\/ch\\\/product\\\/shiatsu-tatami-aus-holz-w25x\\\/\",\"url\":\"https:\\\/\\\/www.tatamixstore.com\\\/ch\\\/product\\\/shiatsu-tatami-aus-holz-w25x\\\/\",\"name\":\"Shiatsu Tatami aus Holz - W25X - Tatamixstore\",\"isPartOf\":{\"@id\":\"https:\\\/\\\/www.tatamixstore.com\\\/ch\\\/#website\"},\"primaryImageOfPage\":{\"@id\":\"https:\\\/\\\/www.tatamixstore.com\\\/ch\\\/product\\\/shiatsu-tatami-aus-holz-w25x\\\/#primaryimage\"},\"image\":{\"@id\":\"https:\\\/\\\/www.tatamixstore.com\\\/ch\\\/product\\\/shiatsu-tatami-aus-holz-w25x\\\/#primaryimage\"},\"thumbnailUrl\":\"https:\\\/\\\/www.tatamixstore.com\\\/wp-content\\\/uploads\\\/2024\\\/06\\\/329-1.jpg\",\"datePublished\":\"2020-06-09T11:34:02+00:00\",\"breadcrumb\":{\"@id\":\"https:\\\/\\\/www.tatamixstore.com\\\/ch\\\/product\\\/shiatsu-tatami-aus-holz-w25x\\\/#breadcrumb\"},\"inLanguage\":\"ch-CH\",\"potentialAction\":[{\"@type\":\"ReadAction\",\"target\":[\"https:\\\/\\\/www.tatamixstore.com\\\/ch\\\/product\\\/shiatsu-tatami-aus-holz-w25x\\\/\"]}]},{\"@type\":\"ImageObject\",\"inLanguage\":\"ch-CH\",\"@id\":\"https:\\\/\\\/www.tatamixstore.com\\\/ch\\\/product\\\/shiatsu-tatami-aus-holz-w25x\\\/#primaryimage\",\"url\":\"https:\\\/\\\/www.tatamixstore.com\\\/wp-content\\\/uploads\\\/2024\\\/06\\\/329-1.jpg\",\"contentUrl\":\"https:\\\/\\\/www.tatamixstore.com\\\/wp-content\\\/uploads\\\/2024\\\/06\\\/329-1.jpg\",\"width\":800,\"height\":800},{\"@type\":\"BreadcrumbList\",\"@id\":\"https:\\\/\\\/www.tatamixstore.com\\\/ch\\\/product\\\/shiatsu-tatami-aus-holz-w25x\\\/#breadcrumb\",\"itemListElement\":[{\"@type\":\"ListItem\",\"position\":1,\"name\":\"Home\",\"item\":\"https:\\\/\\\/www.tatamixstore.com\\\/ch\\\/\"},{\"@type\":\"ListItem\",\"position\":2,\"name\":\"Shop\",\"item\":\"https:\\\/\\\/www.tatamixstore.com\\\/store\\\/\"},{\"@type\":\"ListItem\",\"position\":3,\"name\":\"Shiatsu Tatami aus Holz &#8211; W25X\"}]},{\"@type\":\"WebSite\",\"@id\":\"https:\\\/\\\/www.tatamixstore.com\\\/ch\\\/#website\",\"url\":\"https:\\\/\\\/www.tatamixstore.com\\\/ch\\\/\",\"name\":\"Tatamix Store\",\"description\":\"\",\"publisher\":{\"@id\":\"https:\\\/\\\/www.tatamixstore.com\\\/ch\\\/#organization\"},\"potentialAction\":[{\"@type\":\"SearchAction\",\"target\":{\"@type\":\"EntryPoint\",\"urlTemplate\":\"https:\\\/\\\/www.tatamixstore.com\\\/ch\\\/?s={search_term_string}\"},\"query-input\":{\"@type\":\"PropertyValueSpecification\",\"valueRequired\":true,\"valueName\":\"search_term_string\"}}],\"inLanguage\":\"ch-CH\"},{\"@type\":\"Organization\",\"@id\":\"https:\\\/\\\/www.tatamixstore.com\\\/ch\\\/#organization\",\"name\":\"Tatamix Store\",\"url\":\"https:\\\/\\\/www.tatamixstore.com\\\/ch\\\/\",\"logo\":{\"@type\":\"ImageObject\",\"inLanguage\":\"ch-CH\",\"@id\":\"https:\\\/\\\/www.tatamixstore.com\\\/ch\\\/#\\\/schema\\\/logo\\\/image\\\/\",\"url\":\"https:\\\/\\\/www.tatamixstore.com\\\/wp-content\\\/uploads\\\/2024\\\/02\\\/logo-transparant.png\",\"contentUrl\":\"https:\\\/\\\/www.tatamixstore.com\\\/wp-content\\\/uploads\\\/2024\\\/02\\\/logo-transparant.png\",\"width\":492,\"height\":89,\"caption\":\"Tatamix Store\"},\"image\":{\"@id\":\"https:\\\/\\\/www.tatamixstore.com\\\/ch\\\/#\\\/schema\\\/logo\\\/image\\\/\"}}]}<\/script>\n<!-- \/ Yoast SEO plugin. -->","yoast_head_json":{"title":"Shiatsu Tatami aus Holz - W25X - Tatamixstore","robots":{"index":"index","follow":"follow","max-snippet":"max-snippet:-1","max-image-preview":"max-image-preview:large","max-video-preview":"max-video-preview:-1"},"canonical":"https:\/\/www.tatamixstore.com\/ch\/product\/shiatsu-tatami-aus-holz-w25x\/","og_locale":"en_US","og_type":"article","og_title":"Shiatsu Tatami aus Holz - W25X - Tatamixstore","og_description":"Tatami Matte f\u00fcr Yoga In nat\u00fcrlicher Holzfarbe, geeignet f\u00fcr die Meditation Hergestellt aus expandiertem EVA (Ethylen-Vinyl-Acetat) mit geschlossener Zelldichte, bedruckt [&hellip;]","og_url":"https:\/\/www.tatamixstore.com\/ch\/product\/shiatsu-tatami-aus-holz-w25x\/","og_site_name":"Tatamixstore","og_image":[{"width":800,"height":800,"url":"https:\/\/www.tatamixstore.com\/wp-content\/uploads\/2024\/06\/329-1.jpg","type":"image\/jpeg"}],"twitter_card":"summary_large_image","schema":{"@context":"https:\/\/schema.org","@graph":[{"@type":"WebPage","@id":"https:\/\/www.tatamixstore.com\/ch\/product\/shiatsu-tatami-aus-holz-w25x\/","url":"https:\/\/www.tatamixstore.com\/ch\/product\/shiatsu-tatami-aus-holz-w25x\/","name":"Shiatsu Tatami aus Holz - W25X - Tatamixstore","isPartOf":{"@id":"https:\/\/www.tatamixstore.com\/ch\/#website"},"primaryImageOfPage":{"@id":"https:\/\/www.tatamixstore.com\/ch\/product\/shiatsu-tatami-aus-holz-w25x\/#primaryimage"},"image":{"@id":"https:\/\/www.tatamixstore.com\/ch\/product\/shiatsu-tatami-aus-holz-w25x\/#primaryimage"},"thumbnailUrl":"https:\/\/www.tatamixstore.com\/wp-content\/uploads\/2024\/06\/329-1.jpg","datePublished":"2020-06-09T11:34:02+00:00","breadcrumb":{"@id":"https:\/\/www.tatamixstore.com\/ch\/product\/shiatsu-tatami-aus-holz-w25x\/#breadcrumb"},"inLanguage":"ch-CH","potentialAction":[{"@type":"ReadAction","target":["https:\/\/www.tatamixstore.com\/ch\/product\/shiatsu-tatami-aus-holz-w25x\/"]}]},{"@type":"ImageObject","inLanguage":"ch-CH","@id":"https:\/\/www.tatamixstore.com\/ch\/product\/shiatsu-tatami-aus-holz-w25x\/#primaryimage","url":"https:\/\/www.tatamixstore.com\/wp-content\/uploads\/2024\/06\/329-1.jpg","contentUrl":"https:\/\/www.tatamixstore.com\/wp-content\/uploads\/2024\/06\/329-1.jpg","width":800,"height":800},{"@type":"BreadcrumbList","@id":"https:\/\/www.tatamixstore.com\/ch\/product\/shiatsu-tatami-aus-holz-w25x\/#breadcrumb","itemListElement":[{"@type":"ListItem","position":1,"name":"Home","item":"https:\/\/www.tatamixstore.com\/ch\/"},{"@type":"ListItem","position":2,"name":"Shop","item":"https:\/\/www.tatamixstore.com\/store\/"},{"@type":"ListItem","position":3,"name":"Shiatsu Tatami aus Holz &#8211; W25X"}]},{"@type":"WebSite","@id":"https:\/\/www.tatamixstore.com\/ch\/#website","url":"https:\/\/www.tatamixstore.com\/ch\/","name":"Tatamix Store","description":"","publisher":{"@id":"https:\/\/www.tatamixstore.com\/ch\/#organization"},"potentialAction":[{"@type":"SearchAction","target":{"@type":"EntryPoint","urlTemplate":"https:\/\/www.tatamixstore.com\/ch\/?s={search_term_string}"},"query-input":{"@type":"PropertyValueSpecification","valueRequired":true,"valueName":"search_term_string"}}],"inLanguage":"ch-CH"},{"@type":"Organization","@id":"https:\/\/www.tatamixstore.com\/ch\/#organization","name":"Tatamix Store","url":"https:\/\/www.tatamixstore.com\/ch\/","logo":{"@type":"ImageObject","inLanguage":"ch-CH","@id":"https:\/\/www.tatamixstore.com\/ch\/#\/schema\/logo\/image\/","url":"https:\/\/www.tatamixstore.com\/wp-content\/uploads\/2024\/02\/logo-transparant.png","contentUrl":"https:\/\/www.tatamixstore.com\/wp-content\/uploads\/2024\/02\/logo-transparant.png","width":492,"height":89,"caption":"Tatamix Store"},"image":{"@id":"https:\/\/www.tatamixstore.com\/ch\/#\/schema\/logo\/image\/"}}]}},"_links":{"self":[{"href":"https:\/\/www.tatamixstore.com\/ch\/wp-json\/wp\/v2\/product\/20722","targetHints":{"allow":["GET"]}}],"collection":[{"href":"https:\/\/www.tatamixstore.com\/ch\/wp-json\/wp\/v2\/product"}],"about":[{"href":"https:\/\/www.tatamixstore.com\/ch\/wp-json\/wp\/v2\/types\/product"}],"replies":[{"embeddable":true,"href":"https:\/\/www.tatamixstore.com\/ch\/wp-json\/wp\/v2\/comments?post=20722"}],"wp:featuredmedia":[{"embeddable":true,"href":"https:\/\/www.tatamixstore.com\/ch\/wp-json\/wp\/v2\/media\/17324"}],"wp:attachment":[{"href":"https:\/\/www.tatamixstore.com\/ch\/wp-json\/wp\/v2\/media?parent=20722"}],"wp:term":[{"taxonomy":"product_brand","embeddable":true,"href":"https:\/\/www.tatamixstore.com\/ch\/wp-json\/wp\/v2\/product_brand?post=20722"},{"taxonomy":"product_cat","embeddable":true,"href":"https:\/\/www.tatamixstore.com\/ch\/wp-json\/wp\/v2\/product_cat?post=20722"},{"taxonomy":"product_tag","embeddable":true,"href":"https:\/\/www.tatamixstore.com\/ch\/wp-json\/wp\/v2\/product_tag?post=20722"}],"curies":[{"name":"wp","href":"https:\/\/api.w.org\/{rel}","templated":true}]}}