{"id":20738,"date":"2020-06-08T15:39:34","date_gmt":"2020-06-08T15:39:34","guid":{"rendered":"https:\/\/stage.tatamixstore.com\/product\/tatami-mit-holzeffekt-4cm-w40p\/"},"modified":"2020-06-08T15:39:34","modified_gmt":"2020-06-08T15:39:34","slug":"tatami-mit-holzeffekt-4cm-w40p","status":"publish","type":"product","link":"https:\/\/www.tatamixstore.com\/ch\/product\/tatami-mit-holzeffekt-4cm-w40p\/","title":{"rendered":"Tatami mit Holzeffekt 4cm &#8211; W40P"},"content":{"rendered":"<p>Die 4 cm dicken Tatami in Holzoptik bestehen aus geschlossenzelligem, einfach verdichtetem, expandiertem EVA, das mit einem speziellen, umkehrbaren Verschlusssystem geschnitten wird, mit dem die Randrahmen verbunden sind. Dank des holz\u00e4hnlichen optischen Effekts sieht dieser Bodenbelag wie Parkett aus. Der Tatami-Holz-Effekt ist wendbar, eine Seite hat ein Holzdesign, die andere ist mit einer einfarbigen 5-Linien-Pr\u00e4gung versehen. Dieser Tatami-Boden ist ideal f\u00fcr Tai Chi, Yoga, Pilates, Shatsu, Haltungsgymnastik und sanfte Gymnastik. Oberfl\u00e4che mit spezieller Anti-Rutsch-Behandlung. Inklusive Rahmen zum Verschlie\u00dfen des peripheren Bereichs. Wichtig! Halten Sie es von direktem Sonnenlicht oder W\u00e4rmequellen fern.<\/p>\n","protected":false},"excerpt":{"rendered":"<p>Die 4 cm dicken Tatami in Holzoptik bestehen aus geschlossenzelligem, einfach verdichtetem, expandiertem EVA, das mit einem speziellen, umkehrbaren Verschlusssystem [&hellip;]<\/p>\n","protected":false},"featured_media":17160,"comment_status":"closed","ping_status":"closed","template":"","meta":{"_acf_changed":false},"product_brand":[],"product_cat":[2744,2829,2739,2759,2754,2764,2769,2774,2729,2804,2809,2779,2749],"product_tag":[3890,4695,4126,3891,4642,3974,4696,3975],"class_list":{"0":"post-20738","1":"product","2":"type-product","3":"status-publish","4":"has-post-thumbnail","6":"product_cat-crossfit","7":"product_cat-eva-dicke-4-5-cm","8":"product_cat-gymnastik-und-fitness","9":"product_cat-judo-puzzle-matte","10":"product_cat-kampfsport-puzzle-matte","11":"product_cat-tatami-aikido","12":"product_cat-tatami-karate","13":"product_cat-tatami-mma","14":"product_cat-tatami-puzzle","15":"product_cat-tatami-puzzle-4-cm","16":"product_cat-tatami-puzzle-eva-schaum","17":"product_cat-tatami-taekwondo","18":"product_cat-yoga","19":"product_tag-arts-martiaux-ch","20":"product_tag-bois-realiste-ch","21":"product_tag-effet-bois-ch","22":"product_tag-eva-ch","23":"product_tag-massage-ch","24":"product_tag-shiatsu-ch","25":"product_tag-w40p-ch","26":"product_tag-yoga-ch","28":"first","29":"instock","30":"taxable","31":"shipping-taxable","32":"product-type-simple"},"acf":[],"yoast_head":"<!-- This site is optimized with the Yoast SEO plugin v27.5 - https:\/\/yoast.com\/product\/yoast-seo-wordpress\/ -->\n<title>Tatami mit Holzeffekt 4cm - W40P - Tatamixstore<\/title>\n<meta name=\"robots\" content=\"index, follow, max-snippet:-1, max-image-preview:large, max-video-preview:-1\" \/>\n<link rel=\"canonical\" href=\"https:\/\/www.tatamixstore.com\/ch\/product\/tatami-mit-holzeffekt-4cm-w40p\/\" \/>\n<meta property=\"og:locale\" content=\"en_US\" \/>\n<meta property=\"og:type\" content=\"article\" \/>\n<meta property=\"og:title\" content=\"Tatami mit Holzeffekt 4cm - W40P - Tatamixstore\" \/>\n<meta property=\"og:description\" content=\"Die 4 cm dicken Tatami in Holzoptik bestehen aus geschlossenzelligem, einfach verdichtetem, expandiertem EVA, das mit einem speziellen, umkehrbaren Verschlusssystem [&hellip;]\" \/>\n<meta property=\"og:url\" content=\"https:\/\/www.tatamixstore.com\/ch\/product\/tatami-mit-holzeffekt-4cm-w40p\/\" \/>\n<meta property=\"og:site_name\" content=\"Tatamixstore\" \/>\n<meta property=\"og:image\" content=\"https:\/\/www.tatamixstore.com\/wp-content\/uploads\/2024\/06\/310-1.jpg\" \/>\n\t<meta property=\"og:image:width\" content=\"800\" \/>\n\t<meta property=\"og:image:height\" content=\"800\" \/>\n\t<meta property=\"og:image:type\" content=\"image\/jpeg\" \/>\n<meta name=\"twitter:card\" content=\"summary_large_image\" \/>\n<script type=\"application\/ld+json\" class=\"yoast-schema-graph\">{\"@context\":\"https:\\\/\\\/schema.org\",\"@graph\":[{\"@type\":\"WebPage\",\"@id\":\"https:\\\/\\\/www.tatamixstore.com\\\/ch\\\/product\\\/tatami-mit-holzeffekt-4cm-w40p\\\/\",\"url\":\"https:\\\/\\\/www.tatamixstore.com\\\/ch\\\/product\\\/tatami-mit-holzeffekt-4cm-w40p\\\/\",\"name\":\"Tatami mit Holzeffekt 4cm - W40P - Tatamixstore\",\"isPartOf\":{\"@id\":\"https:\\\/\\\/www.tatamixstore.com\\\/ch\\\/#website\"},\"primaryImageOfPage\":{\"@id\":\"https:\\\/\\\/www.tatamixstore.com\\\/ch\\\/product\\\/tatami-mit-holzeffekt-4cm-w40p\\\/#primaryimage\"},\"image\":{\"@id\":\"https:\\\/\\\/www.tatamixstore.com\\\/ch\\\/product\\\/tatami-mit-holzeffekt-4cm-w40p\\\/#primaryimage\"},\"thumbnailUrl\":\"https:\\\/\\\/www.tatamixstore.com\\\/wp-content\\\/uploads\\\/2024\\\/06\\\/310-1.jpg\",\"datePublished\":\"2020-06-08T15:39:34+00:00\",\"breadcrumb\":{\"@id\":\"https:\\\/\\\/www.tatamixstore.com\\\/ch\\\/product\\\/tatami-mit-holzeffekt-4cm-w40p\\\/#breadcrumb\"},\"inLanguage\":\"ch-CH\",\"potentialAction\":[{\"@type\":\"ReadAction\",\"target\":[\"https:\\\/\\\/www.tatamixstore.com\\\/ch\\\/product\\\/tatami-mit-holzeffekt-4cm-w40p\\\/\"]}]},{\"@type\":\"ImageObject\",\"inLanguage\":\"ch-CH\",\"@id\":\"https:\\\/\\\/www.tatamixstore.com\\\/ch\\\/product\\\/tatami-mit-holzeffekt-4cm-w40p\\\/#primaryimage\",\"url\":\"https:\\\/\\\/www.tatamixstore.com\\\/wp-content\\\/uploads\\\/2024\\\/06\\\/310-1.jpg\",\"contentUrl\":\"https:\\\/\\\/www.tatamixstore.com\\\/wp-content\\\/uploads\\\/2024\\\/06\\\/310-1.jpg\",\"width\":800,\"height\":800},{\"@type\":\"BreadcrumbList\",\"@id\":\"https:\\\/\\\/www.tatamixstore.com\\\/ch\\\/product\\\/tatami-mit-holzeffekt-4cm-w40p\\\/#breadcrumb\",\"itemListElement\":[{\"@type\":\"ListItem\",\"position\":1,\"name\":\"Home\",\"item\":\"https:\\\/\\\/www.tatamixstore.com\\\/ch\\\/\"},{\"@type\":\"ListItem\",\"position\":2,\"name\":\"Shop\",\"item\":\"https:\\\/\\\/www.tatamixstore.com\\\/store\\\/\"},{\"@type\":\"ListItem\",\"position\":3,\"name\":\"Tatami mit Holzeffekt 4cm &#8211; W40P\"}]},{\"@type\":\"WebSite\",\"@id\":\"https:\\\/\\\/www.tatamixstore.com\\\/ch\\\/#website\",\"url\":\"https:\\\/\\\/www.tatamixstore.com\\\/ch\\\/\",\"name\":\"Tatamix Store\",\"description\":\"\",\"publisher\":{\"@id\":\"https:\\\/\\\/www.tatamixstore.com\\\/ch\\\/#organization\"},\"potentialAction\":[{\"@type\":\"SearchAction\",\"target\":{\"@type\":\"EntryPoint\",\"urlTemplate\":\"https:\\\/\\\/www.tatamixstore.com\\\/ch\\\/?s={search_term_string}\"},\"query-input\":{\"@type\":\"PropertyValueSpecification\",\"valueRequired\":true,\"valueName\":\"search_term_string\"}}],\"inLanguage\":\"ch-CH\"},{\"@type\":\"Organization\",\"@id\":\"https:\\\/\\\/www.tatamixstore.com\\\/ch\\\/#organization\",\"name\":\"Tatamix Store\",\"url\":\"https:\\\/\\\/www.tatamixstore.com\\\/ch\\\/\",\"logo\":{\"@type\":\"ImageObject\",\"inLanguage\":\"ch-CH\",\"@id\":\"https:\\\/\\\/www.tatamixstore.com\\\/ch\\\/#\\\/schema\\\/logo\\\/image\\\/\",\"url\":\"https:\\\/\\\/www.tatamixstore.com\\\/wp-content\\\/uploads\\\/2024\\\/02\\\/logo-transparant.png\",\"contentUrl\":\"https:\\\/\\\/www.tatamixstore.com\\\/wp-content\\\/uploads\\\/2024\\\/02\\\/logo-transparant.png\",\"width\":492,\"height\":89,\"caption\":\"Tatamix Store\"},\"image\":{\"@id\":\"https:\\\/\\\/www.tatamixstore.com\\\/ch\\\/#\\\/schema\\\/logo\\\/image\\\/\"}}]}<\/script>\n<!-- \/ Yoast SEO plugin. -->","yoast_head_json":{"title":"Tatami mit Holzeffekt 4cm - W40P - Tatamixstore","robots":{"index":"index","follow":"follow","max-snippet":"max-snippet:-1","max-image-preview":"max-image-preview:large","max-video-preview":"max-video-preview:-1"},"canonical":"https:\/\/www.tatamixstore.com\/ch\/product\/tatami-mit-holzeffekt-4cm-w40p\/","og_locale":"en_US","og_type":"article","og_title":"Tatami mit Holzeffekt 4cm - W40P - Tatamixstore","og_description":"Die 4 cm dicken Tatami in Holzoptik bestehen aus geschlossenzelligem, einfach verdichtetem, expandiertem EVA, das mit einem speziellen, umkehrbaren Verschlusssystem [&hellip;]","og_url":"https:\/\/www.tatamixstore.com\/ch\/product\/tatami-mit-holzeffekt-4cm-w40p\/","og_site_name":"Tatamixstore","og_image":[{"width":800,"height":800,"url":"https:\/\/www.tatamixstore.com\/wp-content\/uploads\/2024\/06\/310-1.jpg","type":"image\/jpeg"}],"twitter_card":"summary_large_image","schema":{"@context":"https:\/\/schema.org","@graph":[{"@type":"WebPage","@id":"https:\/\/www.tatamixstore.com\/ch\/product\/tatami-mit-holzeffekt-4cm-w40p\/","url":"https:\/\/www.tatamixstore.com\/ch\/product\/tatami-mit-holzeffekt-4cm-w40p\/","name":"Tatami mit Holzeffekt 4cm - W40P - Tatamixstore","isPartOf":{"@id":"https:\/\/www.tatamixstore.com\/ch\/#website"},"primaryImageOfPage":{"@id":"https:\/\/www.tatamixstore.com\/ch\/product\/tatami-mit-holzeffekt-4cm-w40p\/#primaryimage"},"image":{"@id":"https:\/\/www.tatamixstore.com\/ch\/product\/tatami-mit-holzeffekt-4cm-w40p\/#primaryimage"},"thumbnailUrl":"https:\/\/www.tatamixstore.com\/wp-content\/uploads\/2024\/06\/310-1.jpg","datePublished":"2020-06-08T15:39:34+00:00","breadcrumb":{"@id":"https:\/\/www.tatamixstore.com\/ch\/product\/tatami-mit-holzeffekt-4cm-w40p\/#breadcrumb"},"inLanguage":"ch-CH","potentialAction":[{"@type":"ReadAction","target":["https:\/\/www.tatamixstore.com\/ch\/product\/tatami-mit-holzeffekt-4cm-w40p\/"]}]},{"@type":"ImageObject","inLanguage":"ch-CH","@id":"https:\/\/www.tatamixstore.com\/ch\/product\/tatami-mit-holzeffekt-4cm-w40p\/#primaryimage","url":"https:\/\/www.tatamixstore.com\/wp-content\/uploads\/2024\/06\/310-1.jpg","contentUrl":"https:\/\/www.tatamixstore.com\/wp-content\/uploads\/2024\/06\/310-1.jpg","width":800,"height":800},{"@type":"BreadcrumbList","@id":"https:\/\/www.tatamixstore.com\/ch\/product\/tatami-mit-holzeffekt-4cm-w40p\/#breadcrumb","itemListElement":[{"@type":"ListItem","position":1,"name":"Home","item":"https:\/\/www.tatamixstore.com\/ch\/"},{"@type":"ListItem","position":2,"name":"Shop","item":"https:\/\/www.tatamixstore.com\/store\/"},{"@type":"ListItem","position":3,"name":"Tatami mit Holzeffekt 4cm &#8211; W40P"}]},{"@type":"WebSite","@id":"https:\/\/www.tatamixstore.com\/ch\/#website","url":"https:\/\/www.tatamixstore.com\/ch\/","name":"Tatamix Store","description":"","publisher":{"@id":"https:\/\/www.tatamixstore.com\/ch\/#organization"},"potentialAction":[{"@type":"SearchAction","target":{"@type":"EntryPoint","urlTemplate":"https:\/\/www.tatamixstore.com\/ch\/?s={search_term_string}"},"query-input":{"@type":"PropertyValueSpecification","valueRequired":true,"valueName":"search_term_string"}}],"inLanguage":"ch-CH"},{"@type":"Organization","@id":"https:\/\/www.tatamixstore.com\/ch\/#organization","name":"Tatamix Store","url":"https:\/\/www.tatamixstore.com\/ch\/","logo":{"@type":"ImageObject","inLanguage":"ch-CH","@id":"https:\/\/www.tatamixstore.com\/ch\/#\/schema\/logo\/image\/","url":"https:\/\/www.tatamixstore.com\/wp-content\/uploads\/2024\/02\/logo-transparant.png","contentUrl":"https:\/\/www.tatamixstore.com\/wp-content\/uploads\/2024\/02\/logo-transparant.png","width":492,"height":89,"caption":"Tatamix Store"},"image":{"@id":"https:\/\/www.tatamixstore.com\/ch\/#\/schema\/logo\/image\/"}}]}},"_links":{"self":[{"href":"https:\/\/www.tatamixstore.com\/ch\/wp-json\/wp\/v2\/product\/20738","targetHints":{"allow":["GET"]}}],"collection":[{"href":"https:\/\/www.tatamixstore.com\/ch\/wp-json\/wp\/v2\/product"}],"about":[{"href":"https:\/\/www.tatamixstore.com\/ch\/wp-json\/wp\/v2\/types\/product"}],"replies":[{"embeddable":true,"href":"https:\/\/www.tatamixstore.com\/ch\/wp-json\/wp\/v2\/comments?post=20738"}],"wp:featuredmedia":[{"embeddable":true,"href":"https:\/\/www.tatamixstore.com\/ch\/wp-json\/wp\/v2\/media\/17160"}],"wp:attachment":[{"href":"https:\/\/www.tatamixstore.com\/ch\/wp-json\/wp\/v2\/media?parent=20738"}],"wp:term":[{"taxonomy":"product_brand","embeddable":true,"href":"https:\/\/www.tatamixstore.com\/ch\/wp-json\/wp\/v2\/product_brand?post=20738"},{"taxonomy":"product_cat","embeddable":true,"href":"https:\/\/www.tatamixstore.com\/ch\/wp-json\/wp\/v2\/product_cat?post=20738"},{"taxonomy":"product_tag","embeddable":true,"href":"https:\/\/www.tatamixstore.com\/ch\/wp-json\/wp\/v2\/product_tag?post=20738"}],"curies":[{"name":"wp","href":"https:\/\/api.w.org\/{rel}","templated":true}]}}