{"id":20757,"date":"2020-06-08T11:43:14","date_gmt":"2020-06-08T11:43:14","guid":{"rendered":"https:\/\/stage.tatamixstore.com\/product\/tatami-3cm-hohe-dichte-jy30s\/"},"modified":"2020-06-08T11:43:14","modified_gmt":"2020-06-08T11:43:14","slug":"tatami-3cm-hohe-dichte-jy30s","status":"publish","type":"product","link":"https:\/\/www.tatamixstore.com\/ch\/product\/tatami-3cm-hohe-dichte-jy30s\/","title":{"rendered":"Tatami 3cm Hohe Dichte &#8211; JY30S"},"content":{"rendered":"<p>Hergestellt aus expandiertem EVA (Ethylen-Vinyl-Acetat), einem geschlossenzelligen, monodichten Material mit hoher Haltbarkeit, Wasserbest\u00e4ndigkeit und ausgezeichneter Elastizit\u00e4t. R\u00e4ume, die f\u00fcr Gymnastik, Aerobic, Yoga, Pilates und Schulhof geeignet sind. Inklusive Rahmen zum Schlie\u00dfen des Bereichs.<\/p>\n","protected":false},"excerpt":{"rendered":"<p>Hergestellt aus expandiertem EVA (Ethylen-Vinyl-Acetat), einem geschlossenzelligen, monodichten Material mit hoher Haltbarkeit, Wasserbest\u00e4ndigkeit und ausgezeichneter Elastizit\u00e4t. R\u00e4ume, die f\u00fcr Gymnastik, [&hellip;]<\/p>\n","protected":false},"featured_media":16966,"comment_status":"closed","ping_status":"closed","template":"","meta":{"_acf_changed":false},"product_brand":[],"product_cat":[2744,2824,2739,2729,2799,2809,2749],"product_tag":[4035,3891,4741,4044,4740,4742,4045,4743,3975],"class_list":{"0":"post-20757","1":"product","2":"type-product","3":"status-publish","4":"has-post-thumbnail","6":"product_cat-crossfit","7":"product_cat-eva-dicke-25-3-cm","8":"product_cat-gymnastik-und-fitness","9":"product_cat-tatami-puzzle","10":"product_cat-tatami-puzzle-3-cm","11":"product_cat-tatami-puzzle-eva-schaum","12":"product_cat-yoga","13":"product_tag-ecole-ch","14":"product_tag-eva-ch","15":"product_tag-groser-komfort-ch","16":"product_tag-gymnastik","17":"product_tag-hochste-dichte-ch","18":"product_tag-jy30s-ch","19":"product_tag-pilates-ch","20":"product_tag-super-elastique-ch","21":"product_tag-yoga-ch","23":"first","24":"outofstock","25":"taxable","26":"shipping-taxable","27":"product-type-simple"},"acf":[],"yoast_head":"<!-- This site is optimized with the Yoast SEO plugin v27.3 - https:\/\/yoast.com\/product\/yoast-seo-wordpress\/ -->\n<title>Tatami 3cm Hohe Dichte - JY30S - Tatamixstore<\/title>\n<meta name=\"robots\" content=\"index, follow, max-snippet:-1, max-image-preview:large, max-video-preview:-1\" \/>\n<link rel=\"canonical\" href=\"https:\/\/www.tatamixstore.com\/ch\/product\/tatami-3cm-hohe-dichte-jy30s\/\" \/>\n<meta property=\"og:locale\" content=\"en_US\" \/>\n<meta property=\"og:type\" content=\"article\" \/>\n<meta property=\"og:title\" content=\"Tatami 3cm Hohe Dichte - JY30S - Tatamixstore\" \/>\n<meta property=\"og:description\" content=\"Hergestellt aus expandiertem EVA (Ethylen-Vinyl-Acetat), einem geschlossenzelligen, monodichten Material mit hoher Haltbarkeit, Wasserbest\u00e4ndigkeit und ausgezeichneter Elastizit\u00e4t. R\u00e4ume, die f\u00fcr Gymnastik, [&hellip;]\" \/>\n<meta property=\"og:url\" content=\"https:\/\/www.tatamixstore.com\/ch\/product\/tatami-3cm-hohe-dichte-jy30s\/\" \/>\n<meta property=\"og:site_name\" content=\"Tatamixstore\" \/>\n<meta property=\"og:image\" content=\"https:\/\/www.tatamixstore.com\/wp-content\/uploads\/2024\/06\/278-1.jpg\" \/>\n\t<meta property=\"og:image:width\" content=\"800\" \/>\n\t<meta property=\"og:image:height\" content=\"800\" \/>\n\t<meta property=\"og:image:type\" content=\"image\/jpeg\" \/>\n<meta name=\"twitter:card\" content=\"summary_large_image\" \/>\n<script type=\"application\/ld+json\" class=\"yoast-schema-graph\">{\"@context\":\"https:\\\/\\\/schema.org\",\"@graph\":[{\"@type\":\"WebPage\",\"@id\":\"https:\\\/\\\/www.tatamixstore.com\\\/ch\\\/product\\\/tatami-3cm-hohe-dichte-jy30s\\\/\",\"url\":\"https:\\\/\\\/www.tatamixstore.com\\\/ch\\\/product\\\/tatami-3cm-hohe-dichte-jy30s\\\/\",\"name\":\"Tatami 3cm Hohe Dichte - JY30S - Tatamixstore\",\"isPartOf\":{\"@id\":\"https:\\\/\\\/www.tatamixstore.com\\\/ch\\\/#website\"},\"primaryImageOfPage\":{\"@id\":\"https:\\\/\\\/www.tatamixstore.com\\\/ch\\\/product\\\/tatami-3cm-hohe-dichte-jy30s\\\/#primaryimage\"},\"image\":{\"@id\":\"https:\\\/\\\/www.tatamixstore.com\\\/ch\\\/product\\\/tatami-3cm-hohe-dichte-jy30s\\\/#primaryimage\"},\"thumbnailUrl\":\"https:\\\/\\\/www.tatamixstore.com\\\/wp-content\\\/uploads\\\/2024\\\/06\\\/278-1.jpg\",\"datePublished\":\"2020-06-08T11:43:14+00:00\",\"breadcrumb\":{\"@id\":\"https:\\\/\\\/www.tatamixstore.com\\\/ch\\\/product\\\/tatami-3cm-hohe-dichte-jy30s\\\/#breadcrumb\"},\"inLanguage\":\"ch-CH\",\"potentialAction\":[{\"@type\":\"ReadAction\",\"target\":[\"https:\\\/\\\/www.tatamixstore.com\\\/ch\\\/product\\\/tatami-3cm-hohe-dichte-jy30s\\\/\"]}]},{\"@type\":\"ImageObject\",\"inLanguage\":\"ch-CH\",\"@id\":\"https:\\\/\\\/www.tatamixstore.com\\\/ch\\\/product\\\/tatami-3cm-hohe-dichte-jy30s\\\/#primaryimage\",\"url\":\"https:\\\/\\\/www.tatamixstore.com\\\/wp-content\\\/uploads\\\/2024\\\/06\\\/278-1.jpg\",\"contentUrl\":\"https:\\\/\\\/www.tatamixstore.com\\\/wp-content\\\/uploads\\\/2024\\\/06\\\/278-1.jpg\",\"width\":800,\"height\":800},{\"@type\":\"BreadcrumbList\",\"@id\":\"https:\\\/\\\/www.tatamixstore.com\\\/ch\\\/product\\\/tatami-3cm-hohe-dichte-jy30s\\\/#breadcrumb\",\"itemListElement\":[{\"@type\":\"ListItem\",\"position\":1,\"name\":\"Home\",\"item\":\"https:\\\/\\\/www.tatamixstore.com\\\/ch\\\/\"},{\"@type\":\"ListItem\",\"position\":2,\"name\":\"Shop\",\"item\":\"https:\\\/\\\/www.tatamixstore.com\\\/store\\\/\"},{\"@type\":\"ListItem\",\"position\":3,\"name\":\"Tatami 3cm Hohe Dichte &#8211; JY30S\"}]},{\"@type\":\"WebSite\",\"@id\":\"https:\\\/\\\/www.tatamixstore.com\\\/ch\\\/#website\",\"url\":\"https:\\\/\\\/www.tatamixstore.com\\\/ch\\\/\",\"name\":\"Tatamix Store\",\"description\":\"\",\"publisher\":{\"@id\":\"https:\\\/\\\/www.tatamixstore.com\\\/ch\\\/#organization\"},\"potentialAction\":[{\"@type\":\"SearchAction\",\"target\":{\"@type\":\"EntryPoint\",\"urlTemplate\":\"https:\\\/\\\/www.tatamixstore.com\\\/ch\\\/?s={search_term_string}\"},\"query-input\":{\"@type\":\"PropertyValueSpecification\",\"valueRequired\":true,\"valueName\":\"search_term_string\"}}],\"inLanguage\":\"ch-CH\"},{\"@type\":\"Organization\",\"@id\":\"https:\\\/\\\/www.tatamixstore.com\\\/ch\\\/#organization\",\"name\":\"Tatamix Store\",\"url\":\"https:\\\/\\\/www.tatamixstore.com\\\/ch\\\/\",\"logo\":{\"@type\":\"ImageObject\",\"inLanguage\":\"ch-CH\",\"@id\":\"https:\\\/\\\/www.tatamixstore.com\\\/ch\\\/#\\\/schema\\\/logo\\\/image\\\/\",\"url\":\"https:\\\/\\\/www.tatamixstore.com\\\/wp-content\\\/uploads\\\/2024\\\/02\\\/logo-transparant.png\",\"contentUrl\":\"https:\\\/\\\/www.tatamixstore.com\\\/wp-content\\\/uploads\\\/2024\\\/02\\\/logo-transparant.png\",\"width\":492,\"height\":89,\"caption\":\"Tatamix Store\"},\"image\":{\"@id\":\"https:\\\/\\\/www.tatamixstore.com\\\/ch\\\/#\\\/schema\\\/logo\\\/image\\\/\"}}]}<\/script>\n<!-- \/ Yoast SEO plugin. -->","yoast_head_json":{"title":"Tatami 3cm Hohe Dichte - JY30S - Tatamixstore","robots":{"index":"index","follow":"follow","max-snippet":"max-snippet:-1","max-image-preview":"max-image-preview:large","max-video-preview":"max-video-preview:-1"},"canonical":"https:\/\/www.tatamixstore.com\/ch\/product\/tatami-3cm-hohe-dichte-jy30s\/","og_locale":"en_US","og_type":"article","og_title":"Tatami 3cm Hohe Dichte - JY30S - Tatamixstore","og_description":"Hergestellt aus expandiertem EVA (Ethylen-Vinyl-Acetat), einem geschlossenzelligen, monodichten Material mit hoher Haltbarkeit, Wasserbest\u00e4ndigkeit und ausgezeichneter Elastizit\u00e4t. R\u00e4ume, die f\u00fcr Gymnastik, [&hellip;]","og_url":"https:\/\/www.tatamixstore.com\/ch\/product\/tatami-3cm-hohe-dichte-jy30s\/","og_site_name":"Tatamixstore","og_image":[{"width":800,"height":800,"url":"https:\/\/www.tatamixstore.com\/wp-content\/uploads\/2024\/06\/278-1.jpg","type":"image\/jpeg"}],"twitter_card":"summary_large_image","schema":{"@context":"https:\/\/schema.org","@graph":[{"@type":"WebPage","@id":"https:\/\/www.tatamixstore.com\/ch\/product\/tatami-3cm-hohe-dichte-jy30s\/","url":"https:\/\/www.tatamixstore.com\/ch\/product\/tatami-3cm-hohe-dichte-jy30s\/","name":"Tatami 3cm Hohe Dichte - JY30S - Tatamixstore","isPartOf":{"@id":"https:\/\/www.tatamixstore.com\/ch\/#website"},"primaryImageOfPage":{"@id":"https:\/\/www.tatamixstore.com\/ch\/product\/tatami-3cm-hohe-dichte-jy30s\/#primaryimage"},"image":{"@id":"https:\/\/www.tatamixstore.com\/ch\/product\/tatami-3cm-hohe-dichte-jy30s\/#primaryimage"},"thumbnailUrl":"https:\/\/www.tatamixstore.com\/wp-content\/uploads\/2024\/06\/278-1.jpg","datePublished":"2020-06-08T11:43:14+00:00","breadcrumb":{"@id":"https:\/\/www.tatamixstore.com\/ch\/product\/tatami-3cm-hohe-dichte-jy30s\/#breadcrumb"},"inLanguage":"ch-CH","potentialAction":[{"@type":"ReadAction","target":["https:\/\/www.tatamixstore.com\/ch\/product\/tatami-3cm-hohe-dichte-jy30s\/"]}]},{"@type":"ImageObject","inLanguage":"ch-CH","@id":"https:\/\/www.tatamixstore.com\/ch\/product\/tatami-3cm-hohe-dichte-jy30s\/#primaryimage","url":"https:\/\/www.tatamixstore.com\/wp-content\/uploads\/2024\/06\/278-1.jpg","contentUrl":"https:\/\/www.tatamixstore.com\/wp-content\/uploads\/2024\/06\/278-1.jpg","width":800,"height":800},{"@type":"BreadcrumbList","@id":"https:\/\/www.tatamixstore.com\/ch\/product\/tatami-3cm-hohe-dichte-jy30s\/#breadcrumb","itemListElement":[{"@type":"ListItem","position":1,"name":"Home","item":"https:\/\/www.tatamixstore.com\/ch\/"},{"@type":"ListItem","position":2,"name":"Shop","item":"https:\/\/www.tatamixstore.com\/store\/"},{"@type":"ListItem","position":3,"name":"Tatami 3cm Hohe Dichte &#8211; JY30S"}]},{"@type":"WebSite","@id":"https:\/\/www.tatamixstore.com\/ch\/#website","url":"https:\/\/www.tatamixstore.com\/ch\/","name":"Tatamix Store","description":"","publisher":{"@id":"https:\/\/www.tatamixstore.com\/ch\/#organization"},"potentialAction":[{"@type":"SearchAction","target":{"@type":"EntryPoint","urlTemplate":"https:\/\/www.tatamixstore.com\/ch\/?s={search_term_string}"},"query-input":{"@type":"PropertyValueSpecification","valueRequired":true,"valueName":"search_term_string"}}],"inLanguage":"ch-CH"},{"@type":"Organization","@id":"https:\/\/www.tatamixstore.com\/ch\/#organization","name":"Tatamix Store","url":"https:\/\/www.tatamixstore.com\/ch\/","logo":{"@type":"ImageObject","inLanguage":"ch-CH","@id":"https:\/\/www.tatamixstore.com\/ch\/#\/schema\/logo\/image\/","url":"https:\/\/www.tatamixstore.com\/wp-content\/uploads\/2024\/02\/logo-transparant.png","contentUrl":"https:\/\/www.tatamixstore.com\/wp-content\/uploads\/2024\/02\/logo-transparant.png","width":492,"height":89,"caption":"Tatamix Store"},"image":{"@id":"https:\/\/www.tatamixstore.com\/ch\/#\/schema\/logo\/image\/"}}]}},"_links":{"self":[{"href":"https:\/\/www.tatamixstore.com\/ch\/wp-json\/wp\/v2\/product\/20757","targetHints":{"allow":["GET"]}}],"collection":[{"href":"https:\/\/www.tatamixstore.com\/ch\/wp-json\/wp\/v2\/product"}],"about":[{"href":"https:\/\/www.tatamixstore.com\/ch\/wp-json\/wp\/v2\/types\/product"}],"replies":[{"embeddable":true,"href":"https:\/\/www.tatamixstore.com\/ch\/wp-json\/wp\/v2\/comments?post=20757"}],"wp:featuredmedia":[{"embeddable":true,"href":"https:\/\/www.tatamixstore.com\/ch\/wp-json\/wp\/v2\/media\/16966"}],"wp:attachment":[{"href":"https:\/\/www.tatamixstore.com\/ch\/wp-json\/wp\/v2\/media?parent=20757"}],"wp:term":[{"taxonomy":"product_brand","embeddable":true,"href":"https:\/\/www.tatamixstore.com\/ch\/wp-json\/wp\/v2\/product_brand?post=20757"},{"taxonomy":"product_cat","embeddable":true,"href":"https:\/\/www.tatamixstore.com\/ch\/wp-json\/wp\/v2\/product_cat?post=20757"},{"taxonomy":"product_tag","embeddable":true,"href":"https:\/\/www.tatamixstore.com\/ch\/wp-json\/wp\/v2\/product_tag?post=20757"}],"curies":[{"name":"wp","href":"https:\/\/api.w.org\/{rel}","templated":true}]}}