{"id":20817,"date":"2020-05-28T15:32:28","date_gmt":"2020-05-28T15:32:28","guid":{"rendered":"https:\/\/stage.tatamixstore.com\/product\/tatami-eva-4cm-e40s\/"},"modified":"2020-05-28T15:32:28","modified_gmt":"2020-05-28T15:32:28","slug":"tatami-eva-4cm-e40s","status":"publish","type":"product","link":"https:\/\/www.tatamixstore.com\/ch\/product\/tatami-eva-4cm-e40s\/","title":{"rendered":"Tatami EVA 4cm E40S"},"content":{"rendered":"<p>Aus expandiertem EVA (Ethylen-Vinylacetat), durch Hei\u00dfgie\u00dfen. Das erste Produkt der Einstiegsklasse. Schneiden Sie die Verriegelung durch die Stanze, um das Modul umkehrbar zu machen. Das zweifarbige Produkt enth\u00e4lt eine Umrandung. Die Oberfl\u00e4che ist rutschfest. Inklusive Rahmen zum Schlie\u00dfen des Bereichs. <strong>VERWENDUNG: Einsteigerprodukte und verschiedene multidisziplin\u00e4re Anwendungen in Innenr\u00e4umen.<\/strong><\/p>\n","protected":false},"excerpt":{"rendered":"<p>Aus expandiertem EVA (Ethylen-Vinylacetat), durch Hei\u00dfgie\u00dfen. Das erste Produkt der Einstiegsklasse. Schneiden Sie die Verriegelung durch die Stanze, um das [&hellip;]<\/p>\n","protected":false},"featured_media":16033,"comment_status":"closed","ping_status":"open","template":"","meta":{"_acf_changed":false},"product_brand":[],"product_cat":[2829,2754,2729,2809],"product_tag":[3890,4850,3891,3943,4692],"class_list":{"0":"post-20817","1":"product","2":"type-product","3":"status-publish","4":"has-post-thumbnail","6":"product_cat-eva-dicke-4-5-cm","7":"product_cat-kampfsport-puzzle-matte","8":"product_cat-tatami-puzzle","9":"product_cat-tatami-puzzle-eva-schaum","10":"product_tag-arts-martiaux-ch","11":"product_tag-e40s-ch","12":"product_tag-eva-ch","13":"product_tag-multidisziplinar-ch","14":"product_tag-ratsel-ch-2","16":"first","17":"instock","18":"taxable","19":"shipping-taxable","20":"product-type-simple"},"acf":[],"yoast_head":"<!-- This site is optimized with the Yoast SEO plugin v27.3 - https:\/\/yoast.com\/product\/yoast-seo-wordpress\/ -->\n<title>Tatami EVA 4cm E40S - Tatamixstore<\/title>\n<meta name=\"robots\" content=\"index, follow, max-snippet:-1, max-image-preview:large, max-video-preview:-1\" \/>\n<link rel=\"canonical\" href=\"https:\/\/www.tatamixstore.com\/ch\/product\/tatami-eva-4cm-e40s\/\" \/>\n<meta property=\"og:locale\" content=\"en_US\" \/>\n<meta property=\"og:type\" content=\"article\" \/>\n<meta property=\"og:title\" content=\"Tatami EVA 4cm E40S - Tatamixstore\" \/>\n<meta property=\"og:description\" content=\"Aus expandiertem EVA (Ethylen-Vinylacetat), durch Hei\u00dfgie\u00dfen. Das erste Produkt der Einstiegsklasse. Schneiden Sie die Verriegelung durch die Stanze, um das [&hellip;]\" \/>\n<meta property=\"og:url\" content=\"https:\/\/www.tatamixstore.com\/ch\/product\/tatami-eva-4cm-e40s\/\" \/>\n<meta property=\"og:site_name\" content=\"Tatamixstore\" \/>\n<meta property=\"og:image\" content=\"https:\/\/www.tatamixstore.com\/wp-content\/uploads\/2024\/06\/128-1.jpg\" \/>\n\t<meta property=\"og:image:width\" content=\"800\" \/>\n\t<meta property=\"og:image:height\" content=\"800\" \/>\n\t<meta property=\"og:image:type\" content=\"image\/jpeg\" \/>\n<meta name=\"twitter:card\" content=\"summary_large_image\" \/>\n<script type=\"application\/ld+json\" class=\"yoast-schema-graph\">{\"@context\":\"https:\\\/\\\/schema.org\",\"@graph\":[{\"@type\":\"WebPage\",\"@id\":\"https:\\\/\\\/www.tatamixstore.com\\\/ch\\\/product\\\/tatami-eva-4cm-e40s\\\/\",\"url\":\"https:\\\/\\\/www.tatamixstore.com\\\/ch\\\/product\\\/tatami-eva-4cm-e40s\\\/\",\"name\":\"Tatami EVA 4cm E40S - Tatamixstore\",\"isPartOf\":{\"@id\":\"https:\\\/\\\/www.tatamixstore.com\\\/ch\\\/#website\"},\"primaryImageOfPage\":{\"@id\":\"https:\\\/\\\/www.tatamixstore.com\\\/ch\\\/product\\\/tatami-eva-4cm-e40s\\\/#primaryimage\"},\"image\":{\"@id\":\"https:\\\/\\\/www.tatamixstore.com\\\/ch\\\/product\\\/tatami-eva-4cm-e40s\\\/#primaryimage\"},\"thumbnailUrl\":\"https:\\\/\\\/www.tatamixstore.com\\\/wp-content\\\/uploads\\\/2024\\\/06\\\/128-1.jpg\",\"datePublished\":\"2020-05-28T15:32:28+00:00\",\"breadcrumb\":{\"@id\":\"https:\\\/\\\/www.tatamixstore.com\\\/ch\\\/product\\\/tatami-eva-4cm-e40s\\\/#breadcrumb\"},\"inLanguage\":\"ch-CH\",\"potentialAction\":[{\"@type\":\"ReadAction\",\"target\":[\"https:\\\/\\\/www.tatamixstore.com\\\/ch\\\/product\\\/tatami-eva-4cm-e40s\\\/\"]}]},{\"@type\":\"ImageObject\",\"inLanguage\":\"ch-CH\",\"@id\":\"https:\\\/\\\/www.tatamixstore.com\\\/ch\\\/product\\\/tatami-eva-4cm-e40s\\\/#primaryimage\",\"url\":\"https:\\\/\\\/www.tatamixstore.com\\\/wp-content\\\/uploads\\\/2024\\\/06\\\/128-1.jpg\",\"contentUrl\":\"https:\\\/\\\/www.tatamixstore.com\\\/wp-content\\\/uploads\\\/2024\\\/06\\\/128-1.jpg\",\"width\":800,\"height\":800},{\"@type\":\"BreadcrumbList\",\"@id\":\"https:\\\/\\\/www.tatamixstore.com\\\/ch\\\/product\\\/tatami-eva-4cm-e40s\\\/#breadcrumb\",\"itemListElement\":[{\"@type\":\"ListItem\",\"position\":1,\"name\":\"Home\",\"item\":\"https:\\\/\\\/www.tatamixstore.com\\\/ch\\\/\"},{\"@type\":\"ListItem\",\"position\":2,\"name\":\"Shop\",\"item\":\"https:\\\/\\\/www.tatamixstore.com\\\/store\\\/\"},{\"@type\":\"ListItem\",\"position\":3,\"name\":\"Tatami EVA 4cm E40S\"}]},{\"@type\":\"WebSite\",\"@id\":\"https:\\\/\\\/www.tatamixstore.com\\\/ch\\\/#website\",\"url\":\"https:\\\/\\\/www.tatamixstore.com\\\/ch\\\/\",\"name\":\"Tatamix Store\",\"description\":\"\",\"publisher\":{\"@id\":\"https:\\\/\\\/www.tatamixstore.com\\\/ch\\\/#organization\"},\"potentialAction\":[{\"@type\":\"SearchAction\",\"target\":{\"@type\":\"EntryPoint\",\"urlTemplate\":\"https:\\\/\\\/www.tatamixstore.com\\\/ch\\\/?s={search_term_string}\"},\"query-input\":{\"@type\":\"PropertyValueSpecification\",\"valueRequired\":true,\"valueName\":\"search_term_string\"}}],\"inLanguage\":\"ch-CH\"},{\"@type\":\"Organization\",\"@id\":\"https:\\\/\\\/www.tatamixstore.com\\\/ch\\\/#organization\",\"name\":\"Tatamix Store\",\"url\":\"https:\\\/\\\/www.tatamixstore.com\\\/ch\\\/\",\"logo\":{\"@type\":\"ImageObject\",\"inLanguage\":\"ch-CH\",\"@id\":\"https:\\\/\\\/www.tatamixstore.com\\\/ch\\\/#\\\/schema\\\/logo\\\/image\\\/\",\"url\":\"https:\\\/\\\/www.tatamixstore.com\\\/wp-content\\\/uploads\\\/2024\\\/02\\\/logo-transparant.png\",\"contentUrl\":\"https:\\\/\\\/www.tatamixstore.com\\\/wp-content\\\/uploads\\\/2024\\\/02\\\/logo-transparant.png\",\"width\":492,\"height\":89,\"caption\":\"Tatamix Store\"},\"image\":{\"@id\":\"https:\\\/\\\/www.tatamixstore.com\\\/ch\\\/#\\\/schema\\\/logo\\\/image\\\/\"}}]}<\/script>\n<!-- \/ Yoast SEO plugin. -->","yoast_head_json":{"title":"Tatami EVA 4cm E40S - Tatamixstore","robots":{"index":"index","follow":"follow","max-snippet":"max-snippet:-1","max-image-preview":"max-image-preview:large","max-video-preview":"max-video-preview:-1"},"canonical":"https:\/\/www.tatamixstore.com\/ch\/product\/tatami-eva-4cm-e40s\/","og_locale":"en_US","og_type":"article","og_title":"Tatami EVA 4cm E40S - Tatamixstore","og_description":"Aus expandiertem EVA (Ethylen-Vinylacetat), durch Hei\u00dfgie\u00dfen. Das erste Produkt der Einstiegsklasse. Schneiden Sie die Verriegelung durch die Stanze, um das [&hellip;]","og_url":"https:\/\/www.tatamixstore.com\/ch\/product\/tatami-eva-4cm-e40s\/","og_site_name":"Tatamixstore","og_image":[{"width":800,"height":800,"url":"https:\/\/www.tatamixstore.com\/wp-content\/uploads\/2024\/06\/128-1.jpg","type":"image\/jpeg"}],"twitter_card":"summary_large_image","schema":{"@context":"https:\/\/schema.org","@graph":[{"@type":"WebPage","@id":"https:\/\/www.tatamixstore.com\/ch\/product\/tatami-eva-4cm-e40s\/","url":"https:\/\/www.tatamixstore.com\/ch\/product\/tatami-eva-4cm-e40s\/","name":"Tatami EVA 4cm E40S - Tatamixstore","isPartOf":{"@id":"https:\/\/www.tatamixstore.com\/ch\/#website"},"primaryImageOfPage":{"@id":"https:\/\/www.tatamixstore.com\/ch\/product\/tatami-eva-4cm-e40s\/#primaryimage"},"image":{"@id":"https:\/\/www.tatamixstore.com\/ch\/product\/tatami-eva-4cm-e40s\/#primaryimage"},"thumbnailUrl":"https:\/\/www.tatamixstore.com\/wp-content\/uploads\/2024\/06\/128-1.jpg","datePublished":"2020-05-28T15:32:28+00:00","breadcrumb":{"@id":"https:\/\/www.tatamixstore.com\/ch\/product\/tatami-eva-4cm-e40s\/#breadcrumb"},"inLanguage":"ch-CH","potentialAction":[{"@type":"ReadAction","target":["https:\/\/www.tatamixstore.com\/ch\/product\/tatami-eva-4cm-e40s\/"]}]},{"@type":"ImageObject","inLanguage":"ch-CH","@id":"https:\/\/www.tatamixstore.com\/ch\/product\/tatami-eva-4cm-e40s\/#primaryimage","url":"https:\/\/www.tatamixstore.com\/wp-content\/uploads\/2024\/06\/128-1.jpg","contentUrl":"https:\/\/www.tatamixstore.com\/wp-content\/uploads\/2024\/06\/128-1.jpg","width":800,"height":800},{"@type":"BreadcrumbList","@id":"https:\/\/www.tatamixstore.com\/ch\/product\/tatami-eva-4cm-e40s\/#breadcrumb","itemListElement":[{"@type":"ListItem","position":1,"name":"Home","item":"https:\/\/www.tatamixstore.com\/ch\/"},{"@type":"ListItem","position":2,"name":"Shop","item":"https:\/\/www.tatamixstore.com\/store\/"},{"@type":"ListItem","position":3,"name":"Tatami EVA 4cm E40S"}]},{"@type":"WebSite","@id":"https:\/\/www.tatamixstore.com\/ch\/#website","url":"https:\/\/www.tatamixstore.com\/ch\/","name":"Tatamix Store","description":"","publisher":{"@id":"https:\/\/www.tatamixstore.com\/ch\/#organization"},"potentialAction":[{"@type":"SearchAction","target":{"@type":"EntryPoint","urlTemplate":"https:\/\/www.tatamixstore.com\/ch\/?s={search_term_string}"},"query-input":{"@type":"PropertyValueSpecification","valueRequired":true,"valueName":"search_term_string"}}],"inLanguage":"ch-CH"},{"@type":"Organization","@id":"https:\/\/www.tatamixstore.com\/ch\/#organization","name":"Tatamix Store","url":"https:\/\/www.tatamixstore.com\/ch\/","logo":{"@type":"ImageObject","inLanguage":"ch-CH","@id":"https:\/\/www.tatamixstore.com\/ch\/#\/schema\/logo\/image\/","url":"https:\/\/www.tatamixstore.com\/wp-content\/uploads\/2024\/02\/logo-transparant.png","contentUrl":"https:\/\/www.tatamixstore.com\/wp-content\/uploads\/2024\/02\/logo-transparant.png","width":492,"height":89,"caption":"Tatamix Store"},"image":{"@id":"https:\/\/www.tatamixstore.com\/ch\/#\/schema\/logo\/image\/"}}]}},"_links":{"self":[{"href":"https:\/\/www.tatamixstore.com\/ch\/wp-json\/wp\/v2\/product\/20817","targetHints":{"allow":["GET"]}}],"collection":[{"href":"https:\/\/www.tatamixstore.com\/ch\/wp-json\/wp\/v2\/product"}],"about":[{"href":"https:\/\/www.tatamixstore.com\/ch\/wp-json\/wp\/v2\/types\/product"}],"replies":[{"embeddable":true,"href":"https:\/\/www.tatamixstore.com\/ch\/wp-json\/wp\/v2\/comments?post=20817"}],"wp:featuredmedia":[{"embeddable":true,"href":"https:\/\/www.tatamixstore.com\/ch\/wp-json\/wp\/v2\/media\/16033"}],"wp:attachment":[{"href":"https:\/\/www.tatamixstore.com\/ch\/wp-json\/wp\/v2\/media?parent=20817"}],"wp:term":[{"taxonomy":"product_brand","embeddable":true,"href":"https:\/\/www.tatamixstore.com\/ch\/wp-json\/wp\/v2\/product_brand?post=20817"},{"taxonomy":"product_cat","embeddable":true,"href":"https:\/\/www.tatamixstore.com\/ch\/wp-json\/wp\/v2\/product_cat?post=20817"},{"taxonomy":"product_tag","embeddable":true,"href":"https:\/\/www.tatamixstore.com\/ch\/wp-json\/wp\/v2\/product_tag?post=20817"}],"curies":[{"name":"wp","href":"https:\/\/api.w.org\/{rel}","templated":true}]}}