{"id":20839,"date":"2020-05-13T14:35:44","date_gmt":"2020-05-13T14:35:44","guid":{"rendered":"https:\/\/stage.tatamixstore.com\/product\/tatamix-kinder-multidisziplinar-j30s\/"},"modified":"2020-05-13T14:35:44","modified_gmt":"2020-05-13T14:35:44","slug":"tatamix-kinder-multidisziplinar-j30s","status":"publish","type":"product","link":"https:\/\/www.tatamixstore.com\/ch\/product\/tatamix-kinder-multidisziplinar-j30s\/","title":{"rendered":"Tatamix Kinder Multidisziplin\u00e4r J30S"},"content":{"rendered":"<p>Hergestellt aus vernetztem, geschlossenzelligem Polyethylenschaum, der mit einer Dichte-Mischung gekoppelt ist, um eine starke Sto\u00dfd\u00e4mpfung zu erreichen. E &#8216;durch Wasserstrahlschneiden hergestellt, in einem speziellen Schlie\u00dfsystem, das es reversibel macht. Das Produkt umfasst die Rahmen f\u00fcr den Ankunftsbereich. Die &#8220;Reisstroh&#8221;-Oberfl\u00e4che hat einen rutschfesten Effekt. &#8220;<\/p>\n<ul>\n<li>Rahmen zum Verschlie\u00dfen des Gel\u00e4ndes, einschlie\u00dflich<\/li>\n<li>Stellen Sie das Wasser ab.<\/li>\n<li>WASCHBAR<\/li>\n<li>REVERSIBEL<\/li>\n<\/ul>\n<p><strong>USE: Ludisch, Training f\u00fcr Kinder<\/strong><\/p>\n","protected":false},"excerpt":{"rendered":"<p>Hergestellt aus vernetztem, geschlossenzelligem Polyethylenschaum, der mit einer Dichte-Mischung gekoppelt ist, um eine starke Sto\u00dfd\u00e4mpfung zu erreichen. E &#8216;durch Wasserstrahlschneiden [&hellip;]<\/p>\n","protected":false},"featured_media":15698,"comment_status":"closed","ping_status":"closed","template":"","meta":{"_acf_changed":false},"product_brand":[],"product_cat":[2744,2739,2754,2764,2769,2774,2729,2799,2834,2779,2849,2749],"product_tag":[4033,4370,4878,3973,3887,3888],"class_list":{"0":"post-20839","1":"product","2":"type-product","3":"status-publish","4":"has-post-thumbnail","6":"product_cat-crossfit","7":"product_cat-gymnastik-und-fitness","8":"product_cat-kampfsport-puzzle-matte","9":"product_cat-tatami-aikido","10":"product_cat-tatami-karate","11":"product_cat-tatami-mma","12":"product_cat-tatami-puzzle","13":"product_cat-tatami-puzzle-3-cm","14":"product_cat-tatami-puzzle-xpe-matte-polyethylen","15":"product_cat-tatami-taekwondo","16":"product_cat-xpe-dicke-25-3-cm","17":"product_cat-yoga","18":"product_tag-enfants-ch","19":"product_tag-entrainement-ch","20":"product_tag-j30s-ch","21":"product_tag-polyethylene-ch","22":"product_tag-ratsel-ch","23":"product_tag-xpe-ch","25":"first","26":"instock","27":"taxable","28":"shipping-taxable","29":"product-type-simple"},"acf":[],"yoast_head":"<!-- This site is optimized with the Yoast SEO plugin v27.3 - https:\/\/yoast.com\/product\/yoast-seo-wordpress\/ -->\n<title>Tatamix Kinder Multidisziplin\u00e4r J30S - Tatamixstore<\/title>\n<meta name=\"robots\" content=\"index, follow, max-snippet:-1, max-image-preview:large, max-video-preview:-1\" \/>\n<link rel=\"canonical\" href=\"https:\/\/www.tatamixstore.com\/ch\/product\/tatamix-kinder-multidisziplinar-j30s\/\" \/>\n<meta property=\"og:locale\" content=\"en_US\" \/>\n<meta property=\"og:type\" content=\"article\" \/>\n<meta property=\"og:title\" content=\"Tatamix Kinder Multidisziplin\u00e4r J30S - Tatamixstore\" \/>\n<meta property=\"og:description\" content=\"Hergestellt aus vernetztem, geschlossenzelligem Polyethylenschaum, der mit einer Dichte-Mischung gekoppelt ist, um eine starke Sto\u00dfd\u00e4mpfung zu erreichen. E &#8216;durch Wasserstrahlschneiden [&hellip;]\" \/>\n<meta property=\"og:url\" content=\"https:\/\/www.tatamixstore.com\/ch\/product\/tatamix-kinder-multidisziplinar-j30s\/\" \/>\n<meta property=\"og:site_name\" content=\"Tatamixstore\" \/>\n<meta property=\"og:image\" content=\"https:\/\/www.tatamixstore.com\/wp-content\/uploads\/2024\/06\/37-1.jpg\" \/>\n\t<meta property=\"og:image:width\" content=\"800\" \/>\n\t<meta property=\"og:image:height\" content=\"800\" \/>\n\t<meta property=\"og:image:type\" content=\"image\/jpeg\" \/>\n<meta name=\"twitter:card\" content=\"summary_large_image\" \/>\n<script type=\"application\/ld+json\" class=\"yoast-schema-graph\">{\"@context\":\"https:\\\/\\\/schema.org\",\"@graph\":[{\"@type\":\"WebPage\",\"@id\":\"https:\\\/\\\/www.tatamixstore.com\\\/ch\\\/product\\\/tatamix-kinder-multidisziplinar-j30s\\\/\",\"url\":\"https:\\\/\\\/www.tatamixstore.com\\\/ch\\\/product\\\/tatamix-kinder-multidisziplinar-j30s\\\/\",\"name\":\"Tatamix Kinder Multidisziplin\u00e4r J30S - Tatamixstore\",\"isPartOf\":{\"@id\":\"https:\\\/\\\/www.tatamixstore.com\\\/ch\\\/#website\"},\"primaryImageOfPage\":{\"@id\":\"https:\\\/\\\/www.tatamixstore.com\\\/ch\\\/product\\\/tatamix-kinder-multidisziplinar-j30s\\\/#primaryimage\"},\"image\":{\"@id\":\"https:\\\/\\\/www.tatamixstore.com\\\/ch\\\/product\\\/tatamix-kinder-multidisziplinar-j30s\\\/#primaryimage\"},\"thumbnailUrl\":\"https:\\\/\\\/www.tatamixstore.com\\\/wp-content\\\/uploads\\\/2024\\\/06\\\/37-1.jpg\",\"datePublished\":\"2020-05-13T14:35:44+00:00\",\"breadcrumb\":{\"@id\":\"https:\\\/\\\/www.tatamixstore.com\\\/ch\\\/product\\\/tatamix-kinder-multidisziplinar-j30s\\\/#breadcrumb\"},\"inLanguage\":\"ch-CH\",\"potentialAction\":[{\"@type\":\"ReadAction\",\"target\":[\"https:\\\/\\\/www.tatamixstore.com\\\/ch\\\/product\\\/tatamix-kinder-multidisziplinar-j30s\\\/\"]}]},{\"@type\":\"ImageObject\",\"inLanguage\":\"ch-CH\",\"@id\":\"https:\\\/\\\/www.tatamixstore.com\\\/ch\\\/product\\\/tatamix-kinder-multidisziplinar-j30s\\\/#primaryimage\",\"url\":\"https:\\\/\\\/www.tatamixstore.com\\\/wp-content\\\/uploads\\\/2024\\\/06\\\/37-1.jpg\",\"contentUrl\":\"https:\\\/\\\/www.tatamixstore.com\\\/wp-content\\\/uploads\\\/2024\\\/06\\\/37-1.jpg\",\"width\":800,\"height\":800},{\"@type\":\"BreadcrumbList\",\"@id\":\"https:\\\/\\\/www.tatamixstore.com\\\/ch\\\/product\\\/tatamix-kinder-multidisziplinar-j30s\\\/#breadcrumb\",\"itemListElement\":[{\"@type\":\"ListItem\",\"position\":1,\"name\":\"Home\",\"item\":\"https:\\\/\\\/www.tatamixstore.com\\\/ch\\\/\"},{\"@type\":\"ListItem\",\"position\":2,\"name\":\"Shop\",\"item\":\"https:\\\/\\\/www.tatamixstore.com\\\/store\\\/\"},{\"@type\":\"ListItem\",\"position\":3,\"name\":\"Tatamix Kinder Multidisziplin\u00e4r J30S\"}]},{\"@type\":\"WebSite\",\"@id\":\"https:\\\/\\\/www.tatamixstore.com\\\/ch\\\/#website\",\"url\":\"https:\\\/\\\/www.tatamixstore.com\\\/ch\\\/\",\"name\":\"Tatamix Store\",\"description\":\"\",\"publisher\":{\"@id\":\"https:\\\/\\\/www.tatamixstore.com\\\/ch\\\/#organization\"},\"potentialAction\":[{\"@type\":\"SearchAction\",\"target\":{\"@type\":\"EntryPoint\",\"urlTemplate\":\"https:\\\/\\\/www.tatamixstore.com\\\/ch\\\/?s={search_term_string}\"},\"query-input\":{\"@type\":\"PropertyValueSpecification\",\"valueRequired\":true,\"valueName\":\"search_term_string\"}}],\"inLanguage\":\"ch-CH\"},{\"@type\":\"Organization\",\"@id\":\"https:\\\/\\\/www.tatamixstore.com\\\/ch\\\/#organization\",\"name\":\"Tatamix Store\",\"url\":\"https:\\\/\\\/www.tatamixstore.com\\\/ch\\\/\",\"logo\":{\"@type\":\"ImageObject\",\"inLanguage\":\"ch-CH\",\"@id\":\"https:\\\/\\\/www.tatamixstore.com\\\/ch\\\/#\\\/schema\\\/logo\\\/image\\\/\",\"url\":\"https:\\\/\\\/www.tatamixstore.com\\\/wp-content\\\/uploads\\\/2024\\\/02\\\/logo-transparant.png\",\"contentUrl\":\"https:\\\/\\\/www.tatamixstore.com\\\/wp-content\\\/uploads\\\/2024\\\/02\\\/logo-transparant.png\",\"width\":492,\"height\":89,\"caption\":\"Tatamix Store\"},\"image\":{\"@id\":\"https:\\\/\\\/www.tatamixstore.com\\\/ch\\\/#\\\/schema\\\/logo\\\/image\\\/\"}}]}<\/script>\n<!-- \/ Yoast SEO plugin. -->","yoast_head_json":{"title":"Tatamix Kinder Multidisziplin\u00e4r J30S - Tatamixstore","robots":{"index":"index","follow":"follow","max-snippet":"max-snippet:-1","max-image-preview":"max-image-preview:large","max-video-preview":"max-video-preview:-1"},"canonical":"https:\/\/www.tatamixstore.com\/ch\/product\/tatamix-kinder-multidisziplinar-j30s\/","og_locale":"en_US","og_type":"article","og_title":"Tatamix Kinder Multidisziplin\u00e4r J30S - Tatamixstore","og_description":"Hergestellt aus vernetztem, geschlossenzelligem Polyethylenschaum, der mit einer Dichte-Mischung gekoppelt ist, um eine starke Sto\u00dfd\u00e4mpfung zu erreichen. E &#8216;durch Wasserstrahlschneiden [&hellip;]","og_url":"https:\/\/www.tatamixstore.com\/ch\/product\/tatamix-kinder-multidisziplinar-j30s\/","og_site_name":"Tatamixstore","og_image":[{"width":800,"height":800,"url":"https:\/\/www.tatamixstore.com\/wp-content\/uploads\/2024\/06\/37-1.jpg","type":"image\/jpeg"}],"twitter_card":"summary_large_image","schema":{"@context":"https:\/\/schema.org","@graph":[{"@type":"WebPage","@id":"https:\/\/www.tatamixstore.com\/ch\/product\/tatamix-kinder-multidisziplinar-j30s\/","url":"https:\/\/www.tatamixstore.com\/ch\/product\/tatamix-kinder-multidisziplinar-j30s\/","name":"Tatamix Kinder Multidisziplin\u00e4r J30S - Tatamixstore","isPartOf":{"@id":"https:\/\/www.tatamixstore.com\/ch\/#website"},"primaryImageOfPage":{"@id":"https:\/\/www.tatamixstore.com\/ch\/product\/tatamix-kinder-multidisziplinar-j30s\/#primaryimage"},"image":{"@id":"https:\/\/www.tatamixstore.com\/ch\/product\/tatamix-kinder-multidisziplinar-j30s\/#primaryimage"},"thumbnailUrl":"https:\/\/www.tatamixstore.com\/wp-content\/uploads\/2024\/06\/37-1.jpg","datePublished":"2020-05-13T14:35:44+00:00","breadcrumb":{"@id":"https:\/\/www.tatamixstore.com\/ch\/product\/tatamix-kinder-multidisziplinar-j30s\/#breadcrumb"},"inLanguage":"ch-CH","potentialAction":[{"@type":"ReadAction","target":["https:\/\/www.tatamixstore.com\/ch\/product\/tatamix-kinder-multidisziplinar-j30s\/"]}]},{"@type":"ImageObject","inLanguage":"ch-CH","@id":"https:\/\/www.tatamixstore.com\/ch\/product\/tatamix-kinder-multidisziplinar-j30s\/#primaryimage","url":"https:\/\/www.tatamixstore.com\/wp-content\/uploads\/2024\/06\/37-1.jpg","contentUrl":"https:\/\/www.tatamixstore.com\/wp-content\/uploads\/2024\/06\/37-1.jpg","width":800,"height":800},{"@type":"BreadcrumbList","@id":"https:\/\/www.tatamixstore.com\/ch\/product\/tatamix-kinder-multidisziplinar-j30s\/#breadcrumb","itemListElement":[{"@type":"ListItem","position":1,"name":"Home","item":"https:\/\/www.tatamixstore.com\/ch\/"},{"@type":"ListItem","position":2,"name":"Shop","item":"https:\/\/www.tatamixstore.com\/store\/"},{"@type":"ListItem","position":3,"name":"Tatamix Kinder Multidisziplin\u00e4r J30S"}]},{"@type":"WebSite","@id":"https:\/\/www.tatamixstore.com\/ch\/#website","url":"https:\/\/www.tatamixstore.com\/ch\/","name":"Tatamix Store","description":"","publisher":{"@id":"https:\/\/www.tatamixstore.com\/ch\/#organization"},"potentialAction":[{"@type":"SearchAction","target":{"@type":"EntryPoint","urlTemplate":"https:\/\/www.tatamixstore.com\/ch\/?s={search_term_string}"},"query-input":{"@type":"PropertyValueSpecification","valueRequired":true,"valueName":"search_term_string"}}],"inLanguage":"ch-CH"},{"@type":"Organization","@id":"https:\/\/www.tatamixstore.com\/ch\/#organization","name":"Tatamix Store","url":"https:\/\/www.tatamixstore.com\/ch\/","logo":{"@type":"ImageObject","inLanguage":"ch-CH","@id":"https:\/\/www.tatamixstore.com\/ch\/#\/schema\/logo\/image\/","url":"https:\/\/www.tatamixstore.com\/wp-content\/uploads\/2024\/02\/logo-transparant.png","contentUrl":"https:\/\/www.tatamixstore.com\/wp-content\/uploads\/2024\/02\/logo-transparant.png","width":492,"height":89,"caption":"Tatamix Store"},"image":{"@id":"https:\/\/www.tatamixstore.com\/ch\/#\/schema\/logo\/image\/"}}]}},"_links":{"self":[{"href":"https:\/\/www.tatamixstore.com\/ch\/wp-json\/wp\/v2\/product\/20839","targetHints":{"allow":["GET"]}}],"collection":[{"href":"https:\/\/www.tatamixstore.com\/ch\/wp-json\/wp\/v2\/product"}],"about":[{"href":"https:\/\/www.tatamixstore.com\/ch\/wp-json\/wp\/v2\/types\/product"}],"replies":[{"embeddable":true,"href":"https:\/\/www.tatamixstore.com\/ch\/wp-json\/wp\/v2\/comments?post=20839"}],"wp:featuredmedia":[{"embeddable":true,"href":"https:\/\/www.tatamixstore.com\/ch\/wp-json\/wp\/v2\/media\/15698"}],"wp:attachment":[{"href":"https:\/\/www.tatamixstore.com\/ch\/wp-json\/wp\/v2\/media?parent=20839"}],"wp:term":[{"taxonomy":"product_brand","embeddable":true,"href":"https:\/\/www.tatamixstore.com\/ch\/wp-json\/wp\/v2\/product_brand?post=20839"},{"taxonomy":"product_cat","embeddable":true,"href":"https:\/\/www.tatamixstore.com\/ch\/wp-json\/wp\/v2\/product_cat?post=20839"},{"taxonomy":"product_tag","embeddable":true,"href":"https:\/\/www.tatamixstore.com\/ch\/wp-json\/wp\/v2\/product_tag?post=20839"}],"curies":[{"name":"wp","href":"https:\/\/api.w.org\/{rel}","templated":true}]}}