{"id":20969,"date":"2024-05-30T09:52:54","date_gmt":"2024-05-30T09:52:54","guid":{"rendered":"https:\/\/stage.tatamixstore.com\/?page_id=20969"},"modified":"2024-07-03T14:33:28","modified_gmt":"2024-07-03T14:33:28","slug":"ueber-uns","status":"publish","type":"page","link":"https:\/\/www.tatamixstore.com\/de\/ueber-uns\/","title":{"rendered":"\u00dcber uns"},"content":{"rendered":"<h2>Tatami-Experten<\/h2>\n<section id=\"content\" class=\"page-content page-cms page-cms-4\">\n<div class=\"typo\">\n<p>Der Tatamix Store ist spezialisiert auf die Herstellung und den Verkauf von Tatami f\u00fcr Kampfsport und Kampfsport (Karate, Kenpo, Judo, Wrestling, Aikido, Kendo, Taekwondo, Kung Fu, Tai Chi, Jujitsu) und andere Aktivit\u00e4ten wie Yoga, Pilates und Gymnastik.<\/p>\n<p>Schauen Sie sich unser gesamtes Sortiment an Judo-Matten an, mit denen Sie sowohl f\u00fcr Anf\u00e4nger als auch f\u00fcr Profis sicher Sport treiben k\u00f6nnen.<\/p>\n<p>Je nach Bedarf stehen verschiedene Modelle zur Verf\u00fcgung (Vereine, Verb\u00e4nde), die in verschiedenen Dichten und Farben sortiert sind.<\/p>\n<p>Wir haben eine neue Technologie entwickelt, die speziell f\u00fcr Ihren Sport entwickelt wurde und den Benutzern mehr Komfort und Sicherheit bietet. Sie h\u00f6ren den Rat von erfahrenen Kampfsportfachleuten und vertrauen einem Team von Judo- und Karate-Athleten.<\/p>\n<p>Sie werden eine neue Produktlinie entdecken, die Ihrem Sport gewidmet ist.<\/p>\n<p>Unser Ziel ist es, einen maximalen Zugang zur Kampfkunstpraxis und insbesondere zu Kindern zu erm\u00f6glichen, die diese Disziplinen unter optimalen Bedingungen f\u00fcr Komfort, Sicherheit und Vergn\u00fcgen erlernen m\u00f6chten. Aus diesem Grund arbeiten wir seit vielen Jahren eng mit hochrangigen Judo- und Karate-Athleten zusammen, um eine neue Reihe von Kampfsportger\u00e4ten zu entwickeln und herzustellen.<\/p>\n<p>Erneuere deine Tatami!<\/p>\n<p>Melden Sie sich f\u00fcr den Newsletter an, um \u00fcber unsere Angebote und Aktionen informiert zu werden.<\/p>\n<\/div>\n<\/section>\n","protected":false},"excerpt":{"rendered":"<p>Tatami-Experten Der Tatamix Store ist spezialisiert auf die Herstellung und den Verkauf von Tatami f\u00fcr Kampfsport und Kampfsport (Karate, Kenpo, [&hellip;]<\/p>\n","protected":false},"author":2,"featured_media":0,"parent":0,"menu_order":0,"comment_status":"closed","ping_status":"closed","template":"","meta":{"_acf_changed":false,"footnotes":""},"class_list":["post-20969","page","type-page","status-publish","hentry"],"acf":[],"yoast_head":"<!-- This site is optimized with the Yoast SEO plugin v27.3 - https:\/\/yoast.com\/product\/yoast-seo-wordpress\/ -->\n<title>\u00dcber uns - Tatamixstore<\/title>\n<meta name=\"robots\" content=\"index, follow, max-snippet:-1, max-image-preview:large, max-video-preview:-1\" \/>\n<link rel=\"canonical\" href=\"https:\/\/www.tatamixstore.com\/de\/ueber-uns\/\" \/>\n<meta property=\"og:locale\" content=\"de_DE\" \/>\n<meta property=\"og:type\" content=\"article\" \/>\n<meta property=\"og:title\" content=\"\u00dcber uns - Tatamixstore\" \/>\n<meta property=\"og:description\" content=\"Tatami-Experten Der Tatamix Store ist spezialisiert auf die Herstellung und den Verkauf von Tatami f\u00fcr Kampfsport und Kampfsport (Karate, Kenpo, [&hellip;]\" \/>\n<meta property=\"og:url\" content=\"https:\/\/www.tatamixstore.com\/de\/ueber-uns\/\" \/>\n<meta property=\"og:site_name\" content=\"Tatamixstore\" \/>\n<meta property=\"article:modified_time\" content=\"2024-07-03T14:33:28+00:00\" \/>\n<meta name=\"twitter:card\" content=\"summary_large_image\" \/>\n<meta name=\"twitter:label1\" content=\"Gesch\u00e4tzte Lesezeit\" \/>\n\t<meta name=\"twitter:data1\" content=\"1\u00a0Minute\" \/>\n<script type=\"application\/ld+json\" class=\"yoast-schema-graph\">{\"@context\":\"https:\\\/\\\/schema.org\",\"@graph\":[{\"@type\":\"WebPage\",\"@id\":\"https:\\\/\\\/www.tatamixstore.com\\\/de\\\/ueber-uns\\\/\",\"url\":\"https:\\\/\\\/www.tatamixstore.com\\\/de\\\/ueber-uns\\\/\",\"name\":\"\u00dcber uns - Tatamixstore\",\"isPartOf\":{\"@id\":\"https:\\\/\\\/www.tatamixstore.com\\\/de\\\/#website\"},\"datePublished\":\"2024-05-30T09:52:54+00:00\",\"dateModified\":\"2024-07-03T14:33:28+00:00\",\"breadcrumb\":{\"@id\":\"https:\\\/\\\/www.tatamixstore.com\\\/de\\\/ueber-uns\\\/#breadcrumb\"},\"inLanguage\":\"de\",\"potentialAction\":[{\"@type\":\"ReadAction\",\"target\":[\"https:\\\/\\\/www.tatamixstore.com\\\/de\\\/ueber-uns\\\/\"]}]},{\"@type\":\"BreadcrumbList\",\"@id\":\"https:\\\/\\\/www.tatamixstore.com\\\/de\\\/ueber-uns\\\/#breadcrumb\",\"itemListElement\":[{\"@type\":\"ListItem\",\"position\":1,\"name\":\"Home\",\"item\":\"https:\\\/\\\/www.tatamixstore.com\\\/de\\\/\"},{\"@type\":\"ListItem\",\"position\":2,\"name\":\"\u00dcber uns\"}]},{\"@type\":\"WebSite\",\"@id\":\"https:\\\/\\\/www.tatamixstore.com\\\/de\\\/#website\",\"url\":\"https:\\\/\\\/www.tatamixstore.com\\\/de\\\/\",\"name\":\"Tatamix Store\",\"description\":\"\",\"publisher\":{\"@id\":\"https:\\\/\\\/www.tatamixstore.com\\\/de\\\/#organization\"},\"potentialAction\":[{\"@type\":\"SearchAction\",\"target\":{\"@type\":\"EntryPoint\",\"urlTemplate\":\"https:\\\/\\\/www.tatamixstore.com\\\/de\\\/?s={search_term_string}\"},\"query-input\":{\"@type\":\"PropertyValueSpecification\",\"valueRequired\":true,\"valueName\":\"search_term_string\"}}],\"inLanguage\":\"de\"},{\"@type\":\"Organization\",\"@id\":\"https:\\\/\\\/www.tatamixstore.com\\\/de\\\/#organization\",\"name\":\"Tatamix Store\",\"url\":\"https:\\\/\\\/www.tatamixstore.com\\\/de\\\/\",\"logo\":{\"@type\":\"ImageObject\",\"inLanguage\":\"de\",\"@id\":\"https:\\\/\\\/www.tatamixstore.com\\\/de\\\/#\\\/schema\\\/logo\\\/image\\\/\",\"url\":\"https:\\\/\\\/www.tatamixstore.com\\\/wp-content\\\/uploads\\\/2024\\\/02\\\/logo-transparant.png\",\"contentUrl\":\"https:\\\/\\\/www.tatamixstore.com\\\/wp-content\\\/uploads\\\/2024\\\/02\\\/logo-transparant.png\",\"width\":492,\"height\":89,\"caption\":\"Tatamix Store\"},\"image\":{\"@id\":\"https:\\\/\\\/www.tatamixstore.com\\\/de\\\/#\\\/schema\\\/logo\\\/image\\\/\"}}]}<\/script>\n<!-- \/ Yoast SEO plugin. -->","yoast_head_json":{"title":"\u00dcber uns - Tatamixstore","robots":{"index":"index","follow":"follow","max-snippet":"max-snippet:-1","max-image-preview":"max-image-preview:large","max-video-preview":"max-video-preview:-1"},"canonical":"https:\/\/www.tatamixstore.com\/de\/ueber-uns\/","og_locale":"de_DE","og_type":"article","og_title":"\u00dcber uns - Tatamixstore","og_description":"Tatami-Experten Der Tatamix Store ist spezialisiert auf die Herstellung und den Verkauf von Tatami f\u00fcr Kampfsport und Kampfsport (Karate, Kenpo, [&hellip;]","og_url":"https:\/\/www.tatamixstore.com\/de\/ueber-uns\/","og_site_name":"Tatamixstore","article_modified_time":"2024-07-03T14:33:28+00:00","twitter_card":"summary_large_image","twitter_misc":{"Gesch\u00e4tzte Lesezeit":"1\u00a0Minute"},"schema":{"@context":"https:\/\/schema.org","@graph":[{"@type":"WebPage","@id":"https:\/\/www.tatamixstore.com\/de\/ueber-uns\/","url":"https:\/\/www.tatamixstore.com\/de\/ueber-uns\/","name":"\u00dcber uns - Tatamixstore","isPartOf":{"@id":"https:\/\/www.tatamixstore.com\/de\/#website"},"datePublished":"2024-05-30T09:52:54+00:00","dateModified":"2024-07-03T14:33:28+00:00","breadcrumb":{"@id":"https:\/\/www.tatamixstore.com\/de\/ueber-uns\/#breadcrumb"},"inLanguage":"de","potentialAction":[{"@type":"ReadAction","target":["https:\/\/www.tatamixstore.com\/de\/ueber-uns\/"]}]},{"@type":"BreadcrumbList","@id":"https:\/\/www.tatamixstore.com\/de\/ueber-uns\/#breadcrumb","itemListElement":[{"@type":"ListItem","position":1,"name":"Home","item":"https:\/\/www.tatamixstore.com\/de\/"},{"@type":"ListItem","position":2,"name":"\u00dcber uns"}]},{"@type":"WebSite","@id":"https:\/\/www.tatamixstore.com\/de\/#website","url":"https:\/\/www.tatamixstore.com\/de\/","name":"Tatamix Store","description":"","publisher":{"@id":"https:\/\/www.tatamixstore.com\/de\/#organization"},"potentialAction":[{"@type":"SearchAction","target":{"@type":"EntryPoint","urlTemplate":"https:\/\/www.tatamixstore.com\/de\/?s={search_term_string}"},"query-input":{"@type":"PropertyValueSpecification","valueRequired":true,"valueName":"search_term_string"}}],"inLanguage":"de"},{"@type":"Organization","@id":"https:\/\/www.tatamixstore.com\/de\/#organization","name":"Tatamix Store","url":"https:\/\/www.tatamixstore.com\/de\/","logo":{"@type":"ImageObject","inLanguage":"de","@id":"https:\/\/www.tatamixstore.com\/de\/#\/schema\/logo\/image\/","url":"https:\/\/www.tatamixstore.com\/wp-content\/uploads\/2024\/02\/logo-transparant.png","contentUrl":"https:\/\/www.tatamixstore.com\/wp-content\/uploads\/2024\/02\/logo-transparant.png","width":492,"height":89,"caption":"Tatamix Store"},"image":{"@id":"https:\/\/www.tatamixstore.com\/de\/#\/schema\/logo\/image\/"}}]}},"_links":{"self":[{"href":"https:\/\/www.tatamixstore.com\/de\/wp-json\/wp\/v2\/pages\/20969","targetHints":{"allow":["GET"]}}],"collection":[{"href":"https:\/\/www.tatamixstore.com\/de\/wp-json\/wp\/v2\/pages"}],"about":[{"href":"https:\/\/www.tatamixstore.com\/de\/wp-json\/wp\/v2\/types\/page"}],"author":[{"embeddable":true,"href":"https:\/\/www.tatamixstore.com\/de\/wp-json\/wp\/v2\/users\/2"}],"replies":[{"embeddable":true,"href":"https:\/\/www.tatamixstore.com\/de\/wp-json\/wp\/v2\/comments?post=20969"}],"version-history":[{"count":2,"href":"https:\/\/www.tatamixstore.com\/de\/wp-json\/wp\/v2\/pages\/20969\/revisions"}],"predecessor-version":[{"id":21072,"href":"https:\/\/www.tatamixstore.com\/de\/wp-json\/wp\/v2\/pages\/20969\/revisions\/21072"}],"wp:attachment":[{"href":"https:\/\/www.tatamixstore.com\/de\/wp-json\/wp\/v2\/media?parent=20969"}],"curies":[{"name":"wp","href":"https:\/\/api.w.org\/{rel}","templated":true}]}}