{"id":20975,"date":"2024-07-03T13:54:18","date_gmt":"2024-07-03T13:54:18","guid":{"rendered":"https:\/\/stage.tatamixstore.com\/?page_id=20975"},"modified":"2024-07-03T15:02:00","modified_gmt":"2024-07-03T15:02:00","slug":"lagerung-und-erhaltung-von-kampfkunst-tatami","status":"publish","type":"page","link":"https:\/\/www.tatamixstore.com\/de\/lagerung-und-erhaltung-von-kampfkunst-tatami\/","title":{"rendered":"Lagerung und Erhaltung von Kampfkunst-Tatami"},"content":{"rendered":"<p class=\"page-heading\"><span style=\"font-size: 16px;\">F\u00fcr eine ordnungsgem\u00e4\u00dfe und dauerhafte Aufbewahrung des Tatami empfehlen wir die folgenden Aufbewahrungstipps, unabh\u00e4ngig davon, ob es sich um einen ineinandergreifenden, traditionellen oder faltbaren Tatami handelt.<\/span><\/p>\n<section id=\"content\" class=\"page-content page-cms page-cms-10\">\n<div class=\"typo\">\n<p>Informationen zur\u00a0<a href=\"https:\/\/www.de.tatamixstore.com\/content\/montage-und-demontage-tatami\">DEMONTAGE<\/a>\u00a0und\u00a0<a href=\"https:\/\/www.de.tatamixstore.com\/content\/martial-arts-tatami-reinigen-und-waschen\">REINIGUNG<\/a>\u00a0finden Sie auf den folgenden Seiten. Fahren Sie dann mit den folgenden Methoden und Vorsichtsma\u00dfnahmen fort:<\/p>\n<ul>\n<li>Ziehen Sie die Tatami-Matten heraus und stapeln Sie die Module \u00fcbereinander.<\/li>\n<li>Lagerh\u00f6hen von mehr als 2 Metern vermeiden,<\/li>\n<li>Lassen Sie die Produkte nicht direktem Sonnenlicht ausgesetzt, da dies zu Verformungen f\u00fchrt.<\/li>\n<li>Ziehen Sie die Tatamis niemals zur\u00fcck, wenn sie nass sind. Warten Sie, bis sie trocken sind, oder trocknen Sie sie vorsichtig mit einem Tuch ab.<\/li>\n<\/ul>\n<\/div>\n<\/section>\n","protected":false},"excerpt":{"rendered":"<p>F\u00fcr eine ordnungsgem\u00e4\u00dfe und dauerhafte Aufbewahrung des Tatami empfehlen wir die folgenden Aufbewahrungstipps, unabh\u00e4ngig davon, ob es sich um einen [&hellip;]<\/p>\n","protected":false},"author":2,"featured_media":0,"parent":0,"menu_order":0,"comment_status":"closed","ping_status":"closed","template":"","meta":{"_acf_changed":false,"footnotes":""},"class_list":["post-20975","page","type-page","status-publish","hentry"],"acf":[],"yoast_head":"<!-- This site is optimized with the Yoast SEO plugin v27.6 - https:\/\/yoast.com\/product\/yoast-seo-wordpress\/ -->\n<title>Lagerung und Erhaltung von Kampfkunst-Tatami - Tatamixstore<\/title>\n<meta name=\"robots\" content=\"index, follow, max-snippet:-1, max-image-preview:large, max-video-preview:-1\" \/>\n<link rel=\"canonical\" href=\"https:\/\/www.tatamixstore.com\/de\/lagerung-und-erhaltung-von-kampfkunst-tatami\/\" \/>\n<meta property=\"og:locale\" content=\"de_DE\" \/>\n<meta property=\"og:type\" content=\"article\" \/>\n<meta property=\"og:title\" content=\"Lagerung und Erhaltung von Kampfkunst-Tatami - Tatamixstore\" \/>\n<meta property=\"og:description\" content=\"F\u00fcr eine ordnungsgem\u00e4\u00dfe und dauerhafte Aufbewahrung des Tatami empfehlen wir die folgenden Aufbewahrungstipps, unabh\u00e4ngig davon, ob es sich um einen [&hellip;]\" \/>\n<meta property=\"og:url\" content=\"https:\/\/www.tatamixstore.com\/de\/lagerung-und-erhaltung-von-kampfkunst-tatami\/\" \/>\n<meta property=\"og:site_name\" content=\"Tatamixstore\" \/>\n<meta property=\"article:modified_time\" content=\"2024-07-03T15:02:00+00:00\" \/>\n<meta name=\"twitter:card\" content=\"summary_large_image\" \/>\n<meta name=\"twitter:label1\" content=\"Gesch\u00e4tzte Lesezeit\" \/>\n\t<meta name=\"twitter:data1\" content=\"1\u00a0Minute\" \/>\n<script type=\"application\/ld+json\" class=\"yoast-schema-graph\">{\"@context\":\"https:\\\/\\\/schema.org\",\"@graph\":[{\"@type\":\"WebPage\",\"@id\":\"https:\\\/\\\/www.tatamixstore.com\\\/de\\\/lagerung-und-erhaltung-von-kampfkunst-tatami\\\/\",\"url\":\"https:\\\/\\\/www.tatamixstore.com\\\/de\\\/lagerung-und-erhaltung-von-kampfkunst-tatami\\\/\",\"name\":\"Lagerung und Erhaltung von Kampfkunst-Tatami - Tatamixstore\",\"isPartOf\":{\"@id\":\"https:\\\/\\\/www.tatamixstore.com\\\/de\\\/#website\"},\"datePublished\":\"2024-07-03T13:54:18+00:00\",\"dateModified\":\"2024-07-03T15:02:00+00:00\",\"breadcrumb\":{\"@id\":\"https:\\\/\\\/www.tatamixstore.com\\\/de\\\/lagerung-und-erhaltung-von-kampfkunst-tatami\\\/#breadcrumb\"},\"inLanguage\":\"de\",\"potentialAction\":[{\"@type\":\"ReadAction\",\"target\":[\"https:\\\/\\\/www.tatamixstore.com\\\/de\\\/lagerung-und-erhaltung-von-kampfkunst-tatami\\\/\"]}]},{\"@type\":\"BreadcrumbList\",\"@id\":\"https:\\\/\\\/www.tatamixstore.com\\\/de\\\/lagerung-und-erhaltung-von-kampfkunst-tatami\\\/#breadcrumb\",\"itemListElement\":[{\"@type\":\"ListItem\",\"position\":1,\"name\":\"Home\",\"item\":\"https:\\\/\\\/www.tatamixstore.com\\\/de\\\/\"},{\"@type\":\"ListItem\",\"position\":2,\"name\":\"Lagerung und Erhaltung von Kampfkunst-Tatami\"}]},{\"@type\":\"WebSite\",\"@id\":\"https:\\\/\\\/www.tatamixstore.com\\\/de\\\/#website\",\"url\":\"https:\\\/\\\/www.tatamixstore.com\\\/de\\\/\",\"name\":\"Tatamix Store\",\"description\":\"\",\"publisher\":{\"@id\":\"https:\\\/\\\/www.tatamixstore.com\\\/de\\\/#organization\"},\"potentialAction\":[{\"@type\":\"SearchAction\",\"target\":{\"@type\":\"EntryPoint\",\"urlTemplate\":\"https:\\\/\\\/www.tatamixstore.com\\\/de\\\/?s={search_term_string}\"},\"query-input\":{\"@type\":\"PropertyValueSpecification\",\"valueRequired\":true,\"valueName\":\"search_term_string\"}}],\"inLanguage\":\"de\"},{\"@type\":\"Organization\",\"@id\":\"https:\\\/\\\/www.tatamixstore.com\\\/de\\\/#organization\",\"name\":\"Tatamix Store\",\"url\":\"https:\\\/\\\/www.tatamixstore.com\\\/de\\\/\",\"logo\":{\"@type\":\"ImageObject\",\"inLanguage\":\"de\",\"@id\":\"https:\\\/\\\/www.tatamixstore.com\\\/de\\\/#\\\/schema\\\/logo\\\/image\\\/\",\"url\":\"https:\\\/\\\/www.tatamixstore.com\\\/wp-content\\\/uploads\\\/2024\\\/02\\\/logo-transparant.png\",\"contentUrl\":\"https:\\\/\\\/www.tatamixstore.com\\\/wp-content\\\/uploads\\\/2024\\\/02\\\/logo-transparant.png\",\"width\":492,\"height\":89,\"caption\":\"Tatamix Store\"},\"image\":{\"@id\":\"https:\\\/\\\/www.tatamixstore.com\\\/de\\\/#\\\/schema\\\/logo\\\/image\\\/\"}}]}<\/script>\n<!-- \/ Yoast SEO plugin. -->","yoast_head_json":{"title":"Lagerung und Erhaltung von Kampfkunst-Tatami - Tatamixstore","robots":{"index":"index","follow":"follow","max-snippet":"max-snippet:-1","max-image-preview":"max-image-preview:large","max-video-preview":"max-video-preview:-1"},"canonical":"https:\/\/www.tatamixstore.com\/de\/lagerung-und-erhaltung-von-kampfkunst-tatami\/","og_locale":"de_DE","og_type":"article","og_title":"Lagerung und Erhaltung von Kampfkunst-Tatami - Tatamixstore","og_description":"F\u00fcr eine ordnungsgem\u00e4\u00dfe und dauerhafte Aufbewahrung des Tatami empfehlen wir die folgenden Aufbewahrungstipps, unabh\u00e4ngig davon, ob es sich um einen [&hellip;]","og_url":"https:\/\/www.tatamixstore.com\/de\/lagerung-und-erhaltung-von-kampfkunst-tatami\/","og_site_name":"Tatamixstore","article_modified_time":"2024-07-03T15:02:00+00:00","twitter_card":"summary_large_image","twitter_misc":{"Gesch\u00e4tzte Lesezeit":"1\u00a0Minute"},"schema":{"@context":"https:\/\/schema.org","@graph":[{"@type":"WebPage","@id":"https:\/\/www.tatamixstore.com\/de\/lagerung-und-erhaltung-von-kampfkunst-tatami\/","url":"https:\/\/www.tatamixstore.com\/de\/lagerung-und-erhaltung-von-kampfkunst-tatami\/","name":"Lagerung und Erhaltung von Kampfkunst-Tatami - Tatamixstore","isPartOf":{"@id":"https:\/\/www.tatamixstore.com\/de\/#website"},"datePublished":"2024-07-03T13:54:18+00:00","dateModified":"2024-07-03T15:02:00+00:00","breadcrumb":{"@id":"https:\/\/www.tatamixstore.com\/de\/lagerung-und-erhaltung-von-kampfkunst-tatami\/#breadcrumb"},"inLanguage":"de","potentialAction":[{"@type":"ReadAction","target":["https:\/\/www.tatamixstore.com\/de\/lagerung-und-erhaltung-von-kampfkunst-tatami\/"]}]},{"@type":"BreadcrumbList","@id":"https:\/\/www.tatamixstore.com\/de\/lagerung-und-erhaltung-von-kampfkunst-tatami\/#breadcrumb","itemListElement":[{"@type":"ListItem","position":1,"name":"Home","item":"https:\/\/www.tatamixstore.com\/de\/"},{"@type":"ListItem","position":2,"name":"Lagerung und Erhaltung von Kampfkunst-Tatami"}]},{"@type":"WebSite","@id":"https:\/\/www.tatamixstore.com\/de\/#website","url":"https:\/\/www.tatamixstore.com\/de\/","name":"Tatamix Store","description":"","publisher":{"@id":"https:\/\/www.tatamixstore.com\/de\/#organization"},"potentialAction":[{"@type":"SearchAction","target":{"@type":"EntryPoint","urlTemplate":"https:\/\/www.tatamixstore.com\/de\/?s={search_term_string}"},"query-input":{"@type":"PropertyValueSpecification","valueRequired":true,"valueName":"search_term_string"}}],"inLanguage":"de"},{"@type":"Organization","@id":"https:\/\/www.tatamixstore.com\/de\/#organization","name":"Tatamix Store","url":"https:\/\/www.tatamixstore.com\/de\/","logo":{"@type":"ImageObject","inLanguage":"de","@id":"https:\/\/www.tatamixstore.com\/de\/#\/schema\/logo\/image\/","url":"https:\/\/www.tatamixstore.com\/wp-content\/uploads\/2024\/02\/logo-transparant.png","contentUrl":"https:\/\/www.tatamixstore.com\/wp-content\/uploads\/2024\/02\/logo-transparant.png","width":492,"height":89,"caption":"Tatamix Store"},"image":{"@id":"https:\/\/www.tatamixstore.com\/de\/#\/schema\/logo\/image\/"}}]}},"_links":{"self":[{"href":"https:\/\/www.tatamixstore.com\/de\/wp-json\/wp\/v2\/pages\/20975","targetHints":{"allow":["GET"]}}],"collection":[{"href":"https:\/\/www.tatamixstore.com\/de\/wp-json\/wp\/v2\/pages"}],"about":[{"href":"https:\/\/www.tatamixstore.com\/de\/wp-json\/wp\/v2\/types\/page"}],"author":[{"embeddable":true,"href":"https:\/\/www.tatamixstore.com\/de\/wp-json\/wp\/v2\/users\/2"}],"replies":[{"embeddable":true,"href":"https:\/\/www.tatamixstore.com\/de\/wp-json\/wp\/v2\/comments?post=20975"}],"version-history":[{"count":2,"href":"https:\/\/www.tatamixstore.com\/de\/wp-json\/wp\/v2\/pages\/20975\/revisions"}],"predecessor-version":[{"id":21296,"href":"https:\/\/www.tatamixstore.com\/de\/wp-json\/wp\/v2\/pages\/20975\/revisions\/21296"}],"wp:attachment":[{"href":"https:\/\/www.tatamixstore.com\/de\/wp-json\/wp\/v2\/media?parent=20975"}],"curies":[{"name":"wp","href":"https:\/\/api.w.org\/{rel}","templated":true}]}}