{"id":20454,"date":"2023-03-15T09:58:34","date_gmt":"2023-03-15T09:58:34","guid":{"rendered":"https:\/\/stage.tatamixstore.com\/product\/tatamix-hybrid-5cm-eva-xpe\/"},"modified":"2023-03-15T09:58:34","modified_gmt":"2023-03-15T09:58:34","slug":"tatamix-hybrid-5cm-eva-xpe","status":"publish","type":"product","link":"https:\/\/www.tatamixstore.com\/de\/produkt\/tatamix-hybrid-5cm-eva-xpe\/","title":{"rendered":"Tatamix Hybrid 5cm &#8211; EVA + XPE"},"content":{"rendered":"<h4>Anpassbare Puzzlematte<\/h4>\n<p>  Einzigartige Tatami-Matte aus EVA- und XPE-Schaumstoff. W\u00e4hlen Sie selbst die Farbkombination und stellen Sie Ihre ideale Tatami zusammen. F\u00fcr Judo, MMA und andere Kampfsportarten. Die Hybrid-Tatami wird nach Ma\u00df gefertigt und kombiniert die Vorteile von EVA-Schaum mit einem Polyethylen (XPE)-Kern. Diese einzigartige Mischung sorgt f\u00fcr eine weiche und strapazierf\u00e4hige Matte mit gro\u00dfer Sto\u00dfd\u00e4mpfungsf\u00e4higkeit. Das Kreuzmuster bietet zus\u00e4tzlichen Halt und ist leicht waschbar. Sie haben die Wahl zwischen 5, 1, 2, 3 oder 4 cm. Sie k\u00f6nnen auch die Farbkombination selbst w\u00e4hlen. So entsteht die optimale Tatami f\u00fcr Ihren Lieblingssport.<\/p>\n","protected":false},"excerpt":{"rendered":"<p>Anpassbare Puzzlematte Einzigartige Tatami-Matte aus EVA- und XPE-Schaumstoff. W\u00e4hlen Sie selbst die Farbkombination und stellen Sie Ihre ideale Tatami zusammen. [&hellip;]<\/p>\n","protected":false},"featured_media":20370,"comment_status":"closed","ping_status":"open","template":"","meta":{"_acf_changed":false},"product_brand":[],"product_cat":[2732,2827,2757,2752,2762,2767,2772,2727,2802,2807,2832,2777,2857,2852],"product_tag":[3884,3883,3885,3886,3881,3882],"class_list":{"0":"post-20454","1":"product","2":"type-product","3":"status-publish","4":"has-post-thumbnail","6":"product_cat-anpassbares-tatami-puzzle","7":"product_cat-eva-dicke-4-5-cm","8":"product_cat-judo-puzzle-matte","9":"product_cat-kampfsport-puzzle-matte","10":"product_cat-tatami-aikido-de","11":"product_cat-tatami-karate-de","12":"product_cat-tatami-mma-de","13":"product_cat-tatami-puzzle-mats","14":"product_cat-tatami-puzzle-4-cm-de","15":"product_cat-tatami-puzzle-eva-schaum","16":"product_cat-tatami-puzzle-xpe-matte-polyethylen","17":"product_cat-tatami-taekwondo-de","18":"product_cat-tatamix-hybrid-de","19":"product_cat-xpe-dicke-4-5-cm","20":"product_tag-arts-martiaux-de","21":"product_tag-boxen","22":"product_tag-eva-de","23":"product_tag-muay-thai-de","24":"product_tag-ratsel","25":"product_tag-xpe-de","27":"first","28":"instock","29":"taxable","30":"shipping-taxable","31":"product-type-simple"},"acf":[],"yoast_head":"<!-- This site is optimized with the Yoast SEO plugin v27.3 - https:\/\/yoast.com\/product\/yoast-seo-wordpress\/ -->\n<title>Tatamix Hybrid 5cm - EVA + XPE - Tatamixstore<\/title>\n<meta name=\"robots\" content=\"index, follow, max-snippet:-1, max-image-preview:large, max-video-preview:-1\" \/>\n<link rel=\"canonical\" href=\"https:\/\/www.tatamixstore.com\/de\/produkt\/tatamix-hybrid-5cm-eva-xpe\/\" \/>\n<meta property=\"og:locale\" content=\"de_DE\" \/>\n<meta property=\"og:type\" content=\"article\" \/>\n<meta property=\"og:title\" content=\"Tatamix Hybrid 5cm - EVA + XPE - Tatamixstore\" \/>\n<meta property=\"og:description\" content=\"Anpassbare Puzzlematte Einzigartige Tatami-Matte aus EVA- und XPE-Schaumstoff. W\u00e4hlen Sie selbst die Farbkombination und stellen Sie Ihre ideale Tatami zusammen. [&hellip;]\" \/>\n<meta property=\"og:url\" content=\"https:\/\/www.tatamixstore.com\/de\/produkt\/tatamix-hybrid-5cm-eva-xpe\/\" \/>\n<meta property=\"og:site_name\" content=\"Tatamixstore\" \/>\n<meta property=\"og:image\" content=\"https:\/\/www.tatamixstore.com\/wp-content\/uploads\/2024\/06\/tatamix-hybrid-5cm-1.webp\" \/>\n\t<meta property=\"og:image:width\" content=\"800\" \/>\n\t<meta property=\"og:image:height\" content=\"800\" \/>\n\t<meta property=\"og:image:type\" content=\"image\/webp\" \/>\n<meta name=\"twitter:card\" content=\"summary_large_image\" \/>\n<script type=\"application\/ld+json\" class=\"yoast-schema-graph\">{\"@context\":\"https:\\\/\\\/schema.org\",\"@graph\":[{\"@type\":\"WebPage\",\"@id\":\"https:\\\/\\\/www.tatamixstore.com\\\/de\\\/produkt\\\/tatamix-hybrid-5cm-eva-xpe\\\/\",\"url\":\"https:\\\/\\\/www.tatamixstore.com\\\/de\\\/produkt\\\/tatamix-hybrid-5cm-eva-xpe\\\/\",\"name\":\"Tatamix Hybrid 5cm - EVA + XPE - Tatamixstore\",\"isPartOf\":{\"@id\":\"https:\\\/\\\/www.tatamixstore.com\\\/de\\\/#website\"},\"primaryImageOfPage\":{\"@id\":\"https:\\\/\\\/www.tatamixstore.com\\\/de\\\/produkt\\\/tatamix-hybrid-5cm-eva-xpe\\\/#primaryimage\"},\"image\":{\"@id\":\"https:\\\/\\\/www.tatamixstore.com\\\/de\\\/produkt\\\/tatamix-hybrid-5cm-eva-xpe\\\/#primaryimage\"},\"thumbnailUrl\":\"https:\\\/\\\/www.tatamixstore.com\\\/wp-content\\\/uploads\\\/2024\\\/06\\\/tatamix-hybrid-5cm-1.webp\",\"datePublished\":\"2023-03-15T09:58:34+00:00\",\"breadcrumb\":{\"@id\":\"https:\\\/\\\/www.tatamixstore.com\\\/de\\\/produkt\\\/tatamix-hybrid-5cm-eva-xpe\\\/#breadcrumb\"},\"inLanguage\":\"de\",\"potentialAction\":[{\"@type\":\"ReadAction\",\"target\":[\"https:\\\/\\\/www.tatamixstore.com\\\/de\\\/produkt\\\/tatamix-hybrid-5cm-eva-xpe\\\/\"]}]},{\"@type\":\"ImageObject\",\"inLanguage\":\"de\",\"@id\":\"https:\\\/\\\/www.tatamixstore.com\\\/de\\\/produkt\\\/tatamix-hybrid-5cm-eva-xpe\\\/#primaryimage\",\"url\":\"https:\\\/\\\/www.tatamixstore.com\\\/wp-content\\\/uploads\\\/2024\\\/06\\\/tatamix-hybrid-5cm-1.webp\",\"contentUrl\":\"https:\\\/\\\/www.tatamixstore.com\\\/wp-content\\\/uploads\\\/2024\\\/06\\\/tatamix-hybrid-5cm-1.webp\",\"width\":800,\"height\":800},{\"@type\":\"BreadcrumbList\",\"@id\":\"https:\\\/\\\/www.tatamixstore.com\\\/de\\\/produkt\\\/tatamix-hybrid-5cm-eva-xpe\\\/#breadcrumb\",\"itemListElement\":[{\"@type\":\"ListItem\",\"position\":1,\"name\":\"Home\",\"item\":\"https:\\\/\\\/www.tatamixstore.com\\\/de\\\/\"},{\"@type\":\"ListItem\",\"position\":2,\"name\":\"Shop\",\"item\":\"https:\\\/\\\/www.tatamixstore.com\\\/store\\\/\"},{\"@type\":\"ListItem\",\"position\":3,\"name\":\"Tatamix Hybrid 5cm &#8211; EVA + XPE\"}]},{\"@type\":\"WebSite\",\"@id\":\"https:\\\/\\\/www.tatamixstore.com\\\/de\\\/#website\",\"url\":\"https:\\\/\\\/www.tatamixstore.com\\\/de\\\/\",\"name\":\"Tatamix Store\",\"description\":\"\",\"publisher\":{\"@id\":\"https:\\\/\\\/www.tatamixstore.com\\\/de\\\/#organization\"},\"potentialAction\":[{\"@type\":\"SearchAction\",\"target\":{\"@type\":\"EntryPoint\",\"urlTemplate\":\"https:\\\/\\\/www.tatamixstore.com\\\/de\\\/?s={search_term_string}\"},\"query-input\":{\"@type\":\"PropertyValueSpecification\",\"valueRequired\":true,\"valueName\":\"search_term_string\"}}],\"inLanguage\":\"de\"},{\"@type\":\"Organization\",\"@id\":\"https:\\\/\\\/www.tatamixstore.com\\\/de\\\/#organization\",\"name\":\"Tatamix Store\",\"url\":\"https:\\\/\\\/www.tatamixstore.com\\\/de\\\/\",\"logo\":{\"@type\":\"ImageObject\",\"inLanguage\":\"de\",\"@id\":\"https:\\\/\\\/www.tatamixstore.com\\\/de\\\/#\\\/schema\\\/logo\\\/image\\\/\",\"url\":\"https:\\\/\\\/www.tatamixstore.com\\\/wp-content\\\/uploads\\\/2024\\\/02\\\/logo-transparant.png\",\"contentUrl\":\"https:\\\/\\\/www.tatamixstore.com\\\/wp-content\\\/uploads\\\/2024\\\/02\\\/logo-transparant.png\",\"width\":492,\"height\":89,\"caption\":\"Tatamix Store\"},\"image\":{\"@id\":\"https:\\\/\\\/www.tatamixstore.com\\\/de\\\/#\\\/schema\\\/logo\\\/image\\\/\"}}]}<\/script>\n<!-- \/ Yoast SEO plugin. -->","yoast_head_json":{"title":"Tatamix Hybrid 5cm - EVA + XPE - Tatamixstore","robots":{"index":"index","follow":"follow","max-snippet":"max-snippet:-1","max-image-preview":"max-image-preview:large","max-video-preview":"max-video-preview:-1"},"canonical":"https:\/\/www.tatamixstore.com\/de\/produkt\/tatamix-hybrid-5cm-eva-xpe\/","og_locale":"de_DE","og_type":"article","og_title":"Tatamix Hybrid 5cm - EVA + XPE - Tatamixstore","og_description":"Anpassbare Puzzlematte Einzigartige Tatami-Matte aus EVA- und XPE-Schaumstoff. W\u00e4hlen Sie selbst die Farbkombination und stellen Sie Ihre ideale Tatami zusammen. [&hellip;]","og_url":"https:\/\/www.tatamixstore.com\/de\/produkt\/tatamix-hybrid-5cm-eva-xpe\/","og_site_name":"Tatamixstore","og_image":[{"width":800,"height":800,"url":"https:\/\/www.tatamixstore.com\/wp-content\/uploads\/2024\/06\/tatamix-hybrid-5cm-1.webp","type":"image\/webp"}],"twitter_card":"summary_large_image","schema":{"@context":"https:\/\/schema.org","@graph":[{"@type":"WebPage","@id":"https:\/\/www.tatamixstore.com\/de\/produkt\/tatamix-hybrid-5cm-eva-xpe\/","url":"https:\/\/www.tatamixstore.com\/de\/produkt\/tatamix-hybrid-5cm-eva-xpe\/","name":"Tatamix Hybrid 5cm - EVA + XPE - Tatamixstore","isPartOf":{"@id":"https:\/\/www.tatamixstore.com\/de\/#website"},"primaryImageOfPage":{"@id":"https:\/\/www.tatamixstore.com\/de\/produkt\/tatamix-hybrid-5cm-eva-xpe\/#primaryimage"},"image":{"@id":"https:\/\/www.tatamixstore.com\/de\/produkt\/tatamix-hybrid-5cm-eva-xpe\/#primaryimage"},"thumbnailUrl":"https:\/\/www.tatamixstore.com\/wp-content\/uploads\/2024\/06\/tatamix-hybrid-5cm-1.webp","datePublished":"2023-03-15T09:58:34+00:00","breadcrumb":{"@id":"https:\/\/www.tatamixstore.com\/de\/produkt\/tatamix-hybrid-5cm-eva-xpe\/#breadcrumb"},"inLanguage":"de","potentialAction":[{"@type":"ReadAction","target":["https:\/\/www.tatamixstore.com\/de\/produkt\/tatamix-hybrid-5cm-eva-xpe\/"]}]},{"@type":"ImageObject","inLanguage":"de","@id":"https:\/\/www.tatamixstore.com\/de\/produkt\/tatamix-hybrid-5cm-eva-xpe\/#primaryimage","url":"https:\/\/www.tatamixstore.com\/wp-content\/uploads\/2024\/06\/tatamix-hybrid-5cm-1.webp","contentUrl":"https:\/\/www.tatamixstore.com\/wp-content\/uploads\/2024\/06\/tatamix-hybrid-5cm-1.webp","width":800,"height":800},{"@type":"BreadcrumbList","@id":"https:\/\/www.tatamixstore.com\/de\/produkt\/tatamix-hybrid-5cm-eva-xpe\/#breadcrumb","itemListElement":[{"@type":"ListItem","position":1,"name":"Home","item":"https:\/\/www.tatamixstore.com\/de\/"},{"@type":"ListItem","position":2,"name":"Shop","item":"https:\/\/www.tatamixstore.com\/store\/"},{"@type":"ListItem","position":3,"name":"Tatamix Hybrid 5cm &#8211; EVA + XPE"}]},{"@type":"WebSite","@id":"https:\/\/www.tatamixstore.com\/de\/#website","url":"https:\/\/www.tatamixstore.com\/de\/","name":"Tatamix Store","description":"","publisher":{"@id":"https:\/\/www.tatamixstore.com\/de\/#organization"},"potentialAction":[{"@type":"SearchAction","target":{"@type":"EntryPoint","urlTemplate":"https:\/\/www.tatamixstore.com\/de\/?s={search_term_string}"},"query-input":{"@type":"PropertyValueSpecification","valueRequired":true,"valueName":"search_term_string"}}],"inLanguage":"de"},{"@type":"Organization","@id":"https:\/\/www.tatamixstore.com\/de\/#organization","name":"Tatamix Store","url":"https:\/\/www.tatamixstore.com\/de\/","logo":{"@type":"ImageObject","inLanguage":"de","@id":"https:\/\/www.tatamixstore.com\/de\/#\/schema\/logo\/image\/","url":"https:\/\/www.tatamixstore.com\/wp-content\/uploads\/2024\/02\/logo-transparant.png","contentUrl":"https:\/\/www.tatamixstore.com\/wp-content\/uploads\/2024\/02\/logo-transparant.png","width":492,"height":89,"caption":"Tatamix Store"},"image":{"@id":"https:\/\/www.tatamixstore.com\/de\/#\/schema\/logo\/image\/"}}]}},"_links":{"self":[{"href":"https:\/\/www.tatamixstore.com\/de\/wp-json\/wp\/v2\/product\/20454","targetHints":{"allow":["GET"]}}],"collection":[{"href":"https:\/\/www.tatamixstore.com\/de\/wp-json\/wp\/v2\/product"}],"about":[{"href":"https:\/\/www.tatamixstore.com\/de\/wp-json\/wp\/v2\/types\/product"}],"replies":[{"embeddable":true,"href":"https:\/\/www.tatamixstore.com\/de\/wp-json\/wp\/v2\/comments?post=20454"}],"wp:featuredmedia":[{"embeddable":true,"href":"https:\/\/www.tatamixstore.com\/de\/wp-json\/wp\/v2\/media\/20370"}],"wp:attachment":[{"href":"https:\/\/www.tatamixstore.com\/de\/wp-json\/wp\/v2\/media?parent=20454"}],"wp:term":[{"taxonomy":"product_brand","embeddable":true,"href":"https:\/\/www.tatamixstore.com\/de\/wp-json\/wp\/v2\/product_brand?post=20454"},{"taxonomy":"product_cat","embeddable":true,"href":"https:\/\/www.tatamixstore.com\/de\/wp-json\/wp\/v2\/product_cat?post=20454"},{"taxonomy":"product_tag","embeddable":true,"href":"https:\/\/www.tatamixstore.com\/de\/wp-json\/wp\/v2\/product_tag?post=20454"}],"curies":[{"name":"wp","href":"https:\/\/api.w.org\/{rel}","templated":true}]}}