{"id":20520,"date":"2020-09-15T14:19:57","date_gmt":"2020-09-15T14:19:57","guid":{"rendered":"https:\/\/stage.tatamixstore.com\/product\/tatami-matte-k20-50-8-teiliges-kit\/"},"modified":"2020-09-15T14:19:57","modified_gmt":"2020-09-15T14:19:57","slug":"tatami-matte-k20-50-8-teiliges-kit","status":"publish","type":"product","link":"https:\/\/www.tatamixstore.com\/de\/produkt\/tatami-matte-k20-50-8-teiliges-kit\/","title":{"rendered":"Tatami Matte K20-50 &#8211; 8 TEILIGES KIT"},"content":{"rendered":"<p>Hergestellt aus geschlossenzelligem, vernetztem Polyethylenschaum. Die Schichten sind hei\u00df gekoppelt und werden mit Hilfe eines ineinandergreifenden Wasserstrahls geschnitten. Die Breite des Zahns von 6 cm sorgt f\u00fcr eine perfekte Abdichtung zwischen den Modulen. Geeignet f\u00fcr zahlreiche Freizeit- und Erholungsaktivit\u00e4ten. <em><br \/>\n  <strong>Rahmen zum Abschlie\u00dfen des Gel\u00e4ndes, einschlie\u00dflich<\/strong><br \/>\n<\/em> <em><br \/>\n  <strong>Tatami erh\u00e4ltlich in VERSION 100cm x 100cm<\/strong><br \/>\n<\/em> <em><br \/>\n  <strong>Stellen Sie das Wasser ab.<\/strong><br \/>\n<\/em> <em><br \/>\n  <strong>Ungiftig und hypoallergen.<\/strong><br \/>\n<\/em><\/p>\n","protected":false},"excerpt":{"rendered":"<p>Hergestellt aus geschlossenzelligem, vernetztem Polyethylenschaum. Die Schichten sind hei\u00df gekoppelt und werden mit Hilfe eines ineinandergreifenden Wasserstrahls geschnitten. Die Breite [&hellip;]<\/p>\n","protected":false},"featured_media":19723,"comment_status":"closed","ping_status":"closed","template":"","meta":{"_acf_changed":false},"product_brand":[],"product_cat":[2702,2687,2682,2692,2727,2792,2832,2842],"product_tag":[3980,3884,3979,3982,3925,3981,3881,3882],"class_list":{"0":"post-20520","1":"product","2":"type-product","3":"status-publish","4":"has-post-thumbnail","6":"product_cat-andere-matten","7":"product_cat-baby-puzzle-matte","8":"product_cat-matten-fur-zuhause","9":"product_cat-sets-von-puzzle-matten-fuer-kinder","10":"product_cat-tatami-puzzle-mats","11":"product_cat-tatami-puzzle-2-cm-de","12":"product_cat-tatami-puzzle-xpe-matte-polyethylen","13":"product_cat-xpe-dicke-2-cm","14":"product_tag-50x50-de","15":"product_tag-arts-martiaux-de","16":"product_tag-fitness-de","17":"product_tag-k20-de","18":"product_tag-karate-de","19":"product_tag-maison-de","20":"product_tag-ratsel","21":"product_tag-xpe-de","23":"first","24":"instock","25":"taxable","26":"shipping-taxable","27":"product-type-simple"},"acf":[],"yoast_head":"<!-- This site is optimized with the Yoast SEO plugin v27.3 - https:\/\/yoast.com\/product\/yoast-seo-wordpress\/ -->\n<title>Tatami Matte K20-50 - 8 TEILIGES KIT - Tatamixstore<\/title>\n<meta name=\"robots\" content=\"index, follow, max-snippet:-1, max-image-preview:large, max-video-preview:-1\" \/>\n<link rel=\"canonical\" href=\"https:\/\/www.tatamixstore.com\/de\/produkt\/tatami-matte-k20-50-8-teiliges-kit\/\" \/>\n<meta property=\"og:locale\" content=\"de_DE\" \/>\n<meta property=\"og:type\" content=\"article\" \/>\n<meta property=\"og:title\" content=\"Tatami Matte K20-50 - 8 TEILIGES KIT - Tatamixstore\" \/>\n<meta property=\"og:description\" content=\"Hergestellt aus geschlossenzelligem, vernetztem Polyethylenschaum. Die Schichten sind hei\u00df gekoppelt und werden mit Hilfe eines ineinandergreifenden Wasserstrahls geschnitten. Die Breite [&hellip;]\" \/>\n<meta property=\"og:url\" content=\"https:\/\/www.tatamixstore.com\/de\/produkt\/tatami-matte-k20-50-8-teiliges-kit\/\" \/>\n<meta property=\"og:site_name\" content=\"Tatamixstore\" \/>\n<meta property=\"og:image\" content=\"https:\/\/www.tatamixstore.com\/wp-content\/uploads\/2024\/06\/689-1.jpg\" \/>\n\t<meta property=\"og:image:width\" content=\"800\" \/>\n\t<meta property=\"og:image:height\" content=\"800\" \/>\n\t<meta property=\"og:image:type\" content=\"image\/jpeg\" \/>\n<meta name=\"twitter:card\" content=\"summary_large_image\" \/>\n<script type=\"application\/ld+json\" class=\"yoast-schema-graph\">{\"@context\":\"https:\\\/\\\/schema.org\",\"@graph\":[{\"@type\":\"WebPage\",\"@id\":\"https:\\\/\\\/www.tatamixstore.com\\\/de\\\/produkt\\\/tatami-matte-k20-50-8-teiliges-kit\\\/\",\"url\":\"https:\\\/\\\/www.tatamixstore.com\\\/de\\\/produkt\\\/tatami-matte-k20-50-8-teiliges-kit\\\/\",\"name\":\"Tatami Matte K20-50 - 8 TEILIGES KIT - Tatamixstore\",\"isPartOf\":{\"@id\":\"https:\\\/\\\/www.tatamixstore.com\\\/de\\\/#website\"},\"primaryImageOfPage\":{\"@id\":\"https:\\\/\\\/www.tatamixstore.com\\\/de\\\/produkt\\\/tatami-matte-k20-50-8-teiliges-kit\\\/#primaryimage\"},\"image\":{\"@id\":\"https:\\\/\\\/www.tatamixstore.com\\\/de\\\/produkt\\\/tatami-matte-k20-50-8-teiliges-kit\\\/#primaryimage\"},\"thumbnailUrl\":\"https:\\\/\\\/www.tatamixstore.com\\\/wp-content\\\/uploads\\\/2024\\\/06\\\/689-1.jpg\",\"datePublished\":\"2020-09-15T14:19:57+00:00\",\"breadcrumb\":{\"@id\":\"https:\\\/\\\/www.tatamixstore.com\\\/de\\\/produkt\\\/tatami-matte-k20-50-8-teiliges-kit\\\/#breadcrumb\"},\"inLanguage\":\"de\",\"potentialAction\":[{\"@type\":\"ReadAction\",\"target\":[\"https:\\\/\\\/www.tatamixstore.com\\\/de\\\/produkt\\\/tatami-matte-k20-50-8-teiliges-kit\\\/\"]}]},{\"@type\":\"ImageObject\",\"inLanguage\":\"de\",\"@id\":\"https:\\\/\\\/www.tatamixstore.com\\\/de\\\/produkt\\\/tatami-matte-k20-50-8-teiliges-kit\\\/#primaryimage\",\"url\":\"https:\\\/\\\/www.tatamixstore.com\\\/wp-content\\\/uploads\\\/2024\\\/06\\\/689-1.jpg\",\"contentUrl\":\"https:\\\/\\\/www.tatamixstore.com\\\/wp-content\\\/uploads\\\/2024\\\/06\\\/689-1.jpg\",\"width\":800,\"height\":800},{\"@type\":\"BreadcrumbList\",\"@id\":\"https:\\\/\\\/www.tatamixstore.com\\\/de\\\/produkt\\\/tatami-matte-k20-50-8-teiliges-kit\\\/#breadcrumb\",\"itemListElement\":[{\"@type\":\"ListItem\",\"position\":1,\"name\":\"Home\",\"item\":\"https:\\\/\\\/www.tatamixstore.com\\\/de\\\/\"},{\"@type\":\"ListItem\",\"position\":2,\"name\":\"Shop\",\"item\":\"https:\\\/\\\/www.tatamixstore.com\\\/store\\\/\"},{\"@type\":\"ListItem\",\"position\":3,\"name\":\"Tatami Matte K20-50 &#8211; 8 TEILIGES KIT\"}]},{\"@type\":\"WebSite\",\"@id\":\"https:\\\/\\\/www.tatamixstore.com\\\/de\\\/#website\",\"url\":\"https:\\\/\\\/www.tatamixstore.com\\\/de\\\/\",\"name\":\"Tatamix Store\",\"description\":\"\",\"publisher\":{\"@id\":\"https:\\\/\\\/www.tatamixstore.com\\\/de\\\/#organization\"},\"potentialAction\":[{\"@type\":\"SearchAction\",\"target\":{\"@type\":\"EntryPoint\",\"urlTemplate\":\"https:\\\/\\\/www.tatamixstore.com\\\/de\\\/?s={search_term_string}\"},\"query-input\":{\"@type\":\"PropertyValueSpecification\",\"valueRequired\":true,\"valueName\":\"search_term_string\"}}],\"inLanguage\":\"de\"},{\"@type\":\"Organization\",\"@id\":\"https:\\\/\\\/www.tatamixstore.com\\\/de\\\/#organization\",\"name\":\"Tatamix Store\",\"url\":\"https:\\\/\\\/www.tatamixstore.com\\\/de\\\/\",\"logo\":{\"@type\":\"ImageObject\",\"inLanguage\":\"de\",\"@id\":\"https:\\\/\\\/www.tatamixstore.com\\\/de\\\/#\\\/schema\\\/logo\\\/image\\\/\",\"url\":\"https:\\\/\\\/www.tatamixstore.com\\\/wp-content\\\/uploads\\\/2024\\\/02\\\/logo-transparant.png\",\"contentUrl\":\"https:\\\/\\\/www.tatamixstore.com\\\/wp-content\\\/uploads\\\/2024\\\/02\\\/logo-transparant.png\",\"width\":492,\"height\":89,\"caption\":\"Tatamix Store\"},\"image\":{\"@id\":\"https:\\\/\\\/www.tatamixstore.com\\\/de\\\/#\\\/schema\\\/logo\\\/image\\\/\"}}]}<\/script>\n<!-- \/ Yoast SEO plugin. -->","yoast_head_json":{"title":"Tatami Matte K20-50 - 8 TEILIGES KIT - Tatamixstore","robots":{"index":"index","follow":"follow","max-snippet":"max-snippet:-1","max-image-preview":"max-image-preview:large","max-video-preview":"max-video-preview:-1"},"canonical":"https:\/\/www.tatamixstore.com\/de\/produkt\/tatami-matte-k20-50-8-teiliges-kit\/","og_locale":"de_DE","og_type":"article","og_title":"Tatami Matte K20-50 - 8 TEILIGES KIT - Tatamixstore","og_description":"Hergestellt aus geschlossenzelligem, vernetztem Polyethylenschaum. Die Schichten sind hei\u00df gekoppelt und werden mit Hilfe eines ineinandergreifenden Wasserstrahls geschnitten. Die Breite [&hellip;]","og_url":"https:\/\/www.tatamixstore.com\/de\/produkt\/tatami-matte-k20-50-8-teiliges-kit\/","og_site_name":"Tatamixstore","og_image":[{"width":800,"height":800,"url":"https:\/\/www.tatamixstore.com\/wp-content\/uploads\/2024\/06\/689-1.jpg","type":"image\/jpeg"}],"twitter_card":"summary_large_image","schema":{"@context":"https:\/\/schema.org","@graph":[{"@type":"WebPage","@id":"https:\/\/www.tatamixstore.com\/de\/produkt\/tatami-matte-k20-50-8-teiliges-kit\/","url":"https:\/\/www.tatamixstore.com\/de\/produkt\/tatami-matte-k20-50-8-teiliges-kit\/","name":"Tatami Matte K20-50 - 8 TEILIGES KIT - Tatamixstore","isPartOf":{"@id":"https:\/\/www.tatamixstore.com\/de\/#website"},"primaryImageOfPage":{"@id":"https:\/\/www.tatamixstore.com\/de\/produkt\/tatami-matte-k20-50-8-teiliges-kit\/#primaryimage"},"image":{"@id":"https:\/\/www.tatamixstore.com\/de\/produkt\/tatami-matte-k20-50-8-teiliges-kit\/#primaryimage"},"thumbnailUrl":"https:\/\/www.tatamixstore.com\/wp-content\/uploads\/2024\/06\/689-1.jpg","datePublished":"2020-09-15T14:19:57+00:00","breadcrumb":{"@id":"https:\/\/www.tatamixstore.com\/de\/produkt\/tatami-matte-k20-50-8-teiliges-kit\/#breadcrumb"},"inLanguage":"de","potentialAction":[{"@type":"ReadAction","target":["https:\/\/www.tatamixstore.com\/de\/produkt\/tatami-matte-k20-50-8-teiliges-kit\/"]}]},{"@type":"ImageObject","inLanguage":"de","@id":"https:\/\/www.tatamixstore.com\/de\/produkt\/tatami-matte-k20-50-8-teiliges-kit\/#primaryimage","url":"https:\/\/www.tatamixstore.com\/wp-content\/uploads\/2024\/06\/689-1.jpg","contentUrl":"https:\/\/www.tatamixstore.com\/wp-content\/uploads\/2024\/06\/689-1.jpg","width":800,"height":800},{"@type":"BreadcrumbList","@id":"https:\/\/www.tatamixstore.com\/de\/produkt\/tatami-matte-k20-50-8-teiliges-kit\/#breadcrumb","itemListElement":[{"@type":"ListItem","position":1,"name":"Home","item":"https:\/\/www.tatamixstore.com\/de\/"},{"@type":"ListItem","position":2,"name":"Shop","item":"https:\/\/www.tatamixstore.com\/store\/"},{"@type":"ListItem","position":3,"name":"Tatami Matte K20-50 &#8211; 8 TEILIGES KIT"}]},{"@type":"WebSite","@id":"https:\/\/www.tatamixstore.com\/de\/#website","url":"https:\/\/www.tatamixstore.com\/de\/","name":"Tatamix Store","description":"","publisher":{"@id":"https:\/\/www.tatamixstore.com\/de\/#organization"},"potentialAction":[{"@type":"SearchAction","target":{"@type":"EntryPoint","urlTemplate":"https:\/\/www.tatamixstore.com\/de\/?s={search_term_string}"},"query-input":{"@type":"PropertyValueSpecification","valueRequired":true,"valueName":"search_term_string"}}],"inLanguage":"de"},{"@type":"Organization","@id":"https:\/\/www.tatamixstore.com\/de\/#organization","name":"Tatamix Store","url":"https:\/\/www.tatamixstore.com\/de\/","logo":{"@type":"ImageObject","inLanguage":"de","@id":"https:\/\/www.tatamixstore.com\/de\/#\/schema\/logo\/image\/","url":"https:\/\/www.tatamixstore.com\/wp-content\/uploads\/2024\/02\/logo-transparant.png","contentUrl":"https:\/\/www.tatamixstore.com\/wp-content\/uploads\/2024\/02\/logo-transparant.png","width":492,"height":89,"caption":"Tatamix Store"},"image":{"@id":"https:\/\/www.tatamixstore.com\/de\/#\/schema\/logo\/image\/"}}]}},"_links":{"self":[{"href":"https:\/\/www.tatamixstore.com\/de\/wp-json\/wp\/v2\/product\/20520","targetHints":{"allow":["GET"]}}],"collection":[{"href":"https:\/\/www.tatamixstore.com\/de\/wp-json\/wp\/v2\/product"}],"about":[{"href":"https:\/\/www.tatamixstore.com\/de\/wp-json\/wp\/v2\/types\/product"}],"replies":[{"embeddable":true,"href":"https:\/\/www.tatamixstore.com\/de\/wp-json\/wp\/v2\/comments?post=20520"}],"wp:featuredmedia":[{"embeddable":true,"href":"https:\/\/www.tatamixstore.com\/de\/wp-json\/wp\/v2\/media\/19723"}],"wp:attachment":[{"href":"https:\/\/www.tatamixstore.com\/de\/wp-json\/wp\/v2\/media?parent=20520"}],"wp:term":[{"taxonomy":"product_brand","embeddable":true,"href":"https:\/\/www.tatamixstore.com\/de\/wp-json\/wp\/v2\/product_brand?post=20520"},{"taxonomy":"product_cat","embeddable":true,"href":"https:\/\/www.tatamixstore.com\/de\/wp-json\/wp\/v2\/product_cat?post=20520"},{"taxonomy":"product_tag","embeddable":true,"href":"https:\/\/www.tatamixstore.com\/de\/wp-json\/wp\/v2\/product_tag?post=20520"}],"curies":[{"name":"wp","href":"https:\/\/api.w.org\/{rel}","templated":true}]}}