{"id":20594,"date":"2020-07-08T09:16:36","date_gmt":"2020-07-08T09:16:36","guid":{"rendered":"https:\/\/stage.tatamixstore.com\/product\/gummieva-tatami-rb05j\/"},"modified":"2020-07-08T09:16:36","modified_gmt":"2020-07-08T09:16:36","slug":"gummieva-tatami-rb05j","status":"publish","type":"product","link":"https:\/\/www.tatamixstore.com\/de\/produkt\/gummieva-tatami-rb05j\/","title":{"rendered":"Gummi+EVA Tatami &#8211; RB05J"},"content":{"rendered":"<h2>Tatami geeignet f\u00fcr Gymnastik und Heimtraining<\/h2>\n<p>  Seine innovative Zusammensetzung aus GUMMI (Dichte 800 kg\/m\u00b3) und EVA (Ethylenvinylacetat &#8211; Dichte 145 kg\/m\u00b3) macht das Produkt extrem elastisch und d\u00e4mpfend, aber mit hoher Widerstandsf\u00e4higkeit: es ist daher besonders geeignet f\u00fcr das Trampeln mit Schuhen und f\u00fcr die Verwendung von Trainingsger\u00e4ten. Die &#8222;feink\u00f6rnige&#8220;, rutschfeste Gummioberfl\u00e4che bleibt glatt und abriebfest. Auch im Format <a href=\"\/puzzle-mat\/tatami-mousse-eva\/epaisseur-eva-1-15-cm\/tatami-en-caoutchouceva-rb10j\">100x100cm (RB10J)<\/a> erh\u00e4ltlich. Inklusive Rahmenverschluss. <strong>VERWENDUNG: Geeignet f\u00fcr verschiedene Sportarten und Gymnastik<\/strong> <b>Warnung: nicht geeignet f\u00fcr Gewichtheben und Powerlifting<\/b><\/p>\n","protected":false},"excerpt":{"rendered":"<p>Tatami geeignet f\u00fcr Gymnastik und Heimtraining Seine innovative Zusammensetzung aus GUMMI (Dichte 800 kg\/m\u00b3) und EVA (Ethylenvinylacetat &#8211; Dichte 145 [&hellip;]<\/p>\n","protected":false},"featured_media":18726,"comment_status":"closed","ping_status":"closed","template":"","meta":{"_acf_changed":false},"product_brand":[],"product_cat":[2702,2742,2812,2782,2737,2682,2727,2787,2807],"product_tag":[3980,4196,3928,3885,3979,4090,4056,4195,3981,4197,3881,4198],"class_list":{"0":"post-20594","1":"product","2":"type-product","3":"status-publish","4":"has-post-thumbnail","6":"product_cat-andere-matten","7":"product_cat-crossfit-de","8":"product_cat-eva-dicke-1-15-cm","9":"product_cat-gummipuzzlematte","10":"product_cat-gymnastik-und-fitness","11":"product_cat-matten-fur-zuhause","12":"product_cat-tatami-puzzle-mats","13":"product_cat-tatami-puzzle-1-cm-de","14":"product_cat-tatami-puzzle-eva-schaum","15":"product_tag-50x50-de","16":"product_tag-caoutchouc-de","17":"product_tag-crossfit-de","18":"product_tag-eva-de","19":"product_tag-fitness-de","20":"product_tag-fitnessstudio","21":"product_tag-gymnastik-de","22":"product_tag-haute-resistance-de","23":"product_tag-maison-de","24":"product_tag-mini-de","25":"product_tag-ratsel","26":"product_tag-rb05j-de","28":"first","29":"instock","30":"taxable","31":"shipping-taxable","32":"product-type-simple"},"acf":[],"yoast_head":"<!-- This site is optimized with the Yoast SEO plugin v27.3 - https:\/\/yoast.com\/product\/yoast-seo-wordpress\/ -->\n<title>Gummi+EVA Tatami - RB05J - Tatamixstore<\/title>\n<meta name=\"robots\" content=\"index, follow, max-snippet:-1, max-image-preview:large, max-video-preview:-1\" \/>\n<link rel=\"canonical\" href=\"https:\/\/www.tatamixstore.com\/de\/produkt\/gummieva-tatami-rb05j\/\" \/>\n<meta property=\"og:locale\" content=\"de_DE\" \/>\n<meta property=\"og:type\" content=\"article\" \/>\n<meta property=\"og:title\" content=\"Gummi+EVA Tatami - RB05J - Tatamixstore\" \/>\n<meta property=\"og:description\" content=\"Tatami geeignet f\u00fcr Gymnastik und Heimtraining Seine innovative Zusammensetzung aus GUMMI (Dichte 800 kg\/m\u00b3) und EVA (Ethylenvinylacetat &#8211; Dichte 145 [&hellip;]\" \/>\n<meta property=\"og:url\" content=\"https:\/\/www.tatamixstore.com\/de\/produkt\/gummieva-tatami-rb05j\/\" \/>\n<meta property=\"og:site_name\" content=\"Tatamixstore\" \/>\n<meta property=\"og:image\" content=\"https:\/\/www.tatamixstore.com\/wp-content\/uploads\/2024\/06\/543-1.jpg\" \/>\n\t<meta property=\"og:image:width\" content=\"800\" \/>\n\t<meta property=\"og:image:height\" content=\"800\" \/>\n\t<meta property=\"og:image:type\" content=\"image\/jpeg\" \/>\n<meta name=\"twitter:card\" content=\"summary_large_image\" \/>\n<script type=\"application\/ld+json\" class=\"yoast-schema-graph\">{\"@context\":\"https:\\\/\\\/schema.org\",\"@graph\":[{\"@type\":\"WebPage\",\"@id\":\"https:\\\/\\\/www.tatamixstore.com\\\/de\\\/produkt\\\/gummieva-tatami-rb05j\\\/\",\"url\":\"https:\\\/\\\/www.tatamixstore.com\\\/de\\\/produkt\\\/gummieva-tatami-rb05j\\\/\",\"name\":\"Gummi+EVA Tatami - RB05J - Tatamixstore\",\"isPartOf\":{\"@id\":\"https:\\\/\\\/www.tatamixstore.com\\\/de\\\/#website\"},\"primaryImageOfPage\":{\"@id\":\"https:\\\/\\\/www.tatamixstore.com\\\/de\\\/produkt\\\/gummieva-tatami-rb05j\\\/#primaryimage\"},\"image\":{\"@id\":\"https:\\\/\\\/www.tatamixstore.com\\\/de\\\/produkt\\\/gummieva-tatami-rb05j\\\/#primaryimage\"},\"thumbnailUrl\":\"https:\\\/\\\/www.tatamixstore.com\\\/wp-content\\\/uploads\\\/2024\\\/06\\\/543-1.jpg\",\"datePublished\":\"2020-07-08T09:16:36+00:00\",\"breadcrumb\":{\"@id\":\"https:\\\/\\\/www.tatamixstore.com\\\/de\\\/produkt\\\/gummieva-tatami-rb05j\\\/#breadcrumb\"},\"inLanguage\":\"de\",\"potentialAction\":[{\"@type\":\"ReadAction\",\"target\":[\"https:\\\/\\\/www.tatamixstore.com\\\/de\\\/produkt\\\/gummieva-tatami-rb05j\\\/\"]}]},{\"@type\":\"ImageObject\",\"inLanguage\":\"de\",\"@id\":\"https:\\\/\\\/www.tatamixstore.com\\\/de\\\/produkt\\\/gummieva-tatami-rb05j\\\/#primaryimage\",\"url\":\"https:\\\/\\\/www.tatamixstore.com\\\/wp-content\\\/uploads\\\/2024\\\/06\\\/543-1.jpg\",\"contentUrl\":\"https:\\\/\\\/www.tatamixstore.com\\\/wp-content\\\/uploads\\\/2024\\\/06\\\/543-1.jpg\",\"width\":800,\"height\":800},{\"@type\":\"BreadcrumbList\",\"@id\":\"https:\\\/\\\/www.tatamixstore.com\\\/de\\\/produkt\\\/gummieva-tatami-rb05j\\\/#breadcrumb\",\"itemListElement\":[{\"@type\":\"ListItem\",\"position\":1,\"name\":\"Home\",\"item\":\"https:\\\/\\\/www.tatamixstore.com\\\/de\\\/\"},{\"@type\":\"ListItem\",\"position\":2,\"name\":\"Shop\",\"item\":\"https:\\\/\\\/www.tatamixstore.com\\\/store\\\/\"},{\"@type\":\"ListItem\",\"position\":3,\"name\":\"Gummi+EVA Tatami &#8211; RB05J\"}]},{\"@type\":\"WebSite\",\"@id\":\"https:\\\/\\\/www.tatamixstore.com\\\/de\\\/#website\",\"url\":\"https:\\\/\\\/www.tatamixstore.com\\\/de\\\/\",\"name\":\"Tatamix Store\",\"description\":\"\",\"publisher\":{\"@id\":\"https:\\\/\\\/www.tatamixstore.com\\\/de\\\/#organization\"},\"potentialAction\":[{\"@type\":\"SearchAction\",\"target\":{\"@type\":\"EntryPoint\",\"urlTemplate\":\"https:\\\/\\\/www.tatamixstore.com\\\/de\\\/?s={search_term_string}\"},\"query-input\":{\"@type\":\"PropertyValueSpecification\",\"valueRequired\":true,\"valueName\":\"search_term_string\"}}],\"inLanguage\":\"de\"},{\"@type\":\"Organization\",\"@id\":\"https:\\\/\\\/www.tatamixstore.com\\\/de\\\/#organization\",\"name\":\"Tatamix Store\",\"url\":\"https:\\\/\\\/www.tatamixstore.com\\\/de\\\/\",\"logo\":{\"@type\":\"ImageObject\",\"inLanguage\":\"de\",\"@id\":\"https:\\\/\\\/www.tatamixstore.com\\\/de\\\/#\\\/schema\\\/logo\\\/image\\\/\",\"url\":\"https:\\\/\\\/www.tatamixstore.com\\\/wp-content\\\/uploads\\\/2024\\\/02\\\/logo-transparant.png\",\"contentUrl\":\"https:\\\/\\\/www.tatamixstore.com\\\/wp-content\\\/uploads\\\/2024\\\/02\\\/logo-transparant.png\",\"width\":492,\"height\":89,\"caption\":\"Tatamix Store\"},\"image\":{\"@id\":\"https:\\\/\\\/www.tatamixstore.com\\\/de\\\/#\\\/schema\\\/logo\\\/image\\\/\"}}]}<\/script>\n<!-- \/ Yoast SEO plugin. -->","yoast_head_json":{"title":"Gummi+EVA Tatami - RB05J - Tatamixstore","robots":{"index":"index","follow":"follow","max-snippet":"max-snippet:-1","max-image-preview":"max-image-preview:large","max-video-preview":"max-video-preview:-1"},"canonical":"https:\/\/www.tatamixstore.com\/de\/produkt\/gummieva-tatami-rb05j\/","og_locale":"de_DE","og_type":"article","og_title":"Gummi+EVA Tatami - RB05J - Tatamixstore","og_description":"Tatami geeignet f\u00fcr Gymnastik und Heimtraining Seine innovative Zusammensetzung aus GUMMI (Dichte 800 kg\/m\u00b3) und EVA (Ethylenvinylacetat &#8211; Dichte 145 [&hellip;]","og_url":"https:\/\/www.tatamixstore.com\/de\/produkt\/gummieva-tatami-rb05j\/","og_site_name":"Tatamixstore","og_image":[{"width":800,"height":800,"url":"https:\/\/www.tatamixstore.com\/wp-content\/uploads\/2024\/06\/543-1.jpg","type":"image\/jpeg"}],"twitter_card":"summary_large_image","schema":{"@context":"https:\/\/schema.org","@graph":[{"@type":"WebPage","@id":"https:\/\/www.tatamixstore.com\/de\/produkt\/gummieva-tatami-rb05j\/","url":"https:\/\/www.tatamixstore.com\/de\/produkt\/gummieva-tatami-rb05j\/","name":"Gummi+EVA Tatami - RB05J - Tatamixstore","isPartOf":{"@id":"https:\/\/www.tatamixstore.com\/de\/#website"},"primaryImageOfPage":{"@id":"https:\/\/www.tatamixstore.com\/de\/produkt\/gummieva-tatami-rb05j\/#primaryimage"},"image":{"@id":"https:\/\/www.tatamixstore.com\/de\/produkt\/gummieva-tatami-rb05j\/#primaryimage"},"thumbnailUrl":"https:\/\/www.tatamixstore.com\/wp-content\/uploads\/2024\/06\/543-1.jpg","datePublished":"2020-07-08T09:16:36+00:00","breadcrumb":{"@id":"https:\/\/www.tatamixstore.com\/de\/produkt\/gummieva-tatami-rb05j\/#breadcrumb"},"inLanguage":"de","potentialAction":[{"@type":"ReadAction","target":["https:\/\/www.tatamixstore.com\/de\/produkt\/gummieva-tatami-rb05j\/"]}]},{"@type":"ImageObject","inLanguage":"de","@id":"https:\/\/www.tatamixstore.com\/de\/produkt\/gummieva-tatami-rb05j\/#primaryimage","url":"https:\/\/www.tatamixstore.com\/wp-content\/uploads\/2024\/06\/543-1.jpg","contentUrl":"https:\/\/www.tatamixstore.com\/wp-content\/uploads\/2024\/06\/543-1.jpg","width":800,"height":800},{"@type":"BreadcrumbList","@id":"https:\/\/www.tatamixstore.com\/de\/produkt\/gummieva-tatami-rb05j\/#breadcrumb","itemListElement":[{"@type":"ListItem","position":1,"name":"Home","item":"https:\/\/www.tatamixstore.com\/de\/"},{"@type":"ListItem","position":2,"name":"Shop","item":"https:\/\/www.tatamixstore.com\/store\/"},{"@type":"ListItem","position":3,"name":"Gummi+EVA Tatami &#8211; RB05J"}]},{"@type":"WebSite","@id":"https:\/\/www.tatamixstore.com\/de\/#website","url":"https:\/\/www.tatamixstore.com\/de\/","name":"Tatamix Store","description":"","publisher":{"@id":"https:\/\/www.tatamixstore.com\/de\/#organization"},"potentialAction":[{"@type":"SearchAction","target":{"@type":"EntryPoint","urlTemplate":"https:\/\/www.tatamixstore.com\/de\/?s={search_term_string}"},"query-input":{"@type":"PropertyValueSpecification","valueRequired":true,"valueName":"search_term_string"}}],"inLanguage":"de"},{"@type":"Organization","@id":"https:\/\/www.tatamixstore.com\/de\/#organization","name":"Tatamix Store","url":"https:\/\/www.tatamixstore.com\/de\/","logo":{"@type":"ImageObject","inLanguage":"de","@id":"https:\/\/www.tatamixstore.com\/de\/#\/schema\/logo\/image\/","url":"https:\/\/www.tatamixstore.com\/wp-content\/uploads\/2024\/02\/logo-transparant.png","contentUrl":"https:\/\/www.tatamixstore.com\/wp-content\/uploads\/2024\/02\/logo-transparant.png","width":492,"height":89,"caption":"Tatamix Store"},"image":{"@id":"https:\/\/www.tatamixstore.com\/de\/#\/schema\/logo\/image\/"}}]}},"_links":{"self":[{"href":"https:\/\/www.tatamixstore.com\/de\/wp-json\/wp\/v2\/product\/20594","targetHints":{"allow":["GET"]}}],"collection":[{"href":"https:\/\/www.tatamixstore.com\/de\/wp-json\/wp\/v2\/product"}],"about":[{"href":"https:\/\/www.tatamixstore.com\/de\/wp-json\/wp\/v2\/types\/product"}],"replies":[{"embeddable":true,"href":"https:\/\/www.tatamixstore.com\/de\/wp-json\/wp\/v2\/comments?post=20594"}],"wp:featuredmedia":[{"embeddable":true,"href":"https:\/\/www.tatamixstore.com\/de\/wp-json\/wp\/v2\/media\/18726"}],"wp:attachment":[{"href":"https:\/\/www.tatamixstore.com\/de\/wp-json\/wp\/v2\/media?parent=20594"}],"wp:term":[{"taxonomy":"product_brand","embeddable":true,"href":"https:\/\/www.tatamixstore.com\/de\/wp-json\/wp\/v2\/product_brand?post=20594"},{"taxonomy":"product_cat","embeddable":true,"href":"https:\/\/www.tatamixstore.com\/de\/wp-json\/wp\/v2\/product_cat?post=20594"},{"taxonomy":"product_tag","embeddable":true,"href":"https:\/\/www.tatamixstore.com\/de\/wp-json\/wp\/v2\/product_tag?post=20594"}],"curies":[{"name":"wp","href":"https:\/\/api.w.org\/{rel}","templated":true}]}}