{"id":20646,"date":"2020-06-18T16:18:44","date_gmt":"2020-06-18T16:18:44","guid":{"rendered":"https:\/\/stage.tatamixstore.com\/product\/bloecke-pe\/"},"modified":"2020-06-18T16:18:44","modified_gmt":"2020-06-18T16:18:44","slug":"bloecke-pe","status":"publish","type":"product","link":"https:\/\/www.tatamixstore.com\/de\/produkt\/bloecke-pe\/","title":{"rendered":"Bl\u00f6cke PE"},"content":{"rendered":"<p>Schaumstoffbl\u00f6cke aus Poly\u00e9thyl\u00e8ne mit festen, haltbaren, l\u00e4ngeren und flexiblen Zellen, die eine hervorragende Verformungsbest\u00e4ndigkeit und hervorragende Eigenschaften bei der Absorption von St\u00f6\u00dfen und Vibrationen gew\u00e4hrleisten.<\/p>\n<p>Erh\u00e4ltlich in allen Farben und Formen, je nach den Bed\u00fcrfnissen des Kunden.<br \/>\nConsultez le tableau (voir galerie de photos) pour les donn\u00e9es sp\u00e9cifiques.<\/p>\n","protected":false},"excerpt":{"rendered":"<p>Schaumstoffbl\u00f6cke aus Poly\u00e9thyl\u00e8ne mit festen, haltbaren, l\u00e4ngeren und flexiblen Zellen, die eine hervorragende Verformungsbest\u00e4ndigkeit und hervorragende Eigenschaften bei der Absorption [&hellip;]<\/p>\n","protected":false},"featured_media":18272,"comment_status":"closed","ping_status":"closed","template":"","meta":{"_acf_changed":false},"product_brand":[],"product_cat":[2667],"product_tag":[4350,4346,4347,4348,4248,4345,4009,4349,3882],"class_list":{"0":"post-20646","1":"product","2":"type-product","3":"status-publish","4":"has-post-thumbnail","6":"product_cat-andere-produkte","7":"product_tag-auf-anfrage","8":"product_tag-blocchipe-de","9":"product_tag-blocke","10":"product_tag-mousse-de","11":"product_tag-pe-de","12":"product_tag-personalisierbar","13":"product_tag-polyethylene-de","14":"product_tag-polyvalent-de","15":"product_tag-xpe-de","17":"first","18":"instock","19":"taxable","20":"shipping-taxable","21":"product-type-simple"},"acf":[],"yoast_head":"<!-- This site is optimized with the Yoast SEO plugin v27.3 - https:\/\/yoast.com\/product\/yoast-seo-wordpress\/ -->\n<title>Bl\u00f6cke PE - Tatamixstore<\/title>\n<meta name=\"robots\" content=\"index, follow, max-snippet:-1, max-image-preview:large, max-video-preview:-1\" \/>\n<link rel=\"canonical\" href=\"https:\/\/www.tatamixstore.com\/de\/produkt\/bloecke-pe\/\" \/>\n<meta property=\"og:locale\" content=\"de_DE\" \/>\n<meta property=\"og:type\" content=\"article\" \/>\n<meta property=\"og:title\" content=\"Bl\u00f6cke PE - Tatamixstore\" \/>\n<meta property=\"og:description\" content=\"Schaumstoffbl\u00f6cke aus Poly\u00e9thyl\u00e8ne mit festen, haltbaren, l\u00e4ngeren und flexiblen Zellen, die eine hervorragende Verformungsbest\u00e4ndigkeit und hervorragende Eigenschaften bei der Absorption [&hellip;]\" \/>\n<meta property=\"og:url\" content=\"https:\/\/www.tatamixstore.com\/de\/produkt\/bloecke-pe\/\" \/>\n<meta property=\"og:site_name\" content=\"Tatamixstore\" \/>\n<meta property=\"og:image\" content=\"https:\/\/www.tatamixstore.com\/wp-content\/uploads\/2024\/06\/476-1.jpg\" \/>\n\t<meta property=\"og:image:width\" content=\"800\" \/>\n\t<meta property=\"og:image:height\" content=\"806\" \/>\n\t<meta property=\"og:image:type\" content=\"image\/jpeg\" \/>\n<meta name=\"twitter:card\" content=\"summary_large_image\" \/>\n<script type=\"application\/ld+json\" class=\"yoast-schema-graph\">{\"@context\":\"https:\\\/\\\/schema.org\",\"@graph\":[{\"@type\":\"WebPage\",\"@id\":\"https:\\\/\\\/www.tatamixstore.com\\\/de\\\/produkt\\\/bloecke-pe\\\/\",\"url\":\"https:\\\/\\\/www.tatamixstore.com\\\/de\\\/produkt\\\/bloecke-pe\\\/\",\"name\":\"Bl\u00f6cke PE - Tatamixstore\",\"isPartOf\":{\"@id\":\"https:\\\/\\\/www.tatamixstore.com\\\/de\\\/#website\"},\"primaryImageOfPage\":{\"@id\":\"https:\\\/\\\/www.tatamixstore.com\\\/de\\\/produkt\\\/bloecke-pe\\\/#primaryimage\"},\"image\":{\"@id\":\"https:\\\/\\\/www.tatamixstore.com\\\/de\\\/produkt\\\/bloecke-pe\\\/#primaryimage\"},\"thumbnailUrl\":\"https:\\\/\\\/www.tatamixstore.com\\\/wp-content\\\/uploads\\\/2024\\\/06\\\/476-1.jpg\",\"datePublished\":\"2020-06-18T16:18:44+00:00\",\"breadcrumb\":{\"@id\":\"https:\\\/\\\/www.tatamixstore.com\\\/de\\\/produkt\\\/bloecke-pe\\\/#breadcrumb\"},\"inLanguage\":\"de\",\"potentialAction\":[{\"@type\":\"ReadAction\",\"target\":[\"https:\\\/\\\/www.tatamixstore.com\\\/de\\\/produkt\\\/bloecke-pe\\\/\"]}]},{\"@type\":\"ImageObject\",\"inLanguage\":\"de\",\"@id\":\"https:\\\/\\\/www.tatamixstore.com\\\/de\\\/produkt\\\/bloecke-pe\\\/#primaryimage\",\"url\":\"https:\\\/\\\/www.tatamixstore.com\\\/wp-content\\\/uploads\\\/2024\\\/06\\\/476-1.jpg\",\"contentUrl\":\"https:\\\/\\\/www.tatamixstore.com\\\/wp-content\\\/uploads\\\/2024\\\/06\\\/476-1.jpg\",\"width\":800,\"height\":806},{\"@type\":\"BreadcrumbList\",\"@id\":\"https:\\\/\\\/www.tatamixstore.com\\\/de\\\/produkt\\\/bloecke-pe\\\/#breadcrumb\",\"itemListElement\":[{\"@type\":\"ListItem\",\"position\":1,\"name\":\"Home\",\"item\":\"https:\\\/\\\/www.tatamixstore.com\\\/de\\\/\"},{\"@type\":\"ListItem\",\"position\":2,\"name\":\"Shop\",\"item\":\"https:\\\/\\\/www.tatamixstore.com\\\/store\\\/\"},{\"@type\":\"ListItem\",\"position\":3,\"name\":\"Bl\u00f6cke PE\"}]},{\"@type\":\"WebSite\",\"@id\":\"https:\\\/\\\/www.tatamixstore.com\\\/de\\\/#website\",\"url\":\"https:\\\/\\\/www.tatamixstore.com\\\/de\\\/\",\"name\":\"Tatamix Store\",\"description\":\"\",\"publisher\":{\"@id\":\"https:\\\/\\\/www.tatamixstore.com\\\/de\\\/#organization\"},\"potentialAction\":[{\"@type\":\"SearchAction\",\"target\":{\"@type\":\"EntryPoint\",\"urlTemplate\":\"https:\\\/\\\/www.tatamixstore.com\\\/de\\\/?s={search_term_string}\"},\"query-input\":{\"@type\":\"PropertyValueSpecification\",\"valueRequired\":true,\"valueName\":\"search_term_string\"}}],\"inLanguage\":\"de\"},{\"@type\":\"Organization\",\"@id\":\"https:\\\/\\\/www.tatamixstore.com\\\/de\\\/#organization\",\"name\":\"Tatamix Store\",\"url\":\"https:\\\/\\\/www.tatamixstore.com\\\/de\\\/\",\"logo\":{\"@type\":\"ImageObject\",\"inLanguage\":\"de\",\"@id\":\"https:\\\/\\\/www.tatamixstore.com\\\/de\\\/#\\\/schema\\\/logo\\\/image\\\/\",\"url\":\"https:\\\/\\\/www.tatamixstore.com\\\/wp-content\\\/uploads\\\/2024\\\/02\\\/logo-transparant.png\",\"contentUrl\":\"https:\\\/\\\/www.tatamixstore.com\\\/wp-content\\\/uploads\\\/2024\\\/02\\\/logo-transparant.png\",\"width\":492,\"height\":89,\"caption\":\"Tatamix Store\"},\"image\":{\"@id\":\"https:\\\/\\\/www.tatamixstore.com\\\/de\\\/#\\\/schema\\\/logo\\\/image\\\/\"}}]}<\/script>\n<!-- \/ Yoast SEO plugin. -->","yoast_head_json":{"title":"Bl\u00f6cke PE - Tatamixstore","robots":{"index":"index","follow":"follow","max-snippet":"max-snippet:-1","max-image-preview":"max-image-preview:large","max-video-preview":"max-video-preview:-1"},"canonical":"https:\/\/www.tatamixstore.com\/de\/produkt\/bloecke-pe\/","og_locale":"de_DE","og_type":"article","og_title":"Bl\u00f6cke PE - Tatamixstore","og_description":"Schaumstoffbl\u00f6cke aus Poly\u00e9thyl\u00e8ne mit festen, haltbaren, l\u00e4ngeren und flexiblen Zellen, die eine hervorragende Verformungsbest\u00e4ndigkeit und hervorragende Eigenschaften bei der Absorption [&hellip;]","og_url":"https:\/\/www.tatamixstore.com\/de\/produkt\/bloecke-pe\/","og_site_name":"Tatamixstore","og_image":[{"width":800,"height":806,"url":"https:\/\/www.tatamixstore.com\/wp-content\/uploads\/2024\/06\/476-1.jpg","type":"image\/jpeg"}],"twitter_card":"summary_large_image","schema":{"@context":"https:\/\/schema.org","@graph":[{"@type":"WebPage","@id":"https:\/\/www.tatamixstore.com\/de\/produkt\/bloecke-pe\/","url":"https:\/\/www.tatamixstore.com\/de\/produkt\/bloecke-pe\/","name":"Bl\u00f6cke PE - Tatamixstore","isPartOf":{"@id":"https:\/\/www.tatamixstore.com\/de\/#website"},"primaryImageOfPage":{"@id":"https:\/\/www.tatamixstore.com\/de\/produkt\/bloecke-pe\/#primaryimage"},"image":{"@id":"https:\/\/www.tatamixstore.com\/de\/produkt\/bloecke-pe\/#primaryimage"},"thumbnailUrl":"https:\/\/www.tatamixstore.com\/wp-content\/uploads\/2024\/06\/476-1.jpg","datePublished":"2020-06-18T16:18:44+00:00","breadcrumb":{"@id":"https:\/\/www.tatamixstore.com\/de\/produkt\/bloecke-pe\/#breadcrumb"},"inLanguage":"de","potentialAction":[{"@type":"ReadAction","target":["https:\/\/www.tatamixstore.com\/de\/produkt\/bloecke-pe\/"]}]},{"@type":"ImageObject","inLanguage":"de","@id":"https:\/\/www.tatamixstore.com\/de\/produkt\/bloecke-pe\/#primaryimage","url":"https:\/\/www.tatamixstore.com\/wp-content\/uploads\/2024\/06\/476-1.jpg","contentUrl":"https:\/\/www.tatamixstore.com\/wp-content\/uploads\/2024\/06\/476-1.jpg","width":800,"height":806},{"@type":"BreadcrumbList","@id":"https:\/\/www.tatamixstore.com\/de\/produkt\/bloecke-pe\/#breadcrumb","itemListElement":[{"@type":"ListItem","position":1,"name":"Home","item":"https:\/\/www.tatamixstore.com\/de\/"},{"@type":"ListItem","position":2,"name":"Shop","item":"https:\/\/www.tatamixstore.com\/store\/"},{"@type":"ListItem","position":3,"name":"Bl\u00f6cke PE"}]},{"@type":"WebSite","@id":"https:\/\/www.tatamixstore.com\/de\/#website","url":"https:\/\/www.tatamixstore.com\/de\/","name":"Tatamix Store","description":"","publisher":{"@id":"https:\/\/www.tatamixstore.com\/de\/#organization"},"potentialAction":[{"@type":"SearchAction","target":{"@type":"EntryPoint","urlTemplate":"https:\/\/www.tatamixstore.com\/de\/?s={search_term_string}"},"query-input":{"@type":"PropertyValueSpecification","valueRequired":true,"valueName":"search_term_string"}}],"inLanguage":"de"},{"@type":"Organization","@id":"https:\/\/www.tatamixstore.com\/de\/#organization","name":"Tatamix Store","url":"https:\/\/www.tatamixstore.com\/de\/","logo":{"@type":"ImageObject","inLanguage":"de","@id":"https:\/\/www.tatamixstore.com\/de\/#\/schema\/logo\/image\/","url":"https:\/\/www.tatamixstore.com\/wp-content\/uploads\/2024\/02\/logo-transparant.png","contentUrl":"https:\/\/www.tatamixstore.com\/wp-content\/uploads\/2024\/02\/logo-transparant.png","width":492,"height":89,"caption":"Tatamix Store"},"image":{"@id":"https:\/\/www.tatamixstore.com\/de\/#\/schema\/logo\/image\/"}}]}},"_links":{"self":[{"href":"https:\/\/www.tatamixstore.com\/de\/wp-json\/wp\/v2\/product\/20646","targetHints":{"allow":["GET"]}}],"collection":[{"href":"https:\/\/www.tatamixstore.com\/de\/wp-json\/wp\/v2\/product"}],"about":[{"href":"https:\/\/www.tatamixstore.com\/de\/wp-json\/wp\/v2\/types\/product"}],"replies":[{"embeddable":true,"href":"https:\/\/www.tatamixstore.com\/de\/wp-json\/wp\/v2\/comments?post=20646"}],"wp:featuredmedia":[{"embeddable":true,"href":"https:\/\/www.tatamixstore.com\/de\/wp-json\/wp\/v2\/media\/18272"}],"wp:attachment":[{"href":"https:\/\/www.tatamixstore.com\/de\/wp-json\/wp\/v2\/media?parent=20646"}],"wp:term":[{"taxonomy":"product_brand","embeddable":true,"href":"https:\/\/www.tatamixstore.com\/de\/wp-json\/wp\/v2\/product_brand?post=20646"},{"taxonomy":"product_cat","embeddable":true,"href":"https:\/\/www.tatamixstore.com\/de\/wp-json\/wp\/v2\/product_cat?post=20646"},{"taxonomy":"product_tag","embeddable":true,"href":"https:\/\/www.tatamixstore.com\/de\/wp-json\/wp\/v2\/product_tag?post=20646"}],"curies":[{"name":"wp","href":"https:\/\/api.w.org\/{rel}","templated":true}]}}