{"id":20700,"date":"2020-06-10T17:31:07","date_gmt":"2020-06-10T17:31:07","guid":{"rendered":"https:\/\/stage.tatamixstore.com\/product\/achteckiger-bausatz-2-5cm-ot25j\/"},"modified":"2020-06-10T17:31:07","modified_gmt":"2020-06-10T17:31:07","slug":"achteckiger-bausatz-2-5cm-ot25j","status":"publish","type":"product","link":"https:\/\/www.tatamixstore.com\/de\/produkt\/achteckiger-bausatz-2-5cm-ot25j\/","title":{"rendered":"Achteckiger Bausatz 2.5cm &#8211; OT25J"},"content":{"rendered":"<p>Achteckiger Bausatz f\u00fcr das Modell T25JY. KIT 8 St\u00fcck: F\u00fcr Fl\u00e4che 10x10mt KIT 12 St\u00fcck: F\u00fcr eine Fl\u00e4che von 12x12mt Achteckiger Bausatz 2,5 cm &#8211; WT zugelassen, kompatibel mit dem Modell T25JY. Hergestellt aus expandiertem EVA (Ethylen-Vinyl-Acetat), mit hoher Dichte und geschlossener Zelle, hoher Haltbarkeit, Wasserbest\u00e4ndigkeit und guter Elastizit\u00e4t. Eine hochwertige Tatami, die von der WT (World Taekwondo Federation) zertifiziert ist, was ihre Verwendung bei offiziellen Wettk\u00e4mpfen bescheinigt.<\/p>\n","protected":false},"excerpt":{"rendered":"<p>Achteckiger Bausatz f\u00fcr das Modell T25JY. KIT 8 St\u00fcck: F\u00fcr Fl\u00e4che 10x10mt KIT 12 St\u00fcck: F\u00fcr eine Fl\u00e4che von 12x12mt [&hellip;]<\/p>\n","protected":false},"featured_media":17629,"comment_status":"closed","ping_status":"closed","template":"","meta":{"_acf_changed":false},"product_brand":[],"product_cat":[2822,2727,2792,2807],"product_tag":[4568,4113,4567,4569,4570,4564,4565,4566,4055],"class_list":{"0":"post-20700","1":"product","2":"type-product","3":"status-publish","4":"has-post-thumbnail","6":"product_cat-eva-dicke-25-3-cm","7":"product_cat-tatami-puzzle-mats","8":"product_cat-tatami-puzzle-2-cm-de","9":"product_cat-tatami-puzzle-eva-schaum","10":"product_tag-achteck","11":"product_tag-bausatz","12":"product_tag-boite-de","13":"product_tag-ot25j-de","14":"product_tag-professionell","15":"product_tag-tk25j-de","16":"product_tag-welt-taekwondo-verband","17":"product_tag-wt-de","18":"product_tag-zertifikat-de","20":"first","21":"instock","22":"taxable","23":"shipping-taxable","24":"product-type-simple"},"acf":[],"yoast_head":"<!-- This site is optimized with the Yoast SEO plugin v27.3 - https:\/\/yoast.com\/product\/yoast-seo-wordpress\/ -->\n<title>Achteckiger Bausatz 2.5cm - OT25J - Tatamixstore<\/title>\n<meta name=\"robots\" content=\"index, follow, max-snippet:-1, max-image-preview:large, max-video-preview:-1\" \/>\n<link rel=\"canonical\" href=\"https:\/\/www.tatamixstore.com\/de\/produkt\/achteckiger-bausatz-2-5cm-ot25j\/\" \/>\n<meta property=\"og:locale\" content=\"de_DE\" \/>\n<meta property=\"og:type\" content=\"article\" \/>\n<meta property=\"og:title\" content=\"Achteckiger Bausatz 2.5cm - OT25J - Tatamixstore\" \/>\n<meta property=\"og:description\" content=\"Achteckiger Bausatz f\u00fcr das Modell T25JY. KIT 8 St\u00fcck: F\u00fcr Fl\u00e4che 10x10mt KIT 12 St\u00fcck: F\u00fcr eine Fl\u00e4che von 12x12mt [&hellip;]\" \/>\n<meta property=\"og:url\" content=\"https:\/\/www.tatamixstore.com\/de\/produkt\/achteckiger-bausatz-2-5cm-ot25j\/\" \/>\n<meta property=\"og:site_name\" content=\"Tatamixstore\" \/>\n<meta property=\"og:image\" content=\"https:\/\/www.tatamixstore.com\/wp-content\/uploads\/2024\/06\/1004-1.jpg\" \/>\n\t<meta property=\"og:image:width\" content=\"800\" \/>\n\t<meta property=\"og:image:height\" content=\"800\" \/>\n\t<meta property=\"og:image:type\" content=\"image\/jpeg\" \/>\n<meta name=\"twitter:card\" content=\"summary_large_image\" \/>\n<script type=\"application\/ld+json\" class=\"yoast-schema-graph\">{\"@context\":\"https:\\\/\\\/schema.org\",\"@graph\":[{\"@type\":\"WebPage\",\"@id\":\"https:\\\/\\\/www.tatamixstore.com\\\/de\\\/produkt\\\/achteckiger-bausatz-2-5cm-ot25j\\\/\",\"url\":\"https:\\\/\\\/www.tatamixstore.com\\\/de\\\/produkt\\\/achteckiger-bausatz-2-5cm-ot25j\\\/\",\"name\":\"Achteckiger Bausatz 2.5cm - OT25J - Tatamixstore\",\"isPartOf\":{\"@id\":\"https:\\\/\\\/www.tatamixstore.com\\\/de\\\/#website\"},\"primaryImageOfPage\":{\"@id\":\"https:\\\/\\\/www.tatamixstore.com\\\/de\\\/produkt\\\/achteckiger-bausatz-2-5cm-ot25j\\\/#primaryimage\"},\"image\":{\"@id\":\"https:\\\/\\\/www.tatamixstore.com\\\/de\\\/produkt\\\/achteckiger-bausatz-2-5cm-ot25j\\\/#primaryimage\"},\"thumbnailUrl\":\"https:\\\/\\\/www.tatamixstore.com\\\/wp-content\\\/uploads\\\/2024\\\/06\\\/1004-1.jpg\",\"datePublished\":\"2020-06-10T17:31:07+00:00\",\"breadcrumb\":{\"@id\":\"https:\\\/\\\/www.tatamixstore.com\\\/de\\\/produkt\\\/achteckiger-bausatz-2-5cm-ot25j\\\/#breadcrumb\"},\"inLanguage\":\"de\",\"potentialAction\":[{\"@type\":\"ReadAction\",\"target\":[\"https:\\\/\\\/www.tatamixstore.com\\\/de\\\/produkt\\\/achteckiger-bausatz-2-5cm-ot25j\\\/\"]}]},{\"@type\":\"ImageObject\",\"inLanguage\":\"de\",\"@id\":\"https:\\\/\\\/www.tatamixstore.com\\\/de\\\/produkt\\\/achteckiger-bausatz-2-5cm-ot25j\\\/#primaryimage\",\"url\":\"https:\\\/\\\/www.tatamixstore.com\\\/wp-content\\\/uploads\\\/2024\\\/06\\\/1004-1.jpg\",\"contentUrl\":\"https:\\\/\\\/www.tatamixstore.com\\\/wp-content\\\/uploads\\\/2024\\\/06\\\/1004-1.jpg\",\"width\":800,\"height\":800},{\"@type\":\"BreadcrumbList\",\"@id\":\"https:\\\/\\\/www.tatamixstore.com\\\/de\\\/produkt\\\/achteckiger-bausatz-2-5cm-ot25j\\\/#breadcrumb\",\"itemListElement\":[{\"@type\":\"ListItem\",\"position\":1,\"name\":\"Home\",\"item\":\"https:\\\/\\\/www.tatamixstore.com\\\/de\\\/\"},{\"@type\":\"ListItem\",\"position\":2,\"name\":\"Shop\",\"item\":\"https:\\\/\\\/www.tatamixstore.com\\\/store\\\/\"},{\"@type\":\"ListItem\",\"position\":3,\"name\":\"Achteckiger Bausatz 2.5cm &#8211; OT25J\"}]},{\"@type\":\"WebSite\",\"@id\":\"https:\\\/\\\/www.tatamixstore.com\\\/de\\\/#website\",\"url\":\"https:\\\/\\\/www.tatamixstore.com\\\/de\\\/\",\"name\":\"Tatamix Store\",\"description\":\"\",\"publisher\":{\"@id\":\"https:\\\/\\\/www.tatamixstore.com\\\/de\\\/#organization\"},\"potentialAction\":[{\"@type\":\"SearchAction\",\"target\":{\"@type\":\"EntryPoint\",\"urlTemplate\":\"https:\\\/\\\/www.tatamixstore.com\\\/de\\\/?s={search_term_string}\"},\"query-input\":{\"@type\":\"PropertyValueSpecification\",\"valueRequired\":true,\"valueName\":\"search_term_string\"}}],\"inLanguage\":\"de\"},{\"@type\":\"Organization\",\"@id\":\"https:\\\/\\\/www.tatamixstore.com\\\/de\\\/#organization\",\"name\":\"Tatamix Store\",\"url\":\"https:\\\/\\\/www.tatamixstore.com\\\/de\\\/\",\"logo\":{\"@type\":\"ImageObject\",\"inLanguage\":\"de\",\"@id\":\"https:\\\/\\\/www.tatamixstore.com\\\/de\\\/#\\\/schema\\\/logo\\\/image\\\/\",\"url\":\"https:\\\/\\\/www.tatamixstore.com\\\/wp-content\\\/uploads\\\/2024\\\/02\\\/logo-transparant.png\",\"contentUrl\":\"https:\\\/\\\/www.tatamixstore.com\\\/wp-content\\\/uploads\\\/2024\\\/02\\\/logo-transparant.png\",\"width\":492,\"height\":89,\"caption\":\"Tatamix Store\"},\"image\":{\"@id\":\"https:\\\/\\\/www.tatamixstore.com\\\/de\\\/#\\\/schema\\\/logo\\\/image\\\/\"}}]}<\/script>\n<!-- \/ Yoast SEO plugin. -->","yoast_head_json":{"title":"Achteckiger Bausatz 2.5cm - OT25J - Tatamixstore","robots":{"index":"index","follow":"follow","max-snippet":"max-snippet:-1","max-image-preview":"max-image-preview:large","max-video-preview":"max-video-preview:-1"},"canonical":"https:\/\/www.tatamixstore.com\/de\/produkt\/achteckiger-bausatz-2-5cm-ot25j\/","og_locale":"de_DE","og_type":"article","og_title":"Achteckiger Bausatz 2.5cm - OT25J - Tatamixstore","og_description":"Achteckiger Bausatz f\u00fcr das Modell T25JY. KIT 8 St\u00fcck: F\u00fcr Fl\u00e4che 10x10mt KIT 12 St\u00fcck: F\u00fcr eine Fl\u00e4che von 12x12mt [&hellip;]","og_url":"https:\/\/www.tatamixstore.com\/de\/produkt\/achteckiger-bausatz-2-5cm-ot25j\/","og_site_name":"Tatamixstore","og_image":[{"width":800,"height":800,"url":"https:\/\/www.tatamixstore.com\/wp-content\/uploads\/2024\/06\/1004-1.jpg","type":"image\/jpeg"}],"twitter_card":"summary_large_image","schema":{"@context":"https:\/\/schema.org","@graph":[{"@type":"WebPage","@id":"https:\/\/www.tatamixstore.com\/de\/produkt\/achteckiger-bausatz-2-5cm-ot25j\/","url":"https:\/\/www.tatamixstore.com\/de\/produkt\/achteckiger-bausatz-2-5cm-ot25j\/","name":"Achteckiger Bausatz 2.5cm - OT25J - Tatamixstore","isPartOf":{"@id":"https:\/\/www.tatamixstore.com\/de\/#website"},"primaryImageOfPage":{"@id":"https:\/\/www.tatamixstore.com\/de\/produkt\/achteckiger-bausatz-2-5cm-ot25j\/#primaryimage"},"image":{"@id":"https:\/\/www.tatamixstore.com\/de\/produkt\/achteckiger-bausatz-2-5cm-ot25j\/#primaryimage"},"thumbnailUrl":"https:\/\/www.tatamixstore.com\/wp-content\/uploads\/2024\/06\/1004-1.jpg","datePublished":"2020-06-10T17:31:07+00:00","breadcrumb":{"@id":"https:\/\/www.tatamixstore.com\/de\/produkt\/achteckiger-bausatz-2-5cm-ot25j\/#breadcrumb"},"inLanguage":"de","potentialAction":[{"@type":"ReadAction","target":["https:\/\/www.tatamixstore.com\/de\/produkt\/achteckiger-bausatz-2-5cm-ot25j\/"]}]},{"@type":"ImageObject","inLanguage":"de","@id":"https:\/\/www.tatamixstore.com\/de\/produkt\/achteckiger-bausatz-2-5cm-ot25j\/#primaryimage","url":"https:\/\/www.tatamixstore.com\/wp-content\/uploads\/2024\/06\/1004-1.jpg","contentUrl":"https:\/\/www.tatamixstore.com\/wp-content\/uploads\/2024\/06\/1004-1.jpg","width":800,"height":800},{"@type":"BreadcrumbList","@id":"https:\/\/www.tatamixstore.com\/de\/produkt\/achteckiger-bausatz-2-5cm-ot25j\/#breadcrumb","itemListElement":[{"@type":"ListItem","position":1,"name":"Home","item":"https:\/\/www.tatamixstore.com\/de\/"},{"@type":"ListItem","position":2,"name":"Shop","item":"https:\/\/www.tatamixstore.com\/store\/"},{"@type":"ListItem","position":3,"name":"Achteckiger Bausatz 2.5cm &#8211; OT25J"}]},{"@type":"WebSite","@id":"https:\/\/www.tatamixstore.com\/de\/#website","url":"https:\/\/www.tatamixstore.com\/de\/","name":"Tatamix Store","description":"","publisher":{"@id":"https:\/\/www.tatamixstore.com\/de\/#organization"},"potentialAction":[{"@type":"SearchAction","target":{"@type":"EntryPoint","urlTemplate":"https:\/\/www.tatamixstore.com\/de\/?s={search_term_string}"},"query-input":{"@type":"PropertyValueSpecification","valueRequired":true,"valueName":"search_term_string"}}],"inLanguage":"de"},{"@type":"Organization","@id":"https:\/\/www.tatamixstore.com\/de\/#organization","name":"Tatamix Store","url":"https:\/\/www.tatamixstore.com\/de\/","logo":{"@type":"ImageObject","inLanguage":"de","@id":"https:\/\/www.tatamixstore.com\/de\/#\/schema\/logo\/image\/","url":"https:\/\/www.tatamixstore.com\/wp-content\/uploads\/2024\/02\/logo-transparant.png","contentUrl":"https:\/\/www.tatamixstore.com\/wp-content\/uploads\/2024\/02\/logo-transparant.png","width":492,"height":89,"caption":"Tatamix Store"},"image":{"@id":"https:\/\/www.tatamixstore.com\/de\/#\/schema\/logo\/image\/"}}]}},"_links":{"self":[{"href":"https:\/\/www.tatamixstore.com\/de\/wp-json\/wp\/v2\/product\/20700","targetHints":{"allow":["GET"]}}],"collection":[{"href":"https:\/\/www.tatamixstore.com\/de\/wp-json\/wp\/v2\/product"}],"about":[{"href":"https:\/\/www.tatamixstore.com\/de\/wp-json\/wp\/v2\/types\/product"}],"replies":[{"embeddable":true,"href":"https:\/\/www.tatamixstore.com\/de\/wp-json\/wp\/v2\/comments?post=20700"}],"wp:featuredmedia":[{"embeddable":true,"href":"https:\/\/www.tatamixstore.com\/de\/wp-json\/wp\/v2\/media\/17629"}],"wp:attachment":[{"href":"https:\/\/www.tatamixstore.com\/de\/wp-json\/wp\/v2\/media?parent=20700"}],"wp:term":[{"taxonomy":"product_brand","embeddable":true,"href":"https:\/\/www.tatamixstore.com\/de\/wp-json\/wp\/v2\/product_brand?post=20700"},{"taxonomy":"product_cat","embeddable":true,"href":"https:\/\/www.tatamixstore.com\/de\/wp-json\/wp\/v2\/product_cat?post=20700"},{"taxonomy":"product_tag","embeddable":true,"href":"https:\/\/www.tatamixstore.com\/de\/wp-json\/wp\/v2\/product_tag?post=20700"}],"curies":[{"name":"wp","href":"https:\/\/api.w.org\/{rel}","templated":true}]}}