{"id":20773,"date":"2020-06-05T14:32:08","date_gmt":"2020-06-05T14:32:08","guid":{"rendered":"https:\/\/stage.tatamixstore.com\/product\/crossfit-tatami-mit-hoher-dichte-2cm-cr20j\/"},"modified":"2020-06-05T14:32:08","modified_gmt":"2020-06-05T14:32:08","slug":"crossfit-tatami-mit-hoher-dichte-2cm-cr20j","status":"publish","type":"product","link":"https:\/\/www.tatamixstore.com\/de\/produkt\/crossfit-tatami-mit-hoher-dichte-2cm-cr20j\/","title":{"rendered":"Crossfit Tatami mit hoher Dichte 2cm &#8211; CR20J"},"content":{"rendered":"<p>Hergestellt aus einer neuen expandierten Gummi\/EVA-Mischung mit hochdichten geschlossenen Zellen. Hohe Strapazierf\u00e4higkeit, wasserfest, extrem stark und langlebig. Es wird f\u00fcr die Erstellung von B\u00f6den empfohlen, auf denen Turnger\u00e4te und -ausr\u00fcstungen aufgestellt werden k\u00f6nnen, die auch mit Turnschuhen verwendet werden k\u00f6nnen. Erh\u00e4ltlich in den St\u00e4rken 1cm und 2cm. Inklusive Rahmen zum Schlie\u00dfen des Bereichs. Version 1 cm dick (CR10J) NICHT UMKEHRBAR.  <strong>USE: Hochverdichteter Bodenbelag f\u00fcr Fitnessstudios.<\/strong> <b>Achtung: nicht geeignet f\u00fcr Gewichtheben und Kraftdreikampf<\/b><\/p>\n","protected":false},"excerpt":{"rendered":"<p>Hergestellt aus einer neuen expandierten Gummi\/EVA-Mischung mit hochdichten geschlossenen Zellen. Hohe Strapazierf\u00e4higkeit, wasserfest, extrem stark und langlebig. Es wird f\u00fcr [&hellip;]<\/p>\n","protected":false},"featured_media":16657,"comment_status":"closed","ping_status":"closed","template":"","meta":{"_acf_changed":false},"product_brand":[],"product_cat":[2702,2817,2782,2727,2807],"product_tag":[4196,4775,3928,3885,4090,4195,4731,4774],"class_list":{"0":"post-20773","1":"product","2":"type-product","3":"status-publish","4":"has-post-thumbnail","6":"product_cat-andere-matten","7":"product_cat-eva-dicke-2-cm","8":"product_cat-gummipuzzlematte","9":"product_cat-tatami-puzzle-mats","10":"product_cat-tatami-puzzle-eva-schaum","11":"product_tag-caoutchouc-de","12":"product_tag-cr20j-de","13":"product_tag-crossfit-de","14":"product_tag-eva-de","15":"product_tag-fitnessstudio","16":"product_tag-haute-resistance-de","17":"product_tag-hochste-dichte","18":"product_tag-sol-solide-de","20":"first","21":"instock","22":"taxable","23":"shipping-taxable","24":"product-type-simple"},"acf":[],"yoast_head":"<!-- This site is optimized with the Yoast SEO plugin v27.3 - https:\/\/yoast.com\/product\/yoast-seo-wordpress\/ -->\n<title>Crossfit Tatami mit hoher Dichte 2cm - CR20J - Tatamixstore<\/title>\n<meta name=\"robots\" content=\"index, follow, max-snippet:-1, max-image-preview:large, max-video-preview:-1\" \/>\n<link rel=\"canonical\" href=\"https:\/\/www.tatamixstore.com\/de\/produkt\/crossfit-tatami-mit-hoher-dichte-2cm-cr20j\/\" \/>\n<meta property=\"og:locale\" content=\"de_DE\" \/>\n<meta property=\"og:type\" content=\"article\" \/>\n<meta property=\"og:title\" content=\"Crossfit Tatami mit hoher Dichte 2cm - CR20J - Tatamixstore\" \/>\n<meta property=\"og:description\" content=\"Hergestellt aus einer neuen expandierten Gummi\/EVA-Mischung mit hochdichten geschlossenen Zellen. Hohe Strapazierf\u00e4higkeit, wasserfest, extrem stark und langlebig. Es wird f\u00fcr [&hellip;]\" \/>\n<meta property=\"og:url\" content=\"https:\/\/www.tatamixstore.com\/de\/produkt\/crossfit-tatami-mit-hoher-dichte-2cm-cr20j\/\" \/>\n<meta property=\"og:site_name\" content=\"Tatamixstore\" \/>\n<meta property=\"og:image\" content=\"https:\/\/www.tatamixstore.com\/wp-content\/uploads\/2024\/06\/224-1.jpg\" \/>\n\t<meta property=\"og:image:width\" content=\"800\" \/>\n\t<meta property=\"og:image:height\" content=\"800\" \/>\n\t<meta property=\"og:image:type\" content=\"image\/jpeg\" \/>\n<meta name=\"twitter:card\" content=\"summary_large_image\" \/>\n<script type=\"application\/ld+json\" class=\"yoast-schema-graph\">{\"@context\":\"https:\\\/\\\/schema.org\",\"@graph\":[{\"@type\":\"WebPage\",\"@id\":\"https:\\\/\\\/www.tatamixstore.com\\\/de\\\/produkt\\\/crossfit-tatami-mit-hoher-dichte-2cm-cr20j\\\/\",\"url\":\"https:\\\/\\\/www.tatamixstore.com\\\/de\\\/produkt\\\/crossfit-tatami-mit-hoher-dichte-2cm-cr20j\\\/\",\"name\":\"Crossfit Tatami mit hoher Dichte 2cm - CR20J - Tatamixstore\",\"isPartOf\":{\"@id\":\"https:\\\/\\\/www.tatamixstore.com\\\/de\\\/#website\"},\"primaryImageOfPage\":{\"@id\":\"https:\\\/\\\/www.tatamixstore.com\\\/de\\\/produkt\\\/crossfit-tatami-mit-hoher-dichte-2cm-cr20j\\\/#primaryimage\"},\"image\":{\"@id\":\"https:\\\/\\\/www.tatamixstore.com\\\/de\\\/produkt\\\/crossfit-tatami-mit-hoher-dichte-2cm-cr20j\\\/#primaryimage\"},\"thumbnailUrl\":\"https:\\\/\\\/www.tatamixstore.com\\\/wp-content\\\/uploads\\\/2024\\\/06\\\/224-1.jpg\",\"datePublished\":\"2020-06-05T14:32:08+00:00\",\"breadcrumb\":{\"@id\":\"https:\\\/\\\/www.tatamixstore.com\\\/de\\\/produkt\\\/crossfit-tatami-mit-hoher-dichte-2cm-cr20j\\\/#breadcrumb\"},\"inLanguage\":\"de\",\"potentialAction\":[{\"@type\":\"ReadAction\",\"target\":[\"https:\\\/\\\/www.tatamixstore.com\\\/de\\\/produkt\\\/crossfit-tatami-mit-hoher-dichte-2cm-cr20j\\\/\"]}]},{\"@type\":\"ImageObject\",\"inLanguage\":\"de\",\"@id\":\"https:\\\/\\\/www.tatamixstore.com\\\/de\\\/produkt\\\/crossfit-tatami-mit-hoher-dichte-2cm-cr20j\\\/#primaryimage\",\"url\":\"https:\\\/\\\/www.tatamixstore.com\\\/wp-content\\\/uploads\\\/2024\\\/06\\\/224-1.jpg\",\"contentUrl\":\"https:\\\/\\\/www.tatamixstore.com\\\/wp-content\\\/uploads\\\/2024\\\/06\\\/224-1.jpg\",\"width\":800,\"height\":800},{\"@type\":\"BreadcrumbList\",\"@id\":\"https:\\\/\\\/www.tatamixstore.com\\\/de\\\/produkt\\\/crossfit-tatami-mit-hoher-dichte-2cm-cr20j\\\/#breadcrumb\",\"itemListElement\":[{\"@type\":\"ListItem\",\"position\":1,\"name\":\"Home\",\"item\":\"https:\\\/\\\/www.tatamixstore.com\\\/de\\\/\"},{\"@type\":\"ListItem\",\"position\":2,\"name\":\"Shop\",\"item\":\"https:\\\/\\\/www.tatamixstore.com\\\/store\\\/\"},{\"@type\":\"ListItem\",\"position\":3,\"name\":\"Crossfit Tatami mit hoher Dichte 2cm &#8211; CR20J\"}]},{\"@type\":\"WebSite\",\"@id\":\"https:\\\/\\\/www.tatamixstore.com\\\/de\\\/#website\",\"url\":\"https:\\\/\\\/www.tatamixstore.com\\\/de\\\/\",\"name\":\"Tatamix Store\",\"description\":\"\",\"publisher\":{\"@id\":\"https:\\\/\\\/www.tatamixstore.com\\\/de\\\/#organization\"},\"potentialAction\":[{\"@type\":\"SearchAction\",\"target\":{\"@type\":\"EntryPoint\",\"urlTemplate\":\"https:\\\/\\\/www.tatamixstore.com\\\/de\\\/?s={search_term_string}\"},\"query-input\":{\"@type\":\"PropertyValueSpecification\",\"valueRequired\":true,\"valueName\":\"search_term_string\"}}],\"inLanguage\":\"de\"},{\"@type\":\"Organization\",\"@id\":\"https:\\\/\\\/www.tatamixstore.com\\\/de\\\/#organization\",\"name\":\"Tatamix Store\",\"url\":\"https:\\\/\\\/www.tatamixstore.com\\\/de\\\/\",\"logo\":{\"@type\":\"ImageObject\",\"inLanguage\":\"de\",\"@id\":\"https:\\\/\\\/www.tatamixstore.com\\\/de\\\/#\\\/schema\\\/logo\\\/image\\\/\",\"url\":\"https:\\\/\\\/www.tatamixstore.com\\\/wp-content\\\/uploads\\\/2024\\\/02\\\/logo-transparant.png\",\"contentUrl\":\"https:\\\/\\\/www.tatamixstore.com\\\/wp-content\\\/uploads\\\/2024\\\/02\\\/logo-transparant.png\",\"width\":492,\"height\":89,\"caption\":\"Tatamix Store\"},\"image\":{\"@id\":\"https:\\\/\\\/www.tatamixstore.com\\\/de\\\/#\\\/schema\\\/logo\\\/image\\\/\"}}]}<\/script>\n<!-- \/ Yoast SEO plugin. -->","yoast_head_json":{"title":"Crossfit Tatami mit hoher Dichte 2cm - CR20J - Tatamixstore","robots":{"index":"index","follow":"follow","max-snippet":"max-snippet:-1","max-image-preview":"max-image-preview:large","max-video-preview":"max-video-preview:-1"},"canonical":"https:\/\/www.tatamixstore.com\/de\/produkt\/crossfit-tatami-mit-hoher-dichte-2cm-cr20j\/","og_locale":"de_DE","og_type":"article","og_title":"Crossfit Tatami mit hoher Dichte 2cm - CR20J - Tatamixstore","og_description":"Hergestellt aus einer neuen expandierten Gummi\/EVA-Mischung mit hochdichten geschlossenen Zellen. Hohe Strapazierf\u00e4higkeit, wasserfest, extrem stark und langlebig. Es wird f\u00fcr [&hellip;]","og_url":"https:\/\/www.tatamixstore.com\/de\/produkt\/crossfit-tatami-mit-hoher-dichte-2cm-cr20j\/","og_site_name":"Tatamixstore","og_image":[{"width":800,"height":800,"url":"https:\/\/www.tatamixstore.com\/wp-content\/uploads\/2024\/06\/224-1.jpg","type":"image\/jpeg"}],"twitter_card":"summary_large_image","schema":{"@context":"https:\/\/schema.org","@graph":[{"@type":"WebPage","@id":"https:\/\/www.tatamixstore.com\/de\/produkt\/crossfit-tatami-mit-hoher-dichte-2cm-cr20j\/","url":"https:\/\/www.tatamixstore.com\/de\/produkt\/crossfit-tatami-mit-hoher-dichte-2cm-cr20j\/","name":"Crossfit Tatami mit hoher Dichte 2cm - CR20J - Tatamixstore","isPartOf":{"@id":"https:\/\/www.tatamixstore.com\/de\/#website"},"primaryImageOfPage":{"@id":"https:\/\/www.tatamixstore.com\/de\/produkt\/crossfit-tatami-mit-hoher-dichte-2cm-cr20j\/#primaryimage"},"image":{"@id":"https:\/\/www.tatamixstore.com\/de\/produkt\/crossfit-tatami-mit-hoher-dichte-2cm-cr20j\/#primaryimage"},"thumbnailUrl":"https:\/\/www.tatamixstore.com\/wp-content\/uploads\/2024\/06\/224-1.jpg","datePublished":"2020-06-05T14:32:08+00:00","breadcrumb":{"@id":"https:\/\/www.tatamixstore.com\/de\/produkt\/crossfit-tatami-mit-hoher-dichte-2cm-cr20j\/#breadcrumb"},"inLanguage":"de","potentialAction":[{"@type":"ReadAction","target":["https:\/\/www.tatamixstore.com\/de\/produkt\/crossfit-tatami-mit-hoher-dichte-2cm-cr20j\/"]}]},{"@type":"ImageObject","inLanguage":"de","@id":"https:\/\/www.tatamixstore.com\/de\/produkt\/crossfit-tatami-mit-hoher-dichte-2cm-cr20j\/#primaryimage","url":"https:\/\/www.tatamixstore.com\/wp-content\/uploads\/2024\/06\/224-1.jpg","contentUrl":"https:\/\/www.tatamixstore.com\/wp-content\/uploads\/2024\/06\/224-1.jpg","width":800,"height":800},{"@type":"BreadcrumbList","@id":"https:\/\/www.tatamixstore.com\/de\/produkt\/crossfit-tatami-mit-hoher-dichte-2cm-cr20j\/#breadcrumb","itemListElement":[{"@type":"ListItem","position":1,"name":"Home","item":"https:\/\/www.tatamixstore.com\/de\/"},{"@type":"ListItem","position":2,"name":"Shop","item":"https:\/\/www.tatamixstore.com\/store\/"},{"@type":"ListItem","position":3,"name":"Crossfit Tatami mit hoher Dichte 2cm &#8211; CR20J"}]},{"@type":"WebSite","@id":"https:\/\/www.tatamixstore.com\/de\/#website","url":"https:\/\/www.tatamixstore.com\/de\/","name":"Tatamix Store","description":"","publisher":{"@id":"https:\/\/www.tatamixstore.com\/de\/#organization"},"potentialAction":[{"@type":"SearchAction","target":{"@type":"EntryPoint","urlTemplate":"https:\/\/www.tatamixstore.com\/de\/?s={search_term_string}"},"query-input":{"@type":"PropertyValueSpecification","valueRequired":true,"valueName":"search_term_string"}}],"inLanguage":"de"},{"@type":"Organization","@id":"https:\/\/www.tatamixstore.com\/de\/#organization","name":"Tatamix Store","url":"https:\/\/www.tatamixstore.com\/de\/","logo":{"@type":"ImageObject","inLanguage":"de","@id":"https:\/\/www.tatamixstore.com\/de\/#\/schema\/logo\/image\/","url":"https:\/\/www.tatamixstore.com\/wp-content\/uploads\/2024\/02\/logo-transparant.png","contentUrl":"https:\/\/www.tatamixstore.com\/wp-content\/uploads\/2024\/02\/logo-transparant.png","width":492,"height":89,"caption":"Tatamix Store"},"image":{"@id":"https:\/\/www.tatamixstore.com\/de\/#\/schema\/logo\/image\/"}}]}},"_links":{"self":[{"href":"https:\/\/www.tatamixstore.com\/de\/wp-json\/wp\/v2\/product\/20773","targetHints":{"allow":["GET"]}}],"collection":[{"href":"https:\/\/www.tatamixstore.com\/de\/wp-json\/wp\/v2\/product"}],"about":[{"href":"https:\/\/www.tatamixstore.com\/de\/wp-json\/wp\/v2\/types\/product"}],"replies":[{"embeddable":true,"href":"https:\/\/www.tatamixstore.com\/de\/wp-json\/wp\/v2\/comments?post=20773"}],"wp:featuredmedia":[{"embeddable":true,"href":"https:\/\/www.tatamixstore.com\/de\/wp-json\/wp\/v2\/media\/16657"}],"wp:attachment":[{"href":"https:\/\/www.tatamixstore.com\/de\/wp-json\/wp\/v2\/media?parent=20773"}],"wp:term":[{"taxonomy":"product_brand","embeddable":true,"href":"https:\/\/www.tatamixstore.com\/de\/wp-json\/wp\/v2\/product_brand?post=20773"},{"taxonomy":"product_cat","embeddable":true,"href":"https:\/\/www.tatamixstore.com\/de\/wp-json\/wp\/v2\/product_cat?post=20773"},{"taxonomy":"product_tag","embeddable":true,"href":"https:\/\/www.tatamixstore.com\/de\/wp-json\/wp\/v2\/product_tag?post=20773"}],"curies":[{"name":"wp","href":"https:\/\/api.w.org\/{rel}","templated":true}]}}