{"id":20776,"date":"2020-06-05T15:37:26","date_gmt":"2020-06-05T15:37:26","guid":{"rendered":"https:\/\/stage.tatamixstore.com\/product\/tatami-4cm-en71-lc40x\/"},"modified":"2020-06-05T15:37:26","modified_gmt":"2020-06-05T15:37:26","slug":"tatami-4cm-en71-lc40x","status":"publish","type":"product","link":"https:\/\/www.tatamixstore.com\/de\/produkt\/tatami-4cm-en71-lc40x\/","title":{"rendered":"Tatami 4cm EN71 &#8211; LC40X"},"content":{"rendered":"<p>Hergestellt aus expandiertem EVA (Ethylenvinylacetat), einem geschlossenzelligen, monodichten Material mit hoher Haltbarkeit, Wasserbest\u00e4ndigkeit und ausgezeichneter Elastizit\u00e4t. R\u00e4ume, die f\u00fcr Gymnastik, Aerobic, Yoga, Pilates und Schulhof geeignet sind. Inklusive Rahmen zum Schlie\u00dfen des Bereichs. EN71-1 2\/3, CADMIUM, Phthalate<\/p>\n","protected":false},"excerpt":{"rendered":"<p>Hergestellt aus expandiertem EVA (Ethylenvinylacetat), einem geschlossenzelligen, monodichten Material mit hoher Haltbarkeit, Wasserbest\u00e4ndigkeit und ausgezeichneter Elastizit\u00e4t. R\u00e4ume, die f\u00fcr Gymnastik, [&hellip;]<\/p>\n","protected":false},"featured_media":16729,"comment_status":"closed","ping_status":"open","template":"","meta":{"_acf_changed":false},"product_brand":[],"product_cat":[2827,2727,2802,2807],"product_tag":[4779,4765,4025,4023,4056,4781,4247,4057,4011],"class_list":{"0":"post-20776","1":"product","2":"type-product","3":"status-publish","4":"has-post-thumbnail","6":"product_cat-eva-dicke-4-5-cm","7":"product_cat-tatami-puzzle-mats","8":"product_cat-tatami-puzzle-4-cm-de","9":"product_cat-tatami-puzzle-eva-schaum","10":"product_tag-aerobic-de","11":"product_tag-de71","12":"product_tag-ecole-de","13":"product_tag-enfants-de","14":"product_tag-gymnastik-de","15":"product_tag-lc40x-de","16":"product_tag-nicht-toxisch-de","17":"product_tag-pilates-de","18":"product_tag-yoga-de","20":"first","21":"instock","22":"taxable","23":"shipping-taxable","24":"product-type-simple"},"acf":[],"yoast_head":"<!-- This site is optimized with the Yoast SEO plugin v27.3 - https:\/\/yoast.com\/product\/yoast-seo-wordpress\/ -->\n<title>Tatami 4cm EN71 - LC40X - Tatamixstore<\/title>\n<meta name=\"robots\" content=\"index, follow, max-snippet:-1, max-image-preview:large, max-video-preview:-1\" \/>\n<link rel=\"canonical\" href=\"https:\/\/www.tatamixstore.com\/de\/produkt\/tatami-4cm-en71-lc40x\/\" \/>\n<meta property=\"og:locale\" content=\"de_DE\" \/>\n<meta property=\"og:type\" content=\"article\" \/>\n<meta property=\"og:title\" content=\"Tatami 4cm EN71 - LC40X - Tatamixstore\" \/>\n<meta property=\"og:description\" content=\"Hergestellt aus expandiertem EVA (Ethylenvinylacetat), einem geschlossenzelligen, monodichten Material mit hoher Haltbarkeit, Wasserbest\u00e4ndigkeit und ausgezeichneter Elastizit\u00e4t. R\u00e4ume, die f\u00fcr Gymnastik, [&hellip;]\" \/>\n<meta property=\"og:url\" content=\"https:\/\/www.tatamixstore.com\/de\/produkt\/tatami-4cm-en71-lc40x\/\" \/>\n<meta property=\"og:site_name\" content=\"Tatamixstore\" \/>\n<meta property=\"og:image\" content=\"https:\/\/www.tatamixstore.com\/wp-content\/uploads\/2024\/06\/235-1.jpg\" \/>\n\t<meta property=\"og:image:width\" content=\"800\" \/>\n\t<meta property=\"og:image:height\" content=\"800\" \/>\n\t<meta property=\"og:image:type\" content=\"image\/jpeg\" \/>\n<meta name=\"twitter:card\" content=\"summary_large_image\" \/>\n<script type=\"application\/ld+json\" class=\"yoast-schema-graph\">{\"@context\":\"https:\\\/\\\/schema.org\",\"@graph\":[{\"@type\":\"WebPage\",\"@id\":\"https:\\\/\\\/www.tatamixstore.com\\\/de\\\/produkt\\\/tatami-4cm-en71-lc40x\\\/\",\"url\":\"https:\\\/\\\/www.tatamixstore.com\\\/de\\\/produkt\\\/tatami-4cm-en71-lc40x\\\/\",\"name\":\"Tatami 4cm EN71 - LC40X - Tatamixstore\",\"isPartOf\":{\"@id\":\"https:\\\/\\\/www.tatamixstore.com\\\/de\\\/#website\"},\"primaryImageOfPage\":{\"@id\":\"https:\\\/\\\/www.tatamixstore.com\\\/de\\\/produkt\\\/tatami-4cm-en71-lc40x\\\/#primaryimage\"},\"image\":{\"@id\":\"https:\\\/\\\/www.tatamixstore.com\\\/de\\\/produkt\\\/tatami-4cm-en71-lc40x\\\/#primaryimage\"},\"thumbnailUrl\":\"https:\\\/\\\/www.tatamixstore.com\\\/wp-content\\\/uploads\\\/2024\\\/06\\\/235-1.jpg\",\"datePublished\":\"2020-06-05T15:37:26+00:00\",\"breadcrumb\":{\"@id\":\"https:\\\/\\\/www.tatamixstore.com\\\/de\\\/produkt\\\/tatami-4cm-en71-lc40x\\\/#breadcrumb\"},\"inLanguage\":\"de\",\"potentialAction\":[{\"@type\":\"ReadAction\",\"target\":[\"https:\\\/\\\/www.tatamixstore.com\\\/de\\\/produkt\\\/tatami-4cm-en71-lc40x\\\/\"]}]},{\"@type\":\"ImageObject\",\"inLanguage\":\"de\",\"@id\":\"https:\\\/\\\/www.tatamixstore.com\\\/de\\\/produkt\\\/tatami-4cm-en71-lc40x\\\/#primaryimage\",\"url\":\"https:\\\/\\\/www.tatamixstore.com\\\/wp-content\\\/uploads\\\/2024\\\/06\\\/235-1.jpg\",\"contentUrl\":\"https:\\\/\\\/www.tatamixstore.com\\\/wp-content\\\/uploads\\\/2024\\\/06\\\/235-1.jpg\",\"width\":800,\"height\":800},{\"@type\":\"BreadcrumbList\",\"@id\":\"https:\\\/\\\/www.tatamixstore.com\\\/de\\\/produkt\\\/tatami-4cm-en71-lc40x\\\/#breadcrumb\",\"itemListElement\":[{\"@type\":\"ListItem\",\"position\":1,\"name\":\"Home\",\"item\":\"https:\\\/\\\/www.tatamixstore.com\\\/de\\\/\"},{\"@type\":\"ListItem\",\"position\":2,\"name\":\"Shop\",\"item\":\"https:\\\/\\\/www.tatamixstore.com\\\/store\\\/\"},{\"@type\":\"ListItem\",\"position\":3,\"name\":\"Tatami 4cm EN71 &#8211; LC40X\"}]},{\"@type\":\"WebSite\",\"@id\":\"https:\\\/\\\/www.tatamixstore.com\\\/de\\\/#website\",\"url\":\"https:\\\/\\\/www.tatamixstore.com\\\/de\\\/\",\"name\":\"Tatamix Store\",\"description\":\"\",\"publisher\":{\"@id\":\"https:\\\/\\\/www.tatamixstore.com\\\/de\\\/#organization\"},\"potentialAction\":[{\"@type\":\"SearchAction\",\"target\":{\"@type\":\"EntryPoint\",\"urlTemplate\":\"https:\\\/\\\/www.tatamixstore.com\\\/de\\\/?s={search_term_string}\"},\"query-input\":{\"@type\":\"PropertyValueSpecification\",\"valueRequired\":true,\"valueName\":\"search_term_string\"}}],\"inLanguage\":\"de\"},{\"@type\":\"Organization\",\"@id\":\"https:\\\/\\\/www.tatamixstore.com\\\/de\\\/#organization\",\"name\":\"Tatamix Store\",\"url\":\"https:\\\/\\\/www.tatamixstore.com\\\/de\\\/\",\"logo\":{\"@type\":\"ImageObject\",\"inLanguage\":\"de\",\"@id\":\"https:\\\/\\\/www.tatamixstore.com\\\/de\\\/#\\\/schema\\\/logo\\\/image\\\/\",\"url\":\"https:\\\/\\\/www.tatamixstore.com\\\/wp-content\\\/uploads\\\/2024\\\/02\\\/logo-transparant.png\",\"contentUrl\":\"https:\\\/\\\/www.tatamixstore.com\\\/wp-content\\\/uploads\\\/2024\\\/02\\\/logo-transparant.png\",\"width\":492,\"height\":89,\"caption\":\"Tatamix Store\"},\"image\":{\"@id\":\"https:\\\/\\\/www.tatamixstore.com\\\/de\\\/#\\\/schema\\\/logo\\\/image\\\/\"}}]}<\/script>\n<!-- \/ Yoast SEO plugin. -->","yoast_head_json":{"title":"Tatami 4cm EN71 - LC40X - Tatamixstore","robots":{"index":"index","follow":"follow","max-snippet":"max-snippet:-1","max-image-preview":"max-image-preview:large","max-video-preview":"max-video-preview:-1"},"canonical":"https:\/\/www.tatamixstore.com\/de\/produkt\/tatami-4cm-en71-lc40x\/","og_locale":"de_DE","og_type":"article","og_title":"Tatami 4cm EN71 - LC40X - Tatamixstore","og_description":"Hergestellt aus expandiertem EVA (Ethylenvinylacetat), einem geschlossenzelligen, monodichten Material mit hoher Haltbarkeit, Wasserbest\u00e4ndigkeit und ausgezeichneter Elastizit\u00e4t. R\u00e4ume, die f\u00fcr Gymnastik, [&hellip;]","og_url":"https:\/\/www.tatamixstore.com\/de\/produkt\/tatami-4cm-en71-lc40x\/","og_site_name":"Tatamixstore","og_image":[{"width":800,"height":800,"url":"https:\/\/www.tatamixstore.com\/wp-content\/uploads\/2024\/06\/235-1.jpg","type":"image\/jpeg"}],"twitter_card":"summary_large_image","schema":{"@context":"https:\/\/schema.org","@graph":[{"@type":"WebPage","@id":"https:\/\/www.tatamixstore.com\/de\/produkt\/tatami-4cm-en71-lc40x\/","url":"https:\/\/www.tatamixstore.com\/de\/produkt\/tatami-4cm-en71-lc40x\/","name":"Tatami 4cm EN71 - LC40X - Tatamixstore","isPartOf":{"@id":"https:\/\/www.tatamixstore.com\/de\/#website"},"primaryImageOfPage":{"@id":"https:\/\/www.tatamixstore.com\/de\/produkt\/tatami-4cm-en71-lc40x\/#primaryimage"},"image":{"@id":"https:\/\/www.tatamixstore.com\/de\/produkt\/tatami-4cm-en71-lc40x\/#primaryimage"},"thumbnailUrl":"https:\/\/www.tatamixstore.com\/wp-content\/uploads\/2024\/06\/235-1.jpg","datePublished":"2020-06-05T15:37:26+00:00","breadcrumb":{"@id":"https:\/\/www.tatamixstore.com\/de\/produkt\/tatami-4cm-en71-lc40x\/#breadcrumb"},"inLanguage":"de","potentialAction":[{"@type":"ReadAction","target":["https:\/\/www.tatamixstore.com\/de\/produkt\/tatami-4cm-en71-lc40x\/"]}]},{"@type":"ImageObject","inLanguage":"de","@id":"https:\/\/www.tatamixstore.com\/de\/produkt\/tatami-4cm-en71-lc40x\/#primaryimage","url":"https:\/\/www.tatamixstore.com\/wp-content\/uploads\/2024\/06\/235-1.jpg","contentUrl":"https:\/\/www.tatamixstore.com\/wp-content\/uploads\/2024\/06\/235-1.jpg","width":800,"height":800},{"@type":"BreadcrumbList","@id":"https:\/\/www.tatamixstore.com\/de\/produkt\/tatami-4cm-en71-lc40x\/#breadcrumb","itemListElement":[{"@type":"ListItem","position":1,"name":"Home","item":"https:\/\/www.tatamixstore.com\/de\/"},{"@type":"ListItem","position":2,"name":"Shop","item":"https:\/\/www.tatamixstore.com\/store\/"},{"@type":"ListItem","position":3,"name":"Tatami 4cm EN71 &#8211; LC40X"}]},{"@type":"WebSite","@id":"https:\/\/www.tatamixstore.com\/de\/#website","url":"https:\/\/www.tatamixstore.com\/de\/","name":"Tatamix Store","description":"","publisher":{"@id":"https:\/\/www.tatamixstore.com\/de\/#organization"},"potentialAction":[{"@type":"SearchAction","target":{"@type":"EntryPoint","urlTemplate":"https:\/\/www.tatamixstore.com\/de\/?s={search_term_string}"},"query-input":{"@type":"PropertyValueSpecification","valueRequired":true,"valueName":"search_term_string"}}],"inLanguage":"de"},{"@type":"Organization","@id":"https:\/\/www.tatamixstore.com\/de\/#organization","name":"Tatamix Store","url":"https:\/\/www.tatamixstore.com\/de\/","logo":{"@type":"ImageObject","inLanguage":"de","@id":"https:\/\/www.tatamixstore.com\/de\/#\/schema\/logo\/image\/","url":"https:\/\/www.tatamixstore.com\/wp-content\/uploads\/2024\/02\/logo-transparant.png","contentUrl":"https:\/\/www.tatamixstore.com\/wp-content\/uploads\/2024\/02\/logo-transparant.png","width":492,"height":89,"caption":"Tatamix Store"},"image":{"@id":"https:\/\/www.tatamixstore.com\/de\/#\/schema\/logo\/image\/"}}]}},"_links":{"self":[{"href":"https:\/\/www.tatamixstore.com\/de\/wp-json\/wp\/v2\/product\/20776","targetHints":{"allow":["GET"]}}],"collection":[{"href":"https:\/\/www.tatamixstore.com\/de\/wp-json\/wp\/v2\/product"}],"about":[{"href":"https:\/\/www.tatamixstore.com\/de\/wp-json\/wp\/v2\/types\/product"}],"replies":[{"embeddable":true,"href":"https:\/\/www.tatamixstore.com\/de\/wp-json\/wp\/v2\/comments?post=20776"}],"wp:featuredmedia":[{"embeddable":true,"href":"https:\/\/www.tatamixstore.com\/de\/wp-json\/wp\/v2\/media\/16729"}],"wp:attachment":[{"href":"https:\/\/www.tatamixstore.com\/de\/wp-json\/wp\/v2\/media?parent=20776"}],"wp:term":[{"taxonomy":"product_brand","embeddable":true,"href":"https:\/\/www.tatamixstore.com\/de\/wp-json\/wp\/v2\/product_brand?post=20776"},{"taxonomy":"product_cat","embeddable":true,"href":"https:\/\/www.tatamixstore.com\/de\/wp-json\/wp\/v2\/product_cat?post=20776"},{"taxonomy":"product_tag","embeddable":true,"href":"https:\/\/www.tatamixstore.com\/de\/wp-json\/wp\/v2\/product_tag?post=20776"}],"curies":[{"name":"wp","href":"https:\/\/api.w.org\/{rel}","templated":true}]}}