{"id":20785,"date":"2020-06-05T11:02:56","date_gmt":"2020-06-05T11:02:56","guid":{"rendered":"https:\/\/stage.tatamixstore.com\/product\/tatami-gymnastikmatte-cf10j-1cm\/"},"modified":"2020-06-05T11:02:56","modified_gmt":"2020-06-05T11:02:56","slug":"tatami-gymnastikmatte-cf10j-1cm","status":"publish","type":"product","link":"https:\/\/www.tatamixstore.com\/de\/produkt\/tatami-gymnastikmatte-cf10j-1cm\/","title":{"rendered":"Tatami Gymnastikmatte CF10J &#8211; 1cm"},"content":{"rendered":"<p>Hergestellt aus geschlossenzelligem, expandiertem EVA (Ethylen-Vinyl-Acetat); sehr haltbar, wasserabweisend und sehr elastisch. Es ist extrem stark und widerstandsf\u00e4hig und wird f\u00fcr den Bau von Bodenbel\u00e4gen empfohlen, auf denen Sie Maschinen und Fitnessger\u00e4te aufstellen, auch f\u00fcr Sportschuhe geeignet. Erh\u00e4ltlich in den St\u00e4rken 1cm und 2cm. Inklusive Rahmen zum Schlie\u00dfen des Bereichs. Version 1 cm dick (CF10J) NICHT UMKEHRBAR.  <strong>USE: Gymnastikboden mit hohem Widerstand.<\/strong> &nbsp; <b>Warnung: nicht geeignet f\u00fcr Gewichtheben und Kraftdreikampf<\/b><\/p>\n","protected":false},"excerpt":{"rendered":"<p>Hergestellt aus geschlossenzelligem, expandiertem EVA (Ethylen-Vinyl-Acetat); sehr haltbar, wasserabweisend und sehr elastisch. Es ist extrem stark und widerstandsf\u00e4hig und wird [&hellip;]<\/p>\n","protected":false},"featured_media":16549,"comment_status":"closed","ping_status":"closed","template":"","meta":{"_acf_changed":false},"product_brand":[],"product_cat":[2702,2812,2727,2787,2807],"product_tag":[4791,3928,3885,4090,4195,4774],"class_list":{"0":"post-20785","1":"product","2":"type-product","3":"status-publish","4":"has-post-thumbnail","6":"product_cat-andere-matten","7":"product_cat-eva-dicke-1-15-cm","8":"product_cat-tatami-puzzle-mats","9":"product_cat-tatami-puzzle-1-cm-de","10":"product_cat-tatami-puzzle-eva-schaum","11":"product_tag-cf10j-de","12":"product_tag-crossfit-de","13":"product_tag-eva-de","14":"product_tag-fitnessstudio","15":"product_tag-haute-resistance-de","16":"product_tag-sol-solide-de","18":"first","19":"instock","20":"taxable","21":"shipping-taxable","22":"product-type-simple"},"acf":[],"yoast_head":"<!-- This site is optimized with the Yoast SEO plugin v27.2 - https:\/\/yoast.com\/product\/yoast-seo-wordpress\/ -->\n<title>Tatami Gymnastikmatte CF10J - 1cm - Tatamixstore<\/title>\n<meta name=\"robots\" content=\"index, follow, max-snippet:-1, max-image-preview:large, max-video-preview:-1\" \/>\n<link rel=\"canonical\" href=\"https:\/\/www.tatamixstore.com\/de\/produkt\/tatami-gymnastikmatte-cf10j-1cm\/\" \/>\n<meta property=\"og:locale\" content=\"de_DE\" \/>\n<meta property=\"og:type\" content=\"article\" \/>\n<meta property=\"og:title\" content=\"Tatami Gymnastikmatte CF10J - 1cm - Tatamixstore\" \/>\n<meta property=\"og:description\" content=\"Hergestellt aus geschlossenzelligem, expandiertem EVA (Ethylen-Vinyl-Acetat); sehr haltbar, wasserabweisend und sehr elastisch. Es ist extrem stark und widerstandsf\u00e4hig und wird [&hellip;]\" \/>\n<meta property=\"og:url\" content=\"https:\/\/www.tatamixstore.com\/de\/produkt\/tatami-gymnastikmatte-cf10j-1cm\/\" \/>\n<meta property=\"og:site_name\" content=\"Tatamixstore\" \/>\n<meta property=\"og:image\" content=\"https:\/\/www.tatamixstore.com\/wp-content\/uploads\/2024\/06\/197-1.jpg\" \/>\n\t<meta property=\"og:image:width\" content=\"600\" \/>\n\t<meta property=\"og:image:height\" content=\"600\" \/>\n\t<meta property=\"og:image:type\" content=\"image\/jpeg\" \/>\n<meta name=\"twitter:card\" content=\"summary_large_image\" \/>\n<script type=\"application\/ld+json\" class=\"yoast-schema-graph\">{\"@context\":\"https:\/\/schema.org\",\"@graph\":[{\"@type\":\"WebPage\",\"@id\":\"https:\/\/www.tatamixstore.com\/de\/produkt\/tatami-gymnastikmatte-cf10j-1cm\/\",\"url\":\"https:\/\/www.tatamixstore.com\/de\/produkt\/tatami-gymnastikmatte-cf10j-1cm\/\",\"name\":\"Tatami Gymnastikmatte CF10J - 1cm - Tatamixstore\",\"isPartOf\":{\"@id\":\"https:\/\/www.tatamixstore.com\/de\/#website\"},\"primaryImageOfPage\":{\"@id\":\"https:\/\/www.tatamixstore.com\/de\/produkt\/tatami-gymnastikmatte-cf10j-1cm\/#primaryimage\"},\"image\":{\"@id\":\"https:\/\/www.tatamixstore.com\/de\/produkt\/tatami-gymnastikmatte-cf10j-1cm\/#primaryimage\"},\"thumbnailUrl\":\"https:\/\/www.tatamixstore.com\/wp-content\/uploads\/2024\/06\/197-1.jpg\",\"datePublished\":\"2020-06-05T11:02:56+00:00\",\"breadcrumb\":{\"@id\":\"https:\/\/www.tatamixstore.com\/de\/produkt\/tatami-gymnastikmatte-cf10j-1cm\/#breadcrumb\"},\"inLanguage\":\"de\",\"potentialAction\":[{\"@type\":\"ReadAction\",\"target\":[\"https:\/\/www.tatamixstore.com\/de\/produkt\/tatami-gymnastikmatte-cf10j-1cm\/\"]}]},{\"@type\":\"ImageObject\",\"inLanguage\":\"de\",\"@id\":\"https:\/\/www.tatamixstore.com\/de\/produkt\/tatami-gymnastikmatte-cf10j-1cm\/#primaryimage\",\"url\":\"https:\/\/www.tatamixstore.com\/wp-content\/uploads\/2024\/06\/197-1.jpg\",\"contentUrl\":\"https:\/\/www.tatamixstore.com\/wp-content\/uploads\/2024\/06\/197-1.jpg\",\"width\":600,\"height\":600},{\"@type\":\"BreadcrumbList\",\"@id\":\"https:\/\/www.tatamixstore.com\/de\/produkt\/tatami-gymnastikmatte-cf10j-1cm\/#breadcrumb\",\"itemListElement\":[{\"@type\":\"ListItem\",\"position\":1,\"name\":\"Home\",\"item\":\"https:\/\/www.tatamixstore.com\/de\/\"},{\"@type\":\"ListItem\",\"position\":2,\"name\":\"Shop\",\"item\":\"https:\/\/www.tatamixstore.com\/store\/\"},{\"@type\":\"ListItem\",\"position\":3,\"name\":\"Tatami Gymnastikmatte CF10J &#8211; 1cm\"}]},{\"@type\":\"WebSite\",\"@id\":\"https:\/\/www.tatamixstore.com\/de\/#website\",\"url\":\"https:\/\/www.tatamixstore.com\/de\/\",\"name\":\"Tatamix Store\",\"description\":\"\",\"publisher\":{\"@id\":\"https:\/\/www.tatamixstore.com\/de\/#organization\"},\"potentialAction\":[{\"@type\":\"SearchAction\",\"target\":{\"@type\":\"EntryPoint\",\"urlTemplate\":\"https:\/\/www.tatamixstore.com\/de\/?s={search_term_string}\"},\"query-input\":{\"@type\":\"PropertyValueSpecification\",\"valueRequired\":true,\"valueName\":\"search_term_string\"}}],\"inLanguage\":\"de\"},{\"@type\":\"Organization\",\"@id\":\"https:\/\/www.tatamixstore.com\/de\/#organization\",\"name\":\"Tatamix Store\",\"url\":\"https:\/\/www.tatamixstore.com\/de\/\",\"logo\":{\"@type\":\"ImageObject\",\"inLanguage\":\"de\",\"@id\":\"https:\/\/www.tatamixstore.com\/de\/#\/schema\/logo\/image\/\",\"url\":\"https:\/\/www.tatamixstore.com\/wp-content\/uploads\/2024\/02\/logo-transparant.png\",\"contentUrl\":\"https:\/\/www.tatamixstore.com\/wp-content\/uploads\/2024\/02\/logo-transparant.png\",\"width\":492,\"height\":89,\"caption\":\"Tatamix Store\"},\"image\":{\"@id\":\"https:\/\/www.tatamixstore.com\/de\/#\/schema\/logo\/image\/\"}}]}<\/script>\n<!-- \/ Yoast SEO plugin. -->","yoast_head_json":{"title":"Tatami Gymnastikmatte CF10J - 1cm - Tatamixstore","robots":{"index":"index","follow":"follow","max-snippet":"max-snippet:-1","max-image-preview":"max-image-preview:large","max-video-preview":"max-video-preview:-1"},"canonical":"https:\/\/www.tatamixstore.com\/de\/produkt\/tatami-gymnastikmatte-cf10j-1cm\/","og_locale":"de_DE","og_type":"article","og_title":"Tatami Gymnastikmatte CF10J - 1cm - Tatamixstore","og_description":"Hergestellt aus geschlossenzelligem, expandiertem EVA (Ethylen-Vinyl-Acetat); sehr haltbar, wasserabweisend und sehr elastisch. Es ist extrem stark und widerstandsf\u00e4hig und wird [&hellip;]","og_url":"https:\/\/www.tatamixstore.com\/de\/produkt\/tatami-gymnastikmatte-cf10j-1cm\/","og_site_name":"Tatamixstore","og_image":[{"width":600,"height":600,"url":"https:\/\/www.tatamixstore.com\/wp-content\/uploads\/2024\/06\/197-1.jpg","type":"image\/jpeg"}],"twitter_card":"summary_large_image","schema":{"@context":"https:\/\/schema.org","@graph":[{"@type":"WebPage","@id":"https:\/\/www.tatamixstore.com\/de\/produkt\/tatami-gymnastikmatte-cf10j-1cm\/","url":"https:\/\/www.tatamixstore.com\/de\/produkt\/tatami-gymnastikmatte-cf10j-1cm\/","name":"Tatami Gymnastikmatte CF10J - 1cm - Tatamixstore","isPartOf":{"@id":"https:\/\/www.tatamixstore.com\/de\/#website"},"primaryImageOfPage":{"@id":"https:\/\/www.tatamixstore.com\/de\/produkt\/tatami-gymnastikmatte-cf10j-1cm\/#primaryimage"},"image":{"@id":"https:\/\/www.tatamixstore.com\/de\/produkt\/tatami-gymnastikmatte-cf10j-1cm\/#primaryimage"},"thumbnailUrl":"https:\/\/www.tatamixstore.com\/wp-content\/uploads\/2024\/06\/197-1.jpg","datePublished":"2020-06-05T11:02:56+00:00","breadcrumb":{"@id":"https:\/\/www.tatamixstore.com\/de\/produkt\/tatami-gymnastikmatte-cf10j-1cm\/#breadcrumb"},"inLanguage":"de","potentialAction":[{"@type":"ReadAction","target":["https:\/\/www.tatamixstore.com\/de\/produkt\/tatami-gymnastikmatte-cf10j-1cm\/"]}]},{"@type":"ImageObject","inLanguage":"de","@id":"https:\/\/www.tatamixstore.com\/de\/produkt\/tatami-gymnastikmatte-cf10j-1cm\/#primaryimage","url":"https:\/\/www.tatamixstore.com\/wp-content\/uploads\/2024\/06\/197-1.jpg","contentUrl":"https:\/\/www.tatamixstore.com\/wp-content\/uploads\/2024\/06\/197-1.jpg","width":600,"height":600},{"@type":"BreadcrumbList","@id":"https:\/\/www.tatamixstore.com\/de\/produkt\/tatami-gymnastikmatte-cf10j-1cm\/#breadcrumb","itemListElement":[{"@type":"ListItem","position":1,"name":"Home","item":"https:\/\/www.tatamixstore.com\/de\/"},{"@type":"ListItem","position":2,"name":"Shop","item":"https:\/\/www.tatamixstore.com\/store\/"},{"@type":"ListItem","position":3,"name":"Tatami Gymnastikmatte CF10J &#8211; 1cm"}]},{"@type":"WebSite","@id":"https:\/\/www.tatamixstore.com\/de\/#website","url":"https:\/\/www.tatamixstore.com\/de\/","name":"Tatamix Store","description":"","publisher":{"@id":"https:\/\/www.tatamixstore.com\/de\/#organization"},"potentialAction":[{"@type":"SearchAction","target":{"@type":"EntryPoint","urlTemplate":"https:\/\/www.tatamixstore.com\/de\/?s={search_term_string}"},"query-input":{"@type":"PropertyValueSpecification","valueRequired":true,"valueName":"search_term_string"}}],"inLanguage":"de"},{"@type":"Organization","@id":"https:\/\/www.tatamixstore.com\/de\/#organization","name":"Tatamix Store","url":"https:\/\/www.tatamixstore.com\/de\/","logo":{"@type":"ImageObject","inLanguage":"de","@id":"https:\/\/www.tatamixstore.com\/de\/#\/schema\/logo\/image\/","url":"https:\/\/www.tatamixstore.com\/wp-content\/uploads\/2024\/02\/logo-transparant.png","contentUrl":"https:\/\/www.tatamixstore.com\/wp-content\/uploads\/2024\/02\/logo-transparant.png","width":492,"height":89,"caption":"Tatamix Store"},"image":{"@id":"https:\/\/www.tatamixstore.com\/de\/#\/schema\/logo\/image\/"}}]}},"_links":{"self":[{"href":"https:\/\/www.tatamixstore.com\/de\/wp-json\/wp\/v2\/product\/20785","targetHints":{"allow":["GET"]}}],"collection":[{"href":"https:\/\/www.tatamixstore.com\/de\/wp-json\/wp\/v2\/product"}],"about":[{"href":"https:\/\/www.tatamixstore.com\/de\/wp-json\/wp\/v2\/types\/product"}],"replies":[{"embeddable":true,"href":"https:\/\/www.tatamixstore.com\/de\/wp-json\/wp\/v2\/comments?post=20785"}],"wp:featuredmedia":[{"embeddable":true,"href":"https:\/\/www.tatamixstore.com\/de\/wp-json\/wp\/v2\/media\/16549"}],"wp:attachment":[{"href":"https:\/\/www.tatamixstore.com\/de\/wp-json\/wp\/v2\/media?parent=20785"}],"wp:term":[{"taxonomy":"product_brand","embeddable":true,"href":"https:\/\/www.tatamixstore.com\/de\/wp-json\/wp\/v2\/product_brand?post=20785"},{"taxonomy":"product_cat","embeddable":true,"href":"https:\/\/www.tatamixstore.com\/de\/wp-json\/wp\/v2\/product_cat?post=20785"},{"taxonomy":"product_tag","embeddable":true,"href":"https:\/\/www.tatamixstore.com\/de\/wp-json\/wp\/v2\/product_tag?post=20785"}],"curies":[{"name":"wp","href":"https:\/\/api.w.org\/{rel}","templated":true}]}}