{"id":20799,"date":"2020-06-04T11:57:28","date_gmt":"2020-06-04T11:57:28","guid":{"rendered":"https:\/\/stage.tatamixstore.com\/product\/tatami-taekwondo-wt-geprueft\/"},"modified":"2020-06-04T11:57:28","modified_gmt":"2020-06-04T11:57:28","slug":"tatami-taekwondo-wt-geprueft","status":"publish","type":"product","link":"https:\/\/www.tatamixstore.com\/de\/produkt\/tatami-taekwondo-wt-geprueft\/","title":{"rendered":"Tatami Taekwondo WT Gepr\u00fcft"},"content":{"rendered":"<p>Hergestellt aus expandiertem EVA (Ethylen-Vinyl-Acetat), mit hoher Dichte und geschlossener Zelle, langlebig, wasserabweisend und mit guter Elastizit\u00e4t. Eine hochwertige Tatami, die von der WT-Marke (World Taekwondo Federation) zertifiziert ist, bescheinigt die Verwendung bei offiziellen Wettk\u00e4mpfen. Erh\u00e4ltlich in der Version OCTOGON KIT<a href=\"\/tapis-puzzle\/tatami-mousse-eva\/thickness-eva-25-3-cm\/kit-octogone-25cm-otk25j\">(Klicken Sie hier<\/a>). Rahmen zum Abschlie\u00dfen des Gel\u00e4ndes, einschlie\u00dflich <strong>USE: Professionelles Taekwondo<\/strong><\/p>\n","protected":false},"excerpt":{"rendered":"<p>Hergestellt aus expandiertem EVA (Ethylen-Vinyl-Acetat), mit hoher Dichte und geschlossener Zelle, langlebig, wasserabweisend und mit guter Elastizit\u00e4t. Eine hochwertige Tatami, [&hellip;]<\/p>\n","protected":false},"featured_media":16322,"comment_status":"closed","ping_status":"closed","template":"","meta":{"_acf_changed":false},"product_brand":[],"product_cat":[2822,2752,2762,2767,2772,2727,2792,2807,2777],"product_tag":[4808,3885,4809,3881,4564,4565,4807,4566,4055],"class_list":{"0":"post-20799","1":"product","2":"type-product","3":"status-publish","4":"has-post-thumbnail","6":"product_cat-eva-dicke-25-3-cm","7":"product_cat-kampfsport-puzzle-matte","8":"product_cat-tatami-aikido-de","9":"product_cat-tatami-karate-de","10":"product_cat-tatami-mma-de","11":"product_cat-tatami-puzzle-mats","12":"product_cat-tatami-puzzle-2-cm-de","13":"product_cat-tatami-puzzle-eva-schaum","14":"product_cat-tatami-taekwondo-de","15":"product_tag-amtsblatt","16":"product_tag-eva-de","17":"product_tag-professionnel-de","18":"product_tag-ratsel","19":"product_tag-tk25j-de","20":"product_tag-welt-taekwondo-verband","21":"product_tag-wettkampfe","22":"product_tag-wt-de","23":"product_tag-zertifikat-de","25":"first","26":"instock","27":"taxable","28":"shipping-taxable","29":"product-type-simple"},"acf":[],"yoast_head":"<!-- This site is optimized with the Yoast SEO plugin v27.3 - https:\/\/yoast.com\/product\/yoast-seo-wordpress\/ -->\n<title>Tatami Taekwondo WT Gepr\u00fcft - Tatamixstore<\/title>\n<meta name=\"robots\" content=\"index, follow, max-snippet:-1, max-image-preview:large, max-video-preview:-1\" \/>\n<link rel=\"canonical\" href=\"https:\/\/www.tatamixstore.com\/de\/produkt\/tatami-taekwondo-wt-geprueft\/\" \/>\n<meta property=\"og:locale\" content=\"de_DE\" \/>\n<meta property=\"og:type\" content=\"article\" \/>\n<meta property=\"og:title\" content=\"Tatami Taekwondo WT Gepr\u00fcft - Tatamixstore\" \/>\n<meta property=\"og:description\" content=\"Hergestellt aus expandiertem EVA (Ethylen-Vinyl-Acetat), mit hoher Dichte und geschlossener Zelle, langlebig, wasserabweisend und mit guter Elastizit\u00e4t. Eine hochwertige Tatami, [&hellip;]\" \/>\n<meta property=\"og:url\" content=\"https:\/\/www.tatamixstore.com\/de\/produkt\/tatami-taekwondo-wt-geprueft\/\" \/>\n<meta property=\"og:site_name\" content=\"Tatamixstore\" \/>\n<meta property=\"og:image\" content=\"https:\/\/www.tatamixstore.com\/wp-content\/uploads\/2024\/06\/1021-1.jpg\" \/>\n\t<meta property=\"og:image:width\" content=\"800\" \/>\n\t<meta property=\"og:image:height\" content=\"800\" \/>\n\t<meta property=\"og:image:type\" content=\"image\/jpeg\" \/>\n<meta name=\"twitter:card\" content=\"summary_large_image\" \/>\n<script type=\"application\/ld+json\" class=\"yoast-schema-graph\">{\"@context\":\"https:\\\/\\\/schema.org\",\"@graph\":[{\"@type\":\"WebPage\",\"@id\":\"https:\\\/\\\/www.tatamixstore.com\\\/de\\\/produkt\\\/tatami-taekwondo-wt-geprueft\\\/\",\"url\":\"https:\\\/\\\/www.tatamixstore.com\\\/de\\\/produkt\\\/tatami-taekwondo-wt-geprueft\\\/\",\"name\":\"Tatami Taekwondo WT Gepr\u00fcft - Tatamixstore\",\"isPartOf\":{\"@id\":\"https:\\\/\\\/www.tatamixstore.com\\\/de\\\/#website\"},\"primaryImageOfPage\":{\"@id\":\"https:\\\/\\\/www.tatamixstore.com\\\/de\\\/produkt\\\/tatami-taekwondo-wt-geprueft\\\/#primaryimage\"},\"image\":{\"@id\":\"https:\\\/\\\/www.tatamixstore.com\\\/de\\\/produkt\\\/tatami-taekwondo-wt-geprueft\\\/#primaryimage\"},\"thumbnailUrl\":\"https:\\\/\\\/www.tatamixstore.com\\\/wp-content\\\/uploads\\\/2024\\\/06\\\/1021-1.jpg\",\"datePublished\":\"2020-06-04T11:57:28+00:00\",\"breadcrumb\":{\"@id\":\"https:\\\/\\\/www.tatamixstore.com\\\/de\\\/produkt\\\/tatami-taekwondo-wt-geprueft\\\/#breadcrumb\"},\"inLanguage\":\"de\",\"potentialAction\":[{\"@type\":\"ReadAction\",\"target\":[\"https:\\\/\\\/www.tatamixstore.com\\\/de\\\/produkt\\\/tatami-taekwondo-wt-geprueft\\\/\"]}]},{\"@type\":\"ImageObject\",\"inLanguage\":\"de\",\"@id\":\"https:\\\/\\\/www.tatamixstore.com\\\/de\\\/produkt\\\/tatami-taekwondo-wt-geprueft\\\/#primaryimage\",\"url\":\"https:\\\/\\\/www.tatamixstore.com\\\/wp-content\\\/uploads\\\/2024\\\/06\\\/1021-1.jpg\",\"contentUrl\":\"https:\\\/\\\/www.tatamixstore.com\\\/wp-content\\\/uploads\\\/2024\\\/06\\\/1021-1.jpg\",\"width\":800,\"height\":800},{\"@type\":\"BreadcrumbList\",\"@id\":\"https:\\\/\\\/www.tatamixstore.com\\\/de\\\/produkt\\\/tatami-taekwondo-wt-geprueft\\\/#breadcrumb\",\"itemListElement\":[{\"@type\":\"ListItem\",\"position\":1,\"name\":\"Home\",\"item\":\"https:\\\/\\\/www.tatamixstore.com\\\/de\\\/\"},{\"@type\":\"ListItem\",\"position\":2,\"name\":\"Shop\",\"item\":\"https:\\\/\\\/www.tatamixstore.com\\\/store\\\/\"},{\"@type\":\"ListItem\",\"position\":3,\"name\":\"Tatami Taekwondo WT Gepr\u00fcft\"}]},{\"@type\":\"WebSite\",\"@id\":\"https:\\\/\\\/www.tatamixstore.com\\\/de\\\/#website\",\"url\":\"https:\\\/\\\/www.tatamixstore.com\\\/de\\\/\",\"name\":\"Tatamix Store\",\"description\":\"\",\"publisher\":{\"@id\":\"https:\\\/\\\/www.tatamixstore.com\\\/de\\\/#organization\"},\"potentialAction\":[{\"@type\":\"SearchAction\",\"target\":{\"@type\":\"EntryPoint\",\"urlTemplate\":\"https:\\\/\\\/www.tatamixstore.com\\\/de\\\/?s={search_term_string}\"},\"query-input\":{\"@type\":\"PropertyValueSpecification\",\"valueRequired\":true,\"valueName\":\"search_term_string\"}}],\"inLanguage\":\"de\"},{\"@type\":\"Organization\",\"@id\":\"https:\\\/\\\/www.tatamixstore.com\\\/de\\\/#organization\",\"name\":\"Tatamix Store\",\"url\":\"https:\\\/\\\/www.tatamixstore.com\\\/de\\\/\",\"logo\":{\"@type\":\"ImageObject\",\"inLanguage\":\"de\",\"@id\":\"https:\\\/\\\/www.tatamixstore.com\\\/de\\\/#\\\/schema\\\/logo\\\/image\\\/\",\"url\":\"https:\\\/\\\/www.tatamixstore.com\\\/wp-content\\\/uploads\\\/2024\\\/02\\\/logo-transparant.png\",\"contentUrl\":\"https:\\\/\\\/www.tatamixstore.com\\\/wp-content\\\/uploads\\\/2024\\\/02\\\/logo-transparant.png\",\"width\":492,\"height\":89,\"caption\":\"Tatamix Store\"},\"image\":{\"@id\":\"https:\\\/\\\/www.tatamixstore.com\\\/de\\\/#\\\/schema\\\/logo\\\/image\\\/\"}}]}<\/script>\n<!-- \/ Yoast SEO plugin. -->","yoast_head_json":{"title":"Tatami Taekwondo WT Gepr\u00fcft - Tatamixstore","robots":{"index":"index","follow":"follow","max-snippet":"max-snippet:-1","max-image-preview":"max-image-preview:large","max-video-preview":"max-video-preview:-1"},"canonical":"https:\/\/www.tatamixstore.com\/de\/produkt\/tatami-taekwondo-wt-geprueft\/","og_locale":"de_DE","og_type":"article","og_title":"Tatami Taekwondo WT Gepr\u00fcft - Tatamixstore","og_description":"Hergestellt aus expandiertem EVA (Ethylen-Vinyl-Acetat), mit hoher Dichte und geschlossener Zelle, langlebig, wasserabweisend und mit guter Elastizit\u00e4t. Eine hochwertige Tatami, [&hellip;]","og_url":"https:\/\/www.tatamixstore.com\/de\/produkt\/tatami-taekwondo-wt-geprueft\/","og_site_name":"Tatamixstore","og_image":[{"width":800,"height":800,"url":"https:\/\/www.tatamixstore.com\/wp-content\/uploads\/2024\/06\/1021-1.jpg","type":"image\/jpeg"}],"twitter_card":"summary_large_image","schema":{"@context":"https:\/\/schema.org","@graph":[{"@type":"WebPage","@id":"https:\/\/www.tatamixstore.com\/de\/produkt\/tatami-taekwondo-wt-geprueft\/","url":"https:\/\/www.tatamixstore.com\/de\/produkt\/tatami-taekwondo-wt-geprueft\/","name":"Tatami Taekwondo WT Gepr\u00fcft - Tatamixstore","isPartOf":{"@id":"https:\/\/www.tatamixstore.com\/de\/#website"},"primaryImageOfPage":{"@id":"https:\/\/www.tatamixstore.com\/de\/produkt\/tatami-taekwondo-wt-geprueft\/#primaryimage"},"image":{"@id":"https:\/\/www.tatamixstore.com\/de\/produkt\/tatami-taekwondo-wt-geprueft\/#primaryimage"},"thumbnailUrl":"https:\/\/www.tatamixstore.com\/wp-content\/uploads\/2024\/06\/1021-1.jpg","datePublished":"2020-06-04T11:57:28+00:00","breadcrumb":{"@id":"https:\/\/www.tatamixstore.com\/de\/produkt\/tatami-taekwondo-wt-geprueft\/#breadcrumb"},"inLanguage":"de","potentialAction":[{"@type":"ReadAction","target":["https:\/\/www.tatamixstore.com\/de\/produkt\/tatami-taekwondo-wt-geprueft\/"]}]},{"@type":"ImageObject","inLanguage":"de","@id":"https:\/\/www.tatamixstore.com\/de\/produkt\/tatami-taekwondo-wt-geprueft\/#primaryimage","url":"https:\/\/www.tatamixstore.com\/wp-content\/uploads\/2024\/06\/1021-1.jpg","contentUrl":"https:\/\/www.tatamixstore.com\/wp-content\/uploads\/2024\/06\/1021-1.jpg","width":800,"height":800},{"@type":"BreadcrumbList","@id":"https:\/\/www.tatamixstore.com\/de\/produkt\/tatami-taekwondo-wt-geprueft\/#breadcrumb","itemListElement":[{"@type":"ListItem","position":1,"name":"Home","item":"https:\/\/www.tatamixstore.com\/de\/"},{"@type":"ListItem","position":2,"name":"Shop","item":"https:\/\/www.tatamixstore.com\/store\/"},{"@type":"ListItem","position":3,"name":"Tatami Taekwondo WT Gepr\u00fcft"}]},{"@type":"WebSite","@id":"https:\/\/www.tatamixstore.com\/de\/#website","url":"https:\/\/www.tatamixstore.com\/de\/","name":"Tatamix Store","description":"","publisher":{"@id":"https:\/\/www.tatamixstore.com\/de\/#organization"},"potentialAction":[{"@type":"SearchAction","target":{"@type":"EntryPoint","urlTemplate":"https:\/\/www.tatamixstore.com\/de\/?s={search_term_string}"},"query-input":{"@type":"PropertyValueSpecification","valueRequired":true,"valueName":"search_term_string"}}],"inLanguage":"de"},{"@type":"Organization","@id":"https:\/\/www.tatamixstore.com\/de\/#organization","name":"Tatamix Store","url":"https:\/\/www.tatamixstore.com\/de\/","logo":{"@type":"ImageObject","inLanguage":"de","@id":"https:\/\/www.tatamixstore.com\/de\/#\/schema\/logo\/image\/","url":"https:\/\/www.tatamixstore.com\/wp-content\/uploads\/2024\/02\/logo-transparant.png","contentUrl":"https:\/\/www.tatamixstore.com\/wp-content\/uploads\/2024\/02\/logo-transparant.png","width":492,"height":89,"caption":"Tatamix Store"},"image":{"@id":"https:\/\/www.tatamixstore.com\/de\/#\/schema\/logo\/image\/"}}]}},"_links":{"self":[{"href":"https:\/\/www.tatamixstore.com\/de\/wp-json\/wp\/v2\/product\/20799","targetHints":{"allow":["GET"]}}],"collection":[{"href":"https:\/\/www.tatamixstore.com\/de\/wp-json\/wp\/v2\/product"}],"about":[{"href":"https:\/\/www.tatamixstore.com\/de\/wp-json\/wp\/v2\/types\/product"}],"replies":[{"embeddable":true,"href":"https:\/\/www.tatamixstore.com\/de\/wp-json\/wp\/v2\/comments?post=20799"}],"wp:featuredmedia":[{"embeddable":true,"href":"https:\/\/www.tatamixstore.com\/de\/wp-json\/wp\/v2\/media\/16322"}],"wp:attachment":[{"href":"https:\/\/www.tatamixstore.com\/de\/wp-json\/wp\/v2\/media?parent=20799"}],"wp:term":[{"taxonomy":"product_brand","embeddable":true,"href":"https:\/\/www.tatamixstore.com\/de\/wp-json\/wp\/v2\/product_brand?post=20799"},{"taxonomy":"product_cat","embeddable":true,"href":"https:\/\/www.tatamixstore.com\/de\/wp-json\/wp\/v2\/product_cat?post=20799"},{"taxonomy":"product_tag","embeddable":true,"href":"https:\/\/www.tatamixstore.com\/de\/wp-json\/wp\/v2\/product_tag?post=20799"}],"curies":[{"name":"wp","href":"https:\/\/api.w.org\/{rel}","templated":true}]}}