{"id":20844,"date":"2020-06-04T15:02:35","date_gmt":"2020-06-04T15:02:35","guid":{"rendered":"https:\/\/stage.tatamixstore.com\/product\/tatami-made-in-italy-c20l\/"},"modified":"2020-06-04T15:02:35","modified_gmt":"2020-06-04T15:02:35","slug":"tatami-made-in-italy-c20l","status":"publish","type":"product","link":"https:\/\/www.tatamixstore.com\/de\/produkt\/tatami-made-in-italy-c20l\/","title":{"rendered":"Tatami Made in Italy C20L"},"content":{"rendered":"<p>Hergestellt aus Polyethylen, gemischt mit pulverisiertem Kork. Mit der Wasserstrahlmaschine geschnitten, in einem speziellen Verriegelungssystem, das es umkehrbar macht. Das Produkt umfasst Rahmen f\u00fcr den Ankunftsbereich. Die rutschfeste Oberfl\u00e4che ist in der Tat &#8222;Reisstroh&#8220;. &#8222;Sie eignet sich f\u00fcr Yoga, Tai Chi, Shiatsu und andere Disziplinen, bei denen die weiche Oberfl\u00e4che f\u00fcr mehr Komfort sorgt, auch nach vielen Stunden der Aktivit\u00e4t. Rahmen zum Verschlie\u00dfen des Bereichs, einschlie\u00dflich Wasser abstellen. <strong>VERWENDUNG: Yoga, Tai Chi, Shiatsu und andere Disziplinen, bei denen eine weiche Oberfl\u00e4che f\u00fcr mehr Komfort erforderlich ist, auch nach vielen Stunden Aktivit\u00e4t.<\/strong><\/p>\n","protected":false},"excerpt":{"rendered":"<p>Hergestellt aus Polyethylen, gemischt mit pulverisiertem Kork. Mit der Wasserstrahlmaschine geschnitten, in einem speziellen Verriegelungssystem, das es umkehrbar macht. Das [&hellip;]<\/p>\n","protected":false},"featured_media":16499,"comment_status":"closed","ping_status":"open","template":"","meta":{"_acf_changed":false},"product_brand":[],"product_cat":[2742,2737,2727,2792,2832,2842,2747],"product_tag":[4881,4012,4013,4009,4010,4882,3882,4011],"class_list":{"0":"post-20844","1":"product","2":"type-product","3":"status-publish","4":"has-post-thumbnail","6":"product_cat-crossfit-de","7":"product_cat-gymnastik-und-fitness","8":"product_cat-tatami-puzzle-mats","9":"product_cat-tatami-puzzle-2-cm-de","10":"product_cat-tatami-puzzle-xpe-matte-polyethylen","11":"product_cat-xpe-dicke-2-cm","12":"product_cat-yoga-de","13":"product_tag-c20l-de","14":"product_tag-effet-liege-de","15":"product_tag-massagen-de","16":"product_tag-polyethylene-de","17":"product_tag-shiatsu-de","18":"product_tag-tai-chi-de","19":"product_tag-xpe-de","20":"product_tag-yoga-de","22":"first","23":"instock","24":"taxable","25":"shipping-taxable","26":"product-type-simple"},"acf":[],"yoast_head":"<!-- This site is optimized with the Yoast SEO plugin v27.3 - https:\/\/yoast.com\/product\/yoast-seo-wordpress\/ -->\n<title>Tatami Made in Italy C20L - Tatamixstore<\/title>\n<meta name=\"robots\" content=\"index, follow, max-snippet:-1, max-image-preview:large, max-video-preview:-1\" \/>\n<link rel=\"canonical\" href=\"https:\/\/www.tatamixstore.com\/de\/produkt\/tatami-made-in-italy-c20l\/\" \/>\n<meta property=\"og:locale\" content=\"de_DE\" \/>\n<meta property=\"og:type\" content=\"article\" \/>\n<meta property=\"og:title\" content=\"Tatami Made in Italy C20L - Tatamixstore\" \/>\n<meta property=\"og:description\" content=\"Hergestellt aus Polyethylen, gemischt mit pulverisiertem Kork. Mit der Wasserstrahlmaschine geschnitten, in einem speziellen Verriegelungssystem, das es umkehrbar macht. Das [&hellip;]\" \/>\n<meta property=\"og:url\" content=\"https:\/\/www.tatamixstore.com\/de\/produkt\/tatami-made-in-italy-c20l\/\" \/>\n<meta property=\"og:site_name\" content=\"Tatamixstore\" \/>\n<meta property=\"og:image\" content=\"https:\/\/www.tatamixstore.com\/wp-content\/uploads\/2024\/06\/183-1.jpg\" \/>\n\t<meta property=\"og:image:width\" content=\"800\" \/>\n\t<meta property=\"og:image:height\" content=\"800\" \/>\n\t<meta property=\"og:image:type\" content=\"image\/jpeg\" \/>\n<meta name=\"twitter:card\" content=\"summary_large_image\" \/>\n<meta name=\"twitter:label1\" content=\"Gesch\u00e4tzte Lesezeit\" \/>\n\t<meta name=\"twitter:data1\" content=\"1\u00a0Minute\" \/>\n<script type=\"application\/ld+json\" class=\"yoast-schema-graph\">{\"@context\":\"https:\\\/\\\/schema.org\",\"@graph\":[{\"@type\":\"WebPage\",\"@id\":\"https:\\\/\\\/www.tatamixstore.com\\\/de\\\/produkt\\\/tatami-made-in-italy-c20l\\\/\",\"url\":\"https:\\\/\\\/www.tatamixstore.com\\\/de\\\/produkt\\\/tatami-made-in-italy-c20l\\\/\",\"name\":\"Tatami Made in Italy C20L - Tatamixstore\",\"isPartOf\":{\"@id\":\"https:\\\/\\\/www.tatamixstore.com\\\/de\\\/#website\"},\"primaryImageOfPage\":{\"@id\":\"https:\\\/\\\/www.tatamixstore.com\\\/de\\\/produkt\\\/tatami-made-in-italy-c20l\\\/#primaryimage\"},\"image\":{\"@id\":\"https:\\\/\\\/www.tatamixstore.com\\\/de\\\/produkt\\\/tatami-made-in-italy-c20l\\\/#primaryimage\"},\"thumbnailUrl\":\"https:\\\/\\\/www.tatamixstore.com\\\/wp-content\\\/uploads\\\/2024\\\/06\\\/183-1.jpg\",\"datePublished\":\"2020-06-04T15:02:35+00:00\",\"breadcrumb\":{\"@id\":\"https:\\\/\\\/www.tatamixstore.com\\\/de\\\/produkt\\\/tatami-made-in-italy-c20l\\\/#breadcrumb\"},\"inLanguage\":\"de\",\"potentialAction\":[{\"@type\":\"ReadAction\",\"target\":[\"https:\\\/\\\/www.tatamixstore.com\\\/de\\\/produkt\\\/tatami-made-in-italy-c20l\\\/\"]}]},{\"@type\":\"ImageObject\",\"inLanguage\":\"de\",\"@id\":\"https:\\\/\\\/www.tatamixstore.com\\\/de\\\/produkt\\\/tatami-made-in-italy-c20l\\\/#primaryimage\",\"url\":\"https:\\\/\\\/www.tatamixstore.com\\\/wp-content\\\/uploads\\\/2024\\\/06\\\/183-1.jpg\",\"contentUrl\":\"https:\\\/\\\/www.tatamixstore.com\\\/wp-content\\\/uploads\\\/2024\\\/06\\\/183-1.jpg\",\"width\":800,\"height\":800},{\"@type\":\"BreadcrumbList\",\"@id\":\"https:\\\/\\\/www.tatamixstore.com\\\/de\\\/produkt\\\/tatami-made-in-italy-c20l\\\/#breadcrumb\",\"itemListElement\":[{\"@type\":\"ListItem\",\"position\":1,\"name\":\"Home\",\"item\":\"https:\\\/\\\/www.tatamixstore.com\\\/de\\\/\"},{\"@type\":\"ListItem\",\"position\":2,\"name\":\"Shop\",\"item\":\"https:\\\/\\\/www.tatamixstore.com\\\/store\\\/\"},{\"@type\":\"ListItem\",\"position\":3,\"name\":\"Tatami Made in Italy C20L\"}]},{\"@type\":\"WebSite\",\"@id\":\"https:\\\/\\\/www.tatamixstore.com\\\/de\\\/#website\",\"url\":\"https:\\\/\\\/www.tatamixstore.com\\\/de\\\/\",\"name\":\"Tatamix Store\",\"description\":\"\",\"publisher\":{\"@id\":\"https:\\\/\\\/www.tatamixstore.com\\\/de\\\/#organization\"},\"potentialAction\":[{\"@type\":\"SearchAction\",\"target\":{\"@type\":\"EntryPoint\",\"urlTemplate\":\"https:\\\/\\\/www.tatamixstore.com\\\/de\\\/?s={search_term_string}\"},\"query-input\":{\"@type\":\"PropertyValueSpecification\",\"valueRequired\":true,\"valueName\":\"search_term_string\"}}],\"inLanguage\":\"de\"},{\"@type\":\"Organization\",\"@id\":\"https:\\\/\\\/www.tatamixstore.com\\\/de\\\/#organization\",\"name\":\"Tatamix Store\",\"url\":\"https:\\\/\\\/www.tatamixstore.com\\\/de\\\/\",\"logo\":{\"@type\":\"ImageObject\",\"inLanguage\":\"de\",\"@id\":\"https:\\\/\\\/www.tatamixstore.com\\\/de\\\/#\\\/schema\\\/logo\\\/image\\\/\",\"url\":\"https:\\\/\\\/www.tatamixstore.com\\\/wp-content\\\/uploads\\\/2024\\\/02\\\/logo-transparant.png\",\"contentUrl\":\"https:\\\/\\\/www.tatamixstore.com\\\/wp-content\\\/uploads\\\/2024\\\/02\\\/logo-transparant.png\",\"width\":492,\"height\":89,\"caption\":\"Tatamix Store\"},\"image\":{\"@id\":\"https:\\\/\\\/www.tatamixstore.com\\\/de\\\/#\\\/schema\\\/logo\\\/image\\\/\"}}]}<\/script>\n<!-- \/ Yoast SEO plugin. -->","yoast_head_json":{"title":"Tatami Made in Italy C20L - Tatamixstore","robots":{"index":"index","follow":"follow","max-snippet":"max-snippet:-1","max-image-preview":"max-image-preview:large","max-video-preview":"max-video-preview:-1"},"canonical":"https:\/\/www.tatamixstore.com\/de\/produkt\/tatami-made-in-italy-c20l\/","og_locale":"de_DE","og_type":"article","og_title":"Tatami Made in Italy C20L - Tatamixstore","og_description":"Hergestellt aus Polyethylen, gemischt mit pulverisiertem Kork. Mit der Wasserstrahlmaschine geschnitten, in einem speziellen Verriegelungssystem, das es umkehrbar macht. Das [&hellip;]","og_url":"https:\/\/www.tatamixstore.com\/de\/produkt\/tatami-made-in-italy-c20l\/","og_site_name":"Tatamixstore","og_image":[{"width":800,"height":800,"url":"https:\/\/www.tatamixstore.com\/wp-content\/uploads\/2024\/06\/183-1.jpg","type":"image\/jpeg"}],"twitter_card":"summary_large_image","twitter_misc":{"Gesch\u00e4tzte Lesezeit":"1\u00a0Minute"},"schema":{"@context":"https:\/\/schema.org","@graph":[{"@type":"WebPage","@id":"https:\/\/www.tatamixstore.com\/de\/produkt\/tatami-made-in-italy-c20l\/","url":"https:\/\/www.tatamixstore.com\/de\/produkt\/tatami-made-in-italy-c20l\/","name":"Tatami Made in Italy C20L - Tatamixstore","isPartOf":{"@id":"https:\/\/www.tatamixstore.com\/de\/#website"},"primaryImageOfPage":{"@id":"https:\/\/www.tatamixstore.com\/de\/produkt\/tatami-made-in-italy-c20l\/#primaryimage"},"image":{"@id":"https:\/\/www.tatamixstore.com\/de\/produkt\/tatami-made-in-italy-c20l\/#primaryimage"},"thumbnailUrl":"https:\/\/www.tatamixstore.com\/wp-content\/uploads\/2024\/06\/183-1.jpg","datePublished":"2020-06-04T15:02:35+00:00","breadcrumb":{"@id":"https:\/\/www.tatamixstore.com\/de\/produkt\/tatami-made-in-italy-c20l\/#breadcrumb"},"inLanguage":"de","potentialAction":[{"@type":"ReadAction","target":["https:\/\/www.tatamixstore.com\/de\/produkt\/tatami-made-in-italy-c20l\/"]}]},{"@type":"ImageObject","inLanguage":"de","@id":"https:\/\/www.tatamixstore.com\/de\/produkt\/tatami-made-in-italy-c20l\/#primaryimage","url":"https:\/\/www.tatamixstore.com\/wp-content\/uploads\/2024\/06\/183-1.jpg","contentUrl":"https:\/\/www.tatamixstore.com\/wp-content\/uploads\/2024\/06\/183-1.jpg","width":800,"height":800},{"@type":"BreadcrumbList","@id":"https:\/\/www.tatamixstore.com\/de\/produkt\/tatami-made-in-italy-c20l\/#breadcrumb","itemListElement":[{"@type":"ListItem","position":1,"name":"Home","item":"https:\/\/www.tatamixstore.com\/de\/"},{"@type":"ListItem","position":2,"name":"Shop","item":"https:\/\/www.tatamixstore.com\/store\/"},{"@type":"ListItem","position":3,"name":"Tatami Made in Italy C20L"}]},{"@type":"WebSite","@id":"https:\/\/www.tatamixstore.com\/de\/#website","url":"https:\/\/www.tatamixstore.com\/de\/","name":"Tatamix Store","description":"","publisher":{"@id":"https:\/\/www.tatamixstore.com\/de\/#organization"},"potentialAction":[{"@type":"SearchAction","target":{"@type":"EntryPoint","urlTemplate":"https:\/\/www.tatamixstore.com\/de\/?s={search_term_string}"},"query-input":{"@type":"PropertyValueSpecification","valueRequired":true,"valueName":"search_term_string"}}],"inLanguage":"de"},{"@type":"Organization","@id":"https:\/\/www.tatamixstore.com\/de\/#organization","name":"Tatamix Store","url":"https:\/\/www.tatamixstore.com\/de\/","logo":{"@type":"ImageObject","inLanguage":"de","@id":"https:\/\/www.tatamixstore.com\/de\/#\/schema\/logo\/image\/","url":"https:\/\/www.tatamixstore.com\/wp-content\/uploads\/2024\/02\/logo-transparant.png","contentUrl":"https:\/\/www.tatamixstore.com\/wp-content\/uploads\/2024\/02\/logo-transparant.png","width":492,"height":89,"caption":"Tatamix Store"},"image":{"@id":"https:\/\/www.tatamixstore.com\/de\/#\/schema\/logo\/image\/"}}]}},"_links":{"self":[{"href":"https:\/\/www.tatamixstore.com\/de\/wp-json\/wp\/v2\/product\/20844","targetHints":{"allow":["GET"]}}],"collection":[{"href":"https:\/\/www.tatamixstore.com\/de\/wp-json\/wp\/v2\/product"}],"about":[{"href":"https:\/\/www.tatamixstore.com\/de\/wp-json\/wp\/v2\/types\/product"}],"replies":[{"embeddable":true,"href":"https:\/\/www.tatamixstore.com\/de\/wp-json\/wp\/v2\/comments?post=20844"}],"wp:featuredmedia":[{"embeddable":true,"href":"https:\/\/www.tatamixstore.com\/de\/wp-json\/wp\/v2\/media\/16499"}],"wp:attachment":[{"href":"https:\/\/www.tatamixstore.com\/de\/wp-json\/wp\/v2\/media?parent=20844"}],"wp:term":[{"taxonomy":"product_brand","embeddable":true,"href":"https:\/\/www.tatamixstore.com\/de\/wp-json\/wp\/v2\/product_brand?post=20844"},{"taxonomy":"product_cat","embeddable":true,"href":"https:\/\/www.tatamixstore.com\/de\/wp-json\/wp\/v2\/product_cat?post=20844"},{"taxonomy":"product_tag","embeddable":true,"href":"https:\/\/www.tatamixstore.com\/de\/wp-json\/wp\/v2\/product_tag?post=20844"}],"curies":[{"name":"wp","href":"https:\/\/api.w.org\/{rel}","templated":true}]}}