{"id":20983,"date":"2024-05-30T09:52:54","date_gmt":"2024-05-30T09:52:54","guid":{"rendered":"https:\/\/stage.tatamixstore.com\/?page_id=20983"},"modified":"2024-07-03T17:28:32","modified_gmt":"2024-07-03T17:28:32","slug":"quienes-somos","status":"publish","type":"page","link":"https:\/\/www.tatamixstore.com\/es\/quienes-somos\/","title":{"rendered":"Qui\u00e9nes somos"},"content":{"rendered":"<h2>Los expertos del tatami<\/h2>\n<p>Tatamix Store se especializa en la fabricaci\u00f3n y venta de tatamis para artes marciales y deportes de combate ( karate, Kenpo , judo, lucha , Aikido, Kendo, Taekwondo, Kung Fu, Tai Chi, Jujitsu) y otras actividades como el yoga, pilates y gimnasia.<\/p>\n<p>Echa un vistazo a nuestra gama completa de tatamis para judo, que le permiten practicar el deporte de forma segura tanto para principiantes como para uso profesional.<\/p>\n<p>Dependiendo de sus necesidades, hay varios modelos disponibles (clubes, Federaciones ), surtidos en diferentes densidades y colores.<\/p>\n<p>Escuchando los consejos de expertos practicantes de artes marciales y confiando en un equipo de atletas de judo y karate, hemos desarrollado una nueva tecnolog\u00eda dise\u00f1ada espec\u00edficamente para su deporte, capaz de proporcionar a los usuarios una mayor comodidad y seguridad.<\/p>\n<p>Va a descubrir una nueva l\u00ednea de productos dedicados a su deporte.<\/p>\n<p>Nuestro objetivo es permitir que el mayor acceso posible a la pr\u00e1ctica de artes marciales y, en particular, a los ni\u00f1os que quieran aprender estas disciplinas en condiciones \u00f3ptimas de confort seguridad y placer. Es con este prop\u00f3sito que, durante muchos a\u00f1os, trabajamos en estrecha colaboraci\u00f3n con los atletas de judo y el karate de alto nivel con el fin de dise\u00f1ar y producir una nueva gama de equipos de artes marciales.<\/p>\n<p>Renueva tu Tatami !<\/p>\n<p>Para estar informado de nuestras ofertas y promociones, suscribirse al bolet\u00edn.<\/p>\n","protected":false},"excerpt":{"rendered":"<p>Los expertos del tatami Tatamix Store se especializa en la fabricaci\u00f3n y venta de tatamis para artes marciales y deportes [&hellip;]<\/p>\n","protected":false},"author":2,"featured_media":0,"parent":0,"menu_order":0,"comment_status":"closed","ping_status":"closed","template":"","meta":{"_acf_changed":false,"footnotes":""},"class_list":["post-20983","page","type-page","status-publish","hentry"],"acf":[],"yoast_head":"<!-- This site is optimized with the Yoast SEO plugin v27.3 - https:\/\/yoast.com\/product\/yoast-seo-wordpress\/ -->\n<title>Qui\u00e9nes somos - Tatamixstore<\/title>\n<meta name=\"robots\" content=\"index, follow, max-snippet:-1, max-image-preview:large, max-video-preview:-1\" \/>\n<link rel=\"canonical\" href=\"https:\/\/www.tatamixstore.com\/es\/quienes-somos\/\" \/>\n<meta property=\"og:locale\" content=\"es_ES\" \/>\n<meta property=\"og:type\" content=\"article\" \/>\n<meta property=\"og:title\" content=\"Qui\u00e9nes somos - Tatamixstore\" \/>\n<meta property=\"og:description\" content=\"Los expertos del tatami Tatamix Store se especializa en la fabricaci\u00f3n y venta de tatamis para artes marciales y deportes [&hellip;]\" \/>\n<meta property=\"og:url\" content=\"https:\/\/www.tatamixstore.com\/es\/quienes-somos\/\" \/>\n<meta property=\"og:site_name\" content=\"Tatamixstore\" \/>\n<meta property=\"article:modified_time\" content=\"2024-07-03T17:28:32+00:00\" \/>\n<meta name=\"twitter:card\" content=\"summary_large_image\" \/>\n<meta name=\"twitter:label1\" content=\"Tiempo de lectura\" \/>\n\t<meta name=\"twitter:data1\" content=\"1 minuto\" \/>\n<script type=\"application\/ld+json\" class=\"yoast-schema-graph\">{\"@context\":\"https:\\\/\\\/schema.org\",\"@graph\":[{\"@type\":\"WebPage\",\"@id\":\"https:\\\/\\\/www.tatamixstore.com\\\/es\\\/quienes-somos\\\/\",\"url\":\"https:\\\/\\\/www.tatamixstore.com\\\/es\\\/quienes-somos\\\/\",\"name\":\"Qui\u00e9nes somos - Tatamixstore\",\"isPartOf\":{\"@id\":\"https:\\\/\\\/www.tatamixstore.com\\\/es\\\/#website\"},\"datePublished\":\"2024-05-30T09:52:54+00:00\",\"dateModified\":\"2024-07-03T17:28:32+00:00\",\"breadcrumb\":{\"@id\":\"https:\\\/\\\/www.tatamixstore.com\\\/es\\\/quienes-somos\\\/#breadcrumb\"},\"inLanguage\":\"es\",\"potentialAction\":[{\"@type\":\"ReadAction\",\"target\":[\"https:\\\/\\\/www.tatamixstore.com\\\/es\\\/quienes-somos\\\/\"]}]},{\"@type\":\"BreadcrumbList\",\"@id\":\"https:\\\/\\\/www.tatamixstore.com\\\/es\\\/quienes-somos\\\/#breadcrumb\",\"itemListElement\":[{\"@type\":\"ListItem\",\"position\":1,\"name\":\"Home\",\"item\":\"https:\\\/\\\/www.tatamixstore.com\\\/es\\\/\"},{\"@type\":\"ListItem\",\"position\":2,\"name\":\"Qui\u00e9nes somos\"}]},{\"@type\":\"WebSite\",\"@id\":\"https:\\\/\\\/www.tatamixstore.com\\\/es\\\/#website\",\"url\":\"https:\\\/\\\/www.tatamixstore.com\\\/es\\\/\",\"name\":\"Tatamix Store\",\"description\":\"\",\"publisher\":{\"@id\":\"https:\\\/\\\/www.tatamixstore.com\\\/es\\\/#organization\"},\"potentialAction\":[{\"@type\":\"SearchAction\",\"target\":{\"@type\":\"EntryPoint\",\"urlTemplate\":\"https:\\\/\\\/www.tatamixstore.com\\\/es\\\/?s={search_term_string}\"},\"query-input\":{\"@type\":\"PropertyValueSpecification\",\"valueRequired\":true,\"valueName\":\"search_term_string\"}}],\"inLanguage\":\"es\"},{\"@type\":\"Organization\",\"@id\":\"https:\\\/\\\/www.tatamixstore.com\\\/es\\\/#organization\",\"name\":\"Tatamix Store\",\"url\":\"https:\\\/\\\/www.tatamixstore.com\\\/es\\\/\",\"logo\":{\"@type\":\"ImageObject\",\"inLanguage\":\"es\",\"@id\":\"https:\\\/\\\/www.tatamixstore.com\\\/es\\\/#\\\/schema\\\/logo\\\/image\\\/\",\"url\":\"https:\\\/\\\/www.tatamixstore.com\\\/wp-content\\\/uploads\\\/2024\\\/02\\\/logo-transparant.png\",\"contentUrl\":\"https:\\\/\\\/www.tatamixstore.com\\\/wp-content\\\/uploads\\\/2024\\\/02\\\/logo-transparant.png\",\"width\":492,\"height\":89,\"caption\":\"Tatamix Store\"},\"image\":{\"@id\":\"https:\\\/\\\/www.tatamixstore.com\\\/es\\\/#\\\/schema\\\/logo\\\/image\\\/\"}}]}<\/script>\n<!-- \/ Yoast SEO plugin. -->","yoast_head_json":{"title":"Qui\u00e9nes somos - Tatamixstore","robots":{"index":"index","follow":"follow","max-snippet":"max-snippet:-1","max-image-preview":"max-image-preview:large","max-video-preview":"max-video-preview:-1"},"canonical":"https:\/\/www.tatamixstore.com\/es\/quienes-somos\/","og_locale":"es_ES","og_type":"article","og_title":"Qui\u00e9nes somos - Tatamixstore","og_description":"Los expertos del tatami Tatamix Store se especializa en la fabricaci\u00f3n y venta de tatamis para artes marciales y deportes [&hellip;]","og_url":"https:\/\/www.tatamixstore.com\/es\/quienes-somos\/","og_site_name":"Tatamixstore","article_modified_time":"2024-07-03T17:28:32+00:00","twitter_card":"summary_large_image","twitter_misc":{"Tiempo de lectura":"1 minuto"},"schema":{"@context":"https:\/\/schema.org","@graph":[{"@type":"WebPage","@id":"https:\/\/www.tatamixstore.com\/es\/quienes-somos\/","url":"https:\/\/www.tatamixstore.com\/es\/quienes-somos\/","name":"Qui\u00e9nes somos - Tatamixstore","isPartOf":{"@id":"https:\/\/www.tatamixstore.com\/es\/#website"},"datePublished":"2024-05-30T09:52:54+00:00","dateModified":"2024-07-03T17:28:32+00:00","breadcrumb":{"@id":"https:\/\/www.tatamixstore.com\/es\/quienes-somos\/#breadcrumb"},"inLanguage":"es","potentialAction":[{"@type":"ReadAction","target":["https:\/\/www.tatamixstore.com\/es\/quienes-somos\/"]}]},{"@type":"BreadcrumbList","@id":"https:\/\/www.tatamixstore.com\/es\/quienes-somos\/#breadcrumb","itemListElement":[{"@type":"ListItem","position":1,"name":"Home","item":"https:\/\/www.tatamixstore.com\/es\/"},{"@type":"ListItem","position":2,"name":"Qui\u00e9nes somos"}]},{"@type":"WebSite","@id":"https:\/\/www.tatamixstore.com\/es\/#website","url":"https:\/\/www.tatamixstore.com\/es\/","name":"Tatamix Store","description":"","publisher":{"@id":"https:\/\/www.tatamixstore.com\/es\/#organization"},"potentialAction":[{"@type":"SearchAction","target":{"@type":"EntryPoint","urlTemplate":"https:\/\/www.tatamixstore.com\/es\/?s={search_term_string}"},"query-input":{"@type":"PropertyValueSpecification","valueRequired":true,"valueName":"search_term_string"}}],"inLanguage":"es"},{"@type":"Organization","@id":"https:\/\/www.tatamixstore.com\/es\/#organization","name":"Tatamix Store","url":"https:\/\/www.tatamixstore.com\/es\/","logo":{"@type":"ImageObject","inLanguage":"es","@id":"https:\/\/www.tatamixstore.com\/es\/#\/schema\/logo\/image\/","url":"https:\/\/www.tatamixstore.com\/wp-content\/uploads\/2024\/02\/logo-transparant.png","contentUrl":"https:\/\/www.tatamixstore.com\/wp-content\/uploads\/2024\/02\/logo-transparant.png","width":492,"height":89,"caption":"Tatamix Store"},"image":{"@id":"https:\/\/www.tatamixstore.com\/es\/#\/schema\/logo\/image\/"}}]}},"_links":{"self":[{"href":"https:\/\/www.tatamixstore.com\/es\/wp-json\/wp\/v2\/pages\/20983","targetHints":{"allow":["GET"]}}],"collection":[{"href":"https:\/\/www.tatamixstore.com\/es\/wp-json\/wp\/v2\/pages"}],"about":[{"href":"https:\/\/www.tatamixstore.com\/es\/wp-json\/wp\/v2\/types\/page"}],"author":[{"embeddable":true,"href":"https:\/\/www.tatamixstore.com\/es\/wp-json\/wp\/v2\/users\/2"}],"replies":[{"embeddable":true,"href":"https:\/\/www.tatamixstore.com\/es\/wp-json\/wp\/v2\/comments?post=20983"}],"version-history":[{"count":3,"href":"https:\/\/www.tatamixstore.com\/es\/wp-json\/wp\/v2\/pages\/20983\/revisions"}],"predecessor-version":[{"id":21321,"href":"https:\/\/www.tatamixstore.com\/es\/wp-json\/wp\/v2\/pages\/20983\/revisions\/21321"}],"wp:attachment":[{"href":"https:\/\/www.tatamixstore.com\/es\/wp-json\/wp\/v2\/media?parent=20983"}],"curies":[{"name":"wp","href":"https:\/\/api.w.org\/{rel}","templated":true}]}}