{"id":21011,"date":"2024-07-03T17:27:32","date_gmt":"2024-07-03T17:27:32","guid":{"rendered":"https:\/\/stage.tatamixstore.com\/?page_id=21011"},"modified":"2024-07-03T17:27:32","modified_gmt":"2024-07-03T17:27:32","slug":"montaje-y-desmontaje-de-tatami","status":"publish","type":"page","link":"https:\/\/www.tatamixstore.com\/es\/montaje-y-desmontaje-de-tatami\/","title":{"rendered":"Montaje y desmontaje de tatami"},"content":{"rendered":"<h2>Ensamble de Rompecabezas Tatami<\/h2>\n<p><strong>Informaci\u00f3n preliminar:<\/strong><\/p>\n<ul>\n<li>Despu\u00e9s de abrir el paquete, ventile el producto durante al menos 24 horas antes de su uso;<\/li>\n<li>Para evitar futuras deformaciones del producto, montar el \u00e1rea en espacios libres y mantener al menos 10 cm de distancia de puntos fijos (paredes, columnas, &#8230;);<\/li>\n<\/ul>\n<p><strong>Ensamblaje del \u00e1rea de tatami (vea los diagramas a continuaci\u00f3n)<\/strong><\/p>\n<ol>\n<li>Comience el montaje desde una esquina de la habitaci\u00f3n o \u00e1rea;<\/li>\n<li>Mantenga como referencia la articulaci\u00f3n \u00fanica en forma de Flecha (Ver imagen 2);<\/li>\n<li>Todos los m\u00f3dulos deben tener la misma referencia (Ej Img.1: si para la primera pieza la flecha est\u00e1 arriba a la derecha, para todos los siguientes la posici\u00f3n a mantener ser\u00e1 siempre arriba a la derecha);<\/li>\n<li>El Tatami es reversible, simplemente mantenga la posici\u00f3n indicada anteriormente;<\/li>\n<li>El \u00e1rea se puede completar con los bordes perimetrales, usando el mismo color (Ej: todo rojo o todo azul).<\/li>\n<\/ol>\n<p><img loading=\"lazy\" decoding=\"async\" src=\"https:\/\/www.es.tatamixstore.com\/img\/cms\/sp\/assembly-disassembly\/fig_1.jpg\" alt=\"fig_1.jpg\" width=\"200\" height=\"200\" \/><img loading=\"lazy\" decoding=\"async\" src=\"https:\/\/www.es.tatamixstore.com\/img\/cms\/sp\/assembly-disassembly\/fig_2.jpg\" alt=\"fig_2.jpg\" width=\"200\" height=\"200\" \/><\/p>\n<h2>Desmontaje del Rompecabezas Tatami<\/h2>\n<p>El mejor m\u00e9todo, para no da\u00f1ar el producto, es el desmontaje \u201cPOR CORTE\u201d (como se muestra en la figura).<br \/>\n<strong>\u00a1ADVERTENCIA! Evite con cuidado doblar el tatami sobre s\u00ed mismo durante el desmontaje; esto hace que los dientes o la capa interna del producto se rompan.<\/strong><\/p>\n<p><img loading=\"lazy\" decoding=\"async\" src=\"https:\/\/www.es.tatamixstore.com\/img\/cms\/sp\/assembly-disassembly\/smontaggio-si2-OPT.jpg\" alt=\"smontaggio-si2-OPT.jpg\" width=\"200\" height=\"200\" \/><img loading=\"lazy\" decoding=\"async\" src=\"https:\/\/www.es.tatamixstore.com\/img\/cms\/sp\/assembly-disassembly\/smontaggio-no2-OPT.jpg\" alt=\"smontaggio-no2-OPT.jpg\" width=\"200\" height=\"200\" \/><\/p>\n<h2>Asamblea Tradicional de Tatami<\/h2>\n<p>Transporte el producto manteni\u00e9ndolo RECTO evitando doblarlo;<br \/>\nColoque con cuidado el Tatami en el suelo, evitando arrastrarlo.<br \/>\nEVITE el contacto con superficies y objetos puntiagudos o afilados.<\/p>\n<p><img loading=\"lazy\" decoding=\"async\" src=\"https:\/\/www.es.tatamixstore.com\/img\/cms\/sp\/assembly-disassembly\/fig_3.jpg\" alt=\"fig_3.jpg\" width=\"200\" height=\"200\" \/><img loading=\"lazy\" decoding=\"async\" src=\"https:\/\/www.es.tatamixstore.com\/img\/cms\/sp\/assembly-disassembly\/fig_4.jpg\" alt=\"fig_4.jpg\" width=\"200\" height=\"200\" \/><\/p>\n","protected":false},"excerpt":{"rendered":"<p>Ensamble de Rompecabezas Tatami Informaci\u00f3n preliminar: Despu\u00e9s de abrir el paquete, ventile el producto durante al menos 24 horas antes [&hellip;]<\/p>\n","protected":false},"author":2,"featured_media":0,"parent":0,"menu_order":0,"comment_status":"closed","ping_status":"closed","template":"","meta":{"_acf_changed":false,"footnotes":""},"class_list":["post-21011","page","type-page","status-publish","hentry"],"acf":[],"yoast_head":"<!-- This site is optimized with the Yoast SEO plugin v27.3 - https:\/\/yoast.com\/product\/yoast-seo-wordpress\/ -->\n<title>Montaje y desmontaje de tatami - Tatamixstore<\/title>\n<meta name=\"robots\" content=\"index, follow, max-snippet:-1, max-image-preview:large, max-video-preview:-1\" \/>\n<link rel=\"canonical\" href=\"https:\/\/www.tatamixstore.com\/es\/montaje-y-desmontaje-de-tatami\/\" \/>\n<meta property=\"og:locale\" content=\"es_ES\" \/>\n<meta property=\"og:type\" content=\"article\" \/>\n<meta property=\"og:title\" content=\"Montaje y desmontaje de tatami - Tatamixstore\" \/>\n<meta property=\"og:description\" content=\"Ensamble de Rompecabezas Tatami Informaci\u00f3n preliminar: Despu\u00e9s de abrir el paquete, ventile el producto durante al menos 24 horas antes [&hellip;]\" \/>\n<meta property=\"og:url\" content=\"https:\/\/www.tatamixstore.com\/es\/montaje-y-desmontaje-de-tatami\/\" \/>\n<meta property=\"og:site_name\" content=\"Tatamixstore\" \/>\n<meta property=\"og:image\" content=\"https:\/\/www.es.tatamixstore.com\/img\/cms\/sp\/assembly-disassembly\/fig_1.jpg\" \/>\n<meta name=\"twitter:card\" content=\"summary_large_image\" \/>\n<meta name=\"twitter:label1\" content=\"Tiempo de lectura\" \/>\n\t<meta name=\"twitter:data1\" content=\"1 minuto\" \/>\n<script type=\"application\/ld+json\" class=\"yoast-schema-graph\">{\"@context\":\"https:\\\/\\\/schema.org\",\"@graph\":[{\"@type\":\"WebPage\",\"@id\":\"https:\\\/\\\/www.tatamixstore.com\\\/es\\\/montaje-y-desmontaje-de-tatami\\\/\",\"url\":\"https:\\\/\\\/www.tatamixstore.com\\\/es\\\/montaje-y-desmontaje-de-tatami\\\/\",\"name\":\"Montaje y desmontaje de tatami - Tatamixstore\",\"isPartOf\":{\"@id\":\"https:\\\/\\\/www.tatamixstore.com\\\/es\\\/#website\"},\"primaryImageOfPage\":{\"@id\":\"https:\\\/\\\/www.tatamixstore.com\\\/es\\\/montaje-y-desmontaje-de-tatami\\\/#primaryimage\"},\"image\":{\"@id\":\"https:\\\/\\\/www.tatamixstore.com\\\/es\\\/montaje-y-desmontaje-de-tatami\\\/#primaryimage\"},\"thumbnailUrl\":\"https:\\\/\\\/www.es.tatamixstore.com\\\/img\\\/cms\\\/sp\\\/assembly-disassembly\\\/fig_1.jpg\",\"datePublished\":\"2024-07-03T17:27:32+00:00\",\"breadcrumb\":{\"@id\":\"https:\\\/\\\/www.tatamixstore.com\\\/es\\\/montaje-y-desmontaje-de-tatami\\\/#breadcrumb\"},\"inLanguage\":\"es\",\"potentialAction\":[{\"@type\":\"ReadAction\",\"target\":[\"https:\\\/\\\/www.tatamixstore.com\\\/es\\\/montaje-y-desmontaje-de-tatami\\\/\"]}]},{\"@type\":\"ImageObject\",\"inLanguage\":\"es\",\"@id\":\"https:\\\/\\\/www.tatamixstore.com\\\/es\\\/montaje-y-desmontaje-de-tatami\\\/#primaryimage\",\"url\":\"https:\\\/\\\/www.es.tatamixstore.com\\\/img\\\/cms\\\/sp\\\/assembly-disassembly\\\/fig_1.jpg\",\"contentUrl\":\"https:\\\/\\\/www.es.tatamixstore.com\\\/img\\\/cms\\\/sp\\\/assembly-disassembly\\\/fig_1.jpg\"},{\"@type\":\"BreadcrumbList\",\"@id\":\"https:\\\/\\\/www.tatamixstore.com\\\/es\\\/montaje-y-desmontaje-de-tatami\\\/#breadcrumb\",\"itemListElement\":[{\"@type\":\"ListItem\",\"position\":1,\"name\":\"Home\",\"item\":\"https:\\\/\\\/www.tatamixstore.com\\\/es\\\/\"},{\"@type\":\"ListItem\",\"position\":2,\"name\":\"Montaje y desmontaje de tatami\"}]},{\"@type\":\"WebSite\",\"@id\":\"https:\\\/\\\/www.tatamixstore.com\\\/es\\\/#website\",\"url\":\"https:\\\/\\\/www.tatamixstore.com\\\/es\\\/\",\"name\":\"Tatamix Store\",\"description\":\"\",\"publisher\":{\"@id\":\"https:\\\/\\\/www.tatamixstore.com\\\/es\\\/#organization\"},\"potentialAction\":[{\"@type\":\"SearchAction\",\"target\":{\"@type\":\"EntryPoint\",\"urlTemplate\":\"https:\\\/\\\/www.tatamixstore.com\\\/es\\\/?s={search_term_string}\"},\"query-input\":{\"@type\":\"PropertyValueSpecification\",\"valueRequired\":true,\"valueName\":\"search_term_string\"}}],\"inLanguage\":\"es\"},{\"@type\":\"Organization\",\"@id\":\"https:\\\/\\\/www.tatamixstore.com\\\/es\\\/#organization\",\"name\":\"Tatamix Store\",\"url\":\"https:\\\/\\\/www.tatamixstore.com\\\/es\\\/\",\"logo\":{\"@type\":\"ImageObject\",\"inLanguage\":\"es\",\"@id\":\"https:\\\/\\\/www.tatamixstore.com\\\/es\\\/#\\\/schema\\\/logo\\\/image\\\/\",\"url\":\"https:\\\/\\\/www.tatamixstore.com\\\/wp-content\\\/uploads\\\/2024\\\/02\\\/logo-transparant.png\",\"contentUrl\":\"https:\\\/\\\/www.tatamixstore.com\\\/wp-content\\\/uploads\\\/2024\\\/02\\\/logo-transparant.png\",\"width\":492,\"height\":89,\"caption\":\"Tatamix Store\"},\"image\":{\"@id\":\"https:\\\/\\\/www.tatamixstore.com\\\/es\\\/#\\\/schema\\\/logo\\\/image\\\/\"}}]}<\/script>\n<!-- \/ Yoast SEO plugin. -->","yoast_head_json":{"title":"Montaje y desmontaje de tatami - Tatamixstore","robots":{"index":"index","follow":"follow","max-snippet":"max-snippet:-1","max-image-preview":"max-image-preview:large","max-video-preview":"max-video-preview:-1"},"canonical":"https:\/\/www.tatamixstore.com\/es\/montaje-y-desmontaje-de-tatami\/","og_locale":"es_ES","og_type":"article","og_title":"Montaje y desmontaje de tatami - Tatamixstore","og_description":"Ensamble de Rompecabezas Tatami Informaci\u00f3n preliminar: Despu\u00e9s de abrir el paquete, ventile el producto durante al menos 24 horas antes [&hellip;]","og_url":"https:\/\/www.tatamixstore.com\/es\/montaje-y-desmontaje-de-tatami\/","og_site_name":"Tatamixstore","og_image":[{"url":"https:\/\/www.es.tatamixstore.com\/img\/cms\/sp\/assembly-disassembly\/fig_1.jpg","type":"","width":"","height":""}],"twitter_card":"summary_large_image","twitter_misc":{"Tiempo de lectura":"1 minuto"},"schema":{"@context":"https:\/\/schema.org","@graph":[{"@type":"WebPage","@id":"https:\/\/www.tatamixstore.com\/es\/montaje-y-desmontaje-de-tatami\/","url":"https:\/\/www.tatamixstore.com\/es\/montaje-y-desmontaje-de-tatami\/","name":"Montaje y desmontaje de tatami - Tatamixstore","isPartOf":{"@id":"https:\/\/www.tatamixstore.com\/es\/#website"},"primaryImageOfPage":{"@id":"https:\/\/www.tatamixstore.com\/es\/montaje-y-desmontaje-de-tatami\/#primaryimage"},"image":{"@id":"https:\/\/www.tatamixstore.com\/es\/montaje-y-desmontaje-de-tatami\/#primaryimage"},"thumbnailUrl":"https:\/\/www.es.tatamixstore.com\/img\/cms\/sp\/assembly-disassembly\/fig_1.jpg","datePublished":"2024-07-03T17:27:32+00:00","breadcrumb":{"@id":"https:\/\/www.tatamixstore.com\/es\/montaje-y-desmontaje-de-tatami\/#breadcrumb"},"inLanguage":"es","potentialAction":[{"@type":"ReadAction","target":["https:\/\/www.tatamixstore.com\/es\/montaje-y-desmontaje-de-tatami\/"]}]},{"@type":"ImageObject","inLanguage":"es","@id":"https:\/\/www.tatamixstore.com\/es\/montaje-y-desmontaje-de-tatami\/#primaryimage","url":"https:\/\/www.es.tatamixstore.com\/img\/cms\/sp\/assembly-disassembly\/fig_1.jpg","contentUrl":"https:\/\/www.es.tatamixstore.com\/img\/cms\/sp\/assembly-disassembly\/fig_1.jpg"},{"@type":"BreadcrumbList","@id":"https:\/\/www.tatamixstore.com\/es\/montaje-y-desmontaje-de-tatami\/#breadcrumb","itemListElement":[{"@type":"ListItem","position":1,"name":"Home","item":"https:\/\/www.tatamixstore.com\/es\/"},{"@type":"ListItem","position":2,"name":"Montaje y desmontaje de tatami"}]},{"@type":"WebSite","@id":"https:\/\/www.tatamixstore.com\/es\/#website","url":"https:\/\/www.tatamixstore.com\/es\/","name":"Tatamix Store","description":"","publisher":{"@id":"https:\/\/www.tatamixstore.com\/es\/#organization"},"potentialAction":[{"@type":"SearchAction","target":{"@type":"EntryPoint","urlTemplate":"https:\/\/www.tatamixstore.com\/es\/?s={search_term_string}"},"query-input":{"@type":"PropertyValueSpecification","valueRequired":true,"valueName":"search_term_string"}}],"inLanguage":"es"},{"@type":"Organization","@id":"https:\/\/www.tatamixstore.com\/es\/#organization","name":"Tatamix Store","url":"https:\/\/www.tatamixstore.com\/es\/","logo":{"@type":"ImageObject","inLanguage":"es","@id":"https:\/\/www.tatamixstore.com\/es\/#\/schema\/logo\/image\/","url":"https:\/\/www.tatamixstore.com\/wp-content\/uploads\/2024\/02\/logo-transparant.png","contentUrl":"https:\/\/www.tatamixstore.com\/wp-content\/uploads\/2024\/02\/logo-transparant.png","width":492,"height":89,"caption":"Tatamix Store"},"image":{"@id":"https:\/\/www.tatamixstore.com\/es\/#\/schema\/logo\/image\/"}}]}},"_links":{"self":[{"href":"https:\/\/www.tatamixstore.com\/es\/wp-json\/wp\/v2\/pages\/21011","targetHints":{"allow":["GET"]}}],"collection":[{"href":"https:\/\/www.tatamixstore.com\/es\/wp-json\/wp\/v2\/pages"}],"about":[{"href":"https:\/\/www.tatamixstore.com\/es\/wp-json\/wp\/v2\/types\/page"}],"author":[{"embeddable":true,"href":"https:\/\/www.tatamixstore.com\/es\/wp-json\/wp\/v2\/users\/2"}],"replies":[{"embeddable":true,"href":"https:\/\/www.tatamixstore.com\/es\/wp-json\/wp\/v2\/comments?post=21011"}],"version-history":[{"count":2,"href":"https:\/\/www.tatamixstore.com\/es\/wp-json\/wp\/v2\/pages\/21011\/revisions"}],"predecessor-version":[{"id":21320,"href":"https:\/\/www.tatamixstore.com\/es\/wp-json\/wp\/v2\/pages\/21011\/revisions\/21320"}],"wp:attachment":[{"href":"https:\/\/www.tatamixstore.com\/es\/wp-json\/wp\/v2\/media?parent=21011"}],"curies":[{"name":"wp","href":"https:\/\/api.w.org\/{rel}","templated":true}]}}