{"id":21015,"date":"2024-07-03T13:53:11","date_gmt":"2024-07-03T13:53:11","guid":{"rendered":"https:\/\/stage.tatamixstore.com\/?page_id=21015"},"modified":"2024-07-03T17:24:49","modified_gmt":"2024-07-03T17:24:49","slug":"instrucciones-de-corte-de-tatami","status":"publish","type":"page","link":"https:\/\/www.tatamixstore.com\/es\/instrucciones-de-corte-de-tatami\/","title":{"rendered":"Instrucciones de Corte de Tatami"},"content":{"rendered":"<h2>Herramientas de corte:<\/h2>\n<ol>\n<li>Metro<\/li>\n<li>Regla de metal o regla recta (&gt; 1mt)<\/li>\n<li>Regla triangular<\/li>\n<li>El rotulador<\/li>\n<li>Cuchillas de repuesto<\/li>\n<li>Cuchillo \/ cuchillo de hoja grande<\/li>\n<\/ol>\n<p><img loading=\"lazy\" decoding=\"async\" src=\"https:\/\/www.es.tatamixstore.com\/img\/cms\/sp\/tatami-cut\/tools.jpg\" alt=\"Tatami - Herramientas de corte:\" width=\"800\" height=\"800\" \/><\/p>\n<h2>Tatami: instrucciones para cortar a lo largo de una pared<\/h2>\n<p>Una vez que el tatami se ha ensamblado como se ilustra en la p\u00e1gina de\u00a0<a href=\"https:\/\/www.es.tatamixstore.com\/content\/montaje-desmontaje-tatami\">montaje y desmontaje del tatami<\/a>, puede que sea necesario cortar el m\u00f3dulo.<\/p>\n<p><img loading=\"lazy\" decoding=\"async\" src=\"https:\/\/www.es.tatamixstore.com\/img\/cms\/sp\/tatami-cut\/tatami-wall.jpg\" alt=\"Tatami: instrucciones para cortar a lo largo de una pared\" width=\"800\" height=\"800\" \/><\/p>\n<p>Fig. 1 &#8211; En la imagen de ejemplo de arriba, puede ver c\u00f3mo los m\u00f3dulos integrados entre s\u00ed forman una acera que es demasiado larga. La l\u00ednea de puntos indica el final del piso, en cuyo caso se cortar\u00e1 el exceso de tatami resaltado en azul oscuro.<\/p>\n<p><img loading=\"lazy\" decoding=\"async\" src=\"https:\/\/www.es.tatamixstore.com\/img\/cms\/sp\/tatami-cut\/tatami-measurement_1.jpg\" alt=\"Tatami: instrucciones para cortar a lo largo de una pared\" width=\"800\" height=\"800\" \/><\/p>\n<p>Fig. 2 &#8211; Con la cinta m\u00e9trica, mida la distancia desde la pared hasta el final del tatami.<\/p>\n<p><img loading=\"lazy\" decoding=\"async\" src=\"https:\/\/www.es.tatamixstore.com\/img\/cms\/sp\/tatami-cut\/tatami-mark_2.jpg\" alt=\"Tatami: instrucciones para cortar a lo largo de una pared\" width=\"800\" height=\"614\" \/><\/p>\n<p>Fig. 3 &#8211; Registre la medida tomada marc\u00e1ndola con el rotulador. Preste atenci\u00f3n a la direcci\u00f3n de corte seg\u00fan la referencia de montaje de las juntas. Como se muestra en la Figura 4 (siguiente imagen).\u00a0<img loading=\"lazy\" decoding=\"async\" src=\"https:\/\/www.es.tatamixstore.com\/img\/cms\/sp\/tatami-cut\/04a-tatami-mark_1.jpg\" alt=\"Tatami: instrucciones para cortar a lo largo de una pared\" width=\"800\" height=\"515\" \/><\/p>\n<p>Fig. 4<\/p>\n<p><img loading=\"lazy\" decoding=\"async\" src=\"https:\/\/www.es.tatamixstore.com\/img\/cms\/sp\/tatami-cut\/tatami-cut.jpg\" alt=\"Tatami: instrucciones para cortar a lo largo de una pared\" width=\"800\" height=\"800\" \/><\/p>\n<p>Fig. 5 &#8211; Con el cortador, corte a lo largo de las referencias dibujadas con un rotulador.<\/p>\n","protected":false},"excerpt":{"rendered":"<p>Herramientas de corte: Metro Regla de metal o regla recta (&gt; 1mt) Regla triangular El rotulador Cuchillas de repuesto Cuchillo [&hellip;]<\/p>\n","protected":false},"author":2,"featured_media":0,"parent":0,"menu_order":0,"comment_status":"closed","ping_status":"closed","template":"","meta":{"_acf_changed":false,"footnotes":""},"class_list":["post-21015","page","type-page","status-publish","hentry"],"acf":[],"yoast_head":"<!-- This site is optimized with the Yoast SEO plugin v27.3 - https:\/\/yoast.com\/product\/yoast-seo-wordpress\/ -->\n<title>Instrucciones de Corte de Tatami - Tatamixstore<\/title>\n<meta name=\"robots\" content=\"index, follow, max-snippet:-1, max-image-preview:large, max-video-preview:-1\" \/>\n<link rel=\"canonical\" href=\"https:\/\/www.tatamixstore.com\/es\/instrucciones-de-corte-de-tatami\/\" \/>\n<meta property=\"og:locale\" content=\"es_ES\" \/>\n<meta property=\"og:type\" content=\"article\" \/>\n<meta property=\"og:title\" content=\"Instrucciones de Corte de Tatami - Tatamixstore\" \/>\n<meta property=\"og:description\" content=\"Herramientas de corte: Metro Regla de metal o regla recta (&gt; 1mt) Regla triangular El rotulador Cuchillas de repuesto Cuchillo [&hellip;]\" \/>\n<meta property=\"og:url\" content=\"https:\/\/www.tatamixstore.com\/es\/instrucciones-de-corte-de-tatami\/\" \/>\n<meta property=\"og:site_name\" content=\"Tatamixstore\" \/>\n<meta property=\"article:modified_time\" content=\"2024-07-03T17:24:49+00:00\" \/>\n<meta property=\"og:image\" content=\"https:\/\/www.es.tatamixstore.com\/img\/cms\/sp\/tatami-cut\/tools.jpg\" \/>\n<meta name=\"twitter:card\" content=\"summary_large_image\" \/>\n<meta name=\"twitter:label1\" content=\"Tiempo de lectura\" \/>\n\t<meta name=\"twitter:data1\" content=\"1 minuto\" \/>\n<script type=\"application\/ld+json\" class=\"yoast-schema-graph\">{\"@context\":\"https:\\\/\\\/schema.org\",\"@graph\":[{\"@type\":\"WebPage\",\"@id\":\"https:\\\/\\\/www.tatamixstore.com\\\/es\\\/instrucciones-de-corte-de-tatami\\\/\",\"url\":\"https:\\\/\\\/www.tatamixstore.com\\\/es\\\/instrucciones-de-corte-de-tatami\\\/\",\"name\":\"Instrucciones de Corte de Tatami - Tatamixstore\",\"isPartOf\":{\"@id\":\"https:\\\/\\\/www.tatamixstore.com\\\/es\\\/#website\"},\"primaryImageOfPage\":{\"@id\":\"https:\\\/\\\/www.tatamixstore.com\\\/es\\\/instrucciones-de-corte-de-tatami\\\/#primaryimage\"},\"image\":{\"@id\":\"https:\\\/\\\/www.tatamixstore.com\\\/es\\\/instrucciones-de-corte-de-tatami\\\/#primaryimage\"},\"thumbnailUrl\":\"https:\\\/\\\/www.es.tatamixstore.com\\\/img\\\/cms\\\/sp\\\/tatami-cut\\\/tools.jpg\",\"datePublished\":\"2024-07-03T13:53:11+00:00\",\"dateModified\":\"2024-07-03T17:24:49+00:00\",\"breadcrumb\":{\"@id\":\"https:\\\/\\\/www.tatamixstore.com\\\/es\\\/instrucciones-de-corte-de-tatami\\\/#breadcrumb\"},\"inLanguage\":\"es\",\"potentialAction\":[{\"@type\":\"ReadAction\",\"target\":[\"https:\\\/\\\/www.tatamixstore.com\\\/es\\\/instrucciones-de-corte-de-tatami\\\/\"]}]},{\"@type\":\"ImageObject\",\"inLanguage\":\"es\",\"@id\":\"https:\\\/\\\/www.tatamixstore.com\\\/es\\\/instrucciones-de-corte-de-tatami\\\/#primaryimage\",\"url\":\"https:\\\/\\\/www.es.tatamixstore.com\\\/img\\\/cms\\\/sp\\\/tatami-cut\\\/tools.jpg\",\"contentUrl\":\"https:\\\/\\\/www.es.tatamixstore.com\\\/img\\\/cms\\\/sp\\\/tatami-cut\\\/tools.jpg\"},{\"@type\":\"BreadcrumbList\",\"@id\":\"https:\\\/\\\/www.tatamixstore.com\\\/es\\\/instrucciones-de-corte-de-tatami\\\/#breadcrumb\",\"itemListElement\":[{\"@type\":\"ListItem\",\"position\":1,\"name\":\"Home\",\"item\":\"https:\\\/\\\/www.tatamixstore.com\\\/es\\\/\"},{\"@type\":\"ListItem\",\"position\":2,\"name\":\"Instrucciones de Corte de Tatami\"}]},{\"@type\":\"WebSite\",\"@id\":\"https:\\\/\\\/www.tatamixstore.com\\\/es\\\/#website\",\"url\":\"https:\\\/\\\/www.tatamixstore.com\\\/es\\\/\",\"name\":\"Tatamix Store\",\"description\":\"\",\"publisher\":{\"@id\":\"https:\\\/\\\/www.tatamixstore.com\\\/es\\\/#organization\"},\"potentialAction\":[{\"@type\":\"SearchAction\",\"target\":{\"@type\":\"EntryPoint\",\"urlTemplate\":\"https:\\\/\\\/www.tatamixstore.com\\\/es\\\/?s={search_term_string}\"},\"query-input\":{\"@type\":\"PropertyValueSpecification\",\"valueRequired\":true,\"valueName\":\"search_term_string\"}}],\"inLanguage\":\"es\"},{\"@type\":\"Organization\",\"@id\":\"https:\\\/\\\/www.tatamixstore.com\\\/es\\\/#organization\",\"name\":\"Tatamix Store\",\"url\":\"https:\\\/\\\/www.tatamixstore.com\\\/es\\\/\",\"logo\":{\"@type\":\"ImageObject\",\"inLanguage\":\"es\",\"@id\":\"https:\\\/\\\/www.tatamixstore.com\\\/es\\\/#\\\/schema\\\/logo\\\/image\\\/\",\"url\":\"https:\\\/\\\/www.tatamixstore.com\\\/wp-content\\\/uploads\\\/2024\\\/02\\\/logo-transparant.png\",\"contentUrl\":\"https:\\\/\\\/www.tatamixstore.com\\\/wp-content\\\/uploads\\\/2024\\\/02\\\/logo-transparant.png\",\"width\":492,\"height\":89,\"caption\":\"Tatamix Store\"},\"image\":{\"@id\":\"https:\\\/\\\/www.tatamixstore.com\\\/es\\\/#\\\/schema\\\/logo\\\/image\\\/\"}}]}<\/script>\n<!-- \/ Yoast SEO plugin. -->","yoast_head_json":{"title":"Instrucciones de Corte de Tatami - Tatamixstore","robots":{"index":"index","follow":"follow","max-snippet":"max-snippet:-1","max-image-preview":"max-image-preview:large","max-video-preview":"max-video-preview:-1"},"canonical":"https:\/\/www.tatamixstore.com\/es\/instrucciones-de-corte-de-tatami\/","og_locale":"es_ES","og_type":"article","og_title":"Instrucciones de Corte de Tatami - Tatamixstore","og_description":"Herramientas de corte: Metro Regla de metal o regla recta (&gt; 1mt) Regla triangular El rotulador Cuchillas de repuesto Cuchillo [&hellip;]","og_url":"https:\/\/www.tatamixstore.com\/es\/instrucciones-de-corte-de-tatami\/","og_site_name":"Tatamixstore","article_modified_time":"2024-07-03T17:24:49+00:00","og_image":[{"url":"https:\/\/www.es.tatamixstore.com\/img\/cms\/sp\/tatami-cut\/tools.jpg","type":"","width":"","height":""}],"twitter_card":"summary_large_image","twitter_misc":{"Tiempo de lectura":"1 minuto"},"schema":{"@context":"https:\/\/schema.org","@graph":[{"@type":"WebPage","@id":"https:\/\/www.tatamixstore.com\/es\/instrucciones-de-corte-de-tatami\/","url":"https:\/\/www.tatamixstore.com\/es\/instrucciones-de-corte-de-tatami\/","name":"Instrucciones de Corte de Tatami - Tatamixstore","isPartOf":{"@id":"https:\/\/www.tatamixstore.com\/es\/#website"},"primaryImageOfPage":{"@id":"https:\/\/www.tatamixstore.com\/es\/instrucciones-de-corte-de-tatami\/#primaryimage"},"image":{"@id":"https:\/\/www.tatamixstore.com\/es\/instrucciones-de-corte-de-tatami\/#primaryimage"},"thumbnailUrl":"https:\/\/www.es.tatamixstore.com\/img\/cms\/sp\/tatami-cut\/tools.jpg","datePublished":"2024-07-03T13:53:11+00:00","dateModified":"2024-07-03T17:24:49+00:00","breadcrumb":{"@id":"https:\/\/www.tatamixstore.com\/es\/instrucciones-de-corte-de-tatami\/#breadcrumb"},"inLanguage":"es","potentialAction":[{"@type":"ReadAction","target":["https:\/\/www.tatamixstore.com\/es\/instrucciones-de-corte-de-tatami\/"]}]},{"@type":"ImageObject","inLanguage":"es","@id":"https:\/\/www.tatamixstore.com\/es\/instrucciones-de-corte-de-tatami\/#primaryimage","url":"https:\/\/www.es.tatamixstore.com\/img\/cms\/sp\/tatami-cut\/tools.jpg","contentUrl":"https:\/\/www.es.tatamixstore.com\/img\/cms\/sp\/tatami-cut\/tools.jpg"},{"@type":"BreadcrumbList","@id":"https:\/\/www.tatamixstore.com\/es\/instrucciones-de-corte-de-tatami\/#breadcrumb","itemListElement":[{"@type":"ListItem","position":1,"name":"Home","item":"https:\/\/www.tatamixstore.com\/es\/"},{"@type":"ListItem","position":2,"name":"Instrucciones de Corte de Tatami"}]},{"@type":"WebSite","@id":"https:\/\/www.tatamixstore.com\/es\/#website","url":"https:\/\/www.tatamixstore.com\/es\/","name":"Tatamix Store","description":"","publisher":{"@id":"https:\/\/www.tatamixstore.com\/es\/#organization"},"potentialAction":[{"@type":"SearchAction","target":{"@type":"EntryPoint","urlTemplate":"https:\/\/www.tatamixstore.com\/es\/?s={search_term_string}"},"query-input":{"@type":"PropertyValueSpecification","valueRequired":true,"valueName":"search_term_string"}}],"inLanguage":"es"},{"@type":"Organization","@id":"https:\/\/www.tatamixstore.com\/es\/#organization","name":"Tatamix Store","url":"https:\/\/www.tatamixstore.com\/es\/","logo":{"@type":"ImageObject","inLanguage":"es","@id":"https:\/\/www.tatamixstore.com\/es\/#\/schema\/logo\/image\/","url":"https:\/\/www.tatamixstore.com\/wp-content\/uploads\/2024\/02\/logo-transparant.png","contentUrl":"https:\/\/www.tatamixstore.com\/wp-content\/uploads\/2024\/02\/logo-transparant.png","width":492,"height":89,"caption":"Tatamix Store"},"image":{"@id":"https:\/\/www.tatamixstore.com\/es\/#\/schema\/logo\/image\/"}}]}},"_links":{"self":[{"href":"https:\/\/www.tatamixstore.com\/es\/wp-json\/wp\/v2\/pages\/21015","targetHints":{"allow":["GET"]}}],"collection":[{"href":"https:\/\/www.tatamixstore.com\/es\/wp-json\/wp\/v2\/pages"}],"about":[{"href":"https:\/\/www.tatamixstore.com\/es\/wp-json\/wp\/v2\/types\/page"}],"author":[{"embeddable":true,"href":"https:\/\/www.tatamixstore.com\/es\/wp-json\/wp\/v2\/users\/2"}],"replies":[{"embeddable":true,"href":"https:\/\/www.tatamixstore.com\/es\/wp-json\/wp\/v2\/comments?post=21015"}],"version-history":[{"count":3,"href":"https:\/\/www.tatamixstore.com\/es\/wp-json\/wp\/v2\/pages\/21015\/revisions"}],"predecessor-version":[{"id":21316,"href":"https:\/\/www.tatamixstore.com\/es\/wp-json\/wp\/v2\/pages\/21015\/revisions\/21316"}],"wp:attachment":[{"href":"https:\/\/www.tatamixstore.com\/es\/wp-json\/wp\/v2\/media?parent=21015"}],"curies":[{"name":"wp","href":"https:\/\/api.w.org\/{rel}","templated":true}]}}