{"id":20462,"date":"2023-03-08T14:04:15","date_gmt":"2023-03-08T14:04:15","guid":{"rendered":"https:\/\/stage.tatamixstore.com\/product\/tatamix-hibrido-4cm-eva-xpe\/"},"modified":"2023-03-08T14:04:15","modified_gmt":"2023-03-08T14:04:15","slug":"tatamix-hibrido-4cm-eva-xpe","status":"publish","type":"product","link":"https:\/\/www.tatamixstore.com\/es\/producto\/tatamix-hibrido-4cm-eva-xpe\/","title":{"rendered":"Tatamix H\u00edbrido 4cm &#8211; EVA + XPE"},"content":{"rendered":"<h4>Alfombra puzzle personalizable<\/h4>\n<p>  Tatami \u00fanico de espuma EVA y XPE. Elige t\u00fa mismo la combinaci\u00f3n de colores y crea tu tatami ideal. Para Judo, MMA y otras artes marciales. El tatami H\u00edbrido se fabrica a medida y combina las ventajas de la espuma EVA con un n\u00facleo de polietileno (XPE). Esta mezcla \u00fanica crea una alfombrilla suave y duradera con gran capacidad de absorci\u00f3n de impactos. El dibujo cruzado proporciona un agarre extra y es f\u00e1cilmente lavable. Puedes elegir entre 4, 1, 2, 3 \u00f3 5 cm. Tambi\u00e9n puedes elegir t\u00fa mismo la combinaci\u00f3n de colores. Esto crea el tatami \u00f3ptimo para tu deporte favorito.<\/p>\n","protected":false},"excerpt":{"rendered":"<p>Alfombra puzzle personalizable Tatami \u00fanico de espuma EVA y XPE. Elige t\u00fa mismo la combinaci\u00f3n de colores y crea tu [&hellip;]<\/p>\n","protected":false},"featured_media":20331,"comment_status":"closed","ping_status":"open","template":"","meta":{"_acf_changed":false},"product_brand":[],"product_cat":[2830,2855,2755,2810,2760,2835,2765,2770,2775,2730,2805,2735,2780,2860],"product_tag":[3897,3896,3898,3899,3894,3895],"class_list":{"0":"post-20462","1":"product","2":"type-product","3":"status-publish","4":"has-post-thumbnail","6":"product_cat-grosor-de-eva-4-5-cm","7":"product_cat-grosor-de-xpe-4-5-cm","8":"product_cat-tapete-puzzle-de-artes-marciales","9":"product_cat-tapete-puzzle-de-espuma-eva","10":"product_cat-tapete-puzzle-de-judo","11":"product_cat-tapete-puzzle-xpe-de-polietileno","12":"product_cat-tatami-aikido","13":"product_cat-tatami-karate","14":"product_cat-tatami-mma-es","15":"product_cat-tatami-puzzle","16":"product_cat-tatami-puzzle-4-cm","17":"product_cat-tatami-puzzle-personalizable","18":"product_cat-tatami-taekwondo","19":"product_cat-tatamix-hybrid","20":"product_tag-artes-marciales","21":"product_tag-caja","22":"product_tag-eva-es","23":"product_tag-muay-tailandes","24":"product_tag-rompecabezas","25":"product_tag-xpe-es","27":"first","28":"instock","29":"taxable","30":"shipping-taxable","31":"product-type-simple"},"acf":[],"yoast_head":"<!-- This site is optimized with the Yoast SEO plugin v27.3 - https:\/\/yoast.com\/product\/yoast-seo-wordpress\/ -->\n<title>Tatamix H\u00edbrido 4cm - EVA + XPE - Tatamixstore<\/title>\n<meta name=\"robots\" content=\"index, follow, max-snippet:-1, max-image-preview:large, max-video-preview:-1\" \/>\n<link rel=\"canonical\" href=\"https:\/\/www.tatamixstore.com\/es\/producto\/tatamix-hibrido-4cm-eva-xpe\/\" \/>\n<meta property=\"og:locale\" content=\"es_ES\" \/>\n<meta property=\"og:type\" content=\"article\" \/>\n<meta property=\"og:title\" content=\"Tatamix H\u00edbrido 4cm - EVA + XPE - Tatamixstore\" \/>\n<meta property=\"og:description\" content=\"Alfombra puzzle personalizable Tatami \u00fanico de espuma EVA y XPE. Elige t\u00fa mismo la combinaci\u00f3n de colores y crea tu [&hellip;]\" \/>\n<meta property=\"og:url\" content=\"https:\/\/www.tatamixstore.com\/es\/producto\/tatamix-hibrido-4cm-eva-xpe\/\" \/>\n<meta property=\"og:site_name\" content=\"Tatamixstore\" \/>\n<meta property=\"og:image\" content=\"https:\/\/www.tatamixstore.com\/wp-content\/uploads\/2024\/06\/tatamix-hybrid-4cm-1.webp\" \/>\n\t<meta property=\"og:image:width\" content=\"800\" \/>\n\t<meta property=\"og:image:height\" content=\"800\" \/>\n\t<meta property=\"og:image:type\" content=\"image\/webp\" \/>\n<meta name=\"twitter:card\" content=\"summary_large_image\" \/>\n<meta name=\"twitter:label1\" content=\"Tiempo de lectura\" \/>\n\t<meta name=\"twitter:data1\" content=\"1 minuto\" \/>\n<script type=\"application\/ld+json\" class=\"yoast-schema-graph\">{\"@context\":\"https:\\\/\\\/schema.org\",\"@graph\":[{\"@type\":\"WebPage\",\"@id\":\"https:\\\/\\\/www.tatamixstore.com\\\/es\\\/producto\\\/tatamix-hibrido-4cm-eva-xpe\\\/\",\"url\":\"https:\\\/\\\/www.tatamixstore.com\\\/es\\\/producto\\\/tatamix-hibrido-4cm-eva-xpe\\\/\",\"name\":\"Tatamix H\u00edbrido 4cm - EVA + XPE - Tatamixstore\",\"isPartOf\":{\"@id\":\"https:\\\/\\\/www.tatamixstore.com\\\/es\\\/#website\"},\"primaryImageOfPage\":{\"@id\":\"https:\\\/\\\/www.tatamixstore.com\\\/es\\\/producto\\\/tatamix-hibrido-4cm-eva-xpe\\\/#primaryimage\"},\"image\":{\"@id\":\"https:\\\/\\\/www.tatamixstore.com\\\/es\\\/producto\\\/tatamix-hibrido-4cm-eva-xpe\\\/#primaryimage\"},\"thumbnailUrl\":\"https:\\\/\\\/www.tatamixstore.com\\\/wp-content\\\/uploads\\\/2024\\\/06\\\/tatamix-hybrid-4cm-1.webp\",\"datePublished\":\"2023-03-08T14:04:15+00:00\",\"breadcrumb\":{\"@id\":\"https:\\\/\\\/www.tatamixstore.com\\\/es\\\/producto\\\/tatamix-hibrido-4cm-eva-xpe\\\/#breadcrumb\"},\"inLanguage\":\"es\",\"potentialAction\":[{\"@type\":\"ReadAction\",\"target\":[\"https:\\\/\\\/www.tatamixstore.com\\\/es\\\/producto\\\/tatamix-hibrido-4cm-eva-xpe\\\/\"]}]},{\"@type\":\"ImageObject\",\"inLanguage\":\"es\",\"@id\":\"https:\\\/\\\/www.tatamixstore.com\\\/es\\\/producto\\\/tatamix-hibrido-4cm-eva-xpe\\\/#primaryimage\",\"url\":\"https:\\\/\\\/www.tatamixstore.com\\\/wp-content\\\/uploads\\\/2024\\\/06\\\/tatamix-hybrid-4cm-1.webp\",\"contentUrl\":\"https:\\\/\\\/www.tatamixstore.com\\\/wp-content\\\/uploads\\\/2024\\\/06\\\/tatamix-hybrid-4cm-1.webp\",\"width\":800,\"height\":800},{\"@type\":\"BreadcrumbList\",\"@id\":\"https:\\\/\\\/www.tatamixstore.com\\\/es\\\/producto\\\/tatamix-hibrido-4cm-eva-xpe\\\/#breadcrumb\",\"itemListElement\":[{\"@type\":\"ListItem\",\"position\":1,\"name\":\"Home\",\"item\":\"https:\\\/\\\/www.tatamixstore.com\\\/es\\\/\"},{\"@type\":\"ListItem\",\"position\":2,\"name\":\"Tienda\",\"item\":\"https:\\\/\\\/www.tatamixstore.com\\\/store\\\/\"},{\"@type\":\"ListItem\",\"position\":3,\"name\":\"Tatamix H\u00edbrido 4cm &#8211; EVA + XPE\"}]},{\"@type\":\"WebSite\",\"@id\":\"https:\\\/\\\/www.tatamixstore.com\\\/es\\\/#website\",\"url\":\"https:\\\/\\\/www.tatamixstore.com\\\/es\\\/\",\"name\":\"Tatamix Store\",\"description\":\"\",\"publisher\":{\"@id\":\"https:\\\/\\\/www.tatamixstore.com\\\/es\\\/#organization\"},\"potentialAction\":[{\"@type\":\"SearchAction\",\"target\":{\"@type\":\"EntryPoint\",\"urlTemplate\":\"https:\\\/\\\/www.tatamixstore.com\\\/es\\\/?s={search_term_string}\"},\"query-input\":{\"@type\":\"PropertyValueSpecification\",\"valueRequired\":true,\"valueName\":\"search_term_string\"}}],\"inLanguage\":\"es\"},{\"@type\":\"Organization\",\"@id\":\"https:\\\/\\\/www.tatamixstore.com\\\/es\\\/#organization\",\"name\":\"Tatamix Store\",\"url\":\"https:\\\/\\\/www.tatamixstore.com\\\/es\\\/\",\"logo\":{\"@type\":\"ImageObject\",\"inLanguage\":\"es\",\"@id\":\"https:\\\/\\\/www.tatamixstore.com\\\/es\\\/#\\\/schema\\\/logo\\\/image\\\/\",\"url\":\"https:\\\/\\\/www.tatamixstore.com\\\/wp-content\\\/uploads\\\/2024\\\/02\\\/logo-transparant.png\",\"contentUrl\":\"https:\\\/\\\/www.tatamixstore.com\\\/wp-content\\\/uploads\\\/2024\\\/02\\\/logo-transparant.png\",\"width\":492,\"height\":89,\"caption\":\"Tatamix Store\"},\"image\":{\"@id\":\"https:\\\/\\\/www.tatamixstore.com\\\/es\\\/#\\\/schema\\\/logo\\\/image\\\/\"}}]}<\/script>\n<!-- \/ Yoast SEO plugin. -->","yoast_head_json":{"title":"Tatamix H\u00edbrido 4cm - EVA + XPE - Tatamixstore","robots":{"index":"index","follow":"follow","max-snippet":"max-snippet:-1","max-image-preview":"max-image-preview:large","max-video-preview":"max-video-preview:-1"},"canonical":"https:\/\/www.tatamixstore.com\/es\/producto\/tatamix-hibrido-4cm-eva-xpe\/","og_locale":"es_ES","og_type":"article","og_title":"Tatamix H\u00edbrido 4cm - EVA + XPE - Tatamixstore","og_description":"Alfombra puzzle personalizable Tatami \u00fanico de espuma EVA y XPE. Elige t\u00fa mismo la combinaci\u00f3n de colores y crea tu [&hellip;]","og_url":"https:\/\/www.tatamixstore.com\/es\/producto\/tatamix-hibrido-4cm-eva-xpe\/","og_site_name":"Tatamixstore","og_image":[{"width":800,"height":800,"url":"https:\/\/www.tatamixstore.com\/wp-content\/uploads\/2024\/06\/tatamix-hybrid-4cm-1.webp","type":"image\/webp"}],"twitter_card":"summary_large_image","twitter_misc":{"Tiempo de lectura":"1 minuto"},"schema":{"@context":"https:\/\/schema.org","@graph":[{"@type":"WebPage","@id":"https:\/\/www.tatamixstore.com\/es\/producto\/tatamix-hibrido-4cm-eva-xpe\/","url":"https:\/\/www.tatamixstore.com\/es\/producto\/tatamix-hibrido-4cm-eva-xpe\/","name":"Tatamix H\u00edbrido 4cm - EVA + XPE - Tatamixstore","isPartOf":{"@id":"https:\/\/www.tatamixstore.com\/es\/#website"},"primaryImageOfPage":{"@id":"https:\/\/www.tatamixstore.com\/es\/producto\/tatamix-hibrido-4cm-eva-xpe\/#primaryimage"},"image":{"@id":"https:\/\/www.tatamixstore.com\/es\/producto\/tatamix-hibrido-4cm-eva-xpe\/#primaryimage"},"thumbnailUrl":"https:\/\/www.tatamixstore.com\/wp-content\/uploads\/2024\/06\/tatamix-hybrid-4cm-1.webp","datePublished":"2023-03-08T14:04:15+00:00","breadcrumb":{"@id":"https:\/\/www.tatamixstore.com\/es\/producto\/tatamix-hibrido-4cm-eva-xpe\/#breadcrumb"},"inLanguage":"es","potentialAction":[{"@type":"ReadAction","target":["https:\/\/www.tatamixstore.com\/es\/producto\/tatamix-hibrido-4cm-eva-xpe\/"]}]},{"@type":"ImageObject","inLanguage":"es","@id":"https:\/\/www.tatamixstore.com\/es\/producto\/tatamix-hibrido-4cm-eva-xpe\/#primaryimage","url":"https:\/\/www.tatamixstore.com\/wp-content\/uploads\/2024\/06\/tatamix-hybrid-4cm-1.webp","contentUrl":"https:\/\/www.tatamixstore.com\/wp-content\/uploads\/2024\/06\/tatamix-hybrid-4cm-1.webp","width":800,"height":800},{"@type":"BreadcrumbList","@id":"https:\/\/www.tatamixstore.com\/es\/producto\/tatamix-hibrido-4cm-eva-xpe\/#breadcrumb","itemListElement":[{"@type":"ListItem","position":1,"name":"Home","item":"https:\/\/www.tatamixstore.com\/es\/"},{"@type":"ListItem","position":2,"name":"Tienda","item":"https:\/\/www.tatamixstore.com\/store\/"},{"@type":"ListItem","position":3,"name":"Tatamix H\u00edbrido 4cm &#8211; EVA + XPE"}]},{"@type":"WebSite","@id":"https:\/\/www.tatamixstore.com\/es\/#website","url":"https:\/\/www.tatamixstore.com\/es\/","name":"Tatamix Store","description":"","publisher":{"@id":"https:\/\/www.tatamixstore.com\/es\/#organization"},"potentialAction":[{"@type":"SearchAction","target":{"@type":"EntryPoint","urlTemplate":"https:\/\/www.tatamixstore.com\/es\/?s={search_term_string}"},"query-input":{"@type":"PropertyValueSpecification","valueRequired":true,"valueName":"search_term_string"}}],"inLanguage":"es"},{"@type":"Organization","@id":"https:\/\/www.tatamixstore.com\/es\/#organization","name":"Tatamix Store","url":"https:\/\/www.tatamixstore.com\/es\/","logo":{"@type":"ImageObject","inLanguage":"es","@id":"https:\/\/www.tatamixstore.com\/es\/#\/schema\/logo\/image\/","url":"https:\/\/www.tatamixstore.com\/wp-content\/uploads\/2024\/02\/logo-transparant.png","contentUrl":"https:\/\/www.tatamixstore.com\/wp-content\/uploads\/2024\/02\/logo-transparant.png","width":492,"height":89,"caption":"Tatamix Store"},"image":{"@id":"https:\/\/www.tatamixstore.com\/es\/#\/schema\/logo\/image\/"}}]}},"_links":{"self":[{"href":"https:\/\/www.tatamixstore.com\/es\/wp-json\/wp\/v2\/product\/20462","targetHints":{"allow":["GET"]}}],"collection":[{"href":"https:\/\/www.tatamixstore.com\/es\/wp-json\/wp\/v2\/product"}],"about":[{"href":"https:\/\/www.tatamixstore.com\/es\/wp-json\/wp\/v2\/types\/product"}],"replies":[{"embeddable":true,"href":"https:\/\/www.tatamixstore.com\/es\/wp-json\/wp\/v2\/comments?post=20462"}],"wp:featuredmedia":[{"embeddable":true,"href":"https:\/\/www.tatamixstore.com\/es\/wp-json\/wp\/v2\/media\/20331"}],"wp:attachment":[{"href":"https:\/\/www.tatamixstore.com\/es\/wp-json\/wp\/v2\/media?parent=20462"}],"wp:term":[{"taxonomy":"product_brand","embeddable":true,"href":"https:\/\/www.tatamixstore.com\/es\/wp-json\/wp\/v2\/product_brand?post=20462"},{"taxonomy":"product_cat","embeddable":true,"href":"https:\/\/www.tatamixstore.com\/es\/wp-json\/wp\/v2\/product_cat?post=20462"},{"taxonomy":"product_tag","embeddable":true,"href":"https:\/\/www.tatamixstore.com\/es\/wp-json\/wp\/v2\/product_tag?post=20462"}],"curies":[{"name":"wp","href":"https:\/\/api.w.org\/{rel}","templated":true}]}}