{"id":20521,"date":"2020-09-25T14:53:30","date_gmt":"2020-09-25T14:53:30","guid":{"rendered":"https:\/\/stage.tatamixstore.com\/product\/pavimento-de-caucho-reciclado-antichoque-crossfit-y-fitness-2cm\/"},"modified":"2020-09-25T14:53:30","modified_gmt":"2020-09-25T14:53:30","slug":"pavimento-de-caucho-reciclado-antichoque-crossfit-y-fitness-2cm","status":"publish","type":"product","link":"https:\/\/www.tatamixstore.com\/es\/producto\/pavimento-de-caucho-reciclado-antichoque-crossfit-y-fitness-2cm\/","title":{"rendered":"Pavimento de caucho reciclado antichoque &#8211; crossfit y fitness &#8211; 2cm"},"content":{"rendered":"<p>Su superficie tiene un tama\u00f1o de grano variable, aglomerado con resinas de poliuretano. El fondo plano garantiza una excelente adherencia al soporte. El producto est\u00e1 disponible en 2 versiones: GRANO LISO y GRANO MEDIO. El azulejo tambi\u00e9n est\u00e1 disponible en la versi\u00f3n Grosor 1,5 cm.  <strong>Cantidad m\u00ednima para vender: 10 piezas<\/strong> <strong><br \/>\n  <em>Contenido en metales pesados: EN 1021-1 y EN 1021-2 <\/em><br \/>\n<\/strong><em>Plomo soluble (&lt; 8 mg), cadmio soluble (&lt;1 mg), cromo soluble (&lt;2 mg), bario soluble (&lt;10 mg), <\/em> <em>Antimonio soluble (&lt;2 mg), ars\u00e9nico soluble (&lt; &lt;1 mg), selenio soluble (&lt;3 mg), mercurio soluble (&lt;1 mg)<\/em><\/p>\n","protected":false},"excerpt":{"rendered":"<p>Su superficie tiene un tama\u00f1o de grano variable, aglomerado con resinas de poliuretano. El fondo plano garantiza una excelente adherencia [&hellip;]<\/p>\n","protected":false},"featured_media":19848,"comment_status":"closed","ping_status":"closed","template":"","meta":{"_acf_changed":false},"product_brand":[],"product_cat":[2715,2705],"product_tag":[3960,3963,3962,3961,3959,3964,3965,3966,3968,3970],"class_list":{"0":"post-20521","1":"product","2":"type-product","3":"status-publish","4":"has-post-thumbnail","6":"product_cat-gimnasia-fitness-y-crossfit","7":"product_cat-otros-tapetes","8":"product_tag-absorcion-de-chocolate","9":"product_tag-aleta-de-grano","10":"product_tag-carrelage-es","11":"product_tag-caucho-reciclado","12":"product_tag-crossfit-es","13":"product_tag-grano-moyen","14":"product_tag-modulo","15":"product_tag-outils-es","16":"product_tag-resistant-es","17":"product_tag-sala-de-musculacion","19":"first","20":"outofstock","21":"taxable","22":"shipping-taxable","23":"product-type-simple"},"acf":[],"yoast_head":"<!-- This site is optimized with the Yoast SEO plugin v27.3 - https:\/\/yoast.com\/product\/yoast-seo-wordpress\/ -->\n<title>Pavimento de caucho reciclado antichoque - crossfit y fitness - 2cm - Tatamixstore<\/title>\n<meta name=\"robots\" content=\"index, follow, max-snippet:-1, max-image-preview:large, max-video-preview:-1\" \/>\n<link rel=\"canonical\" href=\"https:\/\/www.tatamixstore.com\/es\/producto\/pavimento-de-caucho-reciclado-antichoque-crossfit-y-fitness-2cm\/\" \/>\n<meta property=\"og:locale\" content=\"es_ES\" \/>\n<meta property=\"og:type\" content=\"article\" \/>\n<meta property=\"og:title\" content=\"Pavimento de caucho reciclado antichoque - crossfit y fitness - 2cm - Tatamixstore\" \/>\n<meta property=\"og:description\" content=\"Su superficie tiene un tama\u00f1o de grano variable, aglomerado con resinas de poliuretano. El fondo plano garantiza una excelente adherencia [&hellip;]\" \/>\n<meta property=\"og:url\" content=\"https:\/\/www.tatamixstore.com\/es\/producto\/pavimento-de-caucho-reciclado-antichoque-crossfit-y-fitness-2cm\/\" \/>\n<meta property=\"og:site_name\" content=\"Tatamixstore\" \/>\n<meta property=\"og:image\" content=\"https:\/\/www.tatamixstore.com\/wp-content\/uploads\/2024\/06\/711-1.jpg\" \/>\n\t<meta property=\"og:image:width\" content=\"800\" \/>\n\t<meta property=\"og:image:height\" content=\"800\" \/>\n\t<meta property=\"og:image:type\" content=\"image\/jpeg\" \/>\n<meta name=\"twitter:card\" content=\"summary_large_image\" \/>\n<script type=\"application\/ld+json\" class=\"yoast-schema-graph\">{\"@context\":\"https:\\\/\\\/schema.org\",\"@graph\":[{\"@type\":\"WebPage\",\"@id\":\"https:\\\/\\\/www.tatamixstore.com\\\/es\\\/producto\\\/pavimento-de-caucho-reciclado-antichoque-crossfit-y-fitness-2cm\\\/\",\"url\":\"https:\\\/\\\/www.tatamixstore.com\\\/es\\\/producto\\\/pavimento-de-caucho-reciclado-antichoque-crossfit-y-fitness-2cm\\\/\",\"name\":\"Pavimento de caucho reciclado antichoque - crossfit y fitness - 2cm - Tatamixstore\",\"isPartOf\":{\"@id\":\"https:\\\/\\\/www.tatamixstore.com\\\/es\\\/#website\"},\"primaryImageOfPage\":{\"@id\":\"https:\\\/\\\/www.tatamixstore.com\\\/es\\\/producto\\\/pavimento-de-caucho-reciclado-antichoque-crossfit-y-fitness-2cm\\\/#primaryimage\"},\"image\":{\"@id\":\"https:\\\/\\\/www.tatamixstore.com\\\/es\\\/producto\\\/pavimento-de-caucho-reciclado-antichoque-crossfit-y-fitness-2cm\\\/#primaryimage\"},\"thumbnailUrl\":\"https:\\\/\\\/www.tatamixstore.com\\\/wp-content\\\/uploads\\\/2024\\\/06\\\/711-1.jpg\",\"datePublished\":\"2020-09-25T14:53:30+00:00\",\"breadcrumb\":{\"@id\":\"https:\\\/\\\/www.tatamixstore.com\\\/es\\\/producto\\\/pavimento-de-caucho-reciclado-antichoque-crossfit-y-fitness-2cm\\\/#breadcrumb\"},\"inLanguage\":\"es\",\"potentialAction\":[{\"@type\":\"ReadAction\",\"target\":[\"https:\\\/\\\/www.tatamixstore.com\\\/es\\\/producto\\\/pavimento-de-caucho-reciclado-antichoque-crossfit-y-fitness-2cm\\\/\"]}]},{\"@type\":\"ImageObject\",\"inLanguage\":\"es\",\"@id\":\"https:\\\/\\\/www.tatamixstore.com\\\/es\\\/producto\\\/pavimento-de-caucho-reciclado-antichoque-crossfit-y-fitness-2cm\\\/#primaryimage\",\"url\":\"https:\\\/\\\/www.tatamixstore.com\\\/wp-content\\\/uploads\\\/2024\\\/06\\\/711-1.jpg\",\"contentUrl\":\"https:\\\/\\\/www.tatamixstore.com\\\/wp-content\\\/uploads\\\/2024\\\/06\\\/711-1.jpg\",\"width\":800,\"height\":800},{\"@type\":\"BreadcrumbList\",\"@id\":\"https:\\\/\\\/www.tatamixstore.com\\\/es\\\/producto\\\/pavimento-de-caucho-reciclado-antichoque-crossfit-y-fitness-2cm\\\/#breadcrumb\",\"itemListElement\":[{\"@type\":\"ListItem\",\"position\":1,\"name\":\"Home\",\"item\":\"https:\\\/\\\/www.tatamixstore.com\\\/es\\\/\"},{\"@type\":\"ListItem\",\"position\":2,\"name\":\"Tienda\",\"item\":\"https:\\\/\\\/www.tatamixstore.com\\\/store\\\/\"},{\"@type\":\"ListItem\",\"position\":3,\"name\":\"Pavimento de caucho reciclado antichoque &#8211; crossfit y fitness &#8211; 2cm\"}]},{\"@type\":\"WebSite\",\"@id\":\"https:\\\/\\\/www.tatamixstore.com\\\/es\\\/#website\",\"url\":\"https:\\\/\\\/www.tatamixstore.com\\\/es\\\/\",\"name\":\"Tatamix Store\",\"description\":\"\",\"publisher\":{\"@id\":\"https:\\\/\\\/www.tatamixstore.com\\\/es\\\/#organization\"},\"potentialAction\":[{\"@type\":\"SearchAction\",\"target\":{\"@type\":\"EntryPoint\",\"urlTemplate\":\"https:\\\/\\\/www.tatamixstore.com\\\/es\\\/?s={search_term_string}\"},\"query-input\":{\"@type\":\"PropertyValueSpecification\",\"valueRequired\":true,\"valueName\":\"search_term_string\"}}],\"inLanguage\":\"es\"},{\"@type\":\"Organization\",\"@id\":\"https:\\\/\\\/www.tatamixstore.com\\\/es\\\/#organization\",\"name\":\"Tatamix Store\",\"url\":\"https:\\\/\\\/www.tatamixstore.com\\\/es\\\/\",\"logo\":{\"@type\":\"ImageObject\",\"inLanguage\":\"es\",\"@id\":\"https:\\\/\\\/www.tatamixstore.com\\\/es\\\/#\\\/schema\\\/logo\\\/image\\\/\",\"url\":\"https:\\\/\\\/www.tatamixstore.com\\\/wp-content\\\/uploads\\\/2024\\\/02\\\/logo-transparant.png\",\"contentUrl\":\"https:\\\/\\\/www.tatamixstore.com\\\/wp-content\\\/uploads\\\/2024\\\/02\\\/logo-transparant.png\",\"width\":492,\"height\":89,\"caption\":\"Tatamix Store\"},\"image\":{\"@id\":\"https:\\\/\\\/www.tatamixstore.com\\\/es\\\/#\\\/schema\\\/logo\\\/image\\\/\"}}]}<\/script>\n<!-- \/ Yoast SEO plugin. -->","yoast_head_json":{"title":"Pavimento de caucho reciclado antichoque - crossfit y fitness - 2cm - Tatamixstore","robots":{"index":"index","follow":"follow","max-snippet":"max-snippet:-1","max-image-preview":"max-image-preview:large","max-video-preview":"max-video-preview:-1"},"canonical":"https:\/\/www.tatamixstore.com\/es\/producto\/pavimento-de-caucho-reciclado-antichoque-crossfit-y-fitness-2cm\/","og_locale":"es_ES","og_type":"article","og_title":"Pavimento de caucho reciclado antichoque - crossfit y fitness - 2cm - Tatamixstore","og_description":"Su superficie tiene un tama\u00f1o de grano variable, aglomerado con resinas de poliuretano. El fondo plano garantiza una excelente adherencia [&hellip;]","og_url":"https:\/\/www.tatamixstore.com\/es\/producto\/pavimento-de-caucho-reciclado-antichoque-crossfit-y-fitness-2cm\/","og_site_name":"Tatamixstore","og_image":[{"width":800,"height":800,"url":"https:\/\/www.tatamixstore.com\/wp-content\/uploads\/2024\/06\/711-1.jpg","type":"image\/jpeg"}],"twitter_card":"summary_large_image","schema":{"@context":"https:\/\/schema.org","@graph":[{"@type":"WebPage","@id":"https:\/\/www.tatamixstore.com\/es\/producto\/pavimento-de-caucho-reciclado-antichoque-crossfit-y-fitness-2cm\/","url":"https:\/\/www.tatamixstore.com\/es\/producto\/pavimento-de-caucho-reciclado-antichoque-crossfit-y-fitness-2cm\/","name":"Pavimento de caucho reciclado antichoque - crossfit y fitness - 2cm - Tatamixstore","isPartOf":{"@id":"https:\/\/www.tatamixstore.com\/es\/#website"},"primaryImageOfPage":{"@id":"https:\/\/www.tatamixstore.com\/es\/producto\/pavimento-de-caucho-reciclado-antichoque-crossfit-y-fitness-2cm\/#primaryimage"},"image":{"@id":"https:\/\/www.tatamixstore.com\/es\/producto\/pavimento-de-caucho-reciclado-antichoque-crossfit-y-fitness-2cm\/#primaryimage"},"thumbnailUrl":"https:\/\/www.tatamixstore.com\/wp-content\/uploads\/2024\/06\/711-1.jpg","datePublished":"2020-09-25T14:53:30+00:00","breadcrumb":{"@id":"https:\/\/www.tatamixstore.com\/es\/producto\/pavimento-de-caucho-reciclado-antichoque-crossfit-y-fitness-2cm\/#breadcrumb"},"inLanguage":"es","potentialAction":[{"@type":"ReadAction","target":["https:\/\/www.tatamixstore.com\/es\/producto\/pavimento-de-caucho-reciclado-antichoque-crossfit-y-fitness-2cm\/"]}]},{"@type":"ImageObject","inLanguage":"es","@id":"https:\/\/www.tatamixstore.com\/es\/producto\/pavimento-de-caucho-reciclado-antichoque-crossfit-y-fitness-2cm\/#primaryimage","url":"https:\/\/www.tatamixstore.com\/wp-content\/uploads\/2024\/06\/711-1.jpg","contentUrl":"https:\/\/www.tatamixstore.com\/wp-content\/uploads\/2024\/06\/711-1.jpg","width":800,"height":800},{"@type":"BreadcrumbList","@id":"https:\/\/www.tatamixstore.com\/es\/producto\/pavimento-de-caucho-reciclado-antichoque-crossfit-y-fitness-2cm\/#breadcrumb","itemListElement":[{"@type":"ListItem","position":1,"name":"Home","item":"https:\/\/www.tatamixstore.com\/es\/"},{"@type":"ListItem","position":2,"name":"Tienda","item":"https:\/\/www.tatamixstore.com\/store\/"},{"@type":"ListItem","position":3,"name":"Pavimento de caucho reciclado antichoque &#8211; crossfit y fitness &#8211; 2cm"}]},{"@type":"WebSite","@id":"https:\/\/www.tatamixstore.com\/es\/#website","url":"https:\/\/www.tatamixstore.com\/es\/","name":"Tatamix Store","description":"","publisher":{"@id":"https:\/\/www.tatamixstore.com\/es\/#organization"},"potentialAction":[{"@type":"SearchAction","target":{"@type":"EntryPoint","urlTemplate":"https:\/\/www.tatamixstore.com\/es\/?s={search_term_string}"},"query-input":{"@type":"PropertyValueSpecification","valueRequired":true,"valueName":"search_term_string"}}],"inLanguage":"es"},{"@type":"Organization","@id":"https:\/\/www.tatamixstore.com\/es\/#organization","name":"Tatamix Store","url":"https:\/\/www.tatamixstore.com\/es\/","logo":{"@type":"ImageObject","inLanguage":"es","@id":"https:\/\/www.tatamixstore.com\/es\/#\/schema\/logo\/image\/","url":"https:\/\/www.tatamixstore.com\/wp-content\/uploads\/2024\/02\/logo-transparant.png","contentUrl":"https:\/\/www.tatamixstore.com\/wp-content\/uploads\/2024\/02\/logo-transparant.png","width":492,"height":89,"caption":"Tatamix Store"},"image":{"@id":"https:\/\/www.tatamixstore.com\/es\/#\/schema\/logo\/image\/"}}]}},"_links":{"self":[{"href":"https:\/\/www.tatamixstore.com\/es\/wp-json\/wp\/v2\/product\/20521","targetHints":{"allow":["GET"]}}],"collection":[{"href":"https:\/\/www.tatamixstore.com\/es\/wp-json\/wp\/v2\/product"}],"about":[{"href":"https:\/\/www.tatamixstore.com\/es\/wp-json\/wp\/v2\/types\/product"}],"replies":[{"embeddable":true,"href":"https:\/\/www.tatamixstore.com\/es\/wp-json\/wp\/v2\/comments?post=20521"}],"wp:featuredmedia":[{"embeddable":true,"href":"https:\/\/www.tatamixstore.com\/es\/wp-json\/wp\/v2\/media\/19848"}],"wp:attachment":[{"href":"https:\/\/www.tatamixstore.com\/es\/wp-json\/wp\/v2\/media?parent=20521"}],"wp:term":[{"taxonomy":"product_brand","embeddable":true,"href":"https:\/\/www.tatamixstore.com\/es\/wp-json\/wp\/v2\/product_brand?post=20521"},{"taxonomy":"product_cat","embeddable":true,"href":"https:\/\/www.tatamixstore.com\/es\/wp-json\/wp\/v2\/product_cat?post=20521"},{"taxonomy":"product_tag","embeddable":true,"href":"https:\/\/www.tatamixstore.com\/es\/wp-json\/wp\/v2\/product_tag?post=20521"}],"curies":[{"name":"wp","href":"https:\/\/api.w.org\/{rel}","templated":true}]}}