{"id":20532,"date":"2020-09-15T10:45:24","date_gmt":"2020-09-15T10:45:24","guid":{"rendered":"https:\/\/stage.tatamixstore.com\/product\/tapete-tatami-b14fr-50-kit-de-8-piezas\/"},"modified":"2020-09-15T10:45:24","modified_gmt":"2020-09-15T10:45:24","slug":"tapete-tatami-b14fr-50-kit-de-8-piezas","status":"publish","type":"product","link":"https:\/\/www.tatamixstore.com\/es\/producto\/tapete-tatami-b14fr-50-kit-de-8-piezas\/","title":{"rendered":"Tapete Tatami B14FR-50 &#8211; KIT DE 8 PIEZAS"},"content":{"rendered":"<p>De espuma de polietileno reticulado de c\u00e9lula cerrada FR (con retardante de llama). Las capas se acoplan en caliente y se cortan mediante chorro de agua entrelazado. La baja densidad utilizada confiere al producto un efecto suave y confortable. Especialmente adecuado para zonas de juego. Marcos para cerrar el \u00e1rea perimetral incluidos. Marcos para cerrar el \u00e1rea perimetral incluidos. Tambi\u00e9n disponible en VERSION 100cm x 100cm <span style=\"background-color: #fbe329;\"><br \/>\n  <em><br \/>\n    <strong>EN71-1 2\/3, CADMIO, ftalatos.<\/strong><br \/>\n  <\/em><br \/>\n<\/span> <span style=\"background-color: #fbe329;\"><br \/>\n  <em><br \/>\n    <strong>No t\u00f3xico e hipoalerg\u00e9nico<\/strong><br \/>\n  <\/em><br \/>\n<\/span><\/p>\n","protected":false},"excerpt":{"rendered":"<p>De espuma de polietileno reticulado de c\u00e9lula cerrada FR (con retardante de llama). Las capas se acoplan en caliente y [&hellip;]<\/p>\n","protected":false},"featured_media":19683,"comment_status":"closed","ping_status":"open","template":"","meta":{"_acf_changed":false},"product_brand":[],"product_cat":[2695,2840,2690,2835,2730,2790],"product_tag":[4029,4030,4031,4032,4028,3948,3894,3895],"class_list":{"0":"post-20532","1":"product","2":"type-product","3":"status-publish","4":"has-post-thumbnail","6":"product_cat-conjuntos-de-tapetes-puzzle-para-ninos","7":"product_cat-grosor-de-xpe-1-15-cm","8":"product_cat-tapete-puzzle-para-bebe","9":"product_cat-tapete-puzzle-xpe-de-polietileno","10":"product_cat-tatami-puzzle","11":"product_cat-tatami-puzzle-1-cm","12":"product_tag-b14fr-es","13":"product_tag-escuela","14":"product_tag-fr-es","15":"product_tag-ignifugo","16":"product_tag-ninos","17":"product_tag-polietileno","18":"product_tag-rompecabezas","19":"product_tag-xpe-es","21":"first","22":"instock","23":"taxable","24":"shipping-taxable","25":"product-type-simple"},"acf":[],"yoast_head":"<!-- This site is optimized with the Yoast SEO plugin v27.3 - https:\/\/yoast.com\/product\/yoast-seo-wordpress\/ -->\n<title>Tapete Tatami B14FR-50 - KIT DE 8 PIEZAS - Tatamixstore<\/title>\n<meta name=\"robots\" content=\"index, follow, max-snippet:-1, max-image-preview:large, max-video-preview:-1\" \/>\n<link rel=\"canonical\" href=\"https:\/\/www.tatamixstore.com\/es\/producto\/tapete-tatami-b14fr-50-kit-de-8-piezas\/\" \/>\n<meta property=\"og:locale\" content=\"es_ES\" \/>\n<meta property=\"og:type\" content=\"article\" \/>\n<meta property=\"og:title\" content=\"Tapete Tatami B14FR-50 - KIT DE 8 PIEZAS - Tatamixstore\" \/>\n<meta property=\"og:description\" content=\"De espuma de polietileno reticulado de c\u00e9lula cerrada FR (con retardante de llama). Las capas se acoplan en caliente y [&hellip;]\" \/>\n<meta property=\"og:url\" content=\"https:\/\/www.tatamixstore.com\/es\/producto\/tapete-tatami-b14fr-50-kit-de-8-piezas\/\" \/>\n<meta property=\"og:site_name\" content=\"Tatamixstore\" \/>\n<meta property=\"og:image\" content=\"https:\/\/www.tatamixstore.com\/wp-content\/uploads\/2024\/06\/684-1.jpg\" \/>\n\t<meta property=\"og:image:width\" content=\"800\" \/>\n\t<meta property=\"og:image:height\" content=\"800\" \/>\n\t<meta property=\"og:image:type\" content=\"image\/jpeg\" \/>\n<meta name=\"twitter:card\" content=\"summary_large_image\" \/>\n<script type=\"application\/ld+json\" class=\"yoast-schema-graph\">{\"@context\":\"https:\\\/\\\/schema.org\",\"@graph\":[{\"@type\":\"WebPage\",\"@id\":\"https:\\\/\\\/www.tatamixstore.com\\\/es\\\/producto\\\/tapete-tatami-b14fr-50-kit-de-8-piezas\\\/\",\"url\":\"https:\\\/\\\/www.tatamixstore.com\\\/es\\\/producto\\\/tapete-tatami-b14fr-50-kit-de-8-piezas\\\/\",\"name\":\"Tapete Tatami B14FR-50 - KIT DE 8 PIEZAS - Tatamixstore\",\"isPartOf\":{\"@id\":\"https:\\\/\\\/www.tatamixstore.com\\\/es\\\/#website\"},\"primaryImageOfPage\":{\"@id\":\"https:\\\/\\\/www.tatamixstore.com\\\/es\\\/producto\\\/tapete-tatami-b14fr-50-kit-de-8-piezas\\\/#primaryimage\"},\"image\":{\"@id\":\"https:\\\/\\\/www.tatamixstore.com\\\/es\\\/producto\\\/tapete-tatami-b14fr-50-kit-de-8-piezas\\\/#primaryimage\"},\"thumbnailUrl\":\"https:\\\/\\\/www.tatamixstore.com\\\/wp-content\\\/uploads\\\/2024\\\/06\\\/684-1.jpg\",\"datePublished\":\"2020-09-15T10:45:24+00:00\",\"breadcrumb\":{\"@id\":\"https:\\\/\\\/www.tatamixstore.com\\\/es\\\/producto\\\/tapete-tatami-b14fr-50-kit-de-8-piezas\\\/#breadcrumb\"},\"inLanguage\":\"es\",\"potentialAction\":[{\"@type\":\"ReadAction\",\"target\":[\"https:\\\/\\\/www.tatamixstore.com\\\/es\\\/producto\\\/tapete-tatami-b14fr-50-kit-de-8-piezas\\\/\"]}]},{\"@type\":\"ImageObject\",\"inLanguage\":\"es\",\"@id\":\"https:\\\/\\\/www.tatamixstore.com\\\/es\\\/producto\\\/tapete-tatami-b14fr-50-kit-de-8-piezas\\\/#primaryimage\",\"url\":\"https:\\\/\\\/www.tatamixstore.com\\\/wp-content\\\/uploads\\\/2024\\\/06\\\/684-1.jpg\",\"contentUrl\":\"https:\\\/\\\/www.tatamixstore.com\\\/wp-content\\\/uploads\\\/2024\\\/06\\\/684-1.jpg\",\"width\":800,\"height\":800},{\"@type\":\"BreadcrumbList\",\"@id\":\"https:\\\/\\\/www.tatamixstore.com\\\/es\\\/producto\\\/tapete-tatami-b14fr-50-kit-de-8-piezas\\\/#breadcrumb\",\"itemListElement\":[{\"@type\":\"ListItem\",\"position\":1,\"name\":\"Home\",\"item\":\"https:\\\/\\\/www.tatamixstore.com\\\/es\\\/\"},{\"@type\":\"ListItem\",\"position\":2,\"name\":\"Tienda\",\"item\":\"https:\\\/\\\/www.tatamixstore.com\\\/store\\\/\"},{\"@type\":\"ListItem\",\"position\":3,\"name\":\"Tapete Tatami B14FR-50 &#8211; KIT DE 8 PIEZAS\"}]},{\"@type\":\"WebSite\",\"@id\":\"https:\\\/\\\/www.tatamixstore.com\\\/es\\\/#website\",\"url\":\"https:\\\/\\\/www.tatamixstore.com\\\/es\\\/\",\"name\":\"Tatamix Store\",\"description\":\"\",\"publisher\":{\"@id\":\"https:\\\/\\\/www.tatamixstore.com\\\/es\\\/#organization\"},\"potentialAction\":[{\"@type\":\"SearchAction\",\"target\":{\"@type\":\"EntryPoint\",\"urlTemplate\":\"https:\\\/\\\/www.tatamixstore.com\\\/es\\\/?s={search_term_string}\"},\"query-input\":{\"@type\":\"PropertyValueSpecification\",\"valueRequired\":true,\"valueName\":\"search_term_string\"}}],\"inLanguage\":\"es\"},{\"@type\":\"Organization\",\"@id\":\"https:\\\/\\\/www.tatamixstore.com\\\/es\\\/#organization\",\"name\":\"Tatamix Store\",\"url\":\"https:\\\/\\\/www.tatamixstore.com\\\/es\\\/\",\"logo\":{\"@type\":\"ImageObject\",\"inLanguage\":\"es\",\"@id\":\"https:\\\/\\\/www.tatamixstore.com\\\/es\\\/#\\\/schema\\\/logo\\\/image\\\/\",\"url\":\"https:\\\/\\\/www.tatamixstore.com\\\/wp-content\\\/uploads\\\/2024\\\/02\\\/logo-transparant.png\",\"contentUrl\":\"https:\\\/\\\/www.tatamixstore.com\\\/wp-content\\\/uploads\\\/2024\\\/02\\\/logo-transparant.png\",\"width\":492,\"height\":89,\"caption\":\"Tatamix Store\"},\"image\":{\"@id\":\"https:\\\/\\\/www.tatamixstore.com\\\/es\\\/#\\\/schema\\\/logo\\\/image\\\/\"}}]}<\/script>\n<!-- \/ Yoast SEO plugin. -->","yoast_head_json":{"title":"Tapete Tatami B14FR-50 - KIT DE 8 PIEZAS - Tatamixstore","robots":{"index":"index","follow":"follow","max-snippet":"max-snippet:-1","max-image-preview":"max-image-preview:large","max-video-preview":"max-video-preview:-1"},"canonical":"https:\/\/www.tatamixstore.com\/es\/producto\/tapete-tatami-b14fr-50-kit-de-8-piezas\/","og_locale":"es_ES","og_type":"article","og_title":"Tapete Tatami B14FR-50 - KIT DE 8 PIEZAS - Tatamixstore","og_description":"De espuma de polietileno reticulado de c\u00e9lula cerrada FR (con retardante de llama). Las capas se acoplan en caliente y [&hellip;]","og_url":"https:\/\/www.tatamixstore.com\/es\/producto\/tapete-tatami-b14fr-50-kit-de-8-piezas\/","og_site_name":"Tatamixstore","og_image":[{"width":800,"height":800,"url":"https:\/\/www.tatamixstore.com\/wp-content\/uploads\/2024\/06\/684-1.jpg","type":"image\/jpeg"}],"twitter_card":"summary_large_image","schema":{"@context":"https:\/\/schema.org","@graph":[{"@type":"WebPage","@id":"https:\/\/www.tatamixstore.com\/es\/producto\/tapete-tatami-b14fr-50-kit-de-8-piezas\/","url":"https:\/\/www.tatamixstore.com\/es\/producto\/tapete-tatami-b14fr-50-kit-de-8-piezas\/","name":"Tapete Tatami B14FR-50 - KIT DE 8 PIEZAS - Tatamixstore","isPartOf":{"@id":"https:\/\/www.tatamixstore.com\/es\/#website"},"primaryImageOfPage":{"@id":"https:\/\/www.tatamixstore.com\/es\/producto\/tapete-tatami-b14fr-50-kit-de-8-piezas\/#primaryimage"},"image":{"@id":"https:\/\/www.tatamixstore.com\/es\/producto\/tapete-tatami-b14fr-50-kit-de-8-piezas\/#primaryimage"},"thumbnailUrl":"https:\/\/www.tatamixstore.com\/wp-content\/uploads\/2024\/06\/684-1.jpg","datePublished":"2020-09-15T10:45:24+00:00","breadcrumb":{"@id":"https:\/\/www.tatamixstore.com\/es\/producto\/tapete-tatami-b14fr-50-kit-de-8-piezas\/#breadcrumb"},"inLanguage":"es","potentialAction":[{"@type":"ReadAction","target":["https:\/\/www.tatamixstore.com\/es\/producto\/tapete-tatami-b14fr-50-kit-de-8-piezas\/"]}]},{"@type":"ImageObject","inLanguage":"es","@id":"https:\/\/www.tatamixstore.com\/es\/producto\/tapete-tatami-b14fr-50-kit-de-8-piezas\/#primaryimage","url":"https:\/\/www.tatamixstore.com\/wp-content\/uploads\/2024\/06\/684-1.jpg","contentUrl":"https:\/\/www.tatamixstore.com\/wp-content\/uploads\/2024\/06\/684-1.jpg","width":800,"height":800},{"@type":"BreadcrumbList","@id":"https:\/\/www.tatamixstore.com\/es\/producto\/tapete-tatami-b14fr-50-kit-de-8-piezas\/#breadcrumb","itemListElement":[{"@type":"ListItem","position":1,"name":"Home","item":"https:\/\/www.tatamixstore.com\/es\/"},{"@type":"ListItem","position":2,"name":"Tienda","item":"https:\/\/www.tatamixstore.com\/store\/"},{"@type":"ListItem","position":3,"name":"Tapete Tatami B14FR-50 &#8211; KIT DE 8 PIEZAS"}]},{"@type":"WebSite","@id":"https:\/\/www.tatamixstore.com\/es\/#website","url":"https:\/\/www.tatamixstore.com\/es\/","name":"Tatamix Store","description":"","publisher":{"@id":"https:\/\/www.tatamixstore.com\/es\/#organization"},"potentialAction":[{"@type":"SearchAction","target":{"@type":"EntryPoint","urlTemplate":"https:\/\/www.tatamixstore.com\/es\/?s={search_term_string}"},"query-input":{"@type":"PropertyValueSpecification","valueRequired":true,"valueName":"search_term_string"}}],"inLanguage":"es"},{"@type":"Organization","@id":"https:\/\/www.tatamixstore.com\/es\/#organization","name":"Tatamix Store","url":"https:\/\/www.tatamixstore.com\/es\/","logo":{"@type":"ImageObject","inLanguage":"es","@id":"https:\/\/www.tatamixstore.com\/es\/#\/schema\/logo\/image\/","url":"https:\/\/www.tatamixstore.com\/wp-content\/uploads\/2024\/02\/logo-transparant.png","contentUrl":"https:\/\/www.tatamixstore.com\/wp-content\/uploads\/2024\/02\/logo-transparant.png","width":492,"height":89,"caption":"Tatamix Store"},"image":{"@id":"https:\/\/www.tatamixstore.com\/es\/#\/schema\/logo\/image\/"}}]}},"_links":{"self":[{"href":"https:\/\/www.tatamixstore.com\/es\/wp-json\/wp\/v2\/product\/20532","targetHints":{"allow":["GET"]}}],"collection":[{"href":"https:\/\/www.tatamixstore.com\/es\/wp-json\/wp\/v2\/product"}],"about":[{"href":"https:\/\/www.tatamixstore.com\/es\/wp-json\/wp\/v2\/types\/product"}],"replies":[{"embeddable":true,"href":"https:\/\/www.tatamixstore.com\/es\/wp-json\/wp\/v2\/comments?post=20532"}],"wp:featuredmedia":[{"embeddable":true,"href":"https:\/\/www.tatamixstore.com\/es\/wp-json\/wp\/v2\/media\/19683"}],"wp:attachment":[{"href":"https:\/\/www.tatamixstore.com\/es\/wp-json\/wp\/v2\/media?parent=20532"}],"wp:term":[{"taxonomy":"product_brand","embeddable":true,"href":"https:\/\/www.tatamixstore.com\/es\/wp-json\/wp\/v2\/product_brand?post=20532"},{"taxonomy":"product_cat","embeddable":true,"href":"https:\/\/www.tatamixstore.com\/es\/wp-json\/wp\/v2\/product_cat?post=20532"},{"taxonomy":"product_tag","embeddable":true,"href":"https:\/\/www.tatamixstore.com\/es\/wp-json\/wp\/v2\/product_tag?post=20532"}],"curies":[{"name":"wp","href":"https:\/\/api.w.org\/{rel}","templated":true}]}}