{"id":20668,"date":"2020-06-17T15:06:47","date_gmt":"2020-06-17T15:06:47","guid":{"rendered":"https:\/\/stage.tatamixstore.com\/product\/cesped-sintetico-puzzle-de-aglomerado\/"},"modified":"2020-06-17T15:06:47","modified_gmt":"2020-06-17T15:06:47","slug":"cesped-sintetico-puzzle-de-aglomerado","status":"publish","type":"product","link":"https:\/\/www.tatamixstore.com\/es\/producto\/cesped-sintetico-puzzle-de-aglomerado\/","title":{"rendered":"C\u00e9sped sint\u00e9tico &#8211; Puzzle de aglomerado"},"content":{"rendered":"<p>El m\u00f3dulo de c\u00e9sped sint\u00e9tico es un producto innovador que combina distintos materiales para conseguir una excelente funci\u00f3n antichoque. Dise\u00f1ada para ofrecer un rendimiento y una seguridad \u00f3ptimos, la innovadora estructura de \u00abGOMA HONEYCOMB\u00bb (poliuretano termopl\u00e1stico \u00abTEPC\u00bb) proporciona una excelente estabilidad dimensional, tanto en uso como en montaje. LA C\u00c9SPED SINT\u00c9TICA DE PRIMERA CALIDAD utilizada, espec\u00edfica para uso deportivo, garantiza un efecto natural y minimiza el riesgo de abrasi\u00f3n al rozar. El m\u00f3dulo de bloqueo permite montar r\u00e1pidamente zonas de juego fijas o desmontables.<\/p>\n","protected":false},"excerpt":{"rendered":"<p>El m\u00f3dulo de c\u00e9sped sint\u00e9tico es un producto innovador que combina distintos materiales para conseguir una excelente funci\u00f3n antichoque. Dise\u00f1ada [&hellip;]<\/p>\n","protected":false},"featured_media":18081,"comment_status":"closed","ping_status":"closed","template":"","meta":{"_acf_changed":false},"product_brand":[],"product_cat":[2710,2705],"product_tag":[4446,4433,4406,4191,4435,4289,4447,3948,3894],"class_list":{"0":"post-20668","1":"product","2":"type-product","3":"status-publish","4":"has-post-thumbnail","6":"product_cat-cesped-artificial","7":"product_cat-otros-tapetes","8":"product_tag-aglomeracion","9":"product_tag-aires-de-juegos","10":"product_tag-antitrauma","11":"product_tag-caoutchouc-es","12":"product_tag-deportes","13":"product_tag-gazon-sintetico","14":"product_tag-herbe-es","15":"product_tag-polietileno","16":"product_tag-rompecabezas","18":"first","19":"instock","20":"taxable","21":"shipping-taxable","22":"product-type-simple"},"acf":[],"yoast_head":"<!-- This site is optimized with the Yoast SEO plugin v27.3 - https:\/\/yoast.com\/product\/yoast-seo-wordpress\/ -->\n<title>C\u00e9sped sint\u00e9tico - Puzzle de aglomerado - Tatamixstore<\/title>\n<meta name=\"robots\" content=\"index, follow, max-snippet:-1, max-image-preview:large, max-video-preview:-1\" \/>\n<link rel=\"canonical\" href=\"https:\/\/www.tatamixstore.com\/es\/producto\/cesped-sintetico-puzzle-de-aglomerado\/\" \/>\n<meta property=\"og:locale\" content=\"es_ES\" \/>\n<meta property=\"og:type\" content=\"article\" \/>\n<meta property=\"og:title\" content=\"C\u00e9sped sint\u00e9tico - Puzzle de aglomerado - Tatamixstore\" \/>\n<meta property=\"og:description\" content=\"El m\u00f3dulo de c\u00e9sped sint\u00e9tico es un producto innovador que combina distintos materiales para conseguir una excelente funci\u00f3n antichoque. Dise\u00f1ada [&hellip;]\" \/>\n<meta property=\"og:url\" content=\"https:\/\/www.tatamixstore.com\/es\/producto\/cesped-sintetico-puzzle-de-aglomerado\/\" \/>\n<meta property=\"og:site_name\" content=\"Tatamixstore\" \/>\n<meta property=\"og:image\" content=\"https:\/\/www.tatamixstore.com\/wp-content\/uploads\/2024\/06\/444-1.jpg\" \/>\n\t<meta property=\"og:image:width\" content=\"800\" \/>\n\t<meta property=\"og:image:height\" content=\"800\" \/>\n\t<meta property=\"og:image:type\" content=\"image\/jpeg\" \/>\n<meta name=\"twitter:card\" content=\"summary_large_image\" \/>\n<script type=\"application\/ld+json\" class=\"yoast-schema-graph\">{\"@context\":\"https:\\\/\\\/schema.org\",\"@graph\":[{\"@type\":\"WebPage\",\"@id\":\"https:\\\/\\\/www.tatamixstore.com\\\/es\\\/producto\\\/cesped-sintetico-puzzle-de-aglomerado\\\/\",\"url\":\"https:\\\/\\\/www.tatamixstore.com\\\/es\\\/producto\\\/cesped-sintetico-puzzle-de-aglomerado\\\/\",\"name\":\"C\u00e9sped sint\u00e9tico - Puzzle de aglomerado - Tatamixstore\",\"isPartOf\":{\"@id\":\"https:\\\/\\\/www.tatamixstore.com\\\/es\\\/#website\"},\"primaryImageOfPage\":{\"@id\":\"https:\\\/\\\/www.tatamixstore.com\\\/es\\\/producto\\\/cesped-sintetico-puzzle-de-aglomerado\\\/#primaryimage\"},\"image\":{\"@id\":\"https:\\\/\\\/www.tatamixstore.com\\\/es\\\/producto\\\/cesped-sintetico-puzzle-de-aglomerado\\\/#primaryimage\"},\"thumbnailUrl\":\"https:\\\/\\\/www.tatamixstore.com\\\/wp-content\\\/uploads\\\/2024\\\/06\\\/444-1.jpg\",\"datePublished\":\"2020-06-17T15:06:47+00:00\",\"breadcrumb\":{\"@id\":\"https:\\\/\\\/www.tatamixstore.com\\\/es\\\/producto\\\/cesped-sintetico-puzzle-de-aglomerado\\\/#breadcrumb\"},\"inLanguage\":\"es\",\"potentialAction\":[{\"@type\":\"ReadAction\",\"target\":[\"https:\\\/\\\/www.tatamixstore.com\\\/es\\\/producto\\\/cesped-sintetico-puzzle-de-aglomerado\\\/\"]}]},{\"@type\":\"ImageObject\",\"inLanguage\":\"es\",\"@id\":\"https:\\\/\\\/www.tatamixstore.com\\\/es\\\/producto\\\/cesped-sintetico-puzzle-de-aglomerado\\\/#primaryimage\",\"url\":\"https:\\\/\\\/www.tatamixstore.com\\\/wp-content\\\/uploads\\\/2024\\\/06\\\/444-1.jpg\",\"contentUrl\":\"https:\\\/\\\/www.tatamixstore.com\\\/wp-content\\\/uploads\\\/2024\\\/06\\\/444-1.jpg\",\"width\":800,\"height\":800},{\"@type\":\"BreadcrumbList\",\"@id\":\"https:\\\/\\\/www.tatamixstore.com\\\/es\\\/producto\\\/cesped-sintetico-puzzle-de-aglomerado\\\/#breadcrumb\",\"itemListElement\":[{\"@type\":\"ListItem\",\"position\":1,\"name\":\"Home\",\"item\":\"https:\\\/\\\/www.tatamixstore.com\\\/es\\\/\"},{\"@type\":\"ListItem\",\"position\":2,\"name\":\"Tienda\",\"item\":\"https:\\\/\\\/www.tatamixstore.com\\\/store\\\/\"},{\"@type\":\"ListItem\",\"position\":3,\"name\":\"C\u00e9sped sint\u00e9tico &#8211; Puzzle de aglomerado\"}]},{\"@type\":\"WebSite\",\"@id\":\"https:\\\/\\\/www.tatamixstore.com\\\/es\\\/#website\",\"url\":\"https:\\\/\\\/www.tatamixstore.com\\\/es\\\/\",\"name\":\"Tatamix Store\",\"description\":\"\",\"publisher\":{\"@id\":\"https:\\\/\\\/www.tatamixstore.com\\\/es\\\/#organization\"},\"potentialAction\":[{\"@type\":\"SearchAction\",\"target\":{\"@type\":\"EntryPoint\",\"urlTemplate\":\"https:\\\/\\\/www.tatamixstore.com\\\/es\\\/?s={search_term_string}\"},\"query-input\":{\"@type\":\"PropertyValueSpecification\",\"valueRequired\":true,\"valueName\":\"search_term_string\"}}],\"inLanguage\":\"es\"},{\"@type\":\"Organization\",\"@id\":\"https:\\\/\\\/www.tatamixstore.com\\\/es\\\/#organization\",\"name\":\"Tatamix Store\",\"url\":\"https:\\\/\\\/www.tatamixstore.com\\\/es\\\/\",\"logo\":{\"@type\":\"ImageObject\",\"inLanguage\":\"es\",\"@id\":\"https:\\\/\\\/www.tatamixstore.com\\\/es\\\/#\\\/schema\\\/logo\\\/image\\\/\",\"url\":\"https:\\\/\\\/www.tatamixstore.com\\\/wp-content\\\/uploads\\\/2024\\\/02\\\/logo-transparant.png\",\"contentUrl\":\"https:\\\/\\\/www.tatamixstore.com\\\/wp-content\\\/uploads\\\/2024\\\/02\\\/logo-transparant.png\",\"width\":492,\"height\":89,\"caption\":\"Tatamix Store\"},\"image\":{\"@id\":\"https:\\\/\\\/www.tatamixstore.com\\\/es\\\/#\\\/schema\\\/logo\\\/image\\\/\"}}]}<\/script>\n<!-- \/ Yoast SEO plugin. -->","yoast_head_json":{"title":"C\u00e9sped sint\u00e9tico - Puzzle de aglomerado - Tatamixstore","robots":{"index":"index","follow":"follow","max-snippet":"max-snippet:-1","max-image-preview":"max-image-preview:large","max-video-preview":"max-video-preview:-1"},"canonical":"https:\/\/www.tatamixstore.com\/es\/producto\/cesped-sintetico-puzzle-de-aglomerado\/","og_locale":"es_ES","og_type":"article","og_title":"C\u00e9sped sint\u00e9tico - Puzzle de aglomerado - Tatamixstore","og_description":"El m\u00f3dulo de c\u00e9sped sint\u00e9tico es un producto innovador que combina distintos materiales para conseguir una excelente funci\u00f3n antichoque. Dise\u00f1ada [&hellip;]","og_url":"https:\/\/www.tatamixstore.com\/es\/producto\/cesped-sintetico-puzzle-de-aglomerado\/","og_site_name":"Tatamixstore","og_image":[{"width":800,"height":800,"url":"https:\/\/www.tatamixstore.com\/wp-content\/uploads\/2024\/06\/444-1.jpg","type":"image\/jpeg"}],"twitter_card":"summary_large_image","schema":{"@context":"https:\/\/schema.org","@graph":[{"@type":"WebPage","@id":"https:\/\/www.tatamixstore.com\/es\/producto\/cesped-sintetico-puzzle-de-aglomerado\/","url":"https:\/\/www.tatamixstore.com\/es\/producto\/cesped-sintetico-puzzle-de-aglomerado\/","name":"C\u00e9sped sint\u00e9tico - Puzzle de aglomerado - Tatamixstore","isPartOf":{"@id":"https:\/\/www.tatamixstore.com\/es\/#website"},"primaryImageOfPage":{"@id":"https:\/\/www.tatamixstore.com\/es\/producto\/cesped-sintetico-puzzle-de-aglomerado\/#primaryimage"},"image":{"@id":"https:\/\/www.tatamixstore.com\/es\/producto\/cesped-sintetico-puzzle-de-aglomerado\/#primaryimage"},"thumbnailUrl":"https:\/\/www.tatamixstore.com\/wp-content\/uploads\/2024\/06\/444-1.jpg","datePublished":"2020-06-17T15:06:47+00:00","breadcrumb":{"@id":"https:\/\/www.tatamixstore.com\/es\/producto\/cesped-sintetico-puzzle-de-aglomerado\/#breadcrumb"},"inLanguage":"es","potentialAction":[{"@type":"ReadAction","target":["https:\/\/www.tatamixstore.com\/es\/producto\/cesped-sintetico-puzzle-de-aglomerado\/"]}]},{"@type":"ImageObject","inLanguage":"es","@id":"https:\/\/www.tatamixstore.com\/es\/producto\/cesped-sintetico-puzzle-de-aglomerado\/#primaryimage","url":"https:\/\/www.tatamixstore.com\/wp-content\/uploads\/2024\/06\/444-1.jpg","contentUrl":"https:\/\/www.tatamixstore.com\/wp-content\/uploads\/2024\/06\/444-1.jpg","width":800,"height":800},{"@type":"BreadcrumbList","@id":"https:\/\/www.tatamixstore.com\/es\/producto\/cesped-sintetico-puzzle-de-aglomerado\/#breadcrumb","itemListElement":[{"@type":"ListItem","position":1,"name":"Home","item":"https:\/\/www.tatamixstore.com\/es\/"},{"@type":"ListItem","position":2,"name":"Tienda","item":"https:\/\/www.tatamixstore.com\/store\/"},{"@type":"ListItem","position":3,"name":"C\u00e9sped sint\u00e9tico &#8211; Puzzle de aglomerado"}]},{"@type":"WebSite","@id":"https:\/\/www.tatamixstore.com\/es\/#website","url":"https:\/\/www.tatamixstore.com\/es\/","name":"Tatamix Store","description":"","publisher":{"@id":"https:\/\/www.tatamixstore.com\/es\/#organization"},"potentialAction":[{"@type":"SearchAction","target":{"@type":"EntryPoint","urlTemplate":"https:\/\/www.tatamixstore.com\/es\/?s={search_term_string}"},"query-input":{"@type":"PropertyValueSpecification","valueRequired":true,"valueName":"search_term_string"}}],"inLanguage":"es"},{"@type":"Organization","@id":"https:\/\/www.tatamixstore.com\/es\/#organization","name":"Tatamix Store","url":"https:\/\/www.tatamixstore.com\/es\/","logo":{"@type":"ImageObject","inLanguage":"es","@id":"https:\/\/www.tatamixstore.com\/es\/#\/schema\/logo\/image\/","url":"https:\/\/www.tatamixstore.com\/wp-content\/uploads\/2024\/02\/logo-transparant.png","contentUrl":"https:\/\/www.tatamixstore.com\/wp-content\/uploads\/2024\/02\/logo-transparant.png","width":492,"height":89,"caption":"Tatamix Store"},"image":{"@id":"https:\/\/www.tatamixstore.com\/es\/#\/schema\/logo\/image\/"}}]}},"_links":{"self":[{"href":"https:\/\/www.tatamixstore.com\/es\/wp-json\/wp\/v2\/product\/20668","targetHints":{"allow":["GET"]}}],"collection":[{"href":"https:\/\/www.tatamixstore.com\/es\/wp-json\/wp\/v2\/product"}],"about":[{"href":"https:\/\/www.tatamixstore.com\/es\/wp-json\/wp\/v2\/types\/product"}],"replies":[{"embeddable":true,"href":"https:\/\/www.tatamixstore.com\/es\/wp-json\/wp\/v2\/comments?post=20668"}],"wp:featuredmedia":[{"embeddable":true,"href":"https:\/\/www.tatamixstore.com\/es\/wp-json\/wp\/v2\/media\/18081"}],"wp:attachment":[{"href":"https:\/\/www.tatamixstore.com\/es\/wp-json\/wp\/v2\/media?parent=20668"}],"wp:term":[{"taxonomy":"product_brand","embeddable":true,"href":"https:\/\/www.tatamixstore.com\/es\/wp-json\/wp\/v2\/product_brand?post=20668"},{"taxonomy":"product_cat","embeddable":true,"href":"https:\/\/www.tatamixstore.com\/es\/wp-json\/wp\/v2\/product_cat?post=20668"},{"taxonomy":"product_tag","embeddable":true,"href":"https:\/\/www.tatamixstore.com\/es\/wp-json\/wp\/v2\/product_tag?post=20668"}],"curies":[{"name":"wp","href":"https:\/\/api.w.org\/{rel}","templated":true}]}}