{"id":20672,"date":"2020-06-17T11:08:47","date_gmt":"2020-06-17T11:08:47","guid":{"rendered":"https:\/\/stage.tatamixstore.com\/product\/proteccion-de-paredes-cubreesquinas-de-pvc\/"},"modified":"2020-06-17T11:08:47","modified_gmt":"2020-06-17T11:08:47","slug":"proteccion-de-paredes-cubreesquinas-de-pvc","status":"publish","type":"product","link":"https:\/\/www.tatamixstore.com\/es\/producto\/proteccion-de-paredes-cubreesquinas-de-pvc\/","title":{"rendered":"Protecci\u00f3n de paredes &#8211; Cubreesquinas de PVC"},"content":{"rendered":"<h2>Cubreesquinas de PVC flexible<\/h2>\n<p>  La cubierta de esquina para absorci\u00f3n de impactos, fabricada en PVC flexible, tiene un grosor de 3 mm, el tubo interior y la esquina redondeada son una protecci\u00f3n de esquina v\u00e1lida , recomendada para su instalaci\u00f3n en escuelas, guarder\u00edas, hospitales, lugares p\u00fablicos y dondequiera que haya protecci\u00f3n contra accidentes. COLORES PERSONALIZADOS A PETICI\u00d3N SEG\u00daN LOS C\u00d3DIGOS DE LAS MUESTRAS FOTOGR\u00c1FICAS + GRUESOS: &#8211; Blanco 1,5cm: CA15C &#8211; Colores Pantone 1,5cm: CA15V &#8211; Blanco-Verde-Amarillo 3,5cm: CA35C &#8211; Colores Pantone 3,5cm: CA35V<\/p>\n","protected":false},"excerpt":{"rendered":"<p>Cubreesquinas de PVC flexible La cubierta de esquina para absorci\u00f3n de impactos, fabricada en PVC flexible, tiene un grosor de [&hellip;]<\/p>\n","protected":false},"featured_media":18052,"comment_status":"closed","ping_status":"closed","template":"","meta":{"_acf_changed":false},"product_brand":[],"product_cat":[2668],"product_tag":[4406,4452,4234,4095],"class_list":{"0":"post-20672","1":"product","2":"type-product","3":"status-publish","4":"has-post-thumbnail","6":"product_cat-otros-productos","7":"product_tag-antitrauma","8":"product_tag-housses-dangle-es","9":"product_tag-proteccion-mural","10":"product_tag-pvc-es","12":"first","13":"instock","14":"taxable","15":"shipping-taxable","16":"product-type-simple"},"acf":[],"yoast_head":"<!-- This site is optimized with the Yoast SEO plugin v27.3 - https:\/\/yoast.com\/product\/yoast-seo-wordpress\/ -->\n<title>Protecci\u00f3n de paredes - Cubreesquinas de PVC - Tatamixstore<\/title>\n<meta name=\"robots\" content=\"index, follow, max-snippet:-1, max-image-preview:large, max-video-preview:-1\" \/>\n<link rel=\"canonical\" href=\"https:\/\/www.tatamixstore.com\/es\/producto\/proteccion-de-paredes-cubreesquinas-de-pvc\/\" \/>\n<meta property=\"og:locale\" content=\"es_ES\" \/>\n<meta property=\"og:type\" content=\"article\" \/>\n<meta property=\"og:title\" content=\"Protecci\u00f3n de paredes - Cubreesquinas de PVC - Tatamixstore\" \/>\n<meta property=\"og:description\" content=\"Cubreesquinas de PVC flexible La cubierta de esquina para absorci\u00f3n de impactos, fabricada en PVC flexible, tiene un grosor de [&hellip;]\" \/>\n<meta property=\"og:url\" content=\"https:\/\/www.tatamixstore.com\/es\/producto\/proteccion-de-paredes-cubreesquinas-de-pvc\/\" \/>\n<meta property=\"og:site_name\" content=\"Tatamixstore\" \/>\n<meta property=\"og:image\" content=\"https:\/\/www.tatamixstore.com\/wp-content\/uploads\/2024\/06\/425-1.jpg\" \/>\n\t<meta property=\"og:image:width\" content=\"800\" \/>\n\t<meta property=\"og:image:height\" content=\"472\" \/>\n\t<meta property=\"og:image:type\" content=\"image\/jpeg\" \/>\n<meta name=\"twitter:card\" content=\"summary_large_image\" \/>\n<script type=\"application\/ld+json\" class=\"yoast-schema-graph\">{\"@context\":\"https:\\\/\\\/schema.org\",\"@graph\":[{\"@type\":\"WebPage\",\"@id\":\"https:\\\/\\\/www.tatamixstore.com\\\/es\\\/producto\\\/proteccion-de-paredes-cubreesquinas-de-pvc\\\/\",\"url\":\"https:\\\/\\\/www.tatamixstore.com\\\/es\\\/producto\\\/proteccion-de-paredes-cubreesquinas-de-pvc\\\/\",\"name\":\"Protecci\u00f3n de paredes - Cubreesquinas de PVC - Tatamixstore\",\"isPartOf\":{\"@id\":\"https:\\\/\\\/www.tatamixstore.com\\\/es\\\/#website\"},\"primaryImageOfPage\":{\"@id\":\"https:\\\/\\\/www.tatamixstore.com\\\/es\\\/producto\\\/proteccion-de-paredes-cubreesquinas-de-pvc\\\/#primaryimage\"},\"image\":{\"@id\":\"https:\\\/\\\/www.tatamixstore.com\\\/es\\\/producto\\\/proteccion-de-paredes-cubreesquinas-de-pvc\\\/#primaryimage\"},\"thumbnailUrl\":\"https:\\\/\\\/www.tatamixstore.com\\\/wp-content\\\/uploads\\\/2024\\\/06\\\/425-1.jpg\",\"datePublished\":\"2020-06-17T11:08:47+00:00\",\"breadcrumb\":{\"@id\":\"https:\\\/\\\/www.tatamixstore.com\\\/es\\\/producto\\\/proteccion-de-paredes-cubreesquinas-de-pvc\\\/#breadcrumb\"},\"inLanguage\":\"es\",\"potentialAction\":[{\"@type\":\"ReadAction\",\"target\":[\"https:\\\/\\\/www.tatamixstore.com\\\/es\\\/producto\\\/proteccion-de-paredes-cubreesquinas-de-pvc\\\/\"]}]},{\"@type\":\"ImageObject\",\"inLanguage\":\"es\",\"@id\":\"https:\\\/\\\/www.tatamixstore.com\\\/es\\\/producto\\\/proteccion-de-paredes-cubreesquinas-de-pvc\\\/#primaryimage\",\"url\":\"https:\\\/\\\/www.tatamixstore.com\\\/wp-content\\\/uploads\\\/2024\\\/06\\\/425-1.jpg\",\"contentUrl\":\"https:\\\/\\\/www.tatamixstore.com\\\/wp-content\\\/uploads\\\/2024\\\/06\\\/425-1.jpg\",\"width\":800,\"height\":472},{\"@type\":\"BreadcrumbList\",\"@id\":\"https:\\\/\\\/www.tatamixstore.com\\\/es\\\/producto\\\/proteccion-de-paredes-cubreesquinas-de-pvc\\\/#breadcrumb\",\"itemListElement\":[{\"@type\":\"ListItem\",\"position\":1,\"name\":\"Home\",\"item\":\"https:\\\/\\\/www.tatamixstore.com\\\/es\\\/\"},{\"@type\":\"ListItem\",\"position\":2,\"name\":\"Tienda\",\"item\":\"https:\\\/\\\/www.tatamixstore.com\\\/store\\\/\"},{\"@type\":\"ListItem\",\"position\":3,\"name\":\"Protecci\u00f3n de paredes &#8211; Cubreesquinas de PVC\"}]},{\"@type\":\"WebSite\",\"@id\":\"https:\\\/\\\/www.tatamixstore.com\\\/es\\\/#website\",\"url\":\"https:\\\/\\\/www.tatamixstore.com\\\/es\\\/\",\"name\":\"Tatamix Store\",\"description\":\"\",\"publisher\":{\"@id\":\"https:\\\/\\\/www.tatamixstore.com\\\/es\\\/#organization\"},\"potentialAction\":[{\"@type\":\"SearchAction\",\"target\":{\"@type\":\"EntryPoint\",\"urlTemplate\":\"https:\\\/\\\/www.tatamixstore.com\\\/es\\\/?s={search_term_string}\"},\"query-input\":{\"@type\":\"PropertyValueSpecification\",\"valueRequired\":true,\"valueName\":\"search_term_string\"}}],\"inLanguage\":\"es\"},{\"@type\":\"Organization\",\"@id\":\"https:\\\/\\\/www.tatamixstore.com\\\/es\\\/#organization\",\"name\":\"Tatamix Store\",\"url\":\"https:\\\/\\\/www.tatamixstore.com\\\/es\\\/\",\"logo\":{\"@type\":\"ImageObject\",\"inLanguage\":\"es\",\"@id\":\"https:\\\/\\\/www.tatamixstore.com\\\/es\\\/#\\\/schema\\\/logo\\\/image\\\/\",\"url\":\"https:\\\/\\\/www.tatamixstore.com\\\/wp-content\\\/uploads\\\/2024\\\/02\\\/logo-transparant.png\",\"contentUrl\":\"https:\\\/\\\/www.tatamixstore.com\\\/wp-content\\\/uploads\\\/2024\\\/02\\\/logo-transparant.png\",\"width\":492,\"height\":89,\"caption\":\"Tatamix Store\"},\"image\":{\"@id\":\"https:\\\/\\\/www.tatamixstore.com\\\/es\\\/#\\\/schema\\\/logo\\\/image\\\/\"}}]}<\/script>\n<!-- \/ Yoast SEO plugin. -->","yoast_head_json":{"title":"Protecci\u00f3n de paredes - Cubreesquinas de PVC - Tatamixstore","robots":{"index":"index","follow":"follow","max-snippet":"max-snippet:-1","max-image-preview":"max-image-preview:large","max-video-preview":"max-video-preview:-1"},"canonical":"https:\/\/www.tatamixstore.com\/es\/producto\/proteccion-de-paredes-cubreesquinas-de-pvc\/","og_locale":"es_ES","og_type":"article","og_title":"Protecci\u00f3n de paredes - Cubreesquinas de PVC - Tatamixstore","og_description":"Cubreesquinas de PVC flexible La cubierta de esquina para absorci\u00f3n de impactos, fabricada en PVC flexible, tiene un grosor de [&hellip;]","og_url":"https:\/\/www.tatamixstore.com\/es\/producto\/proteccion-de-paredes-cubreesquinas-de-pvc\/","og_site_name":"Tatamixstore","og_image":[{"width":800,"height":472,"url":"https:\/\/www.tatamixstore.com\/wp-content\/uploads\/2024\/06\/425-1.jpg","type":"image\/jpeg"}],"twitter_card":"summary_large_image","schema":{"@context":"https:\/\/schema.org","@graph":[{"@type":"WebPage","@id":"https:\/\/www.tatamixstore.com\/es\/producto\/proteccion-de-paredes-cubreesquinas-de-pvc\/","url":"https:\/\/www.tatamixstore.com\/es\/producto\/proteccion-de-paredes-cubreesquinas-de-pvc\/","name":"Protecci\u00f3n de paredes - Cubreesquinas de PVC - Tatamixstore","isPartOf":{"@id":"https:\/\/www.tatamixstore.com\/es\/#website"},"primaryImageOfPage":{"@id":"https:\/\/www.tatamixstore.com\/es\/producto\/proteccion-de-paredes-cubreesquinas-de-pvc\/#primaryimage"},"image":{"@id":"https:\/\/www.tatamixstore.com\/es\/producto\/proteccion-de-paredes-cubreesquinas-de-pvc\/#primaryimage"},"thumbnailUrl":"https:\/\/www.tatamixstore.com\/wp-content\/uploads\/2024\/06\/425-1.jpg","datePublished":"2020-06-17T11:08:47+00:00","breadcrumb":{"@id":"https:\/\/www.tatamixstore.com\/es\/producto\/proteccion-de-paredes-cubreesquinas-de-pvc\/#breadcrumb"},"inLanguage":"es","potentialAction":[{"@type":"ReadAction","target":["https:\/\/www.tatamixstore.com\/es\/producto\/proteccion-de-paredes-cubreesquinas-de-pvc\/"]}]},{"@type":"ImageObject","inLanguage":"es","@id":"https:\/\/www.tatamixstore.com\/es\/producto\/proteccion-de-paredes-cubreesquinas-de-pvc\/#primaryimage","url":"https:\/\/www.tatamixstore.com\/wp-content\/uploads\/2024\/06\/425-1.jpg","contentUrl":"https:\/\/www.tatamixstore.com\/wp-content\/uploads\/2024\/06\/425-1.jpg","width":800,"height":472},{"@type":"BreadcrumbList","@id":"https:\/\/www.tatamixstore.com\/es\/producto\/proteccion-de-paredes-cubreesquinas-de-pvc\/#breadcrumb","itemListElement":[{"@type":"ListItem","position":1,"name":"Home","item":"https:\/\/www.tatamixstore.com\/es\/"},{"@type":"ListItem","position":2,"name":"Tienda","item":"https:\/\/www.tatamixstore.com\/store\/"},{"@type":"ListItem","position":3,"name":"Protecci\u00f3n de paredes &#8211; Cubreesquinas de PVC"}]},{"@type":"WebSite","@id":"https:\/\/www.tatamixstore.com\/es\/#website","url":"https:\/\/www.tatamixstore.com\/es\/","name":"Tatamix Store","description":"","publisher":{"@id":"https:\/\/www.tatamixstore.com\/es\/#organization"},"potentialAction":[{"@type":"SearchAction","target":{"@type":"EntryPoint","urlTemplate":"https:\/\/www.tatamixstore.com\/es\/?s={search_term_string}"},"query-input":{"@type":"PropertyValueSpecification","valueRequired":true,"valueName":"search_term_string"}}],"inLanguage":"es"},{"@type":"Organization","@id":"https:\/\/www.tatamixstore.com\/es\/#organization","name":"Tatamix Store","url":"https:\/\/www.tatamixstore.com\/es\/","logo":{"@type":"ImageObject","inLanguage":"es","@id":"https:\/\/www.tatamixstore.com\/es\/#\/schema\/logo\/image\/","url":"https:\/\/www.tatamixstore.com\/wp-content\/uploads\/2024\/02\/logo-transparant.png","contentUrl":"https:\/\/www.tatamixstore.com\/wp-content\/uploads\/2024\/02\/logo-transparant.png","width":492,"height":89,"caption":"Tatamix Store"},"image":{"@id":"https:\/\/www.tatamixstore.com\/es\/#\/schema\/logo\/image\/"}}]}},"_links":{"self":[{"href":"https:\/\/www.tatamixstore.com\/es\/wp-json\/wp\/v2\/product\/20672","targetHints":{"allow":["GET"]}}],"collection":[{"href":"https:\/\/www.tatamixstore.com\/es\/wp-json\/wp\/v2\/product"}],"about":[{"href":"https:\/\/www.tatamixstore.com\/es\/wp-json\/wp\/v2\/types\/product"}],"replies":[{"embeddable":true,"href":"https:\/\/www.tatamixstore.com\/es\/wp-json\/wp\/v2\/comments?post=20672"}],"wp:featuredmedia":[{"embeddable":true,"href":"https:\/\/www.tatamixstore.com\/es\/wp-json\/wp\/v2\/media\/18052"}],"wp:attachment":[{"href":"https:\/\/www.tatamixstore.com\/es\/wp-json\/wp\/v2\/media?parent=20672"}],"wp:term":[{"taxonomy":"product_brand","embeddable":true,"href":"https:\/\/www.tatamixstore.com\/es\/wp-json\/wp\/v2\/product_brand?post=20672"},{"taxonomy":"product_cat","embeddable":true,"href":"https:\/\/www.tatamixstore.com\/es\/wp-json\/wp\/v2\/product_cat?post=20672"},{"taxonomy":"product_tag","embeddable":true,"href":"https:\/\/www.tatamixstore.com\/es\/wp-json\/wp\/v2\/product_tag?post=20672"}],"curies":[{"name":"wp","href":"https:\/\/api.w.org\/{rel}","templated":true}]}}