{"id":20723,"date":"2020-06-09T11:34:02","date_gmt":"2020-06-09T11:34:02","guid":{"rendered":"https:\/\/stage.tatamixstore.com\/product\/tatami-de-madera-shiatsu-w25x\/"},"modified":"2020-06-09T11:34:02","modified_gmt":"2020-06-09T11:34:02","slug":"tatami-de-madera-shiatsu-w25x","status":"publish","type":"product","link":"https:\/\/www.tatamixstore.com\/es\/producto\/tatami-de-madera-shiatsu-w25x\/","title":{"rendered":"Tatami de madera Shiatsu &#8211; W25X"},"content":{"rendered":"<h2>Tatami para Yoga<\/h2>\n<h3>En color madera natural, adecuado para la meditaci\u00f3n<\/h3>\n<p>  De EVA expandido (etilvinilacetato) monodensidad de c\u00e9lula cerrada, impreso y perforado en cruz Un sistema de anuncio especial en un cierre reversible. El revestimiento antideslizante se obtiene presente en la superficie caliente, lo que crea un efecto de que la pel\u00edcula facilita las operaciones de limpieza del producto. Por su color similar a la madera c\u00e1lida y su \u00e1ngulo adecuado para la meditaci\u00f3n, la relajaci\u00f3n y el masaje. Marcos para cerrar el \u00e1rea perimetral incluidos. <strong>USO: Masajes, Shiatsu, Yoga, etc.<\/strong><\/p>\n","protected":false},"excerpt":{"rendered":"<p>Tatami para Yoga En color madera natural, adecuado para la meditaci\u00f3n De EVA expandido (etilvinilacetato) monodensidad de c\u00e9lula cerrada, impreso [&hellip;]<\/p>\n","protected":false},"featured_media":17325,"comment_status":"closed","ping_status":"closed","template":"","meta":{"_acf_changed":false},"product_brand":[],"product_cat":[2740,2825,2810,2730,2795,2750],"product_tag":[3897,4648,3898,4649,4647,4650,3949,4651,3951],"class_list":{"0":"post-20723","1":"product","2":"type-product","3":"status-publish","4":"has-post-thumbnail","6":"product_cat-gimnasia-y-fitness","7":"product_cat-grosor-de-eva-25-3-cm","8":"product_cat-tapete-puzzle-de-espuma-eva","9":"product_cat-tatami-puzzle","10":"product_cat-tatami-puzzle-2-cm-es","11":"product_cat-yoga","12":"product_tag-artes-marciales","13":"product_tag-efecto-madera-tatami","14":"product_tag-eva-es","15":"product_tag-imitacion-de-madera","16":"product_tag-masaje","17":"product_tag-relajate","18":"product_tag-shiatsu-es","19":"product_tag-w25x-es","20":"product_tag-yoga-es","22":"first","23":"instock","24":"taxable","25":"shipping-taxable","26":"product-type-simple"},"acf":[],"yoast_head":"<!-- This site is optimized with the Yoast SEO plugin v27.3 - https:\/\/yoast.com\/product\/yoast-seo-wordpress\/ -->\n<title>Tatami de madera Shiatsu - W25X - Tatamixstore<\/title>\n<meta name=\"robots\" content=\"index, follow, max-snippet:-1, max-image-preview:large, max-video-preview:-1\" \/>\n<link rel=\"canonical\" href=\"https:\/\/www.tatamixstore.com\/es\/producto\/tatami-de-madera-shiatsu-w25x\/\" \/>\n<meta property=\"og:locale\" content=\"es_ES\" \/>\n<meta property=\"og:type\" content=\"article\" \/>\n<meta property=\"og:title\" content=\"Tatami de madera Shiatsu - W25X - Tatamixstore\" \/>\n<meta property=\"og:description\" content=\"Tatami para Yoga En color madera natural, adecuado para la meditaci\u00f3n De EVA expandido (etilvinilacetato) monodensidad de c\u00e9lula cerrada, impreso [&hellip;]\" \/>\n<meta property=\"og:url\" content=\"https:\/\/www.tatamixstore.com\/es\/producto\/tatami-de-madera-shiatsu-w25x\/\" \/>\n<meta property=\"og:site_name\" content=\"Tatamixstore\" \/>\n<meta property=\"og:image\" content=\"https:\/\/www.tatamixstore.com\/wp-content\/uploads\/2024\/06\/329-1.jpg\" \/>\n\t<meta property=\"og:image:width\" content=\"800\" \/>\n\t<meta property=\"og:image:height\" content=\"800\" \/>\n\t<meta property=\"og:image:type\" content=\"image\/jpeg\" \/>\n<meta name=\"twitter:card\" content=\"summary_large_image\" \/>\n<script type=\"application\/ld+json\" class=\"yoast-schema-graph\">{\"@context\":\"https:\\\/\\\/schema.org\",\"@graph\":[{\"@type\":\"WebPage\",\"@id\":\"https:\\\/\\\/www.tatamixstore.com\\\/es\\\/producto\\\/tatami-de-madera-shiatsu-w25x\\\/\",\"url\":\"https:\\\/\\\/www.tatamixstore.com\\\/es\\\/producto\\\/tatami-de-madera-shiatsu-w25x\\\/\",\"name\":\"Tatami de madera Shiatsu - W25X - Tatamixstore\",\"isPartOf\":{\"@id\":\"https:\\\/\\\/www.tatamixstore.com\\\/es\\\/#website\"},\"primaryImageOfPage\":{\"@id\":\"https:\\\/\\\/www.tatamixstore.com\\\/es\\\/producto\\\/tatami-de-madera-shiatsu-w25x\\\/#primaryimage\"},\"image\":{\"@id\":\"https:\\\/\\\/www.tatamixstore.com\\\/es\\\/producto\\\/tatami-de-madera-shiatsu-w25x\\\/#primaryimage\"},\"thumbnailUrl\":\"https:\\\/\\\/www.tatamixstore.com\\\/wp-content\\\/uploads\\\/2024\\\/06\\\/329-1.jpg\",\"datePublished\":\"2020-06-09T11:34:02+00:00\",\"breadcrumb\":{\"@id\":\"https:\\\/\\\/www.tatamixstore.com\\\/es\\\/producto\\\/tatami-de-madera-shiatsu-w25x\\\/#breadcrumb\"},\"inLanguage\":\"es\",\"potentialAction\":[{\"@type\":\"ReadAction\",\"target\":[\"https:\\\/\\\/www.tatamixstore.com\\\/es\\\/producto\\\/tatami-de-madera-shiatsu-w25x\\\/\"]}]},{\"@type\":\"ImageObject\",\"inLanguage\":\"es\",\"@id\":\"https:\\\/\\\/www.tatamixstore.com\\\/es\\\/producto\\\/tatami-de-madera-shiatsu-w25x\\\/#primaryimage\",\"url\":\"https:\\\/\\\/www.tatamixstore.com\\\/wp-content\\\/uploads\\\/2024\\\/06\\\/329-1.jpg\",\"contentUrl\":\"https:\\\/\\\/www.tatamixstore.com\\\/wp-content\\\/uploads\\\/2024\\\/06\\\/329-1.jpg\",\"width\":800,\"height\":800},{\"@type\":\"BreadcrumbList\",\"@id\":\"https:\\\/\\\/www.tatamixstore.com\\\/es\\\/producto\\\/tatami-de-madera-shiatsu-w25x\\\/#breadcrumb\",\"itemListElement\":[{\"@type\":\"ListItem\",\"position\":1,\"name\":\"Home\",\"item\":\"https:\\\/\\\/www.tatamixstore.com\\\/es\\\/\"},{\"@type\":\"ListItem\",\"position\":2,\"name\":\"Tienda\",\"item\":\"https:\\\/\\\/www.tatamixstore.com\\\/store\\\/\"},{\"@type\":\"ListItem\",\"position\":3,\"name\":\"Tatami de madera Shiatsu &#8211; W25X\"}]},{\"@type\":\"WebSite\",\"@id\":\"https:\\\/\\\/www.tatamixstore.com\\\/es\\\/#website\",\"url\":\"https:\\\/\\\/www.tatamixstore.com\\\/es\\\/\",\"name\":\"Tatamix Store\",\"description\":\"\",\"publisher\":{\"@id\":\"https:\\\/\\\/www.tatamixstore.com\\\/es\\\/#organization\"},\"potentialAction\":[{\"@type\":\"SearchAction\",\"target\":{\"@type\":\"EntryPoint\",\"urlTemplate\":\"https:\\\/\\\/www.tatamixstore.com\\\/es\\\/?s={search_term_string}\"},\"query-input\":{\"@type\":\"PropertyValueSpecification\",\"valueRequired\":true,\"valueName\":\"search_term_string\"}}],\"inLanguage\":\"es\"},{\"@type\":\"Organization\",\"@id\":\"https:\\\/\\\/www.tatamixstore.com\\\/es\\\/#organization\",\"name\":\"Tatamix Store\",\"url\":\"https:\\\/\\\/www.tatamixstore.com\\\/es\\\/\",\"logo\":{\"@type\":\"ImageObject\",\"inLanguage\":\"es\",\"@id\":\"https:\\\/\\\/www.tatamixstore.com\\\/es\\\/#\\\/schema\\\/logo\\\/image\\\/\",\"url\":\"https:\\\/\\\/www.tatamixstore.com\\\/wp-content\\\/uploads\\\/2024\\\/02\\\/logo-transparant.png\",\"contentUrl\":\"https:\\\/\\\/www.tatamixstore.com\\\/wp-content\\\/uploads\\\/2024\\\/02\\\/logo-transparant.png\",\"width\":492,\"height\":89,\"caption\":\"Tatamix Store\"},\"image\":{\"@id\":\"https:\\\/\\\/www.tatamixstore.com\\\/es\\\/#\\\/schema\\\/logo\\\/image\\\/\"}}]}<\/script>\n<!-- \/ Yoast SEO plugin. -->","yoast_head_json":{"title":"Tatami de madera Shiatsu - W25X - Tatamixstore","robots":{"index":"index","follow":"follow","max-snippet":"max-snippet:-1","max-image-preview":"max-image-preview:large","max-video-preview":"max-video-preview:-1"},"canonical":"https:\/\/www.tatamixstore.com\/es\/producto\/tatami-de-madera-shiatsu-w25x\/","og_locale":"es_ES","og_type":"article","og_title":"Tatami de madera Shiatsu - W25X - Tatamixstore","og_description":"Tatami para Yoga En color madera natural, adecuado para la meditaci\u00f3n De EVA expandido (etilvinilacetato) monodensidad de c\u00e9lula cerrada, impreso [&hellip;]","og_url":"https:\/\/www.tatamixstore.com\/es\/producto\/tatami-de-madera-shiatsu-w25x\/","og_site_name":"Tatamixstore","og_image":[{"width":800,"height":800,"url":"https:\/\/www.tatamixstore.com\/wp-content\/uploads\/2024\/06\/329-1.jpg","type":"image\/jpeg"}],"twitter_card":"summary_large_image","schema":{"@context":"https:\/\/schema.org","@graph":[{"@type":"WebPage","@id":"https:\/\/www.tatamixstore.com\/es\/producto\/tatami-de-madera-shiatsu-w25x\/","url":"https:\/\/www.tatamixstore.com\/es\/producto\/tatami-de-madera-shiatsu-w25x\/","name":"Tatami de madera Shiatsu - W25X - Tatamixstore","isPartOf":{"@id":"https:\/\/www.tatamixstore.com\/es\/#website"},"primaryImageOfPage":{"@id":"https:\/\/www.tatamixstore.com\/es\/producto\/tatami-de-madera-shiatsu-w25x\/#primaryimage"},"image":{"@id":"https:\/\/www.tatamixstore.com\/es\/producto\/tatami-de-madera-shiatsu-w25x\/#primaryimage"},"thumbnailUrl":"https:\/\/www.tatamixstore.com\/wp-content\/uploads\/2024\/06\/329-1.jpg","datePublished":"2020-06-09T11:34:02+00:00","breadcrumb":{"@id":"https:\/\/www.tatamixstore.com\/es\/producto\/tatami-de-madera-shiatsu-w25x\/#breadcrumb"},"inLanguage":"es","potentialAction":[{"@type":"ReadAction","target":["https:\/\/www.tatamixstore.com\/es\/producto\/tatami-de-madera-shiatsu-w25x\/"]}]},{"@type":"ImageObject","inLanguage":"es","@id":"https:\/\/www.tatamixstore.com\/es\/producto\/tatami-de-madera-shiatsu-w25x\/#primaryimage","url":"https:\/\/www.tatamixstore.com\/wp-content\/uploads\/2024\/06\/329-1.jpg","contentUrl":"https:\/\/www.tatamixstore.com\/wp-content\/uploads\/2024\/06\/329-1.jpg","width":800,"height":800},{"@type":"BreadcrumbList","@id":"https:\/\/www.tatamixstore.com\/es\/producto\/tatami-de-madera-shiatsu-w25x\/#breadcrumb","itemListElement":[{"@type":"ListItem","position":1,"name":"Home","item":"https:\/\/www.tatamixstore.com\/es\/"},{"@type":"ListItem","position":2,"name":"Tienda","item":"https:\/\/www.tatamixstore.com\/store\/"},{"@type":"ListItem","position":3,"name":"Tatami de madera Shiatsu &#8211; W25X"}]},{"@type":"WebSite","@id":"https:\/\/www.tatamixstore.com\/es\/#website","url":"https:\/\/www.tatamixstore.com\/es\/","name":"Tatamix Store","description":"","publisher":{"@id":"https:\/\/www.tatamixstore.com\/es\/#organization"},"potentialAction":[{"@type":"SearchAction","target":{"@type":"EntryPoint","urlTemplate":"https:\/\/www.tatamixstore.com\/es\/?s={search_term_string}"},"query-input":{"@type":"PropertyValueSpecification","valueRequired":true,"valueName":"search_term_string"}}],"inLanguage":"es"},{"@type":"Organization","@id":"https:\/\/www.tatamixstore.com\/es\/#organization","name":"Tatamix Store","url":"https:\/\/www.tatamixstore.com\/es\/","logo":{"@type":"ImageObject","inLanguage":"es","@id":"https:\/\/www.tatamixstore.com\/es\/#\/schema\/logo\/image\/","url":"https:\/\/www.tatamixstore.com\/wp-content\/uploads\/2024\/02\/logo-transparant.png","contentUrl":"https:\/\/www.tatamixstore.com\/wp-content\/uploads\/2024\/02\/logo-transparant.png","width":492,"height":89,"caption":"Tatamix Store"},"image":{"@id":"https:\/\/www.tatamixstore.com\/es\/#\/schema\/logo\/image\/"}}]}},"_links":{"self":[{"href":"https:\/\/www.tatamixstore.com\/es\/wp-json\/wp\/v2\/product\/20723","targetHints":{"allow":["GET"]}}],"collection":[{"href":"https:\/\/www.tatamixstore.com\/es\/wp-json\/wp\/v2\/product"}],"about":[{"href":"https:\/\/www.tatamixstore.com\/es\/wp-json\/wp\/v2\/types\/product"}],"replies":[{"embeddable":true,"href":"https:\/\/www.tatamixstore.com\/es\/wp-json\/wp\/v2\/comments?post=20723"}],"wp:featuredmedia":[{"embeddable":true,"href":"https:\/\/www.tatamixstore.com\/es\/wp-json\/wp\/v2\/media\/17325"}],"wp:attachment":[{"href":"https:\/\/www.tatamixstore.com\/es\/wp-json\/wp\/v2\/media?parent=20723"}],"wp:term":[{"taxonomy":"product_brand","embeddable":true,"href":"https:\/\/www.tatamixstore.com\/es\/wp-json\/wp\/v2\/product_brand?post=20723"},{"taxonomy":"product_cat","embeddable":true,"href":"https:\/\/www.tatamixstore.com\/es\/wp-json\/wp\/v2\/product_cat?post=20723"},{"taxonomy":"product_tag","embeddable":true,"href":"https:\/\/www.tatamixstore.com\/es\/wp-json\/wp\/v2\/product_tag?post=20723"}],"curies":[{"name":"wp","href":"https:\/\/api.w.org\/{rel}","templated":true}]}}