{"id":20893,"date":"2020-06-18T16:18:44","date_gmt":"2020-06-18T16:18:44","guid":{"rendered":"https:\/\/stage.tatamixstore.com\/product\/blocs-pe\/"},"modified":"2020-06-18T16:18:44","modified_gmt":"2020-06-18T16:18:44","slug":"blocs-pe","status":"publish","type":"product","link":"https:\/\/www.tatamixstore.com\/us\/product\/blocs-pe\/","title":{"rendered":"Blocs PE"},"content":{"rendered":"<p>Blocs en mousse de poly\u00e9thyl\u00e8ne \u00e0 cellules ferm\u00e9es, solides, durables, l\u00e9gers et flexibles qui assurent d&#8217;excellentes performances en termes de r\u00e9sistance \u00e0 la d\u00e9formation, avec d&#8217;excellentes caract\u00e9ristiques d&#8217;absorption des chocs et de vibration.<\/p>\n<p>Disponible dans toutes les tailles et formes selon les besoins du client.<br \/>\nConsultez le tableau (voir galerie de photos) pour les donn\u00e9es sp\u00e9cifiques.<\/p>\n","protected":false},"excerpt":{"rendered":"<p>Blocs en mousse de poly\u00e9thyl\u00e8ne \u00e0 cellules ferm\u00e9es, solides, durables, l\u00e9gers et flexibles qui assurent d&#8217;excellentes performances en termes de [&hellip;]<\/p>\n","protected":false},"featured_media":18276,"comment_status":"closed","ping_status":"closed","template":"","meta":{"_acf_changed":false},"product_brand":[],"product_cat":[2671],"product_tag":[4982,4983,4984,4957,4981,4886,4985,4986,3901],"class_list":{"0":"post-20893","1":"product","2":"type-product","3":"status-publish","4":"has-post-thumbnail","6":"product_cat-other-products","7":"product_tag-blocchipe-us","8":"product_tag-blocs-us","9":"product_tag-mousse-us","10":"product_tag-pe-us","11":"product_tag-personnalisable-us","12":"product_tag-polyethylene-us","13":"product_tag-polyvalent-us","14":"product_tag-sur-demande-us","15":"product_tag-xpe-us","17":"first","18":"instock","19":"taxable","20":"shipping-taxable","21":"product-type-simple"},"acf":[],"yoast_head":"<!-- This site is optimized with the Yoast SEO plugin v27.3 - https:\/\/yoast.com\/product\/yoast-seo-wordpress\/ -->\n<title>Blocs PE - Tatamixstore<\/title>\n<meta name=\"robots\" content=\"index, follow, max-snippet:-1, max-image-preview:large, max-video-preview:-1\" \/>\n<link rel=\"canonical\" href=\"https:\/\/www.tatamixstore.com\/us\/product\/blocs-pe\/\" \/>\n<meta property=\"og:locale\" content=\"en_US\" \/>\n<meta property=\"og:type\" content=\"article\" \/>\n<meta property=\"og:title\" content=\"Blocs PE - Tatamixstore\" \/>\n<meta property=\"og:description\" content=\"Blocs en mousse de poly\u00e9thyl\u00e8ne \u00e0 cellules ferm\u00e9es, solides, durables, l\u00e9gers et flexibles qui assurent d&#8217;excellentes performances en termes de [&hellip;]\" \/>\n<meta property=\"og:url\" content=\"https:\/\/www.tatamixstore.com\/us\/product\/blocs-pe\/\" \/>\n<meta property=\"og:site_name\" content=\"Tatamixstore\" \/>\n<meta property=\"og:image\" content=\"https:\/\/www.tatamixstore.com\/wp-content\/uploads\/2024\/06\/476-1.jpg\" \/>\n\t<meta property=\"og:image:width\" content=\"800\" \/>\n\t<meta property=\"og:image:height\" content=\"806\" \/>\n\t<meta property=\"og:image:type\" content=\"image\/jpeg\" \/>\n<meta name=\"twitter:card\" content=\"summary_large_image\" \/>\n<script type=\"application\/ld+json\" class=\"yoast-schema-graph\">{\"@context\":\"https:\\\/\\\/schema.org\",\"@graph\":[{\"@type\":\"WebPage\",\"@id\":\"https:\\\/\\\/www.tatamixstore.com\\\/us\\\/product\\\/blocs-pe\\\/\",\"url\":\"https:\\\/\\\/www.tatamixstore.com\\\/us\\\/product\\\/blocs-pe\\\/\",\"name\":\"Blocs PE - Tatamixstore\",\"isPartOf\":{\"@id\":\"https:\\\/\\\/www.tatamixstore.com\\\/us\\\/#website\"},\"primaryImageOfPage\":{\"@id\":\"https:\\\/\\\/www.tatamixstore.com\\\/us\\\/product\\\/blocs-pe\\\/#primaryimage\"},\"image\":{\"@id\":\"https:\\\/\\\/www.tatamixstore.com\\\/us\\\/product\\\/blocs-pe\\\/#primaryimage\"},\"thumbnailUrl\":\"https:\\\/\\\/www.tatamixstore.com\\\/wp-content\\\/uploads\\\/2024\\\/06\\\/476-1.jpg\",\"datePublished\":\"2020-06-18T16:18:44+00:00\",\"breadcrumb\":{\"@id\":\"https:\\\/\\\/www.tatamixstore.com\\\/us\\\/product\\\/blocs-pe\\\/#breadcrumb\"},\"inLanguage\":\"en-US\",\"potentialAction\":[{\"@type\":\"ReadAction\",\"target\":[\"https:\\\/\\\/www.tatamixstore.com\\\/us\\\/product\\\/blocs-pe\\\/\"]}]},{\"@type\":\"ImageObject\",\"inLanguage\":\"en-US\",\"@id\":\"https:\\\/\\\/www.tatamixstore.com\\\/us\\\/product\\\/blocs-pe\\\/#primaryimage\",\"url\":\"https:\\\/\\\/www.tatamixstore.com\\\/wp-content\\\/uploads\\\/2024\\\/06\\\/476-1.jpg\",\"contentUrl\":\"https:\\\/\\\/www.tatamixstore.com\\\/wp-content\\\/uploads\\\/2024\\\/06\\\/476-1.jpg\",\"width\":800,\"height\":806},{\"@type\":\"BreadcrumbList\",\"@id\":\"https:\\\/\\\/www.tatamixstore.com\\\/us\\\/product\\\/blocs-pe\\\/#breadcrumb\",\"itemListElement\":[{\"@type\":\"ListItem\",\"position\":1,\"name\":\"Home\",\"item\":\"https:\\\/\\\/www.tatamixstore.com\\\/us\\\/\"},{\"@type\":\"ListItem\",\"position\":2,\"name\":\"Store\",\"item\":\"https:\\\/\\\/www.tatamixstore.com\\\/store\\\/\"},{\"@type\":\"ListItem\",\"position\":3,\"name\":\"Blocs PE\"}]},{\"@type\":\"WebSite\",\"@id\":\"https:\\\/\\\/www.tatamixstore.com\\\/us\\\/#website\",\"url\":\"https:\\\/\\\/www.tatamixstore.com\\\/us\\\/\",\"name\":\"Tatamix Store\",\"description\":\"\",\"publisher\":{\"@id\":\"https:\\\/\\\/www.tatamixstore.com\\\/us\\\/#organization\"},\"potentialAction\":[{\"@type\":\"SearchAction\",\"target\":{\"@type\":\"EntryPoint\",\"urlTemplate\":\"https:\\\/\\\/www.tatamixstore.com\\\/us\\\/?s={search_term_string}\"},\"query-input\":{\"@type\":\"PropertyValueSpecification\",\"valueRequired\":true,\"valueName\":\"search_term_string\"}}],\"inLanguage\":\"en-US\"},{\"@type\":\"Organization\",\"@id\":\"https:\\\/\\\/www.tatamixstore.com\\\/us\\\/#organization\",\"name\":\"Tatamix Store\",\"url\":\"https:\\\/\\\/www.tatamixstore.com\\\/us\\\/\",\"logo\":{\"@type\":\"ImageObject\",\"inLanguage\":\"en-US\",\"@id\":\"https:\\\/\\\/www.tatamixstore.com\\\/us\\\/#\\\/schema\\\/logo\\\/image\\\/\",\"url\":\"https:\\\/\\\/www.tatamixstore.com\\\/wp-content\\\/uploads\\\/2024\\\/02\\\/logo-transparant.png\",\"contentUrl\":\"https:\\\/\\\/www.tatamixstore.com\\\/wp-content\\\/uploads\\\/2024\\\/02\\\/logo-transparant.png\",\"width\":492,\"height\":89,\"caption\":\"Tatamix Store\"},\"image\":{\"@id\":\"https:\\\/\\\/www.tatamixstore.com\\\/us\\\/#\\\/schema\\\/logo\\\/image\\\/\"}}]}<\/script>\n<!-- \/ Yoast SEO plugin. -->","yoast_head_json":{"title":"Blocs PE - Tatamixstore","robots":{"index":"index","follow":"follow","max-snippet":"max-snippet:-1","max-image-preview":"max-image-preview:large","max-video-preview":"max-video-preview:-1"},"canonical":"https:\/\/www.tatamixstore.com\/us\/product\/blocs-pe\/","og_locale":"en_US","og_type":"article","og_title":"Blocs PE - Tatamixstore","og_description":"Blocs en mousse de poly\u00e9thyl\u00e8ne \u00e0 cellules ferm\u00e9es, solides, durables, l\u00e9gers et flexibles qui assurent d&#8217;excellentes performances en termes de [&hellip;]","og_url":"https:\/\/www.tatamixstore.com\/us\/product\/blocs-pe\/","og_site_name":"Tatamixstore","og_image":[{"width":800,"height":806,"url":"https:\/\/www.tatamixstore.com\/wp-content\/uploads\/2024\/06\/476-1.jpg","type":"image\/jpeg"}],"twitter_card":"summary_large_image","schema":{"@context":"https:\/\/schema.org","@graph":[{"@type":"WebPage","@id":"https:\/\/www.tatamixstore.com\/us\/product\/blocs-pe\/","url":"https:\/\/www.tatamixstore.com\/us\/product\/blocs-pe\/","name":"Blocs PE - Tatamixstore","isPartOf":{"@id":"https:\/\/www.tatamixstore.com\/us\/#website"},"primaryImageOfPage":{"@id":"https:\/\/www.tatamixstore.com\/us\/product\/blocs-pe\/#primaryimage"},"image":{"@id":"https:\/\/www.tatamixstore.com\/us\/product\/blocs-pe\/#primaryimage"},"thumbnailUrl":"https:\/\/www.tatamixstore.com\/wp-content\/uploads\/2024\/06\/476-1.jpg","datePublished":"2020-06-18T16:18:44+00:00","breadcrumb":{"@id":"https:\/\/www.tatamixstore.com\/us\/product\/blocs-pe\/#breadcrumb"},"inLanguage":"en-US","potentialAction":[{"@type":"ReadAction","target":["https:\/\/www.tatamixstore.com\/us\/product\/blocs-pe\/"]}]},{"@type":"ImageObject","inLanguage":"en-US","@id":"https:\/\/www.tatamixstore.com\/us\/product\/blocs-pe\/#primaryimage","url":"https:\/\/www.tatamixstore.com\/wp-content\/uploads\/2024\/06\/476-1.jpg","contentUrl":"https:\/\/www.tatamixstore.com\/wp-content\/uploads\/2024\/06\/476-1.jpg","width":800,"height":806},{"@type":"BreadcrumbList","@id":"https:\/\/www.tatamixstore.com\/us\/product\/blocs-pe\/#breadcrumb","itemListElement":[{"@type":"ListItem","position":1,"name":"Home","item":"https:\/\/www.tatamixstore.com\/us\/"},{"@type":"ListItem","position":2,"name":"Store","item":"https:\/\/www.tatamixstore.com\/store\/"},{"@type":"ListItem","position":3,"name":"Blocs PE"}]},{"@type":"WebSite","@id":"https:\/\/www.tatamixstore.com\/us\/#website","url":"https:\/\/www.tatamixstore.com\/us\/","name":"Tatamix Store","description":"","publisher":{"@id":"https:\/\/www.tatamixstore.com\/us\/#organization"},"potentialAction":[{"@type":"SearchAction","target":{"@type":"EntryPoint","urlTemplate":"https:\/\/www.tatamixstore.com\/us\/?s={search_term_string}"},"query-input":{"@type":"PropertyValueSpecification","valueRequired":true,"valueName":"search_term_string"}}],"inLanguage":"en-US"},{"@type":"Organization","@id":"https:\/\/www.tatamixstore.com\/us\/#organization","name":"Tatamix Store","url":"https:\/\/www.tatamixstore.com\/us\/","logo":{"@type":"ImageObject","inLanguage":"en-US","@id":"https:\/\/www.tatamixstore.com\/us\/#\/schema\/logo\/image\/","url":"https:\/\/www.tatamixstore.com\/wp-content\/uploads\/2024\/02\/logo-transparant.png","contentUrl":"https:\/\/www.tatamixstore.com\/wp-content\/uploads\/2024\/02\/logo-transparant.png","width":492,"height":89,"caption":"Tatamix Store"},"image":{"@id":"https:\/\/www.tatamixstore.com\/us\/#\/schema\/logo\/image\/"}}]}},"_links":{"self":[{"href":"https:\/\/www.tatamixstore.com\/us\/wp-json\/wp\/v2\/product\/20893","targetHints":{"allow":["GET"]}}],"collection":[{"href":"https:\/\/www.tatamixstore.com\/us\/wp-json\/wp\/v2\/product"}],"about":[{"href":"https:\/\/www.tatamixstore.com\/us\/wp-json\/wp\/v2\/types\/product"}],"replies":[{"embeddable":true,"href":"https:\/\/www.tatamixstore.com\/us\/wp-json\/wp\/v2\/comments?post=20893"}],"wp:featuredmedia":[{"embeddable":true,"href":"https:\/\/www.tatamixstore.com\/us\/wp-json\/wp\/v2\/media\/18276"}],"wp:attachment":[{"href":"https:\/\/www.tatamixstore.com\/us\/wp-json\/wp\/v2\/media?parent=20893"}],"wp:term":[{"taxonomy":"product_brand","embeddable":true,"href":"https:\/\/www.tatamixstore.com\/us\/wp-json\/wp\/v2\/product_brand?post=20893"},{"taxonomy":"product_cat","embeddable":true,"href":"https:\/\/www.tatamixstore.com\/us\/wp-json\/wp\/v2\/product_cat?post=20893"},{"taxonomy":"product_tag","embeddable":true,"href":"https:\/\/www.tatamixstore.com\/us\/wp-json\/wp\/v2\/product_tag?post=20893"}],"curies":[{"name":"wp","href":"https:\/\/api.w.org\/{rel}","templated":true}]}}